{"id":10466,"date":"2016-03-16T13:14:24","date_gmt":"2016-03-16T12:14:24","guid":{"rendered":"https:\/\/www.archimede-aquafitness.com\/es\/?page_id=10466"},"modified":"2016-03-16T13:55:59","modified_gmt":"2016-03-16T12:55:59","slug":"rampa-antiahogamiento","status":"publish","type":"page","link":"https:\/\/www.archimede-aquafitness.com\/es\/rehabilitacion\/rampa-antiahogamiento\/","title":{"rendered":"Rampa antiahogamiento"},"content":{"rendered":"<div class=\"wpb-content-wrapper\">[mk_page_section layout_structure=\u00bbfull\u00bb attachment=\u00bbscroll\u00bb bg_position=\u00bbleft top\u00bb bg_repeat=\u00bbrepeat\u00bb bg_stretch=\u00bbfalse\u00bb enable_3d=\u00bbfalse\u00bb speed_factor=\u00bb0.3&#8243; bg_video=\u00bbno\u00bb video_source=\u00bbself\u00bb stream_host_website=\u00bbyoutube\u00bb video_mask=\u00bbfalse\u00bb bg_gradient=\u00bbfalse\u00bb gr_end=\u00bb#1e73be\u00bb video_opacity=\u00bb0.6&#8243; top_shadow=\u00bbfalse\u00bb section_layout=\u00bbfull\u00bb min_height=\u00bb100&#8243; full_width=\u00bbfalse\u00bb full_height=\u00bbfalse\u00bb intro_effect=\u00bbfalse\u00bb padding_top=\u00bb50&#8243; padding_bottom=\u00bb10&#8243; margin_bottom=\u00bb0&#8243; skip_arrow=\u00bbfalse\u00bb skip_arrow_skin=\u00bblight\u00bb first_page=\u00bbtrue\u00bb last_page=\u00bbtrue\u00bb sidebar=\u00bbsidebar-1&#8243;][vc_column border_color=\u00bb\u00bb visibility=\u00bb\u00bb width=\u00bb1\/2&#8243;][vc_column_text disable_pattern=\u00bbtrue\u00bb align=\u00bbleft\u00bb margin_bottom=\u00bb0&#8243;]\n<h1><span style=\"color: #008ace;\">Rampa antiahogamiento<\/span><\/h1>\n<h3><\/h3>\n<p><strong>referenc\u00eda : RA02<\/strong><\/p>\n<h3>Para animales dom\u00e9sticos (perro, gato, roedores, batracios)<\/h3>\n<h2><span style=\"color: #008ace;\">2000 animales se ahogan cada a\u00f1o en piscina<\/span><\/h2>\n[\/vc_column_text][vc_empty_space height=\u00bb32px\u00bb][\/vc_column][vc_column border_color=\u00bb\u00bb visibility=\u00bb\u00bb width=\u00bb1\/2&#8243;][vc_images_carousel images=\u00bb3723,3727,3719&#8243; onclick=\u00bblink_no\u00bb custom_links_target=\u00bb_self\u00bb mode=\u00bbhorizontal\u00bb speed=\u00bb3500&#8243; slides_per_view=\u00bb1&#8243; autoplay=\u00bbyes\u00bb hide_pagination_control=\u00bb\u00bb hide_prev_next_buttons=\u00bb\u00bb partial_view=\u00bb\u00bb wrap=\u00bbyes\u00bb img_size=\u00bb534&#215;534&#8243;][\/vc_column][\/mk_page_section][mk_page_section layout_structure=\u00bbfull\u00bb attachment=\u00bbscroll\u00bb bg_position=\u00bbleft top\u00bb bg_repeat=\u00bbrepeat\u00bb bg_stretch=\u00bbfalse\u00bb enable_3d=\u00bbfalse\u00bb speed_factor=\u00bb0.3&#8243; bg_video=\u00bbno\u00bb video_source=\u00bbself\u00bb stream_host_website=\u00bbyoutube\u00bb video_mask=\u00bbfalse\u00bb bg_gradient=\u00bbfalse\u00bb gr_end=\u00bb#1e73be\u00bb video_opacity=\u00bb0.6&#8243; top_shadow=\u00bbfalse\u00bb section_layout=\u00bbfull\u00bb min_height=\u00bb100&#8243; full_width=\u00bbfalse\u00bb full_height=\u00bbfalse\u00bb intro_effect=\u00bbfalse\u00bb padding_top=\u00bb10&#8243; padding_bottom=\u00bb10&#8243; margin_bottom=\u00bb0&#8243; skip_arrow=\u00bbfalse\u00bb skip_arrow_skin=\u00bblight\u00bb first_page=\u00bbtrue\u00bb last_page=\u00bbtrue\u00bb sidebar=\u00bbsidebar-1&#8243;][vc_column border_color=\u00bb\u00bb visibility=\u00bb\u00bb width=\u00bb1\/1&#8243;][vc_separator color=\u00bbgrey\u00bb align=\u00bbalign_center\u00bb style=\u00bb\u00bb border_width=\u00bb\u00bb el_width=\u00bb\u00bb][vc_column_text disable_pattern=\u00bbtrue\u00bb align=\u00bbleft\u00bb margin_bottom=\u00bb0&#8243;]\n<h1><span style=\"color: #008ace;\">Caracter\u00edsticas :<\/span><\/h1>\n[\/vc_column_text][vc_row_inner attached=\u00bbfalse\u00bb padding=\u00bb0&#8243; visibility=\u00bb\u00bb][vc_column_inner el_class=\u00bb\u00bb width=\u00bb1\/2&#8243;][vc_column_text disable_pattern=\u00bbtrue\u00bb align=\u00bbleft\u00bb margin_bottom=\u00bb0&#8243;]\n<h3 class=\"p1\"><span class=\"s1\">Se cuelga en el borde de la piscina, del pont\u00f3n, del barco<\/span><\/h3>\n<h3 class=\"p1\"><span class=\"s1\">Estructura de acero inoxidable electro pulido, flotador de plastazote<\/span><\/h3>\n<h3 class=\"p1\"><span class=\"s1\">Amarre por 2 cordones el\u00e1sticos y clavijas<\/span><\/h3>\n<h3 class=\"p1\"><span class=\"s1\">Ruedas de protecci\u00f3n<\/span><\/h3>\n[\/vc_column_text][\/vc_column_inner][vc_column_inner el_class=\u00bb\u00bb width=\u00bb1\/2&#8243;]\n[\/vc_column_inner][\/vc_row_inner][vc_separator color=\u00bbgrey\u00bb align=\u00bbalign_center\u00bb][\/vc_column][\/mk_page_section][mk_page_section layout_structure=\u00bbfull\u00bb attachment=\u00bbscroll\u00bb bg_position=\u00bbleft top\u00bb bg_repeat=\u00bbrepeat\u00bb bg_stretch=\u00bbfalse\u00bb enable_3d=\u00bbfalse\u00bb speed_factor=\u00bb0.3&#8243; bg_video=\u00bbno\u00bb video_source=\u00bbself\u00bb stream_host_website=\u00bbyoutube\u00bb video_mask=\u00bbfalse\u00bb bg_gradient=\u00bbfalse\u00bb gr_end=\u00bb#1e73be\u00bb video_opacity=\u00bb0.6&#8243; top_shadow=\u00bbfalse\u00bb section_layout=\u00bbfull\u00bb min_height=\u00bb100&#8243; full_width=\u00bbfalse\u00bb full_height=\u00bbfalse\u00bb intro_effect=\u00bbfalse\u00bb padding_top=\u00bb10&#8243; padding_bottom=\u00bb10&#8243; margin_bottom=\u00bb0&#8243; skip_arrow=\u00bbfalse\u00bb skip_arrow_skin=\u00bblight\u00bb first_page=\u00bbtrue\u00bb last_page=\u00bbtrue\u00bb sidebar=\u00bbsidebar-1&#8243;][vc_column border_color=\u00bb\u00bb visibility=\u00bb\u00bb width=\u00bb1\/1&#8243;][vc_row_inner attached=\u00bbfalse\u00bb padding=\u00bb0&#8243; visibility=\u00bb\u00bb][vc_column_inner el_class=\u00bb\u00bb width=\u00bb1\/2&#8243;][vc_column_text disable_pattern=\u00bbtrue\u00bb align=\u00bbleft\u00bb margin_bottom=\u00bb0&#8243;]\n<h3>2 tama\u00f1os:<\/h3>\n<h3>o Modelo para animales de \u2264 de 35 kg<br \/>\nL x l 0.70 x 0.35 m Ref. RA01<\/h3>\n<h3><\/h3>\n<h3>o Modelo para animales \u2265 de 35 kg<br \/>\nL X L 1.06 X 0.45 m Ref. RA02<\/h3>\n[\/vc_column_text][\/vc_column_inner][vc_column_inner el_class=\u00bb\u00bb width=\u00bb1\/2&#8243;]\n[\/vc_column_inner][\/vc_row_inner][vc_separator color=\u00bbgrey\u00bb align=\u00bbalign_center\u00bb style=\u00bb\u00bb border_width=\u00bb\u00bb el_width=\u00bb\u00bb][\/vc_column][\/mk_page_section]\n<\/div>","protected":false},"excerpt":{"rendered":"<p>[mk_page_section layout_structure=\u00bbfull\u00bb attachment=\u00bbscroll\u00bb bg_position=\u00bbleft top\u00bb bg_repeat=\u00bbrepeat\u00bb bg_stretch=\u00bbfalse\u00bb enable_3d=\u00bbfalse\u00bb speed_factor=\u00bb0.3&#8243; bg_video=\u00bbno\u00bb video_source=\u00bbself\u00bb stream_host_website=\u00bbyoutube\u00bb video_mask=\u00bbfalse\u00bb bg_gradient=\u00bbfalse\u00bb gr_end=\u00bb#1e73be\u00bb video_opacity=\u00bb0.6&#8243; top_shadow=\u00bbfalse\u00bb section_layout=\u00bbfull\u00bb min_height=\u00bb100&#8243; full_width=\u00bbfalse\u00bb full_height=\u00bbfalse\u00bb intro_effect=\u00bbfalse\u00bb padding_top=\u00bb50&#8243; padding_bottom=\u00bb10&#8243; margin_bottom=\u00bb0&#8243; skip_arrow=\u00bbfalse\u00bb skip_arrow_skin=\u00bblight\u00bb first_page=\u00bbtrue\u00bb last_page=\u00bbtrue\u00bb sidebar=\u00bbsidebar-1&#8243;][vc_column border_color=\u00bb\u00bb visibility=\u00bb\u00bb width=\u00bb1\/2&#8243;][vc_column_text disable_pattern=\u00bbtrue\u00bb align=\u00bbleft\u00bb margin_bottom=\u00bb0&#8243;] Rampa antiahogamiento referenc\u00eda : RA02 Para animales dom\u00e9sticos (perro, gato, roedores, batracios) 2000 animales se ahogan cada a\u00f1o en [&hellip;]<\/p>\n","protected":false},"author":4,"featured_media":0,"parent":387,"menu_order":0,"comment_status":"closed","ping_status":"closed","template":"","meta":{"footnotes":""},"class_list":["post-10466","page","type-page","status-publish","hentry"],"yoast_head":"<!-- This site is optimized with the Yoast SEO plugin v27.0 - https:\/\/yoast.com\/product\/yoast-seo-wordpress\/ -->\n<title>Rampa antiahogamiento - Archimede Aquafitness<\/title>\n<meta name=\"description\" content=\"Archimede se presenta su Rampa antiahogamiento :\u00a0Para animales dom\u00e9sticos (perro, gato, roedores, batracios)\u00a0\" \/>\n<meta name=\"robots\" content=\"index, follow, max-snippet:-1, max-image-preview:large, max-video-preview:-1\" \/>\n<link rel=\"canonical\" href=\"https:\/\/www.archimede-aquafitness.com\/es\/rehabilitacion\/rampa-antiahogamiento\/\" \/>\n<meta property=\"og:locale\" content=\"es_ES\" \/>\n<meta property=\"og:type\" content=\"article\" \/>\n<meta property=\"og:title\" content=\"Rampa antiahogamiento - Archimede Aquafitness\" \/>\n<meta property=\"og:description\" content=\"Archimede se presenta su Rampa antiahogamiento :\u00a0Para animales dom\u00e9sticos (perro, gato, roedores, batracios)\u00a0\" \/>\n<meta property=\"og:url\" content=\"https:\/\/www.archimede-aquafitness.com\/es\/rehabilitacion\/rampa-antiahogamiento\/\" \/>\n<meta property=\"og:site_name\" content=\"Archimede Aquafitness\" \/>\n<meta property=\"article:modified_time\" content=\"2016-03-16T12:55:59+00:00\" \/>\n<meta name=\"twitter:card\" content=\"summary_large_image\" \/>\n<meta name=\"twitter:label1\" content=\"Tiempo de lectura\" \/>\n\t<meta name=\"twitter:data1\" content=\"3 minutos\" \/>\n<script type=\"application\/ld+json\" class=\"yoast-schema-graph\">{\"@context\":\"https:\/\/schema.org\",\"@graph\":[{\"@type\":\"WebPage\",\"@id\":\"https:\/\/www.archimede-aquafitness.com\/es\/rehabilitacion\/rampa-antiahogamiento\/\",\"url\":\"https:\/\/www.archimede-aquafitness.com\/es\/rehabilitacion\/rampa-antiahogamiento\/\",\"name\":\"Rampa antiahogamiento - Archimede Aquafitness\",\"isPartOf\":{\"@id\":\"https:\/\/www.archimede-aquafitness.com\/fr\/#website\"},\"datePublished\":\"2016-03-16T12:14:24+00:00\",\"dateModified\":\"2016-03-16T12:55:59+00:00\",\"description\":\"Archimede se presenta su Rampa antiahogamiento :\u00a0Para animales dom\u00e9sticos (perro, gato, roedores, batracios)\u00a0\",\"breadcrumb\":{\"@id\":\"https:\/\/www.archimede-aquafitness.com\/es\/rehabilitacion\/rampa-antiahogamiento\/#breadcrumb\"},\"inLanguage\":\"es\",\"potentialAction\":[{\"@type\":\"ReadAction\",\"target\":[\"https:\/\/www.archimede-aquafitness.com\/es\/rehabilitacion\/rampa-antiahogamiento\/\"]}]},{\"@type\":\"BreadcrumbList\",\"@id\":\"https:\/\/www.archimede-aquafitness.com\/es\/rehabilitacion\/rampa-antiahogamiento\/#breadcrumb\",\"itemListElement\":[{\"@type\":\"ListItem\",\"position\":1,\"name\":\"Accueil\",\"item\":\"https:\/\/www.archimede-aquafitness.com\/es\/archimede-aquafitness\/\"},{\"@type\":\"ListItem\",\"position\":2,\"name\":\"Rehabilitaci\u00f3n\",\"item\":\"https:\/\/www.archimede-aquafitness.com\/es\/rehabilitacion\/\"},{\"@type\":\"ListItem\",\"position\":3,\"name\":\"Rampa antiahogamiento\"}]},{\"@type\":\"WebSite\",\"@id\":\"https:\/\/www.archimede-aquafitness.com\/fr\/#website\",\"url\":\"https:\/\/www.archimede-aquafitness.com\/fr\/\",\"name\":\"Archimede Aquafitness\",\"description\":\"Aquafitness is bringing wellness, physical capacity and health to a very large public\",\"publisher\":{\"@id\":\"https:\/\/www.archimede-aquafitness.com\/fr\/#organization\"},\"potentialAction\":[{\"@type\":\"SearchAction\",\"target\":{\"@type\":\"EntryPoint\",\"urlTemplate\":\"https:\/\/www.archimede-aquafitness.com\/fr\/?s={search_term_string}\"},\"query-input\":{\"@type\":\"PropertyValueSpecification\",\"valueRequired\":true,\"valueName\":\"search_term_string\"}}],\"inLanguage\":\"es\"},{\"@type\":\"Organization\",\"@id\":\"https:\/\/www.archimede-aquafitness.com\/fr\/#organization\",\"name\":\"Archim\u00e8de AquaFitness \/ JOINTEC\",\"url\":\"https:\/\/www.archimede-aquafitness.com\/fr\/\",\"logo\":{\"@type\":\"ImageObject\",\"inLanguage\":\"es\",\"@id\":\"https:\/\/www.archimede-aquafitness.com\/fr\/#\/schema\/logo\/image\/\",\"url\":\"https:\/\/www.archimede-aquafitness.com\/wp-content\/uploads\/2015\/09\/logo-archimede-aquafitness.png\",\"contentUrl\":\"https:\/\/www.archimede-aquafitness.com\/wp-content\/uploads\/2015\/09\/logo-archimede-aquafitness.png\",\"width\":308,\"height\":88,\"caption\":\"Archim\u00e8de AquaFitness \/ JOINTEC\"},\"image\":{\"@id\":\"https:\/\/www.archimede-aquafitness.com\/fr\/#\/schema\/logo\/image\/\"}}]}<\/script>\n<!-- \/ Yoast SEO plugin. -->","yoast_head_json":{"title":"Rampa antiahogamiento - Archimede Aquafitness","description":"Archimede se presenta su Rampa antiahogamiento :\u00a0Para animales dom\u00e9sticos (perro, gato, roedores, batracios)\u00a0","robots":{"index":"index","follow":"follow","max-snippet":"max-snippet:-1","max-image-preview":"max-image-preview:large","max-video-preview":"max-video-preview:-1"},"canonical":"https:\/\/www.archimede-aquafitness.com\/es\/rehabilitacion\/rampa-antiahogamiento\/","og_locale":"es_ES","og_type":"article","og_title":"Rampa antiahogamiento - Archimede Aquafitness","og_description":"Archimede se presenta su Rampa antiahogamiento :\u00a0Para animales dom\u00e9sticos (perro, gato, roedores, batracios)\u00a0","og_url":"https:\/\/www.archimede-aquafitness.com\/es\/rehabilitacion\/rampa-antiahogamiento\/","og_site_name":"Archimede Aquafitness","article_modified_time":"2016-03-16T12:55:59+00:00","twitter_card":"summary_large_image","twitter_misc":{"Tiempo de lectura":"3 minutos"},"schema":{"@context":"https:\/\/schema.org","@graph":[{"@type":"WebPage","@id":"https:\/\/www.archimede-aquafitness.com\/es\/rehabilitacion\/rampa-antiahogamiento\/","url":"https:\/\/www.archimede-aquafitness.com\/es\/rehabilitacion\/rampa-antiahogamiento\/","name":"Rampa antiahogamiento - Archimede Aquafitness","isPartOf":{"@id":"https:\/\/www.archimede-aquafitness.com\/fr\/#website"},"datePublished":"2016-03-16T12:14:24+00:00","dateModified":"2016-03-16T12:55:59+00:00","description":"Archimede se presenta su Rampa antiahogamiento :\u00a0Para animales dom\u00e9sticos (perro, gato, roedores, batracios)\u00a0","breadcrumb":{"@id":"https:\/\/www.archimede-aquafitness.com\/es\/rehabilitacion\/rampa-antiahogamiento\/#breadcrumb"},"inLanguage":"es","potentialAction":[{"@type":"ReadAction","target":["https:\/\/www.archimede-aquafitness.com\/es\/rehabilitacion\/rampa-antiahogamiento\/"]}]},{"@type":"BreadcrumbList","@id":"https:\/\/www.archimede-aquafitness.com\/es\/rehabilitacion\/rampa-antiahogamiento\/#breadcrumb","itemListElement":[{"@type":"ListItem","position":1,"name":"Accueil","item":"https:\/\/www.archimede-aquafitness.com\/es\/archimede-aquafitness\/"},{"@type":"ListItem","position":2,"name":"Rehabilitaci\u00f3n","item":"https:\/\/www.archimede-aquafitness.com\/es\/rehabilitacion\/"},{"@type":"ListItem","position":3,"name":"Rampa antiahogamiento"}]},{"@type":"WebSite","@id":"https:\/\/www.archimede-aquafitness.com\/fr\/#website","url":"https:\/\/www.archimede-aquafitness.com\/fr\/","name":"Archimede Aquafitness","description":"Aquafitness is bringing wellness, physical capacity and health to a very large public","publisher":{"@id":"https:\/\/www.archimede-aquafitness.com\/fr\/#organization"},"potentialAction":[{"@type":"SearchAction","target":{"@type":"EntryPoint","urlTemplate":"https:\/\/www.archimede-aquafitness.com\/fr\/?s={search_term_string}"},"query-input":{"@type":"PropertyValueSpecification","valueRequired":true,"valueName":"search_term_string"}}],"inLanguage":"es"},{"@type":"Organization","@id":"https:\/\/www.archimede-aquafitness.com\/fr\/#organization","name":"Archim\u00e8de AquaFitness \/ JOINTEC","url":"https:\/\/www.archimede-aquafitness.com\/fr\/","logo":{"@type":"ImageObject","inLanguage":"es","@id":"https:\/\/www.archimede-aquafitness.com\/fr\/#\/schema\/logo\/image\/","url":"https:\/\/www.archimede-aquafitness.com\/wp-content\/uploads\/2015\/09\/logo-archimede-aquafitness.png","contentUrl":"https:\/\/www.archimede-aquafitness.com\/wp-content\/uploads\/2015\/09\/logo-archimede-aquafitness.png","width":308,"height":88,"caption":"Archim\u00e8de AquaFitness \/ JOINTEC"},"image":{"@id":"https:\/\/www.archimede-aquafitness.com\/fr\/#\/schema\/logo\/image\/"}}]}},"_links":{"self":[{"href":"https:\/\/www.archimede-aquafitness.com\/es\/wp-json\/wp\/v2\/pages\/10466","targetHints":{"allow":["GET"]}}],"collection":[{"href":"https:\/\/www.archimede-aquafitness.com\/es\/wp-json\/wp\/v2\/pages"}],"about":[{"href":"https:\/\/www.archimede-aquafitness.com\/es\/wp-json\/wp\/v2\/types\/page"}],"author":[{"embeddable":true,"href":"https:\/\/www.archimede-aquafitness.com\/es\/wp-json\/wp\/v2\/users\/4"}],"replies":[{"embeddable":true,"href":"https:\/\/www.archimede-aquafitness.com\/es\/wp-json\/wp\/v2\/comments?post=10466"}],"version-history":[{"count":0,"href":"https:\/\/www.archimede-aquafitness.com\/es\/wp-json\/wp\/v2\/pages\/10466\/revisions"}],"up":[{"embeddable":true,"href":"https:\/\/www.archimede-aquafitness.com\/es\/wp-json\/wp\/v2\/pages\/387"}],"wp:attachment":[{"href":"https:\/\/www.archimede-aquafitness.com\/es\/wp-json\/wp\/v2\/media?parent=10466"}],"curies":[{"name":"wp","href":"https:\/\/api.w.org\/{rel}","templated":true}]}}