{"id":10533,"date":"2016-03-21T12:39:59","date_gmt":"2016-03-21T11:39:59","guid":{"rendered":"https:\/\/www.archimede-aquafitness.com\/es\/?page_id=10533"},"modified":"2025-12-31T08:52:19","modified_gmt":"2025-12-31T07:52:19","slug":"conviertase-en-un-distribuidor","status":"publish","type":"page","link":"https:\/\/www.archimede-aquafitness.com\/es\/conviertase-en-un-distribuidor\/","title":{"rendered":"Convi\u00e9rtase en un distribuidor"},"content":{"rendered":"<div class=\"wpb-content-wrapper\">[mk_page_section bg_image=\u00bbhttps:\/\/www.archimede-aquafitness.com\/wp-content\/uploads\/2015\/09\/become-a-reseller.jpg\u00bb bg_position=\u00bbcenter bottom\u00bb bg_repeat=\u00bbno-repeat\u00bb first_page=\u00bbtrue\u00bb last_page=\u00bbtrue\u00bb sidebar=\u00bbsidebar-1&#8243;][vc_column][vc_column_text]\n[\/vc_column_text][\/vc_column][\/mk_page_section][mk_page_section first_page=\u00bbfalse\u00bb last_page=\u00bbtrue\u00bb sidebar=\u00bbsidebar-1&#8243;][vc_column][vc_column_text]\n<h1><span style=\"color: #dd3333\">Convi\u00e9rtase en un distribuidor<\/span><\/h1>\n<h3>\u00bfLe gustar\u00eda figurar la marca Archimede en su tienda o negocio?<br \/>\n\u00a1Esas son buenas noticias!<\/h3>\n[\/vc_column_text][vc_column_text]\n<h1><\/h1>\n<p>Archimede\u00ae le gustar\u00eda darle las gracias por su inter\u00e9s en convertirse en un distribuidor.<br \/>\nD\u00e9janos un mensaje r\u00e1pido a continuaci\u00f3n y nos pondremos en contacto con usted con toda la informaci\u00f3n acerca de nuestro programa de distribuidor.[\/vc_column_text][vc_separator color=\u00bbwhite\u00bb style=\u00bbdashed\u00bb][\/vc_column][vc_column width=\u00bb2\/3&#8243;][vc_row_inner padding=\u00bb0&#8243;][vc_column_inner]\n<div class=\"wpcf7 no-js\" id=\"wpcf7-f10532-o1\" lang=\"fr-FR\" dir=\"ltr\" data-wpcf7-id=\"10532\">\n<div class=\"screen-reader-response\"><p role=\"status\" aria-live=\"polite\" aria-atomic=\"true\"><\/p> <ul><\/ul><\/div>\n<form action=\"\/es\/wp-json\/wp\/v2\/pages\/10533#wpcf7-f10532-o1\" method=\"post\" class=\"wpcf7-form init\" aria-label=\"Formulaire de contact\" novalidate=\"novalidate\" data-status=\"init\">\n<fieldset class=\"hidden-fields-container\"><input type=\"hidden\" name=\"_wpcf7\" value=\"10532\" \/><input type=\"hidden\" name=\"_wpcf7_version\" value=\"6.1.5\" \/><input type=\"hidden\" name=\"_wpcf7_locale\" value=\"fr_FR\" \/><input type=\"hidden\" name=\"_wpcf7_unit_tag\" value=\"wpcf7-f10532-o1\" \/><input type=\"hidden\" name=\"_wpcf7_container_post\" value=\"0\" \/><input type=\"hidden\" name=\"_wpcf7_posted_data_hash\" value=\"\" \/><input type=\"hidden\" name=\"_wpcf7_recaptcha_response\" value=\"\" \/>\n<\/fieldset>\n<div id=\"two-column\">\n\t<div id=\"left\">\n\t\t<p><span class=\"wpcf7-form-control-wrap\" data-name=\"your-name1\"><input size=\"40\" maxlength=\"400\" class=\"wpcf7-form-control wpcf7-text wpcf7-validates-as-required\" aria-required=\"true\" aria-invalid=\"false\" placeholder=\"Nombre:*\" value=\"\" type=\"text\" name=\"your-name1\" \/><\/span>\n\t\t<\/p>\n\t\t<p><span class=\"wpcf7-form-control-wrap\" data-name=\"your-company\"><input size=\"40\" maxlength=\"400\" class=\"wpcf7-form-control wpcf7-text\" aria-invalid=\"false\" placeholder=\"Empresa:\" value=\"\" type=\"text\" name=\"your-company\" \/><\/span>\n\t\t<\/p>\n\t\t<p><span class=\"wpcf7-form-control-wrap\" data-name=\"your-address\"><input size=\"40\" maxlength=\"400\" class=\"wpcf7-form-control wpcf7-text\" aria-invalid=\"false\" placeholder=\"Direcci\u00f3n:\" value=\"\" type=\"text\" name=\"your-address\" \/><\/span>\n\t\t<\/p>\n\t<\/div>\n\t<div id=\"right\">\n\t\t<p><span class=\"wpcf7-form-control-wrap\" data-name=\"your-telephone\"><input size=\"40\" maxlength=\"400\" class=\"wpcf7-form-control wpcf7-tel wpcf7-text wpcf7-validates-as-tel\" aria-invalid=\"false\" placeholder=\"Tel\u00e9fono\" value=\"\" type=\"tel\" name=\"your-telephone\" \/><\/span>\n\t\t<\/p>\n\t\t<p><span class=\"wpcf7-form-control-wrap\" data-name=\"your-email\"><input size=\"40\" maxlength=\"400\" class=\"wpcf7-form-control wpcf7-text wpcf7-validates-as-required\" aria-required=\"true\" aria-invalid=\"false\" placeholder=\"E-Mail *\" value=\"\" type=\"text\" name=\"your-email\" \/><\/span>\n\t\t<\/p>\n\t\t<p><span class=\"wpcf7-form-control-wrap\" data-name=\"Subject\"><select class=\"wpcf7-form-control wpcf7-select wpcf7-validates-as-required\" aria-required=\"true\" aria-invalid=\"false\" name=\"Subject\"><option value=\"Recuerde:\">Recuerde:<\/option><option value=\"Solicitud de informaci\u00f3n\">Solicitud de informaci\u00f3n<\/option><option value=\"Solicitud de presupuesto\">Solicitud de presupuesto<\/option><\/select><\/span>\n\t\t<\/p>\n\t<\/div>\n\t<p><span class=\"wpcf7-form-control-wrap\" data-name=\"your-message\"><textarea cols=\"40\" rows=\"10\" maxlength=\"2000\" class=\"wpcf7-form-control wpcf7-textarea wpcf7-validates-as-required\" aria-required=\"true\" aria-invalid=\"false\" placeholder=\"Mensaje:*\" name=\"your-message\"><\/textarea><\/span>\n\t<\/p>\n\t<p><span class=\"wpcf7-form-control-wrap\" data-name=\"acceptance-589\"><span class=\"wpcf7-form-control wpcf7-acceptance\"><span class=\"wpcf7-list-item\"><label><input type=\"checkbox\" name=\"acceptance-589\" value=\"1\" aria-invalid=\"false\" \/><span class=\"wpcf7-list-item-label\">Doy mi consentimiento a que Archimede Aquafitness recopile mi informaci\u00f3n a trav\u00e9s de este formulario<\/span><\/label><\/span><\/span><\/span>\n\t<\/p>\n\t<p><input class=\"wpcf7-form-control wpcf7-submit has-spinner\" type=\"submit\" value=\"Enviar\" \/>\n\t<\/p>\n<\/div><div class=\"wpcf7-response-output\" aria-hidden=\"true\"><\/div>\n<\/form>\n<\/div>\n[\/vc_column_inner][\/vc_row_inner][\/vc_column][vc_column width=\u00bb1\/3&#8243;][vc_column_text css=\u00bb.vc_custom_1767167206338{margin-bottom: 0px !important;}\u00bb]\n<h3><span style=\"color: #008ace\">Archimede \u00ae<\/span><\/h3>\n<h3><span style=\"color: #dd3333\">Jointec H2D (fabricante)<\/span><\/h3>\n<p>Adress :\u00a0Route de Mouzon,\u00a008140 Douzy,\u00a0Francia<\/p>\n<p>Tel\u00e9fono:\u00a0<span style=\"color: #008ace\">+ 33 3 24\u00a033 42 56<\/span><br \/>\nE-Mail :\u00a0<span style=\"color: #008ace\">sales@archimede-aquafitness.com\u00a0<\/span>[\/vc_column_text][\/vc_column][\/mk_page_section][mk_page_section bg_image=\u00bbhttps:\/\/www.archimede-aquafitness.com\/wp-content\/uploads\/2015\/09\/become-a-reseller.jpg\u00bb predefined_bg=\u00bb\u00bb first_page=\u00bbtrue\u00bb last_page=\u00bbtrue\u00bb sidebar=\u00bbsidebar-1&#8243;][vc_column][vc_column_text]\n[\/vc_column_text][\/vc_column][\/mk_page_section]\n<\/div>","protected":false},"excerpt":{"rendered":"<p>[mk_page_section bg_image=\u00bbhttps:\/\/www.archimede-aquafitness.com\/wp-content\/uploads\/2015\/09\/become-a-reseller.jpg\u00bb bg_position=\u00bbcenter bottom\u00bb bg_repeat=\u00bbno-repeat\u00bb first_page=\u00bbtrue\u00bb last_page=\u00bbtrue\u00bb sidebar=\u00bbsidebar-1&#8243;][vc_column][vc_column_text] [\/vc_column_text][\/vc_column][\/mk_page_section][mk_page_section first_page=\u00bbfalse\u00bb last_page=\u00bbtrue\u00bb sidebar=\u00bbsidebar-1&#8243;][vc_column][vc_column_text] Convi\u00e9rtase en un distribuidor \u00bfLe gustar\u00eda figurar la marca Archimede en su tienda o negocio? \u00a1Esas son buenas noticias! [\/vc_column_text][vc_column_text] Archimede\u00ae le gustar\u00eda darle las gracias por su inter\u00e9s en convertirse en un distribuidor. D\u00e9janos un mensaje r\u00e1pido a continuaci\u00f3n y nos pondremos [&hellip;]<\/p>\n","protected":false},"author":4,"featured_media":0,"parent":0,"menu_order":0,"comment_status":"closed","ping_status":"closed","template":"","meta":{"footnotes":""},"class_list":["post-10533","page","type-page","status-publish","hentry"],"yoast_head":"<!-- This site is optimized with the Yoast SEO plugin v27.6 - https:\/\/yoast.com\/product\/yoast-seo-wordpress\/ -->\n<title>Convi\u00e9rtete en distribuidor | Archimede<\/title>\n<meta name=\"description\" content=\"Archimede cuenta con numerosos distribuidores en todo el mundo. Usted tambi\u00e9n puede convertirse en distribuidor de los productos Archimede.\" \/>\n<meta name=\"robots\" content=\"index, follow, max-snippet:-1, max-image-preview:large, max-video-preview:-1\" \/>\n<link rel=\"canonical\" href=\"https:\/\/www.archimede-aquafitness.com\/es\/conviertase-en-un-distribuidor\/\" \/>\n<meta property=\"og:locale\" content=\"es_ES\" \/>\n<meta property=\"og:type\" content=\"article\" \/>\n<meta property=\"og:title\" content=\"Convi\u00e9rtete en distribuidor | Archimede\" \/>\n<meta property=\"og:description\" content=\"Archimede cuenta con numerosos distribuidores en todo el mundo. Usted tambi\u00e9n puede convertirse en distribuidor de los productos Archimede.\" \/>\n<meta property=\"og:url\" content=\"https:\/\/www.archimede-aquafitness.com\/es\/conviertase-en-un-distribuidor\/\" \/>\n<meta property=\"og:site_name\" content=\"Archimede Aquafitness\" \/>\n<meta property=\"article:modified_time\" content=\"2025-12-31T07:52:19+00:00\" \/>\n<meta name=\"twitter:card\" content=\"summary_large_image\" \/>\n<meta name=\"twitter:label1\" content=\"Tiempo de lectura\" \/>\n\t<meta name=\"twitter:data1\" content=\"1 minuto\" \/>\n<script type=\"application\/ld+json\" class=\"yoast-schema-graph\">{\"@context\":\"https:\\\/\\\/schema.org\",\"@graph\":[{\"@type\":\"WebPage\",\"@id\":\"https:\\\/\\\/www.archimede-aquafitness.com\\\/es\\\/conviertase-en-un-distribuidor\\\/\",\"url\":\"https:\\\/\\\/www.archimede-aquafitness.com\\\/es\\\/conviertase-en-un-distribuidor\\\/\",\"name\":\"Convi\u00e9rtete en distribuidor | Archimede\",\"isPartOf\":{\"@id\":\"https:\\\/\\\/www.archimede-aquafitness.com\\\/fr\\\/#website\"},\"datePublished\":\"2016-03-21T11:39:59+00:00\",\"dateModified\":\"2025-12-31T07:52:19+00:00\",\"description\":\"Archimede cuenta con numerosos distribuidores en todo el mundo. Usted tambi\u00e9n puede convertirse en distribuidor de los productos Archimede.\",\"breadcrumb\":{\"@id\":\"https:\\\/\\\/www.archimede-aquafitness.com\\\/es\\\/conviertase-en-un-distribuidor\\\/#breadcrumb\"},\"inLanguage\":\"es\",\"potentialAction\":[{\"@type\":\"ReadAction\",\"target\":[\"https:\\\/\\\/www.archimede-aquafitness.com\\\/es\\\/conviertase-en-un-distribuidor\\\/\"]}]},{\"@type\":\"BreadcrumbList\",\"@id\":\"https:\\\/\\\/www.archimede-aquafitness.com\\\/es\\\/conviertase-en-un-distribuidor\\\/#breadcrumb\",\"itemListElement\":[{\"@type\":\"ListItem\",\"position\":1,\"name\":\"Accueil\",\"item\":\"https:\\\/\\\/www.archimede-aquafitness.com\\\/es\\\/archimede-aquafitness\\\/\"},{\"@type\":\"ListItem\",\"position\":2,\"name\":\"Convi\u00e9rtase en un distribuidor\"}]},{\"@type\":\"WebSite\",\"@id\":\"https:\\\/\\\/www.archimede-aquafitness.com\\\/fr\\\/#website\",\"url\":\"https:\\\/\\\/www.archimede-aquafitness.com\\\/fr\\\/\",\"name\":\"Archimede Aquafitness\",\"description\":\"Aquafitness is bringing wellness, physical capacity and health to a very large public\",\"publisher\":{\"@id\":\"https:\\\/\\\/www.archimede-aquafitness.com\\\/fr\\\/#organization\"},\"potentialAction\":[{\"@type\":\"SearchAction\",\"target\":{\"@type\":\"EntryPoint\",\"urlTemplate\":\"https:\\\/\\\/www.archimede-aquafitness.com\\\/fr\\\/?s={search_term_string}\"},\"query-input\":{\"@type\":\"PropertyValueSpecification\",\"valueRequired\":true,\"valueName\":\"search_term_string\"}}],\"inLanguage\":\"es\"},{\"@type\":\"Organization\",\"@id\":\"https:\\\/\\\/www.archimede-aquafitness.com\\\/fr\\\/#organization\",\"name\":\"Archim\u00e8de AquaFitness \\\/ JOINTEC\",\"url\":\"https:\\\/\\\/www.archimede-aquafitness.com\\\/fr\\\/\",\"logo\":{\"@type\":\"ImageObject\",\"inLanguage\":\"es\",\"@id\":\"https:\\\/\\\/www.archimede-aquafitness.com\\\/fr\\\/#\\\/schema\\\/logo\\\/image\\\/\",\"url\":\"https:\\\/\\\/www.archimede-aquafitness.com\\\/wp-content\\\/uploads\\\/2015\\\/09\\\/logo-archimede-aquafitness.png\",\"contentUrl\":\"https:\\\/\\\/www.archimede-aquafitness.com\\\/wp-content\\\/uploads\\\/2015\\\/09\\\/logo-archimede-aquafitness.png\",\"width\":308,\"height\":88,\"caption\":\"Archim\u00e8de AquaFitness \\\/ JOINTEC\"},\"image\":{\"@id\":\"https:\\\/\\\/www.archimede-aquafitness.com\\\/fr\\\/#\\\/schema\\\/logo\\\/image\\\/\"}}]}<\/script>\n<!-- \/ Yoast SEO plugin. -->","yoast_head_json":{"title":"Convi\u00e9rtete en distribuidor | Archimede","description":"Archimede cuenta con numerosos distribuidores en todo el mundo. Usted tambi\u00e9n puede convertirse en distribuidor de los productos Archimede.","robots":{"index":"index","follow":"follow","max-snippet":"max-snippet:-1","max-image-preview":"max-image-preview:large","max-video-preview":"max-video-preview:-1"},"canonical":"https:\/\/www.archimede-aquafitness.com\/es\/conviertase-en-un-distribuidor\/","og_locale":"es_ES","og_type":"article","og_title":"Convi\u00e9rtete en distribuidor | Archimede","og_description":"Archimede cuenta con numerosos distribuidores en todo el mundo. Usted tambi\u00e9n puede convertirse en distribuidor de los productos Archimede.","og_url":"https:\/\/www.archimede-aquafitness.com\/es\/conviertase-en-un-distribuidor\/","og_site_name":"Archimede Aquafitness","article_modified_time":"2025-12-31T07:52:19+00:00","twitter_card":"summary_large_image","twitter_misc":{"Tiempo de lectura":"1 minuto"},"schema":{"@context":"https:\/\/schema.org","@graph":[{"@type":"WebPage","@id":"https:\/\/www.archimede-aquafitness.com\/es\/conviertase-en-un-distribuidor\/","url":"https:\/\/www.archimede-aquafitness.com\/es\/conviertase-en-un-distribuidor\/","name":"Convi\u00e9rtete en distribuidor | Archimede","isPartOf":{"@id":"https:\/\/www.archimede-aquafitness.com\/fr\/#website"},"datePublished":"2016-03-21T11:39:59+00:00","dateModified":"2025-12-31T07:52:19+00:00","description":"Archimede cuenta con numerosos distribuidores en todo el mundo. Usted tambi\u00e9n puede convertirse en distribuidor de los productos Archimede.","breadcrumb":{"@id":"https:\/\/www.archimede-aquafitness.com\/es\/conviertase-en-un-distribuidor\/#breadcrumb"},"inLanguage":"es","potentialAction":[{"@type":"ReadAction","target":["https:\/\/www.archimede-aquafitness.com\/es\/conviertase-en-un-distribuidor\/"]}]},{"@type":"BreadcrumbList","@id":"https:\/\/www.archimede-aquafitness.com\/es\/conviertase-en-un-distribuidor\/#breadcrumb","itemListElement":[{"@type":"ListItem","position":1,"name":"Accueil","item":"https:\/\/www.archimede-aquafitness.com\/es\/archimede-aquafitness\/"},{"@type":"ListItem","position":2,"name":"Convi\u00e9rtase en un distribuidor"}]},{"@type":"WebSite","@id":"https:\/\/www.archimede-aquafitness.com\/fr\/#website","url":"https:\/\/www.archimede-aquafitness.com\/fr\/","name":"Archimede Aquafitness","description":"Aquafitness is bringing wellness, physical capacity and health to a very large public","publisher":{"@id":"https:\/\/www.archimede-aquafitness.com\/fr\/#organization"},"potentialAction":[{"@type":"SearchAction","target":{"@type":"EntryPoint","urlTemplate":"https:\/\/www.archimede-aquafitness.com\/fr\/?s={search_term_string}"},"query-input":{"@type":"PropertyValueSpecification","valueRequired":true,"valueName":"search_term_string"}}],"inLanguage":"es"},{"@type":"Organization","@id":"https:\/\/www.archimede-aquafitness.com\/fr\/#organization","name":"Archim\u00e8de AquaFitness \/ JOINTEC","url":"https:\/\/www.archimede-aquafitness.com\/fr\/","logo":{"@type":"ImageObject","inLanguage":"es","@id":"https:\/\/www.archimede-aquafitness.com\/fr\/#\/schema\/logo\/image\/","url":"https:\/\/www.archimede-aquafitness.com\/wp-content\/uploads\/2015\/09\/logo-archimede-aquafitness.png","contentUrl":"https:\/\/www.archimede-aquafitness.com\/wp-content\/uploads\/2015\/09\/logo-archimede-aquafitness.png","width":308,"height":88,"caption":"Archim\u00e8de AquaFitness \/ JOINTEC"},"image":{"@id":"https:\/\/www.archimede-aquafitness.com\/fr\/#\/schema\/logo\/image\/"}}]}},"_links":{"self":[{"href":"https:\/\/www.archimede-aquafitness.com\/es\/wp-json\/wp\/v2\/pages\/10533","targetHints":{"allow":["GET"]}}],"collection":[{"href":"https:\/\/www.archimede-aquafitness.com\/es\/wp-json\/wp\/v2\/pages"}],"about":[{"href":"https:\/\/www.archimede-aquafitness.com\/es\/wp-json\/wp\/v2\/types\/page"}],"author":[{"embeddable":true,"href":"https:\/\/www.archimede-aquafitness.com\/es\/wp-json\/wp\/v2\/users\/4"}],"replies":[{"embeddable":true,"href":"https:\/\/www.archimede-aquafitness.com\/es\/wp-json\/wp\/v2\/comments?post=10533"}],"version-history":[{"count":1,"href":"https:\/\/www.archimede-aquafitness.com\/es\/wp-json\/wp\/v2\/pages\/10533\/revisions"}],"predecessor-version":[{"id":17456,"href":"https:\/\/www.archimede-aquafitness.com\/es\/wp-json\/wp\/v2\/pages\/10533\/revisions\/17456"}],"wp:attachment":[{"href":"https:\/\/www.archimede-aquafitness.com\/es\/wp-json\/wp\/v2\/media?parent=10533"}],"curies":[{"name":"wp","href":"https:\/\/api.w.org\/{rel}","templated":true}]}}