{"id":334,"date":"2015-09-06T10:30:29","date_gmt":"2015-09-06T09:30:29","guid":{"rendered":"https:\/\/www.archimede-aquafitness.com\/fr\/?page_id=334"},"modified":"2015-09-06T14:08:52","modified_gmt":"2015-09-06T13:08:52","slug":"terminos-de-uso","status":"publish","type":"page","link":"https:\/\/www.archimede-aquafitness.com\/es\/terminos-de-uso\/","title":{"rendered":"T\u00e9rminos de Uso"},"content":{"rendered":"<h1>T\u00c9RMINOS DE USO<\/h1>\n<h3>Acceso al Sitio<\/h3>\n<p>El usuario del sitio reconoce que tiene las habilidades y recursos necesarios para acceder y utilizar este sitio. \u00abARCHIMEDE &#8211; JOINTEC FRANCE\u00bb no se hace responsable por factores fuera de su control y de cualquier da\u00f1o que pueda sufrir el entorno t\u00e9cnico del usuario, incluyendo su ordenadores, software, equipos de red y cualquier otro equipo utilizado acceder o utilizar los servicios y \/ o informaci\u00f3n. Se recuerda que para acceder o permanecer de forma fraudulenta en un sistema inform\u00e1tico, obstaculizar o distorsionar el funcionamiento de un sistema de este tipo, de manera fraudulenta la introducci\u00f3n o modificaci\u00f3n de datos en un sistema inform\u00e1tico son delitos punibles sanciones penales. El acceso al sitio \u00ab<a href=\"https:\/\/www.archimede-aquafitness.com\/es\/\">www.archimede-aquafitness.com<\/a>\u00bb es libre. Acceso a la red de telecomunicaciones y las tarifas de uso son para el cliente, en los t\u00e9rminos establecidos por el acceso y \/ o los operadores de telecomunicaciones.<\/p>\n<h3>Datos Personales<\/h3>\n<p>Su informaci\u00f3n es almacenada y procesada de manera confidencial por \u00abARCHIMEDE &#8211; JOINTEC FRANCE\u00bb. S\u00f3lo se utilizar\u00e1n para cumplir con las obligaciones legales y reglamentarias. Pueden dar lugar al ejercicio del derecho de acceso, modificaci\u00f3n, rectificaci\u00f3n y cancelaci\u00f3n en las condiciones previstas por la ley 78-17 del 6 de enero de 1978 relativa a las computadoras, archivos y libertades.<\/p>\n<h3>Los hiperv\u00ednculos<\/h3>\n<p>La creaci\u00f3n de enlaces de hipertexto a la p\u00e1gina \u00ab<a href=\"https:\/\/www.archimede-aquafitness.com\/es\/\">www.archimede-aquafitness.com<\/a>\u00bb est\u00e1 sujeta a la autorizaci\u00f3n previa de la cabeza de la publicaci\u00f3n. Los enlaces de hipertexto establecidos hacia otros sitios no lo hace de ninguna manera comprometen la responsabilidad de \u00abARCHIMEDE &#8211; JOINTEC FRANCE\u00bb.<\/p>\n<h3>Informaci\u00f3n T\u00e9cnica<\/h3>\n<p>Se recuerda que el secreto de la correspondencia no est\u00e1 garantizada en el Internet. El usuario queda informado de que durante su acceso al sitio, las \u00abcookies\u00bb (archivos de texto utilizados para registrar informaci\u00f3n sobre el visitante o en su viaje hacia el sitio) se utilizan para permitir identificar y retener informaci\u00f3n convulsiones por la duraci\u00f3n de su conexi\u00f3n. La informaci\u00f3n contenida en este sitio est\u00e1n sujetos a cambios sin previo aviso.<\/p>\n<h3>Derechos de Autor<\/h3>\n<p>Todos los logos, marcas y nombres mencionados son propiedad de sus respectivos due\u00f1os. Los iconos y fotograf\u00edas del lugar se llevan a cabo por \u00abARCHIMEDE &#8211; JOINTEC FRANCE\u00bb o acudiesen a una regal\u00eda im\u00e1genes gratuitas bancos. \u00abARCHIMEDE &#8211; JOINTEC FRANCE\u00bb pone un punto de honor a respetar los derechos de los autores. Si a pesar de nuestra atenci\u00f3n a encontrar en este sitio una entrega de contenido no libre o cuya informaci\u00f3n es incorrecta, puede hac\u00e9rnoslo saber a trav\u00e9s del men\u00fa \u00abContacto\u00bb. La reproducci\u00f3n o representaci\u00f3n, p\u00e1ginas completas o parciales, datos o cualquier otro elemento de la p\u00e1gina \u00abARCHIMEDE &#8211; JOINTEC FRANCE \u00bb por cualquier procedimiento o medio que sea, est\u00e1 prohibida y es, sin autorizaci\u00f3n del editor, una infracci\u00f3n.<\/p>\n","protected":false},"excerpt":{"rendered":"<p>T\u00c9RMINOS DE USO Acceso al Sitio El usuario del sitio reconoce que tiene las habilidades y recursos necesarios para acceder y utilizar este sitio. \u00abARCHIMEDE &#8211; JOINTEC FRANCE\u00bb no se hace responsable por factores fuera de su control y de cualquier da\u00f1o que pueda sufrir el entorno t\u00e9cnico del usuario, incluyendo su ordenadores, software, equipos [&hellip;]<\/p>\n","protected":false},"author":4,"featured_media":0,"parent":0,"menu_order":0,"comment_status":"closed","ping_status":"closed","template":"","meta":{"footnotes":""},"class_list":["post-334","page","type-page","status-publish","hentry"],"yoast_head":"<!-- This site is optimized with the Yoast SEO plugin v27.0 - https:\/\/yoast.com\/product\/yoast-seo-wordpress\/ -->\n<title>T\u00e9rminos de Uso<\/title>\n<meta name=\"description\" content=\"T\u00e9rminos de Uso Website Archimede-aquafitness.com\" \/>\n<meta name=\"robots\" content=\"index, follow, max-snippet:-1, max-image-preview:large, max-video-preview:-1\" \/>\n<link rel=\"canonical\" href=\"https:\/\/www.archimede-aquafitness.com\/es\/terminos-de-uso\/\" \/>\n<meta property=\"og:locale\" content=\"es_ES\" \/>\n<meta property=\"og:type\" content=\"article\" \/>\n<meta property=\"og:title\" content=\"T\u00e9rminos de Uso\" \/>\n<meta property=\"og:description\" content=\"T\u00e9rminos de Uso Website Archimede-aquafitness.com\" \/>\n<meta property=\"og:url\" content=\"https:\/\/www.archimede-aquafitness.com\/es\/terminos-de-uso\/\" \/>\n<meta property=\"og:site_name\" content=\"Archimede Aquafitness\" \/>\n<meta property=\"article:modified_time\" content=\"2015-09-06T13:08:52+00:00\" \/>\n<meta name=\"twitter:card\" content=\"summary_large_image\" \/>\n<meta name=\"twitter:label1\" content=\"Tiempo de lectura\" \/>\n\t<meta name=\"twitter:data1\" content=\"2 minutos\" \/>\n<script type=\"application\/ld+json\" class=\"yoast-schema-graph\">{\"@context\":\"https:\/\/schema.org\",\"@graph\":[{\"@type\":\"WebPage\",\"@id\":\"https:\/\/www.archimede-aquafitness.com\/es\/terminos-de-uso\/\",\"url\":\"https:\/\/www.archimede-aquafitness.com\/es\/terminos-de-uso\/\",\"name\":\"T\u00e9rminos de Uso\",\"isPartOf\":{\"@id\":\"https:\/\/www.archimede-aquafitness.com\/fr\/#website\"},\"datePublished\":\"2015-09-06T09:30:29+00:00\",\"dateModified\":\"2015-09-06T13:08:52+00:00\",\"description\":\"T\u00e9rminos de Uso Website Archimede-aquafitness.com\",\"breadcrumb\":{\"@id\":\"https:\/\/www.archimede-aquafitness.com\/es\/terminos-de-uso\/#breadcrumb\"},\"inLanguage\":\"es\",\"potentialAction\":[{\"@type\":\"ReadAction\",\"target\":[\"https:\/\/www.archimede-aquafitness.com\/es\/terminos-de-uso\/\"]}]},{\"@type\":\"BreadcrumbList\",\"@id\":\"https:\/\/www.archimede-aquafitness.com\/es\/terminos-de-uso\/#breadcrumb\",\"itemListElement\":[{\"@type\":\"ListItem\",\"position\":1,\"name\":\"Accueil\",\"item\":\"https:\/\/www.archimede-aquafitness.com\/es\/archimede-aquafitness\/\"},{\"@type\":\"ListItem\",\"position\":2,\"name\":\"T\u00e9rminos de Uso\"}]},{\"@type\":\"WebSite\",\"@id\":\"https:\/\/www.archimede-aquafitness.com\/fr\/#website\",\"url\":\"https:\/\/www.archimede-aquafitness.com\/fr\/\",\"name\":\"Archimede Aquafitness\",\"description\":\"Aquafitness is bringing wellness, physical capacity and health to a very large public\",\"publisher\":{\"@id\":\"https:\/\/www.archimede-aquafitness.com\/fr\/#organization\"},\"potentialAction\":[{\"@type\":\"SearchAction\",\"target\":{\"@type\":\"EntryPoint\",\"urlTemplate\":\"https:\/\/www.archimede-aquafitness.com\/fr\/?s={search_term_string}\"},\"query-input\":{\"@type\":\"PropertyValueSpecification\",\"valueRequired\":true,\"valueName\":\"search_term_string\"}}],\"inLanguage\":\"es\"},{\"@type\":\"Organization\",\"@id\":\"https:\/\/www.archimede-aquafitness.com\/fr\/#organization\",\"name\":\"Archim\u00e8de AquaFitness \/ JOINTEC\",\"url\":\"https:\/\/www.archimede-aquafitness.com\/fr\/\",\"logo\":{\"@type\":\"ImageObject\",\"inLanguage\":\"es\",\"@id\":\"https:\/\/www.archimede-aquafitness.com\/fr\/#\/schema\/logo\/image\/\",\"url\":\"https:\/\/www.archimede-aquafitness.com\/wp-content\/uploads\/2015\/09\/logo-archimede-aquafitness.png\",\"contentUrl\":\"https:\/\/www.archimede-aquafitness.com\/wp-content\/uploads\/2015\/09\/logo-archimede-aquafitness.png\",\"width\":308,\"height\":88,\"caption\":\"Archim\u00e8de AquaFitness \/ JOINTEC\"},\"image\":{\"@id\":\"https:\/\/www.archimede-aquafitness.com\/fr\/#\/schema\/logo\/image\/\"}}]}<\/script>\n<!-- \/ Yoast SEO plugin. -->","yoast_head_json":{"title":"T\u00e9rminos de Uso","description":"T\u00e9rminos de Uso Website Archimede-aquafitness.com","robots":{"index":"index","follow":"follow","max-snippet":"max-snippet:-1","max-image-preview":"max-image-preview:large","max-video-preview":"max-video-preview:-1"},"canonical":"https:\/\/www.archimede-aquafitness.com\/es\/terminos-de-uso\/","og_locale":"es_ES","og_type":"article","og_title":"T\u00e9rminos de Uso","og_description":"T\u00e9rminos de Uso Website Archimede-aquafitness.com","og_url":"https:\/\/www.archimede-aquafitness.com\/es\/terminos-de-uso\/","og_site_name":"Archimede Aquafitness","article_modified_time":"2015-09-06T13:08:52+00:00","twitter_card":"summary_large_image","twitter_misc":{"Tiempo de lectura":"2 minutos"},"schema":{"@context":"https:\/\/schema.org","@graph":[{"@type":"WebPage","@id":"https:\/\/www.archimede-aquafitness.com\/es\/terminos-de-uso\/","url":"https:\/\/www.archimede-aquafitness.com\/es\/terminos-de-uso\/","name":"T\u00e9rminos de Uso","isPartOf":{"@id":"https:\/\/www.archimede-aquafitness.com\/fr\/#website"},"datePublished":"2015-09-06T09:30:29+00:00","dateModified":"2015-09-06T13:08:52+00:00","description":"T\u00e9rminos de Uso Website Archimede-aquafitness.com","breadcrumb":{"@id":"https:\/\/www.archimede-aquafitness.com\/es\/terminos-de-uso\/#breadcrumb"},"inLanguage":"es","potentialAction":[{"@type":"ReadAction","target":["https:\/\/www.archimede-aquafitness.com\/es\/terminos-de-uso\/"]}]},{"@type":"BreadcrumbList","@id":"https:\/\/www.archimede-aquafitness.com\/es\/terminos-de-uso\/#breadcrumb","itemListElement":[{"@type":"ListItem","position":1,"name":"Accueil","item":"https:\/\/www.archimede-aquafitness.com\/es\/archimede-aquafitness\/"},{"@type":"ListItem","position":2,"name":"T\u00e9rminos de Uso"}]},{"@type":"WebSite","@id":"https:\/\/www.archimede-aquafitness.com\/fr\/#website","url":"https:\/\/www.archimede-aquafitness.com\/fr\/","name":"Archimede Aquafitness","description":"Aquafitness is bringing wellness, physical capacity and health to a very large public","publisher":{"@id":"https:\/\/www.archimede-aquafitness.com\/fr\/#organization"},"potentialAction":[{"@type":"SearchAction","target":{"@type":"EntryPoint","urlTemplate":"https:\/\/www.archimede-aquafitness.com\/fr\/?s={search_term_string}"},"query-input":{"@type":"PropertyValueSpecification","valueRequired":true,"valueName":"search_term_string"}}],"inLanguage":"es"},{"@type":"Organization","@id":"https:\/\/www.archimede-aquafitness.com\/fr\/#organization","name":"Archim\u00e8de AquaFitness \/ JOINTEC","url":"https:\/\/www.archimede-aquafitness.com\/fr\/","logo":{"@type":"ImageObject","inLanguage":"es","@id":"https:\/\/www.archimede-aquafitness.com\/fr\/#\/schema\/logo\/image\/","url":"https:\/\/www.archimede-aquafitness.com\/wp-content\/uploads\/2015\/09\/logo-archimede-aquafitness.png","contentUrl":"https:\/\/www.archimede-aquafitness.com\/wp-content\/uploads\/2015\/09\/logo-archimede-aquafitness.png","width":308,"height":88,"caption":"Archim\u00e8de AquaFitness \/ JOINTEC"},"image":{"@id":"https:\/\/www.archimede-aquafitness.com\/fr\/#\/schema\/logo\/image\/"}}]}},"_links":{"self":[{"href":"https:\/\/www.archimede-aquafitness.com\/es\/wp-json\/wp\/v2\/pages\/334","targetHints":{"allow":["GET"]}}],"collection":[{"href":"https:\/\/www.archimede-aquafitness.com\/es\/wp-json\/wp\/v2\/pages"}],"about":[{"href":"https:\/\/www.archimede-aquafitness.com\/es\/wp-json\/wp\/v2\/types\/page"}],"author":[{"embeddable":true,"href":"https:\/\/www.archimede-aquafitness.com\/es\/wp-json\/wp\/v2\/users\/4"}],"replies":[{"embeddable":true,"href":"https:\/\/www.archimede-aquafitness.com\/es\/wp-json\/wp\/v2\/comments?post=334"}],"version-history":[{"count":0,"href":"https:\/\/www.archimede-aquafitness.com\/es\/wp-json\/wp\/v2\/pages\/334\/revisions"}],"wp:attachment":[{"href":"https:\/\/www.archimede-aquafitness.com\/es\/wp-json\/wp\/v2\/media?parent=334"}],"curies":[{"name":"wp","href":"https:\/\/api.w.org\/{rel}","templated":true}]}}