{"id":339,"date":"2015-09-03T15:50:11","date_gmt":"2015-09-03T14:50:11","guid":{"rendered":"https:\/\/www.archimede-aquafitness.com\/fr\/?page_id=339"},"modified":"2024-10-03T14:52:18","modified_gmt":"2024-10-03T13:52:18","slug":"contacto","status":"publish","type":"page","link":"https:\/\/www.archimede-aquafitness.com\/es\/contacto\/","title":{"rendered":"Contacto"},"content":{"rendered":"[mk_page_section bg_image=\u00bbhttps:\/\/www.archimede-aquafitness.com\/wp-content\/uploads\/2015\/09\/background-page-contact.jpg\u00bb bg_repeat=\u00bbno-repeat\u00bb bg_stretch=\u00bbtrue\u00bb min_height=\u00bb250&#8243; padding_top=\u00bb20&#8243; padding_bottom=\u00bb20&#8243; first_page=\u00bbtrue\u00bb last_page=\u00bbtrue\u00bb sidebar=\u00bbsidebar-1&#8243;][vc_column width=\u00bb1\/2&#8243; css=\u00bb.vc_custom_1441725161090{padding-top: 90px !important;}\u00bb][vc_column_text disable_pattern=\u00bbfalse\u00bb]\n<h6 style=\"text-align: left\"><span style=\"color: #ffffff\">Cont\u00e1ctenos<\/span><\/h6>\n[\/vc_column_text][\/vc_column][vc_column width=\u00bb1\/2&#8243; css=\u00bb.vc_custom_1458558788782{padding-top: 50px !important;}\u00bb][vc_column_text disable_pattern=\u00bbfalse\u00bb]\n<h3 style=\"text-align: left\"><span style=\"color: #ffffff\">Si desea m\u00e1s informaci\u00f3n sobre Archimede, o simplemente desea hacer una pregunta, por favor complete el siguiente formulario. Tambi\u00e9n puede optar por ponerse en contacto con nosotros por tel\u00e9fono para mayor comodidad.<\/span><\/h3>\n[\/vc_column_text][\/vc_column][\/mk_page_section][mk_page_section padding_top=\u00bb50&#8243; first_page=\u00bbfalse\u00bb last_page=\u00bbtrue\u00bb sidebar=\u00bbsidebar-1&#8243;][vc_column width=\u00bb2\/3&#8243;][vc_column_text]\n<p><span style=\"color: #018ace\">Rellene el siguiente formulario y nos pondremos en contacto con usted en breve &#8230;<\/span><\/p>\n[\/vc_column_text]\n<div class=\"wpcf7 no-js\" id=\"wpcf7-f10527-o1\" lang=\"fr-FR\" dir=\"ltr\" data-wpcf7-id=\"10527\">\n<div class=\"screen-reader-response\"><p role=\"status\" aria-live=\"polite\" aria-atomic=\"true\"><\/p> <ul><\/ul><\/div>\n<form action=\"\/es\/wp-json\/wp\/v2\/pages\/339#wpcf7-f10527-o1\" method=\"post\" class=\"wpcf7-form init\" aria-label=\"Formulaire de contact\" novalidate=\"novalidate\" data-status=\"init\">\n<fieldset class=\"hidden-fields-container\"><input type=\"hidden\" name=\"_wpcf7\" value=\"10527\" \/><input type=\"hidden\" name=\"_wpcf7_version\" value=\"6.1.5\" \/><input type=\"hidden\" name=\"_wpcf7_locale\" value=\"fr_FR\" \/><input type=\"hidden\" name=\"_wpcf7_unit_tag\" value=\"wpcf7-f10527-o1\" \/><input type=\"hidden\" name=\"_wpcf7_container_post\" value=\"0\" \/><input type=\"hidden\" name=\"_wpcf7_posted_data_hash\" value=\"\" \/><input type=\"hidden\" name=\"_wpcf7_recaptcha_response\" value=\"\" \/>\n<\/fieldset>\n<div id=\"two-column\">\n\t<div id=\"left\">\n\t\t<p><span class=\"wpcf7-form-control-wrap\" data-name=\"your-name1\"><input size=\"40\" maxlength=\"400\" class=\"wpcf7-form-control wpcf7-text wpcf7-validates-as-required\" aria-required=\"true\" aria-invalid=\"false\" placeholder=\"Nombre:*\" value=\"\" type=\"text\" name=\"your-name1\" \/><\/span>\n\t\t<\/p>\n\t\t<p><span class=\"wpcf7-form-control-wrap\" data-name=\"your-company\"><input size=\"40\" maxlength=\"400\" class=\"wpcf7-form-control wpcf7-text\" aria-invalid=\"false\" placeholder=\"Empresa:\" value=\"\" type=\"text\" name=\"your-company\" \/><\/span>\n\t\t<\/p>\n\t\t<p><span class=\"wpcf7-form-control-wrap\" data-name=\"your-address\"><input size=\"40\" maxlength=\"400\" class=\"wpcf7-form-control wpcf7-text\" aria-invalid=\"false\" placeholder=\"Direcci\u00f3n:\" value=\"\" type=\"text\" name=\"your-address\" \/><\/span>\n\t\t<\/p>\n\t<\/div>\n\t<div id=\"right\">\n\t\t<p><span class=\"wpcf7-form-control-wrap\" data-name=\"your-telephone\"><input size=\"40\" maxlength=\"400\" class=\"wpcf7-form-control wpcf7-tel wpcf7-text wpcf7-validates-as-tel\" aria-invalid=\"false\" placeholder=\"Tel\u00e9fono\" value=\"\" type=\"tel\" name=\"your-telephone\" \/><\/span>\n\t\t<\/p>\n\t\t<p><span class=\"wpcf7-form-control-wrap\" data-name=\"your-email\"><input size=\"40\" maxlength=\"400\" class=\"wpcf7-form-control wpcf7-text wpcf7-validates-as-required\" aria-required=\"true\" aria-invalid=\"false\" placeholder=\"E-Mail *\" value=\"\" type=\"text\" name=\"your-email\" \/><\/span>\n\t\t<\/p>\n\t\t<p><span class=\"wpcf7-form-control-wrap\" data-name=\"Subject\"><select class=\"wpcf7-form-control wpcf7-select wpcf7-validates-as-required\" aria-required=\"true\" aria-invalid=\"false\" name=\"Subject\"><option value=\"Recuerde:\">Recuerde:<\/option><option value=\"Solicitud de informaci\u00f3n\">Solicitud de informaci\u00f3n<\/option><option value=\"Solicitud de presupuesto\">Solicitud de presupuesto<\/option><\/select><\/span>\n\t\t<\/p>\n\t<\/div>\n\t<p><span class=\"wpcf7-form-control-wrap\" data-name=\"your-message\"><textarea cols=\"40\" rows=\"10\" maxlength=\"2000\" class=\"wpcf7-form-control wpcf7-textarea wpcf7-validates-as-required\" aria-required=\"true\" aria-invalid=\"false\" placeholder=\"Mensaje:*\" name=\"your-message\"><\/textarea><\/span>\n\t<\/p>\n\t<p><span class=\"wpcf7-form-control-wrap\" data-name=\"acceptance-28\"><span class=\"wpcf7-form-control wpcf7-acceptance\"><span class=\"wpcf7-list-item\"><label><input type=\"checkbox\" name=\"acceptance-28\" value=\"1\" aria-invalid=\"false\" \/><span class=\"wpcf7-list-item-label\">Doy mi consentimiento a que Archimede Aquafitness recopile mi informaci\u00f3n a trav\u00e9s de este formulario<\/span><\/label><\/span><\/span><\/span>\n\t<\/p>\n\t<p><input class=\"wpcf7-form-control wpcf7-submit has-spinner\" type=\"submit\" value=\"Enviar\" \/>\n\t<\/p>\n<\/div><div class=\"wpcf7-response-output\" aria-hidden=\"true\"><\/div>\n<\/form>\n<\/div>\n[\/vc_column][vc_column width=\u00bb1\/3&#8243; css=\u00bb.vc_custom_1441724628012{margin-top: 50px !important;}\u00bb][vc_column_text css=\u00bb.vc_custom_1727963522772{margin-bottom: 0px !important;}\u00bb]\n<h3><span style=\"color: #008ace\">Archimede \u00ae<\/span><\/h3>\n<p>&nbsp;<\/p>\n<h3><span style=\"color: #dd3333\">Jointec H2D (Fabricante)<\/span><\/h3>\n<p>Direcci\u00f3n:\u00a0Route de Mouzon,\u00a008140 Douzy,\u00a0Francia<\/p>\n<p>Tel\u00e9fono: <span style=\"color: #008ace\">+ 33 3 24\u00a033 42 56<\/span><br \/>\nE-Mail :\u00a0<span style=\"color: #008ace\">sales@archimede-aquafitness.com\u00a0<\/span>[\/vc_column_text][\/vc_column][\/mk_page_section][mk_page_section bg_stretch=\u00bbtrue\u00bb full_width=\u00bbtrue\u00bb padding_top=\u00bb0&#8243; padding_bottom=\u00bb0&#8243; first_page=\u00bbtrue\u00bb last_page=\u00bbtrue\u00bb sidebar=\u00bbsidebar-1&#8243;][vc_column][mk_advanced_gmaps latitude=\u00bb49.6620782&#8243; longitude=\u00bb5.0424892&#8243; address=\u00bbVillage PME route de Mouzon 08140 DOUZY FRANCE\u00bb modify_coloring=\u00bbtrue\u00bb hue=\u00bb#cccccc\u00bb saturation=\u00bb-100&#8243; zoom=\u00bb4&#8243;][\/vc_column][\/mk_page_section]\n","protected":false},"excerpt":{"rendered":"<p>[mk_page_section bg_image=\u00bbhttps:\/\/www.archimede-aquafitness.com\/wp-content\/uploads\/2015\/09\/background-page-contact.jpg\u00bb bg_repeat=\u00bbno-repeat\u00bb bg_stretch=\u00bbtrue\u00bb min_height=\u00bb250&#8243; padding_top=\u00bb20&#8243; padding_bottom=\u00bb20&#8243; first_page=\u00bbtrue\u00bb last_page=\u00bbtrue\u00bb sidebar=\u00bbsidebar-1&#8243;][vc_column width=\u00bb1\/2&#8243; css=\u00bb.vc_custom_1441725161090{padding-top: 90px !important;}\u00bb][vc_column_text disable_pattern=\u00bbfalse\u00bb] Cont\u00e1ctenos [\/vc_column_text][\/vc_column][vc_column width=\u00bb1\/2&#8243; css=\u00bb.vc_custom_1458558788782{padding-top: 50px !important;}\u00bb][vc_column_text disable_pattern=\u00bbfalse\u00bb] Si desea m\u00e1s informaci\u00f3n sobre Archimede, o simplemente desea hacer una pregunta, por favor complete el siguiente formulario. Tambi\u00e9n puede optar por ponerse en contacto con nosotros por tel\u00e9fono para mayor comodidad. [\/vc_column_text][\/vc_column][\/mk_page_section][mk_page_section [&hellip;]<\/p>\n","protected":false},"author":4,"featured_media":0,"parent":0,"menu_order":0,"comment_status":"closed","ping_status":"closed","template":"","meta":{"footnotes":""},"class_list":["post-339","page","type-page","status-publish","hentry"],"yoast_head":"<!-- This site is optimized with the Yoast SEO plugin v27.0 - https:\/\/yoast.com\/product\/yoast-seo-wordpress\/ -->\n<title>Contacto \u00a0| Archim\u00e8de<\/title>\n<meta name=\"description\" content=\"Archim\u00e8de fabrica tres gama de productos\u00a0en piscina : el aquafitness, La accesibilidad y\u00a0la rehabilitaci\u00f3n\u00a0en medio acu\u00e1tico.\" \/>\n<meta name=\"robots\" content=\"index, follow, max-snippet:-1, max-image-preview:large, max-video-preview:-1\" \/>\n<link rel=\"canonical\" href=\"https:\/\/www.archimede-aquafitness.com\/es\/contacto\/\" \/>\n<meta property=\"og:locale\" content=\"es_ES\" \/>\n<meta property=\"og:type\" content=\"article\" \/>\n<meta property=\"og:title\" content=\"Contacto \u00a0| Archim\u00e8de\" \/>\n<meta property=\"og:description\" content=\"Archim\u00e8de fabrica tres gama de productos\u00a0en piscina : el aquafitness, La accesibilidad y\u00a0la rehabilitaci\u00f3n\u00a0en medio acu\u00e1tico.\" \/>\n<meta property=\"og:url\" content=\"https:\/\/www.archimede-aquafitness.com\/es\/contacto\/\" \/>\n<meta property=\"og:site_name\" content=\"Archimede Aquafitness\" \/>\n<meta property=\"article:modified_time\" content=\"2024-10-03T13:52:18+00:00\" \/>\n<meta name=\"twitter:card\" content=\"summary_large_image\" \/>\n<meta name=\"twitter:label1\" content=\"Tiempo de lectura\" \/>\n\t<meta name=\"twitter:data1\" content=\"1 minuto\" \/>\n<script type=\"application\/ld+json\" class=\"yoast-schema-graph\">{\"@context\":\"https:\/\/schema.org\",\"@graph\":[{\"@type\":\"WebPage\",\"@id\":\"https:\/\/www.archimede-aquafitness.com\/es\/contacto\/\",\"url\":\"https:\/\/www.archimede-aquafitness.com\/es\/contacto\/\",\"name\":\"Contacto \u00a0| Archim\u00e8de\",\"isPartOf\":{\"@id\":\"https:\/\/www.archimede-aquafitness.com\/fr\/#website\"},\"datePublished\":\"2015-09-03T14:50:11+00:00\",\"dateModified\":\"2024-10-03T13:52:18+00:00\",\"description\":\"Archim\u00e8de fabrica tres gama de productos\u00a0en piscina : el aquafitness, La accesibilidad y\u00a0la rehabilitaci\u00f3n\u00a0en medio acu\u00e1tico.\",\"breadcrumb\":{\"@id\":\"https:\/\/www.archimede-aquafitness.com\/es\/contacto\/#breadcrumb\"},\"inLanguage\":\"es\",\"potentialAction\":[{\"@type\":\"ReadAction\",\"target\":[\"https:\/\/www.archimede-aquafitness.com\/es\/contacto\/\"]}]},{\"@type\":\"BreadcrumbList\",\"@id\":\"https:\/\/www.archimede-aquafitness.com\/es\/contacto\/#breadcrumb\",\"itemListElement\":[{\"@type\":\"ListItem\",\"position\":1,\"name\":\"Accueil\",\"item\":\"https:\/\/www.archimede-aquafitness.com\/es\/archimede-aquafitness\/\"},{\"@type\":\"ListItem\",\"position\":2,\"name\":\"Contacto\"}]},{\"@type\":\"WebSite\",\"@id\":\"https:\/\/www.archimede-aquafitness.com\/fr\/#website\",\"url\":\"https:\/\/www.archimede-aquafitness.com\/fr\/\",\"name\":\"Archimede Aquafitness\",\"description\":\"Aquafitness is bringing wellness, physical capacity and health to a very large public\",\"publisher\":{\"@id\":\"https:\/\/www.archimede-aquafitness.com\/fr\/#organization\"},\"potentialAction\":[{\"@type\":\"SearchAction\",\"target\":{\"@type\":\"EntryPoint\",\"urlTemplate\":\"https:\/\/www.archimede-aquafitness.com\/fr\/?s={search_term_string}\"},\"query-input\":{\"@type\":\"PropertyValueSpecification\",\"valueRequired\":true,\"valueName\":\"search_term_string\"}}],\"inLanguage\":\"es\"},{\"@type\":\"Organization\",\"@id\":\"https:\/\/www.archimede-aquafitness.com\/fr\/#organization\",\"name\":\"Archim\u00e8de AquaFitness \/ JOINTEC\",\"url\":\"https:\/\/www.archimede-aquafitness.com\/fr\/\",\"logo\":{\"@type\":\"ImageObject\",\"inLanguage\":\"es\",\"@id\":\"https:\/\/www.archimede-aquafitness.com\/fr\/#\/schema\/logo\/image\/\",\"url\":\"https:\/\/www.archimede-aquafitness.com\/wp-content\/uploads\/2015\/09\/logo-archimede-aquafitness.png\",\"contentUrl\":\"https:\/\/www.archimede-aquafitness.com\/wp-content\/uploads\/2015\/09\/logo-archimede-aquafitness.png\",\"width\":308,\"height\":88,\"caption\":\"Archim\u00e8de AquaFitness \/ JOINTEC\"},\"image\":{\"@id\":\"https:\/\/www.archimede-aquafitness.com\/fr\/#\/schema\/logo\/image\/\"}}]}<\/script>\n<!-- \/ Yoast SEO plugin. -->","yoast_head_json":{"title":"Contacto \u00a0| Archim\u00e8de","description":"Archim\u00e8de fabrica tres gama de productos\u00a0en piscina : el aquafitness, La accesibilidad y\u00a0la rehabilitaci\u00f3n\u00a0en medio acu\u00e1tico.","robots":{"index":"index","follow":"follow","max-snippet":"max-snippet:-1","max-image-preview":"max-image-preview:large","max-video-preview":"max-video-preview:-1"},"canonical":"https:\/\/www.archimede-aquafitness.com\/es\/contacto\/","og_locale":"es_ES","og_type":"article","og_title":"Contacto \u00a0| Archim\u00e8de","og_description":"Archim\u00e8de fabrica tres gama de productos\u00a0en piscina : el aquafitness, La accesibilidad y\u00a0la rehabilitaci\u00f3n\u00a0en medio acu\u00e1tico.","og_url":"https:\/\/www.archimede-aquafitness.com\/es\/contacto\/","og_site_name":"Archimede Aquafitness","article_modified_time":"2024-10-03T13:52:18+00:00","twitter_card":"summary_large_image","twitter_misc":{"Tiempo de lectura":"1 minuto"},"schema":{"@context":"https:\/\/schema.org","@graph":[{"@type":"WebPage","@id":"https:\/\/www.archimede-aquafitness.com\/es\/contacto\/","url":"https:\/\/www.archimede-aquafitness.com\/es\/contacto\/","name":"Contacto \u00a0| Archim\u00e8de","isPartOf":{"@id":"https:\/\/www.archimede-aquafitness.com\/fr\/#website"},"datePublished":"2015-09-03T14:50:11+00:00","dateModified":"2024-10-03T13:52:18+00:00","description":"Archim\u00e8de fabrica tres gama de productos\u00a0en piscina : el aquafitness, La accesibilidad y\u00a0la rehabilitaci\u00f3n\u00a0en medio acu\u00e1tico.","breadcrumb":{"@id":"https:\/\/www.archimede-aquafitness.com\/es\/contacto\/#breadcrumb"},"inLanguage":"es","potentialAction":[{"@type":"ReadAction","target":["https:\/\/www.archimede-aquafitness.com\/es\/contacto\/"]}]},{"@type":"BreadcrumbList","@id":"https:\/\/www.archimede-aquafitness.com\/es\/contacto\/#breadcrumb","itemListElement":[{"@type":"ListItem","position":1,"name":"Accueil","item":"https:\/\/www.archimede-aquafitness.com\/es\/archimede-aquafitness\/"},{"@type":"ListItem","position":2,"name":"Contacto"}]},{"@type":"WebSite","@id":"https:\/\/www.archimede-aquafitness.com\/fr\/#website","url":"https:\/\/www.archimede-aquafitness.com\/fr\/","name":"Archimede Aquafitness","description":"Aquafitness is bringing wellness, physical capacity and health to a very large public","publisher":{"@id":"https:\/\/www.archimede-aquafitness.com\/fr\/#organization"},"potentialAction":[{"@type":"SearchAction","target":{"@type":"EntryPoint","urlTemplate":"https:\/\/www.archimede-aquafitness.com\/fr\/?s={search_term_string}"},"query-input":{"@type":"PropertyValueSpecification","valueRequired":true,"valueName":"search_term_string"}}],"inLanguage":"es"},{"@type":"Organization","@id":"https:\/\/www.archimede-aquafitness.com\/fr\/#organization","name":"Archim\u00e8de AquaFitness \/ JOINTEC","url":"https:\/\/www.archimede-aquafitness.com\/fr\/","logo":{"@type":"ImageObject","inLanguage":"es","@id":"https:\/\/www.archimede-aquafitness.com\/fr\/#\/schema\/logo\/image\/","url":"https:\/\/www.archimede-aquafitness.com\/wp-content\/uploads\/2015\/09\/logo-archimede-aquafitness.png","contentUrl":"https:\/\/www.archimede-aquafitness.com\/wp-content\/uploads\/2015\/09\/logo-archimede-aquafitness.png","width":308,"height":88,"caption":"Archim\u00e8de AquaFitness \/ JOINTEC"},"image":{"@id":"https:\/\/www.archimede-aquafitness.com\/fr\/#\/schema\/logo\/image\/"}}]}},"_links":{"self":[{"href":"https:\/\/www.archimede-aquafitness.com\/es\/wp-json\/wp\/v2\/pages\/339","targetHints":{"allow":["GET"]}}],"collection":[{"href":"https:\/\/www.archimede-aquafitness.com\/es\/wp-json\/wp\/v2\/pages"}],"about":[{"href":"https:\/\/www.archimede-aquafitness.com\/es\/wp-json\/wp\/v2\/types\/page"}],"author":[{"embeddable":true,"href":"https:\/\/www.archimede-aquafitness.com\/es\/wp-json\/wp\/v2\/users\/4"}],"replies":[{"embeddable":true,"href":"https:\/\/www.archimede-aquafitness.com\/es\/wp-json\/wp\/v2\/comments?post=339"}],"version-history":[{"count":1,"href":"https:\/\/www.archimede-aquafitness.com\/es\/wp-json\/wp\/v2\/pages\/339\/revisions"}],"predecessor-version":[{"id":17412,"href":"https:\/\/www.archimede-aquafitness.com\/es\/wp-json\/wp\/v2\/pages\/339\/revisions\/17412"}],"wp:attachment":[{"href":"https:\/\/www.archimede-aquafitness.com\/es\/wp-json\/wp\/v2\/media?parent=339"}],"curies":[{"name":"wp","href":"https:\/\/api.w.org\/{rel}","templated":true}]}}