{"id":349,"date":"2015-09-06T09:57:13","date_gmt":"2015-09-06T08:57:13","guid":{"rendered":"https:\/\/www.archimede-aquafitness.com\/es\/?page_id=349"},"modified":"2015-12-14T10:20:26","modified_gmt":"2015-12-14T09:20:26","slug":"aquafitness","status":"publish","type":"page","link":"https:\/\/www.archimede-aquafitness.com\/es\/aquafitness\/","title":{"rendered":"Aquafitness"},"content":{"rendered":"[mk_page_section layout_structure=\u00bbfull\u00bb bg_color=\u00bb#018ace\u00bb attachment=\u00bbscroll\u00bb bg_position=\u00bbleft top\u00bb bg_repeat=\u00bbrepeat\u00bb bg_stretch=\u00bbfalse\u00bb enable_3d=\u00bbfalse\u00bb speed_factor=\u00bb0.3&#8243; bg_video=\u00bbno\u00bb video_source=\u00bbself\u00bb stream_host_website=\u00bbyoutube\u00bb video_mask=\u00bbfalse\u00bb bg_gradient=\u00bbfalse\u00bb gr_end=\u00bb#1e73be\u00bb video_opacity=\u00bb0.6&#8243; top_shadow=\u00bbfalse\u00bb section_layout=\u00bbfull\u00bb min_height=\u00bb100&#8243; full_width=\u00bbtrue\u00bb full_height=\u00bbfalse\u00bb intro_effect=\u00bbfalse\u00bb padding_top=\u00bb30&#8243; padding_bottom=\u00bb30&#8243; margin_bottom=\u00bb0&#8243; skip_arrow=\u00bbfalse\u00bb skip_arrow_skin=\u00bblight\u00bb first_page=\u00bbtrue\u00bb last_page=\u00bbtrue\u00bb sidebar=\u00bbsidebar-1&#8243;][vc_column border_color=\u00bb\u00bb visibility=\u00bb\u00bb width=\u00bb1\/4&#8243; css=\u00bb.vc_custom_1442992248618{padding-top: 30px !important;padding-left: 50px !important;}\u00bb][vc_column_text disable_pattern=\u00bbtrue\u00bb align=\u00bbleft\u00bb margin_bottom=\u00bb0&#8243;]\n<h6><span style=\"color: #ffffff;\">Aquafitness<\/span><\/h6>\n[\/vc_column_text][\/vc_column][vc_column border_color=\u00bb\u00bb visibility=\u00bb\u00bb width=\u00bb3\/4&#8243;][vc_column_text disable_pattern=\u00bbtrue\u00bb align=\u00bbleft\u00bb margin_bottom=\u00bb0&#8243;]\n<h3><span style=\"color: #ffffff;\"><br \/>\nArchim\u00e8de fabrica una gama completa de equipos de aquatraining (bicicletas, cintas de correr, trampol\u00edn)<br \/>\n<\/span><\/h3>\n<h3><span style=\"color: #ffffff;\">Se dirigen hacia un p\u00fablico muy ampl\u00edo, mujeres, deportistas, s\u00e9niores<\/span><\/h3>\n[\/vc_column_text][vc_column_text disable_pattern=\u00bbtrue\u00bb align=\u00bbleft\u00bb margin_bottom=\u00bb0&#8243;]<span style=\"color: #ffffff;\">El aquafitness puede practicarse sin material, pero con \u00e9l, los resultados son mucho m\u00e1s r\u00e1pidos<\/span><br \/>\n<span style=\"color: #ffffff;\">El usuario de cada aparato saca beneficio de la densidad del agua (800 veces superior a la del aire) y de la presi\u00f3n hidrost\u00e1tica: la eliminaci\u00f3n de las toxinas es mayor y la sensaci\u00f3n de cansancio es ef\u00edmera.<\/span><br \/>\n[\/vc_column_text][vc_column_text]\n[\/vc_column_text][\/vc_column][\/mk_page_section][mk_page_section layout_structure=\u00bbfull\u00bb attachment=\u00bbscroll\u00bb bg_position=\u00bbleft top\u00bb bg_repeat=\u00bbrepeat\u00bb bg_stretch=\u00bbfalse\u00bb enable_3d=\u00bbfalse\u00bb speed_factor=\u00bb0.3&#8243; bg_video=\u00bbno\u00bb video_source=\u00bbself\u00bb stream_host_website=\u00bbyoutube\u00bb video_mask=\u00bbfalse\u00bb bg_gradient=\u00bbfalse\u00bb gr_end=\u00bb#1e73be\u00bb video_opacity=\u00bb0.6&#8243; top_shadow=\u00bbfalse\u00bb section_layout=\u00bbfull\u00bb min_height=\u00bb100&#8243; full_width=\u00bbtrue\u00bb full_height=\u00bbfalse\u00bb intro_effect=\u00bbfalse\u00bb padding_top=\u00bb0&#8243; padding_bottom=\u00bb0&#8243; margin_bottom=\u00bb0&#8243; skip_arrow=\u00bbfalse\u00bb skip_arrow_skin=\u00bblight\u00bb first_page=\u00bbtrue\u00bb last_page=\u00bbtrue\u00bb sidebar=\u00bbsidebar-1&#8243;][vc_column border_color=\u00bb\u00bb visibility=\u00bb\u00bb width=\u00bb1\/1&#8243;][mk_gallery images=\u00bb7202,7206,7210,7214,7218&#8243; custom_links=\u00bbAquabikes,bicicletas-elipticas,cinta-de-correr-acuatica,trampolin-acuatico,barra de aquajumping\u00bb style=\u00bbgrid\u00bb column=\u00bb5&#8243; image_size=\u00bbfull\u00bb height=\u00bb500&#8243; hover_scenarios=\u00bboverlay_layer\u00bb overlay_color=\u00bbrgba(30,115,190,0.49)\u00bb item_spacing=\u00bb0&#8243; margin_bottom=\u00bb0&#8243; frame_style=\u00bbgrid\u00bb disable_title=\u00bbfalse\u00bb image_quality=\u00bb1&#8243; pagination=\u00bbfalse\u00bb count=\u00bb10&#8243; pagination_style=\u00bb1&#8243; order=\u00bbASC\u00bb orderby=\u00bbpost__in\u00bb item_id=\u00bb1441890654-55f1815e65d4c\u00bb][\/vc_column][\/mk_page_section]\n","protected":false},"excerpt":{"rendered":"<p>[mk_page_section layout_structure=\u00bbfull\u00bb bg_color=\u00bb#018ace\u00bb attachment=\u00bbscroll\u00bb bg_position=\u00bbleft top\u00bb bg_repeat=\u00bbrepeat\u00bb bg_stretch=\u00bbfalse\u00bb enable_3d=\u00bbfalse\u00bb speed_factor=\u00bb0.3&#8243; bg_video=\u00bbno\u00bb video_source=\u00bbself\u00bb stream_host_website=\u00bbyoutube\u00bb video_mask=\u00bbfalse\u00bb bg_gradient=\u00bbfalse\u00bb gr_end=\u00bb#1e73be\u00bb video_opacity=\u00bb0.6&#8243; top_shadow=\u00bbfalse\u00bb section_layout=\u00bbfull\u00bb min_height=\u00bb100&#8243; full_width=\u00bbtrue\u00bb full_height=\u00bbfalse\u00bb intro_effect=\u00bbfalse\u00bb padding_top=\u00bb30&#8243; padding_bottom=\u00bb30&#8243; margin_bottom=\u00bb0&#8243; skip_arrow=\u00bbfalse\u00bb skip_arrow_skin=\u00bblight\u00bb first_page=\u00bbtrue\u00bb last_page=\u00bbtrue\u00bb sidebar=\u00bbsidebar-1&#8243;][vc_column border_color=\u00bb\u00bb visibility=\u00bb\u00bb width=\u00bb1\/4&#8243; css=\u00bb.vc_custom_1442992248618{padding-top: 30px !important;padding-left: 50px !important;}\u00bb][vc_column_text disable_pattern=\u00bbtrue\u00bb align=\u00bbleft\u00bb margin_bottom=\u00bb0&#8243;] Aquafitness [\/vc_column_text][\/vc_column][vc_column border_color=\u00bb\u00bb visibility=\u00bb\u00bb width=\u00bb3\/4&#8243;][vc_column_text disable_pattern=\u00bbtrue\u00bb align=\u00bbleft\u00bb margin_bottom=\u00bb0&#8243;] Archim\u00e8de fabrica una gama completa [&hellip;]<\/p>\n","protected":false},"author":4,"featured_media":0,"parent":0,"menu_order":0,"comment_status":"closed","ping_status":"closed","template":"","meta":{"footnotes":""},"class_list":["post-349","page","type-page","status-publish","hentry"],"yoast_head":"<!-- This site is optimized with the Yoast SEO plugin v27.0 - https:\/\/yoast.com\/product\/yoast-seo-wordpress\/ -->\n<title>Aquafitness - Archimede Aquafitness<\/title>\n<meta name=\"description\" content=\"Archimede presenta tres gamas de productos en piscina : el aquafitness, el acceso del minusv\u00e1lido y\u00a0la rehabilitaci\u00f3n\u00a0en medio acu\u00e1tico.\" \/>\n<meta name=\"robots\" content=\"index, follow, max-snippet:-1, max-image-preview:large, max-video-preview:-1\" \/>\n<link rel=\"canonical\" href=\"https:\/\/www.archimede-aquafitness.com\/es\/aquafitness\/\" \/>\n<meta property=\"og:locale\" content=\"es_ES\" \/>\n<meta property=\"og:type\" content=\"article\" \/>\n<meta property=\"og:title\" content=\"Aquafitness - Archimede Aquafitness\" \/>\n<meta property=\"og:description\" content=\"Archimede presenta tres gamas de productos en piscina : el aquafitness, el acceso del minusv\u00e1lido y\u00a0la rehabilitaci\u00f3n\u00a0en medio acu\u00e1tico.\" \/>\n<meta property=\"og:url\" content=\"https:\/\/www.archimede-aquafitness.com\/es\/aquafitness\/\" \/>\n<meta property=\"og:site_name\" content=\"Archimede Aquafitness\" \/>\n<meta property=\"article:modified_time\" content=\"2015-12-14T09:20:26+00:00\" \/>\n<meta name=\"twitter:card\" content=\"summary_large_image\" \/>\n<meta name=\"twitter:label1\" content=\"Tiempo de lectura\" \/>\n\t<meta name=\"twitter:data1\" content=\"2 minutos\" \/>\n<script type=\"application\/ld+json\" class=\"yoast-schema-graph\">{\"@context\":\"https:\/\/schema.org\",\"@graph\":[{\"@type\":\"WebPage\",\"@id\":\"https:\/\/www.archimede-aquafitness.com\/es\/aquafitness\/\",\"url\":\"https:\/\/www.archimede-aquafitness.com\/es\/aquafitness\/\",\"name\":\"Aquafitness - Archimede Aquafitness\",\"isPartOf\":{\"@id\":\"https:\/\/www.archimede-aquafitness.com\/fr\/#website\"},\"datePublished\":\"2015-09-06T08:57:13+00:00\",\"dateModified\":\"2015-12-14T09:20:26+00:00\",\"description\":\"Archimede presenta tres gamas de productos en piscina : el aquafitness, el acceso del minusv\u00e1lido y\u00a0la rehabilitaci\u00f3n\u00a0en medio acu\u00e1tico.\",\"breadcrumb\":{\"@id\":\"https:\/\/www.archimede-aquafitness.com\/es\/aquafitness\/#breadcrumb\"},\"inLanguage\":\"es\",\"potentialAction\":[{\"@type\":\"ReadAction\",\"target\":[\"https:\/\/www.archimede-aquafitness.com\/es\/aquafitness\/\"]}]},{\"@type\":\"BreadcrumbList\",\"@id\":\"https:\/\/www.archimede-aquafitness.com\/es\/aquafitness\/#breadcrumb\",\"itemListElement\":[{\"@type\":\"ListItem\",\"position\":1,\"name\":\"Accueil\",\"item\":\"https:\/\/www.archimede-aquafitness.com\/es\/archimede-aquafitness\/\"},{\"@type\":\"ListItem\",\"position\":2,\"name\":\"Aquafitness\"}]},{\"@type\":\"WebSite\",\"@id\":\"https:\/\/www.archimede-aquafitness.com\/fr\/#website\",\"url\":\"https:\/\/www.archimede-aquafitness.com\/fr\/\",\"name\":\"Archimede Aquafitness\",\"description\":\"Aquafitness is bringing wellness, physical capacity and health to a very large public\",\"publisher\":{\"@id\":\"https:\/\/www.archimede-aquafitness.com\/fr\/#organization\"},\"potentialAction\":[{\"@type\":\"SearchAction\",\"target\":{\"@type\":\"EntryPoint\",\"urlTemplate\":\"https:\/\/www.archimede-aquafitness.com\/fr\/?s={search_term_string}\"},\"query-input\":{\"@type\":\"PropertyValueSpecification\",\"valueRequired\":true,\"valueName\":\"search_term_string\"}}],\"inLanguage\":\"es\"},{\"@type\":\"Organization\",\"@id\":\"https:\/\/www.archimede-aquafitness.com\/fr\/#organization\",\"name\":\"Archim\u00e8de AquaFitness \/ JOINTEC\",\"url\":\"https:\/\/www.archimede-aquafitness.com\/fr\/\",\"logo\":{\"@type\":\"ImageObject\",\"inLanguage\":\"es\",\"@id\":\"https:\/\/www.archimede-aquafitness.com\/fr\/#\/schema\/logo\/image\/\",\"url\":\"https:\/\/www.archimede-aquafitness.com\/wp-content\/uploads\/2015\/09\/logo-archimede-aquafitness.png\",\"contentUrl\":\"https:\/\/www.archimede-aquafitness.com\/wp-content\/uploads\/2015\/09\/logo-archimede-aquafitness.png\",\"width\":308,\"height\":88,\"caption\":\"Archim\u00e8de AquaFitness \/ JOINTEC\"},\"image\":{\"@id\":\"https:\/\/www.archimede-aquafitness.com\/fr\/#\/schema\/logo\/image\/\"}}]}<\/script>\n<!-- \/ Yoast SEO plugin. -->","yoast_head_json":{"title":"Aquafitness - Archimede Aquafitness","description":"Archimede presenta tres gamas de productos en piscina : el aquafitness, el acceso del minusv\u00e1lido y\u00a0la rehabilitaci\u00f3n\u00a0en medio acu\u00e1tico.","robots":{"index":"index","follow":"follow","max-snippet":"max-snippet:-1","max-image-preview":"max-image-preview:large","max-video-preview":"max-video-preview:-1"},"canonical":"https:\/\/www.archimede-aquafitness.com\/es\/aquafitness\/","og_locale":"es_ES","og_type":"article","og_title":"Aquafitness - Archimede Aquafitness","og_description":"Archimede presenta tres gamas de productos en piscina : el aquafitness, el acceso del minusv\u00e1lido y\u00a0la rehabilitaci\u00f3n\u00a0en medio acu\u00e1tico.","og_url":"https:\/\/www.archimede-aquafitness.com\/es\/aquafitness\/","og_site_name":"Archimede Aquafitness","article_modified_time":"2015-12-14T09:20:26+00:00","twitter_card":"summary_large_image","twitter_misc":{"Tiempo de lectura":"2 minutos"},"schema":{"@context":"https:\/\/schema.org","@graph":[{"@type":"WebPage","@id":"https:\/\/www.archimede-aquafitness.com\/es\/aquafitness\/","url":"https:\/\/www.archimede-aquafitness.com\/es\/aquafitness\/","name":"Aquafitness - Archimede Aquafitness","isPartOf":{"@id":"https:\/\/www.archimede-aquafitness.com\/fr\/#website"},"datePublished":"2015-09-06T08:57:13+00:00","dateModified":"2015-12-14T09:20:26+00:00","description":"Archimede presenta tres gamas de productos en piscina : el aquafitness, el acceso del minusv\u00e1lido y\u00a0la rehabilitaci\u00f3n\u00a0en medio acu\u00e1tico.","breadcrumb":{"@id":"https:\/\/www.archimede-aquafitness.com\/es\/aquafitness\/#breadcrumb"},"inLanguage":"es","potentialAction":[{"@type":"ReadAction","target":["https:\/\/www.archimede-aquafitness.com\/es\/aquafitness\/"]}]},{"@type":"BreadcrumbList","@id":"https:\/\/www.archimede-aquafitness.com\/es\/aquafitness\/#breadcrumb","itemListElement":[{"@type":"ListItem","position":1,"name":"Accueil","item":"https:\/\/www.archimede-aquafitness.com\/es\/archimede-aquafitness\/"},{"@type":"ListItem","position":2,"name":"Aquafitness"}]},{"@type":"WebSite","@id":"https:\/\/www.archimede-aquafitness.com\/fr\/#website","url":"https:\/\/www.archimede-aquafitness.com\/fr\/","name":"Archimede Aquafitness","description":"Aquafitness is bringing wellness, physical capacity and health to a very large public","publisher":{"@id":"https:\/\/www.archimede-aquafitness.com\/fr\/#organization"},"potentialAction":[{"@type":"SearchAction","target":{"@type":"EntryPoint","urlTemplate":"https:\/\/www.archimede-aquafitness.com\/fr\/?s={search_term_string}"},"query-input":{"@type":"PropertyValueSpecification","valueRequired":true,"valueName":"search_term_string"}}],"inLanguage":"es"},{"@type":"Organization","@id":"https:\/\/www.archimede-aquafitness.com\/fr\/#organization","name":"Archim\u00e8de AquaFitness \/ JOINTEC","url":"https:\/\/www.archimede-aquafitness.com\/fr\/","logo":{"@type":"ImageObject","inLanguage":"es","@id":"https:\/\/www.archimede-aquafitness.com\/fr\/#\/schema\/logo\/image\/","url":"https:\/\/www.archimede-aquafitness.com\/wp-content\/uploads\/2015\/09\/logo-archimede-aquafitness.png","contentUrl":"https:\/\/www.archimede-aquafitness.com\/wp-content\/uploads\/2015\/09\/logo-archimede-aquafitness.png","width":308,"height":88,"caption":"Archim\u00e8de AquaFitness \/ JOINTEC"},"image":{"@id":"https:\/\/www.archimede-aquafitness.com\/fr\/#\/schema\/logo\/image\/"}}]}},"_links":{"self":[{"href":"https:\/\/www.archimede-aquafitness.com\/es\/wp-json\/wp\/v2\/pages\/349","targetHints":{"allow":["GET"]}}],"collection":[{"href":"https:\/\/www.archimede-aquafitness.com\/es\/wp-json\/wp\/v2\/pages"}],"about":[{"href":"https:\/\/www.archimede-aquafitness.com\/es\/wp-json\/wp\/v2\/types\/page"}],"author":[{"embeddable":true,"href":"https:\/\/www.archimede-aquafitness.com\/es\/wp-json\/wp\/v2\/users\/4"}],"replies":[{"embeddable":true,"href":"https:\/\/www.archimede-aquafitness.com\/es\/wp-json\/wp\/v2\/comments?post=349"}],"version-history":[{"count":0,"href":"https:\/\/www.archimede-aquafitness.com\/es\/wp-json\/wp\/v2\/pages\/349\/revisions"}],"wp:attachment":[{"href":"https:\/\/www.archimede-aquafitness.com\/es\/wp-json\/wp\/v2\/media?parent=349"}],"curies":[{"name":"wp","href":"https:\/\/api.w.org\/{rel}","templated":true}]}}