{"id":7289,"date":"2015-11-24T15:37:29","date_gmt":"2015-11-24T14:37:29","guid":{"rendered":"https:\/\/www.archimede-aquafitness.com\/es\/?page_id=7289"},"modified":"2015-12-02T09:30:49","modified_gmt":"2015-12-02T08:30:49","slug":"bicicletas-elipticas","status":"publish","type":"page","link":"https:\/\/www.archimede-aquafitness.com\/es\/aquafitness\/bicicletas-elipticas\/","title":{"rendered":"Bicicletas El\u00edpticas"},"content":{"rendered":"<div class=\"wpb-content-wrapper\">[mk_page_section layout_structure=\u00bbfull\u00bb attachment=\u00bbscroll\u00bb bg_position=\u00bbleft top\u00bb bg_repeat=\u00bbrepeat\u00bb bg_stretch=\u00bbfalse\u00bb enable_3d=\u00bbfalse\u00bb speed_factor=\u00bb0.3&#8243; bg_video=\u00bbno\u00bb video_source=\u00bbself\u00bb stream_host_website=\u00bbyoutube\u00bb video_mask=\u00bbfalse\u00bb bg_gradient=\u00bbfalse\u00bb gr_end=\u00bb#1e73be\u00bb video_opacity=\u00bb0.6&#8243; top_shadow=\u00bbfalse\u00bb section_layout=\u00bbfull\u00bb min_height=\u00bb100&#8243; full_width=\u00bbtrue\u00bb full_height=\u00bbtrue\u00bb intro_effect=\u00bbfalse\u00bb padding_top=\u00bb0&#8243; padding_bottom=\u00bb0&#8243; skip_arrow=\u00bbfalse\u00bb skip_arrow_skin=\u00bblight\u00bb first_page=\u00bbtrue\u00bb last_page=\u00bbtrue\u00bb sidebar=\u00bbsidebar-1&#8243; margin_bottom=\u00bb0&#8243; bg_color=\u00bb#eff8fb\u00bb][vc_column width=\u00bb1\/1&#8243; css=\u00bb.vc_custom_1441876823587{margin-top: -30px !important;margin-bottom: -40px !important;}\u00bb][vc_row_inner attached=\u00bbtrue\u00bb padding=\u00bb0&#8243;][vc_column_inner width=\u00bb1\/3&#8243; css=\u00bb.vc_custom_1441879550372{padding-top: 160px !important;padding-right: 30px !important;padding-bottom: 160px !important;padding-left: 30px !important;background-image: url(https:\/\/www.archimede-aquafitness.com\/wp-content\/uploads\/2015\/09\/page-aquabike-img-1.png?id=1109) !important;background-position: center !important;background-repeat: no-repeat !important;background-size: cover !important;}\u00bb][vc_column_text disable_pattern=\u00bbtrue\u00bb align=\u00bbright\u00bb margin_bottom=\u00bb0&#8243;]\n<h6><span style=\"color: #ffffff;\">Bicicletas El\u00edpticas<\/span><\/h6>\n[\/vc_column_text][vc_column_text disable_pattern=\u00bbtrue\u00bb align=\u00bbleft\u00bb margin_bottom=\u00bb0&#8243;]\n<h3 style=\"text-align: right;\"><span style=\"color: #ffffff;\">La marcha y la carrera n\u00f3rdica est\u00e1ticas en el agua.<br \/>\nOfrecen la ventaja de un entrenamiento de impacto bajo, ejerciendo simult\u00e1neamente tanto los m\u00fasculos superiores como inferiores.<br \/>\n<\/span><\/h3>\n[\/vc_column_text][\/vc_column_inner][vc_column_inner width=\u00bb1\/3&#8243; css=\u00bb.vc_custom_1441879595654{padding-top: 30px !important;padding-right: 30px !important;padding-bottom: 10px !important;padding-left: 30px !important;background-color: #eff8fb !important;}\u00bb][vc_column_text disable_pattern=\u00bbtrue\u00bb align=\u00bbright\u00bb margin_bottom=\u00bb-50&#8243;]\n<h1><span style=\"color: #018ace;\">Profesional<\/span><\/h1>\n[\/vc_column_text][vc_single_image image=\u00bb1501&#8243; alignment=\u00bbcenter\u00bb border_color=\u00bbgrey\u00bb img_link_large=\u00bb\u00bb img_link_target=\u00bb_self\u00bb css_animation=\u00bbleft-to-right\u00bb img_size=\u00bb347&#215;401&#8243; link=\u00bbhttps:\/\/www.archimede-aquafitness.com\/es\/aquafitness\/bicicletas-elipticas\/mano-pro-el-profesional\u00bb css=\u00bb.vc_custom_1448381823896{margin-bottom: -30px !important;}\u00bb][mk_button dimension=\u00bbflat\u00bb corner_style=\u00bbfull_rounded\u00bb size=\u00bbmedium\u00bb outline_skin=\u00bbdark\u00bb outline_active_color=\u00bb#ffffff\u00bb outline_hover_color=\u00bb#333333&#8243; btn_hover_bg=\u00bb#af2828&#8243; text_color=\u00bblight\u00bb icon_anim=\u00bbnone\u00bb url=\u00bbhttps:\/\/www.archimede-aquafitness.com\/es\/aquafitness\/bicicletas-elipticas\/mano-pro-el-profesional\u00bb target=\u00bb_self\u00bb align=\u00bbleft\u00bb fullwidth=\u00bbfalse\u00bb button_custom_width=\u00bb0&#8243; margin_top=\u00bb30&#8243; bg_color=\u00bb#dd3333&#8243; margin_bottom=\u00bb15&#8243;]&gt;<\/p>\n[\/mk_button][vc_column_text disable_pattern=\u00bbtrue\u00bb align=\u00bbleft\u00bb margin_bottom=\u00bb0&#8243;]\n<p style=\"text-align: right;\">Mano Pro, El profesional<br \/>\nLa marcha y la carrera n\u00f3rdica<br \/>\nest\u00e1ticas en agua caliente<\/p>\n[\/vc_column_text][\/vc_column_inner][vc_column_inner width=\u00bb1\/3&#8243; css=\u00bb.vc_custom_1441879602695{padding-top: 30px !important;padding-right: 30px !important;padding-bottom: 10px !important;padding-left: 30px !important;background-color: #eff8fb !important;}\u00bb][vc_column_text disable_pattern=\u00bbtrue\u00bb align=\u00bbright\u00bb]\n<h1><span style=\"color: #018ace;\">B\u00e1sico<\/span><\/h1>\n[\/vc_column_text][vc_single_image image=\u00bb1511&#8243; alignment=\u00bbcenter\u00bb border_color=\u00bbgrey\u00bb img_link_large=\u00bb\u00bb img_link_target=\u00bb_self\u00bb css_animation=\u00bbleft-to-right\u00bb img_size=\u00bb341&#215;411&#8243; link=\u00bb https:\/\/www.archimede-aquafitness.com\/es\/aquafitness\/bicicletas-elipticas\/mano-basic\u00bb css=\u00bb.vc_custom_1448383555413{margin-bottom: -30px !important;}\u00bb][mk_button dimension=\u00bbflat\u00bb corner_style=\u00bbfull_rounded\u00bb size=\u00bbmedium\u00bb outline_skin=\u00bbdark\u00bb outline_active_color=\u00bb#ffffff\u00bb outline_hover_color=\u00bb#333333&#8243; btn_hover_bg=\u00bb#af2828&#8243; text_color=\u00bblight\u00bb icon_anim=\u00bbnone\u00bb url=\u00bb https:\/\/www.archimede-aquafitness.com\/es\/aquafitness\/bicicletas-elipticas\/mano-basic\u00bb target=\u00bb_self\u00bb align=\u00bbleft\u00bb fullwidth=\u00bbfalse\u00bb button_custom_width=\u00bb0&#8243; margin_top=\u00bb30&#8243; bg_color=\u00bb#dd3333&#8243; margin_bottom=\u00bb15&#8243;]&gt;<\/p>\n[\/mk_button][vc_column_text disable_pattern=\u00bbtrue\u00bb align=\u00bbleft\u00bb margin_bottom=\u00bb0&#8243;]\n<p style=\"text-align: right;\">Mano Basic,<br \/>\nLa marcha n\u00f3rdica con<br \/>\nuna maquina simple<\/p>\n[\/vc_column_text][\/vc_column_inner][\/vc_row_inner][vc_row_inner attached=\u00bbtrue\u00bb padding=\u00bb0&#8243; visibility=\u00bb\u00bb][vc_column_inner width=\u00bb1\/3&#8243; css=\u00bb.vc_custom_1441879011365{padding-top: 30px !important;padding-right: 30px !important;padding-bottom: 30px !important;padding-left: 30px !important;background-color: #fcfcfc !important;}\u00bb][vc_single_image image=\u00bb4197&#8243; alignment=\u00bbright\u00bb border_color=\u00bbgrey\u00bb img_link_large=\u00bb\u00bb img_link_target=\u00bb_self\u00bb img_size=\u00bb200&#215;60&#8243;][vc_column_text disable_pattern=\u00bbtrue\u00bb align=\u00bbright\u00bb margin_bottom=\u00bb0&#8243;]\n<h1 style=\"text-align: right;\"><span style=\"color: #ff0000;\">La calidad de los productos Jointec<\/span><\/h1>\n[\/vc_column_text][vc_single_image image=\u00bb1120&#8243; alignment=\u00bbright\u00bb border_color=\u00bbgrey\u00bb img_link_large=\u00bb\u00bb img_link_target=\u00bb_self\u00bb img_size=\u00bb246&#215;53&#8243;][vc_column_text disable_pattern=\u00bbtrue\u00bb align=\u00bbleft\u00bb margin_bottom=\u00bb10&#8243;]\n<p style=\"text-align: right;\">Todos los equipos han sido creados<br \/>\n<strong> por un kinesiterapeuta del deporte<\/strong><\/p>\n[\/vc_column_text][vc_column_text disable_pattern=\u00bbtrue\u00bb align=\u00bbleft\u00bb margin_bottom=\u00bb0&#8243;]\n<p style=\"text-align: right;\">Las piezas estructurales de nuestros aparatos tienen<strong> una garant\u00eda de 3 a\u00f1os<\/strong><\/p>\n[\/vc_column_text][vc_column_text disable_pattern=\u00bbtrue\u00bb align=\u00bbleft\u00bb margin_bottom=\u00bb0&#8243;]\n<p style=\"text-align: right;\"><strong>Homologado UE, conforme a la normativa 2001\/95 y al UE m\u00e9dico<\/strong><\/p>\n[\/vc_column_text][vc_column_text disable_pattern=\u00bbtrue\u00bb align=\u00bbleft\u00bb margin_bottom=\u00bb0&#8243;]\n<p style=\"text-align: right;\"><strong>Fabricaci\u00f3n francesa<\/strong><br \/>\nen las Ardenas cerca de B\u00e9lgica, Alemania y Gran Breta\u00f1a<\/p>\n[\/vc_column_text][\/vc_column_inner][vc_column_inner width=\u00bb1\/3&#8243; css=\u00bb.vc_custom_1441879688052{padding-top: 30px !important;padding-right: 30px !important;padding-bottom: 30px !important;padding-left: 30px !important;background-color: #eff8fb !important;}\u00bb]\n[\/vc_column_inner][vc_column_inner width=\u00bb1\/3&#8243; css=\u00bb.vc_custom_1441879692753{padding-top: 30px !important;padding-right: 30px !important;padding-bottom: 30px !important;padding-left: 30px !important;background-color: #eff8fb !important;}\u00bb]\n[\/vc_column_inner][\/vc_row_inner][\/vc_column][\/mk_page_section]\n<\/div>","protected":false},"excerpt":{"rendered":"<p>[mk_page_section layout_structure=\u00bbfull\u00bb attachment=\u00bbscroll\u00bb bg_position=\u00bbleft top\u00bb bg_repeat=\u00bbrepeat\u00bb bg_stretch=\u00bbfalse\u00bb enable_3d=\u00bbfalse\u00bb speed_factor=\u00bb0.3&#8243; bg_video=\u00bbno\u00bb video_source=\u00bbself\u00bb stream_host_website=\u00bbyoutube\u00bb video_mask=\u00bbfalse\u00bb bg_gradient=\u00bbfalse\u00bb gr_end=\u00bb#1e73be\u00bb video_opacity=\u00bb0.6&#8243; top_shadow=\u00bbfalse\u00bb section_layout=\u00bbfull\u00bb min_height=\u00bb100&#8243; full_width=\u00bbtrue\u00bb full_height=\u00bbtrue\u00bb intro_effect=\u00bbfalse\u00bb padding_top=\u00bb0&#8243; padding_bottom=\u00bb0&#8243; skip_arrow=\u00bbfalse\u00bb skip_arrow_skin=\u00bblight\u00bb first_page=\u00bbtrue\u00bb last_page=\u00bbtrue\u00bb sidebar=\u00bbsidebar-1&#8243; margin_bottom=\u00bb0&#8243; bg_color=\u00bb#eff8fb\u00bb][vc_column width=\u00bb1\/1&#8243; css=\u00bb.vc_custom_1441876823587{margin-top: -30px !important;margin-bottom: -40px !important;}\u00bb][vc_row_inner attached=\u00bbtrue\u00bb padding=\u00bb0&#8243;][vc_column_inner width=\u00bb1\/3&#8243; css=\u00bb.vc_custom_1441879550372{padding-top: 160px !important;padding-right: 30px !important;padding-bottom: 160px !important;padding-left: 30px !important;background-image: url(https:\/\/www.archimede-aquafitness.com\/wp-content\/uploads\/2015\/09\/page-aquabike-img-1.png?id=1109) !important;background-position: center !important;background-repeat: no-repeat !important;background-size: [&hellip;]<\/p>\n","protected":false},"author":4,"featured_media":0,"parent":349,"menu_order":0,"comment_status":"closed","ping_status":"closed","template":"","meta":{"footnotes":""},"class_list":["post-7289","page","type-page","status-publish","hentry"],"yoast_head":"<!-- This site is optimized with the Yoast SEO plugin v27.6 - https:\/\/yoast.com\/product\/yoast-seo-wordpress\/ -->\n<title>Bicicletas El\u00edpticas - Archimede Aquafitness<\/title>\n<meta name=\"description\" content=\"Archimede presenta dos gama de Bicicletas El\u00edpticas acu\u00e1ticas para deportistas y\u00a0para un p\u00fablico amplio\" \/>\n<meta name=\"robots\" content=\"index, follow, max-snippet:-1, max-image-preview:large, max-video-preview:-1\" \/>\n<link rel=\"canonical\" href=\"https:\/\/www.archimede-aquafitness.com\/es\/aquafitness\/bicicletas-elipticas\/\" \/>\n<meta property=\"og:locale\" content=\"es_ES\" \/>\n<meta property=\"og:type\" content=\"article\" \/>\n<meta property=\"og:title\" content=\"Bicicletas El\u00edpticas - Archimede Aquafitness\" \/>\n<meta property=\"og:description\" content=\"Archimede presenta dos gama de Bicicletas El\u00edpticas acu\u00e1ticas para deportistas y\u00a0para un p\u00fablico amplio\" \/>\n<meta property=\"og:url\" content=\"https:\/\/www.archimede-aquafitness.com\/es\/aquafitness\/bicicletas-elipticas\/\" \/>\n<meta property=\"og:site_name\" content=\"Archimede Aquafitness\" \/>\n<meta property=\"article:modified_time\" content=\"2015-12-02T08:30:49+00:00\" \/>\n<meta name=\"twitter:card\" content=\"summary_large_image\" \/>\n<meta name=\"twitter:label1\" content=\"Tiempo de lectura\" \/>\n\t<meta name=\"twitter:data1\" content=\"4 minutos\" \/>\n<script type=\"application\/ld+json\" class=\"yoast-schema-graph\">{\"@context\":\"https:\\\/\\\/schema.org\",\"@graph\":[{\"@type\":\"WebPage\",\"@id\":\"https:\\\/\\\/www.archimede-aquafitness.com\\\/es\\\/aquafitness\\\/bicicletas-elipticas\\\/\",\"url\":\"https:\\\/\\\/www.archimede-aquafitness.com\\\/es\\\/aquafitness\\\/bicicletas-elipticas\\\/\",\"name\":\"Bicicletas El\u00edpticas - Archimede Aquafitness\",\"isPartOf\":{\"@id\":\"https:\\\/\\\/www.archimede-aquafitness.com\\\/fr\\\/#website\"},\"datePublished\":\"2015-11-24T14:37:29+00:00\",\"dateModified\":\"2015-12-02T08:30:49+00:00\",\"description\":\"Archimede presenta dos gama de Bicicletas El\u00edpticas acu\u00e1ticas para deportistas y\u00a0para un p\u00fablico amplio\",\"breadcrumb\":{\"@id\":\"https:\\\/\\\/www.archimede-aquafitness.com\\\/es\\\/aquafitness\\\/bicicletas-elipticas\\\/#breadcrumb\"},\"inLanguage\":\"es\",\"potentialAction\":[{\"@type\":\"ReadAction\",\"target\":[\"https:\\\/\\\/www.archimede-aquafitness.com\\\/es\\\/aquafitness\\\/bicicletas-elipticas\\\/\"]}]},{\"@type\":\"BreadcrumbList\",\"@id\":\"https:\\\/\\\/www.archimede-aquafitness.com\\\/es\\\/aquafitness\\\/bicicletas-elipticas\\\/#breadcrumb\",\"itemListElement\":[{\"@type\":\"ListItem\",\"position\":1,\"name\":\"Accueil\",\"item\":\"https:\\\/\\\/www.archimede-aquafitness.com\\\/es\\\/archimede-aquafitness\\\/\"},{\"@type\":\"ListItem\",\"position\":2,\"name\":\"Aquafitness\",\"item\":\"https:\\\/\\\/www.archimede-aquafitness.com\\\/es\\\/aquafitness\\\/\"},{\"@type\":\"ListItem\",\"position\":3,\"name\":\"Bicicletas El\u00edpticas\"}]},{\"@type\":\"WebSite\",\"@id\":\"https:\\\/\\\/www.archimede-aquafitness.com\\\/fr\\\/#website\",\"url\":\"https:\\\/\\\/www.archimede-aquafitness.com\\\/fr\\\/\",\"name\":\"Archimede Aquafitness\",\"description\":\"Aquafitness is bringing wellness, physical capacity and health to a very large public\",\"publisher\":{\"@id\":\"https:\\\/\\\/www.archimede-aquafitness.com\\\/fr\\\/#organization\"},\"potentialAction\":[{\"@type\":\"SearchAction\",\"target\":{\"@type\":\"EntryPoint\",\"urlTemplate\":\"https:\\\/\\\/www.archimede-aquafitness.com\\\/fr\\\/?s={search_term_string}\"},\"query-input\":{\"@type\":\"PropertyValueSpecification\",\"valueRequired\":true,\"valueName\":\"search_term_string\"}}],\"inLanguage\":\"es\"},{\"@type\":\"Organization\",\"@id\":\"https:\\\/\\\/www.archimede-aquafitness.com\\\/fr\\\/#organization\",\"name\":\"Archim\u00e8de AquaFitness \\\/ JOINTEC\",\"url\":\"https:\\\/\\\/www.archimede-aquafitness.com\\\/fr\\\/\",\"logo\":{\"@type\":\"ImageObject\",\"inLanguage\":\"es\",\"@id\":\"https:\\\/\\\/www.archimede-aquafitness.com\\\/fr\\\/#\\\/schema\\\/logo\\\/image\\\/\",\"url\":\"https:\\\/\\\/www.archimede-aquafitness.com\\\/wp-content\\\/uploads\\\/2015\\\/09\\\/logo-archimede-aquafitness.png\",\"contentUrl\":\"https:\\\/\\\/www.archimede-aquafitness.com\\\/wp-content\\\/uploads\\\/2015\\\/09\\\/logo-archimede-aquafitness.png\",\"width\":308,\"height\":88,\"caption\":\"Archim\u00e8de AquaFitness \\\/ JOINTEC\"},\"image\":{\"@id\":\"https:\\\/\\\/www.archimede-aquafitness.com\\\/fr\\\/#\\\/schema\\\/logo\\\/image\\\/\"}}]}<\/script>\n<!-- \/ Yoast SEO plugin. -->","yoast_head_json":{"title":"Bicicletas El\u00edpticas - Archimede Aquafitness","description":"Archimede presenta dos gama de Bicicletas El\u00edpticas acu\u00e1ticas para deportistas y\u00a0para un p\u00fablico amplio","robots":{"index":"index","follow":"follow","max-snippet":"max-snippet:-1","max-image-preview":"max-image-preview:large","max-video-preview":"max-video-preview:-1"},"canonical":"https:\/\/www.archimede-aquafitness.com\/es\/aquafitness\/bicicletas-elipticas\/","og_locale":"es_ES","og_type":"article","og_title":"Bicicletas El\u00edpticas - Archimede Aquafitness","og_description":"Archimede presenta dos gama de Bicicletas El\u00edpticas acu\u00e1ticas para deportistas y\u00a0para un p\u00fablico amplio","og_url":"https:\/\/www.archimede-aquafitness.com\/es\/aquafitness\/bicicletas-elipticas\/","og_site_name":"Archimede Aquafitness","article_modified_time":"2015-12-02T08:30:49+00:00","twitter_card":"summary_large_image","twitter_misc":{"Tiempo de lectura":"4 minutos"},"schema":{"@context":"https:\/\/schema.org","@graph":[{"@type":"WebPage","@id":"https:\/\/www.archimede-aquafitness.com\/es\/aquafitness\/bicicletas-elipticas\/","url":"https:\/\/www.archimede-aquafitness.com\/es\/aquafitness\/bicicletas-elipticas\/","name":"Bicicletas El\u00edpticas - Archimede Aquafitness","isPartOf":{"@id":"https:\/\/www.archimede-aquafitness.com\/fr\/#website"},"datePublished":"2015-11-24T14:37:29+00:00","dateModified":"2015-12-02T08:30:49+00:00","description":"Archimede presenta dos gama de Bicicletas El\u00edpticas acu\u00e1ticas para deportistas y\u00a0para un p\u00fablico amplio","breadcrumb":{"@id":"https:\/\/www.archimede-aquafitness.com\/es\/aquafitness\/bicicletas-elipticas\/#breadcrumb"},"inLanguage":"es","potentialAction":[{"@type":"ReadAction","target":["https:\/\/www.archimede-aquafitness.com\/es\/aquafitness\/bicicletas-elipticas\/"]}]},{"@type":"BreadcrumbList","@id":"https:\/\/www.archimede-aquafitness.com\/es\/aquafitness\/bicicletas-elipticas\/#breadcrumb","itemListElement":[{"@type":"ListItem","position":1,"name":"Accueil","item":"https:\/\/www.archimede-aquafitness.com\/es\/archimede-aquafitness\/"},{"@type":"ListItem","position":2,"name":"Aquafitness","item":"https:\/\/www.archimede-aquafitness.com\/es\/aquafitness\/"},{"@type":"ListItem","position":3,"name":"Bicicletas El\u00edpticas"}]},{"@type":"WebSite","@id":"https:\/\/www.archimede-aquafitness.com\/fr\/#website","url":"https:\/\/www.archimede-aquafitness.com\/fr\/","name":"Archimede Aquafitness","description":"Aquafitness is bringing wellness, physical capacity and health to a very large public","publisher":{"@id":"https:\/\/www.archimede-aquafitness.com\/fr\/#organization"},"potentialAction":[{"@type":"SearchAction","target":{"@type":"EntryPoint","urlTemplate":"https:\/\/www.archimede-aquafitness.com\/fr\/?s={search_term_string}"},"query-input":{"@type":"PropertyValueSpecification","valueRequired":true,"valueName":"search_term_string"}}],"inLanguage":"es"},{"@type":"Organization","@id":"https:\/\/www.archimede-aquafitness.com\/fr\/#organization","name":"Archim\u00e8de AquaFitness \/ JOINTEC","url":"https:\/\/www.archimede-aquafitness.com\/fr\/","logo":{"@type":"ImageObject","inLanguage":"es","@id":"https:\/\/www.archimede-aquafitness.com\/fr\/#\/schema\/logo\/image\/","url":"https:\/\/www.archimede-aquafitness.com\/wp-content\/uploads\/2015\/09\/logo-archimede-aquafitness.png","contentUrl":"https:\/\/www.archimede-aquafitness.com\/wp-content\/uploads\/2015\/09\/logo-archimede-aquafitness.png","width":308,"height":88,"caption":"Archim\u00e8de AquaFitness \/ JOINTEC"},"image":{"@id":"https:\/\/www.archimede-aquafitness.com\/fr\/#\/schema\/logo\/image\/"}}]}},"_links":{"self":[{"href":"https:\/\/www.archimede-aquafitness.com\/es\/wp-json\/wp\/v2\/pages\/7289","targetHints":{"allow":["GET"]}}],"collection":[{"href":"https:\/\/www.archimede-aquafitness.com\/es\/wp-json\/wp\/v2\/pages"}],"about":[{"href":"https:\/\/www.archimede-aquafitness.com\/es\/wp-json\/wp\/v2\/types\/page"}],"author":[{"embeddable":true,"href":"https:\/\/www.archimede-aquafitness.com\/es\/wp-json\/wp\/v2\/users\/4"}],"replies":[{"embeddable":true,"href":"https:\/\/www.archimede-aquafitness.com\/es\/wp-json\/wp\/v2\/comments?post=7289"}],"version-history":[{"count":0,"href":"https:\/\/www.archimede-aquafitness.com\/es\/wp-json\/wp\/v2\/pages\/7289\/revisions"}],"up":[{"embeddable":true,"href":"https:\/\/www.archimede-aquafitness.com\/es\/wp-json\/wp\/v2\/pages\/349"}],"wp:attachment":[{"href":"https:\/\/www.archimede-aquafitness.com\/es\/wp-json\/wp\/v2\/media?parent=7289"}],"curies":[{"name":"wp","href":"https:\/\/api.w.org\/{rel}","templated":true}]}}