{"id":10780,"date":"2016-03-30T13:43:43","date_gmt":"2016-03-30T12:43:43","guid":{"rendered":"https:\/\/www.archimede-aquafitness.com\/fr\/?page_id=10780"},"modified":"2016-07-22T09:49:58","modified_gmt":"2016-07-22T08:49:58","slug":"accessoires","status":"publish","type":"page","link":"https:\/\/www.archimede-aquafitness.com\/fr\/aquafitness\/velo-de-piscine-aquabike\/accessoires\/","title":{"rendered":"Accessoires"},"content":{"rendered":"<div class=\"wpb-content-wrapper\">[mk_page_section layout_structure=\u00a0\u00bbfull\u00a0\u00bb attachment=\u00a0\u00bbscroll\u00a0\u00bb bg_position=\u00a0\u00bbleft top\u00a0\u00bb bg_repeat=\u00a0\u00bbrepeat\u00a0\u00bb bg_stretch=\u00a0\u00bbfalse\u00a0\u00bb enable_3d=\u00a0\u00bbfalse\u00a0\u00bb speed_factor=\u00a0\u00bb0.3&Prime; bg_video=\u00a0\u00bbno\u00a0\u00bb video_source=\u00a0\u00bbself\u00a0\u00bb stream_host_website=\u00a0\u00bbyoutube\u00a0\u00bb video_mask=\u00a0\u00bbfalse\u00a0\u00bb bg_gradient=\u00a0\u00bbfalse\u00a0\u00bb gr_end=\u00a0\u00bb#1e73be\u00a0\u00bb video_opacity=\u00a0\u00bb0.6&Prime; top_shadow=\u00a0\u00bbfalse\u00a0\u00bb section_layout=\u00a0\u00bbfull\u00a0\u00bb min_height=\u00a0\u00bb100&Prime; full_width=\u00a0\u00bbtrue\u00a0\u00bb full_height=\u00a0\u00bbtrue\u00a0\u00bb intro_effect=\u00a0\u00bbfalse\u00a0\u00bb padding_top=\u00a0\u00bb0&Prime; padding_bottom=\u00a0\u00bb0&Prime; skip_arrow=\u00a0\u00bbfalse\u00a0\u00bb skip_arrow_skin=\u00a0\u00bblight\u00a0\u00bb first_page=\u00a0\u00bbtrue\u00a0\u00bb last_page=\u00a0\u00bbtrue\u00a0\u00bb sidebar=\u00a0\u00bbsidebar-1&Prime; bg_color=\u00a0\u00bb#eff8fb\u00a0\u00bb margin_bottom=\u00a0\u00bb0&Prime;][vc_column width=\u00a0\u00bb1\/1&Prime;][vc_row_inner attached=\u00a0\u00bbtrue\u00a0\u00bb padding=\u00a0\u00bb0&Prime;][vc_column_inner width=\u00a0\u00bb1\/3&Prime; css=\u00a0\u00bb.vc_custom_1458141737428{padding-top: 150px !important;padding-right: 30px !important;padding-bottom: 150px !important;padding-left: 30px !important;background-image: url(https:\/\/www.archimede-aquafitness.com\/wp-content\/uploads\/2015\/09\/page-aquabike-pro.png?id=2545) !important;background-position: center !important;background-repeat: no-repeat !important;background-size: cover !important;}\u00a0\u00bb][vc_column_text disable_pattern=\u00a0\u00bbtrue\u00a0\u00bb align=\u00a0\u00bbright\u00a0\u00bb margin_bottom=\u00a0\u00bb0&Prime;]\n<h6><span style=\"color: #ffffff; line-height: 2px;\">Accessoires<\/span><\/h6>\n<h6><span style=\"color: #ffffff; line-height: 2px;\">pour \u00e9quipement<\/span><\/h6>\n<h6><span style=\"color: #ffffff; line-height: 2px;\">d&rsquo;Aquafitness<\/span><\/h6>\n[\/vc_column_text][vc_column_text disable_pattern=\u00a0\u00bbtrue\u00a0\u00bb align=\u00a0\u00bbleft\u00a0\u00bb]\n[\/vc_column_text][\/vc_column_inner][vc_column_inner width=\u00a0\u00bb1\/3&Prime; css=\u00a0\u00bb.vc_custom_1441879595654{padding-top: 30px !important;padding-right: 30px !important;padding-bottom: 10px !important;padding-left: 30px !important;background-color: #eff8fb !important;}\u00a0\u00bb][vc_column_text disable_pattern=\u00a0\u00bbtrue\u00a0\u00bb align=\u00a0\u00bbright\u00a0\u00bb margin_bottom=\u00a0\u00bb0&Prime;]\n<h3><span style=\"color: #018ace;\">M\u00e2t de levage mobile universel<\/span><\/h3>\n<h4><span style=\"color: #018ace;\">de piscine<\/span><\/h4>\n[\/vc_column_text][vc_single_image image=\u00a0\u00bb13019&Prime; alignment=\u00a0\u00bbcenter\u00a0\u00bb border_color=\u00a0\u00bbgrey\u00a0\u00bb img_link_large=\u00a0\u00bb\u00a0\u00bb img_link_target=\u00a0\u00bb_self\u00a0\u00bb css_animation=\u00a0\u00bbleft-to-right\u00a0\u00bb img_size=\u00a0\u00bb347 x 430&Prime; link=\u00a0\u00bbhttps:\/\/www.archimede-aquafitness.com\/fr\/handicap-accessibilite\/mat-de-levage-mobile\u00a0\u00bb css=\u00a0\u00bb.vc_custom_1469115273157{margin-bottom: -30px !important;}\u00a0\u00bb][mk_button dimension=\u00a0\u00bbflat\u00a0\u00bb corner_style=\u00a0\u00bbfull_rounded\u00a0\u00bb size=\u00a0\u00bbmedium\u00a0\u00bb outline_skin=\u00a0\u00bbdark\u00a0\u00bb outline_active_color=\u00a0\u00bb#ffffff\u00a0\u00bb outline_hover_color=\u00a0\u00bb#333333&Prime; btn_hover_bg=\u00a0\u00bb#af2828&Prime; text_color=\u00a0\u00bblight\u00a0\u00bb icon_anim=\u00a0\u00bbnone\u00a0\u00bb url=\u00a0\u00bbhttps:\/\/www.archimede-aquafitness.com\/fr\/handicap-accessibilite\/mat-de-levage-mobile\u00a0\u00bb target=\u00a0\u00bb_self\u00a0\u00bb align=\u00a0\u00bbleft\u00a0\u00bb fullwidth=\u00a0\u00bbfalse\u00a0\u00bb button_custom_width=\u00a0\u00bb0&Prime; margin_top=\u00a0\u00bb0&Prime; bg_color=\u00a0\u00bb#dd3333&Prime; margin_bottom=\u00a0\u00bb15&Prime;]&gt;<\/p>\n[\/mk_button][vc_column_text disable_pattern=\u00a0\u00bbtrue\u00a0\u00bb align=\u00a0\u00bbleft\u00a0\u00bb]\n<p style=\"text-align: right;\">Monte charge con\u00e7u pour sortir<br \/>\nde l\u2019eau facilement robot nettoyeur<br \/>\net tous appareils d\u2019aquafitness<br \/>\n(v\u00e9lo aquatique, aquarunner, etc\u2026)<br \/>\nRef : MLM01-1<\/p>\n[\/vc_column_text][\/vc_column_inner][vc_column_inner width=\u00a0\u00bb1\/3&Prime; css=\u00a0\u00bb.vc_custom_1441879602695{padding-top: 30px !important;padding-right: 30px !important;padding-bottom: 10px !important;padding-left: 30px !important;background-color: #eff8fb !important;}\u00a0\u00bb][vc_column_text disable_pattern=\u00a0\u00bbtrue\u00a0\u00bb align=\u00a0\u00bbright\u00a0\u00bb margin_bottom=\u00a0\u00bb0&Prime;]\n<h3><span style=\"color: #018ace;\">Tapis de protection<\/span><\/h3>\n<h4><span style=\"color: #018ace;\">du rebord de piscine<\/span><\/h4>\n[\/vc_column_text][vc_single_image image=\u00a0\u00bb10721&Prime; alignment=\u00a0\u00bbcenter\u00a0\u00bb border_color=\u00a0\u00bbgrey\u00a0\u00bb img_link_large=\u00a0\u00bb\u00a0\u00bb img_link_target=\u00a0\u00bb_self\u00a0\u00bb css_animation=\u00a0\u00bbleft-to-right\u00a0\u00bb img_size=\u00a0\u00bb300 x 210&Prime; link=\u00a0\u00bbhttps:\/\/www.archimede-aquafitness.com\/fr\/aquafitness\/velo-de-piscine-aquabike\/accessoires\/tapis-de-protection\u00a0\u00bb css=\u00a0\u00bb.vc_custom_1469115115591{margin-bottom: -30px !important;}\u00a0\u00bb][mk_button dimension=\u00a0\u00bbflat\u00a0\u00bb corner_style=\u00a0\u00bbfull_rounded\u00a0\u00bb size=\u00a0\u00bbmedium\u00a0\u00bb outline_skin=\u00a0\u00bbdark\u00a0\u00bb outline_active_color=\u00a0\u00bb#ffffff\u00a0\u00bb outline_hover_color=\u00a0\u00bb#333333&Prime; bg_color=\u00a0\u00bb#dd3333&Prime; btn_hover_bg=\u00a0\u00bb#af2828&Prime; btn_hover_txt_color=\u00a0\u00bb\u00a0\u00bb text_color=\u00a0\u00bblight\u00a0\u00bb icon=\u00a0\u00bb\u00a0\u00bb icon_anim=\u00a0\u00bbnone\u00a0\u00bb url=\u00a0\u00bbhttps:\/\/www.archimede-aquafitness.com\/fr\/aquafitness\/velo-de-piscine-aquabike\/accessoires\/tapis-de-protection\u00a0\u00bb target=\u00a0\u00bb_self\u00a0\u00bb align=\u00a0\u00bbleft\u00a0\u00bb fullwidth=\u00a0\u00bbfalse\u00a0\u00bb button_custom_width=\u00a0\u00bb0&Prime; id=\u00a0\u00bb\u00a0\u00bb margin_top=\u00a0\u00bb0&Prime; margin_bottom=\u00a0\u00bb15&Prime; animation=\u00a0\u00bb\u00a0\u00bb visibility=\u00a0\u00bb\u00a0\u00bb el_class=\u00a0\u00bb\u00a0\u00bb]&gt;<\/p>\n[\/mk_button][vc_column_text title=\u00a0\u00bb\u00a0\u00bb disable_pattern=\u00a0\u00bbtrue\u00a0\u00bb align=\u00a0\u00bbleft\u00a0\u00bb margin_bottom=\u00a0\u00bb0&Prime; animation=\u00a0\u00bb\u00a0\u00bb el_class=\u00a0\u00bb\u00a0\u00bb]\n<p style=\"text-align: right;\">Prot\u00e8ge le carrelage lors de la sortie de l\u2019eau des v\u00e9los et autres appareils d\u2019aquafitness en inox<\/p>\n<p style=\"text-align: right;\">R\u00e9f : TPP01<\/p>\n[\/vc_column_text][\/vc_column_inner][\/vc_row_inner][vc_row_inner attached=\u00a0\u00bbtrue\u00a0\u00bb padding=\u00a0\u00bb0&Prime; visibility=\u00a0\u00bb\u00a0\u00bb][vc_column_inner el_class=\u00a0\u00bb\u00a0\u00bb width=\u00a0\u00bb1\/3&Prime; css=\u00a0\u00bb.vc_custom_1441879011365{padding-top: 30px !important;padding-right: 30px !important;padding-bottom: 30px !important;padding-left: 30px !important;background-color: #fcfcfc !important;}\u00a0\u00bb][vc_single_image image=\u00a0\u00bb4197&Prime; alignment=\u00a0\u00bbright\u00a0\u00bb border_color=\u00a0\u00bbgrey\u00a0\u00bb img_link_large=\u00a0\u00bb\u00a0\u00bb img_link_target=\u00a0\u00bb_self\u00a0\u00bb img_size=\u00a0\u00bb200&#215;60&Prime;][vc_column_text disable_pattern=\u00a0\u00bbtrue\u00a0\u00bb align=\u00a0\u00bbright\u00a0\u00bb margin_bottom=\u00a0\u00bb0&Prime;]\n<h1 style=\"text-align: right;\"><span style=\"color: #ff0000;\">La qualit\u00e9 d&rsquo;excellence des produits Jointec<\/span><\/h1>\n[\/vc_column_text][vc_single_image image=\u00a0\u00bb1120&Prime; alignment=\u00a0\u00bbright\u00a0\u00bb style=\u00a0\u00bb\u00a0\u00bb border_color=\u00a0\u00bbgrey\u00a0\u00bb img_link_large=\u00a0\u00bb\u00a0\u00bb img_link_target=\u00a0\u00bb_self\u00a0\u00bb css_animation=\u00a0\u00bb\u00a0\u00bb img_size=\u00a0\u00bb246&#215;53&Prime;][vc_column_text disable_pattern=\u00a0\u00bbtrue\u00a0\u00bb align=\u00a0\u00bbleft\u00a0\u00bb margin_bottom=\u00a0\u00bb10&Prime;]\n<p style=\"text-align: right;\">Tous les \u00e9quipements ont \u00e9t\u00e9 cr\u00e9\u00e9s<br \/>\n<strong> par un kin\u00e9sith\u00e9rapeute du sport<\/strong><\/p>\n[\/vc_column_text][vc_column_text disable_pattern=\u00a0\u00bbtrue\u00a0\u00bb align=\u00a0\u00bbleft\u00a0\u00bb margin_bottom=\u00a0\u00bb0&Prime;]\n<p style=\"text-align: right;\"><strong>Homologu\u00e9s CE, conformes \u00e0 la directive 2001\/95 et au CE m\u00e9dical<\/strong><\/p>\n[\/vc_column_text][vc_column_text disable_pattern=\u00a0\u00bbtrue\u00a0\u00bb align=\u00a0\u00bbleft\u00a0\u00bb margin_bottom=\u00a0\u00bb0&Prime;]\n<p style=\"text-align: right;\"><strong>Structure garantie 3 ans<\/strong><br \/>\nsur tous nos produits<\/p>\n[\/vc_column_text][vc_column_text disable_pattern=\u00a0\u00bbtrue\u00a0\u00bb align=\u00a0\u00bbleft\u00a0\u00bb margin_bottom=\u00a0\u00bb0&Prime;]\n<p style=\"text-align: right;\"><strong>Fabrication Fran\u00e7aise <\/strong><br \/>\ndans les Ardennes pr\u00e8s de la Belgique, l&rsquo;Allemagne et la Grande-Bretagne<\/p>\n[\/vc_column_text][\/vc_column_inner][vc_column_inner el_class=\u00a0\u00bb\u00a0\u00bb width=\u00a0\u00bb1\/3&Prime; css=\u00a0\u00bb.vc_custom_1441879688052{padding-top: 30px !important;padding-right: 30px !important;padding-bottom: 30px !important;padding-left: 30px !important;background-color: #eff8fb !important;}\u00a0\u00bb][vc_column_text disable_pattern=\u00a0\u00bbtrue\u00a0\u00bb align=\u00a0\u00bbright\u00a0\u00bb margin_bottom=\u00a0\u00bb-50&Prime;]\n<h3><span style=\"color: #018ace;\">Rampe de mise<\/span><\/h3>\n<h4><span style=\"color: #018ace;\">\u00e0 l\u2019eau pour v\u00e9lo de piscine<\/span><\/h4>\n[\/vc_column_text][vc_single_image image=\u00a0\u00bb6938&Prime; alignment=\u00a0\u00bbcenter\u00a0\u00bb border_color=\u00a0\u00bbgrey\u00a0\u00bb img_link_large=\u00a0\u00bb\u00a0\u00bb img_link_target=\u00a0\u00bb_self\u00a0\u00bb css_animation=\u00a0\u00bbleft-to-right\u00a0\u00bb img_size=\u00a0\u00bb300 \u00d7 347&Prime; link=\u00a0\u00bb https:\/\/www.archimede-aquafitness.com\/fr\/aquafitness\/velo-de-piscine-aquabike\/accessoires\/rampe-de-mise-a-l-eau\u00a0\u00bb css=\u00a0\u00bb.vc_custom_1469115122673{margin-bottom: -30px !important;}\u00a0\u00bb][mk_button dimension=\u00a0\u00bbflat\u00a0\u00bb corner_style=\u00a0\u00bbfull_rounded\u00a0\u00bb size=\u00a0\u00bbmedium\u00a0\u00bb outline_skin=\u00a0\u00bbdark\u00a0\u00bb outline_active_color=\u00a0\u00bb#ffffff\u00a0\u00bb outline_hover_color=\u00a0\u00bb#333333&Prime; btn_hover_bg=\u00a0\u00bb#af2828&Prime; text_color=\u00a0\u00bblight\u00a0\u00bb icon_anim=\u00a0\u00bbnone\u00a0\u00bb url=\u00a0\u00bb https:\/\/www.archimede-aquafitness.com\/fr\/aquafitness\/velo-de-piscine-aquabike\/accessoires\/rampe-de-mise-a-l-eau\u00a0\u00bb target=\u00a0\u00bb_self\u00a0\u00bb align=\u00a0\u00bbleft\u00a0\u00bb fullwidth=\u00a0\u00bbfalse\u00a0\u00bb button_custom_width=\u00a0\u00bb0&Prime; margin_top=\u00a0\u00bb0&Prime; bg_color=\u00a0\u00bb#dd3333&Prime; margin_bottom=\u00a0\u00bb15&Prime;]&gt;<\/p>\n[\/mk_button][vc_column_text disable_pattern=\u00a0\u00bbtrue\u00a0\u00bb align=\u00a0\u00bbleft\u00a0\u00bb margin_bottom=\u00a0\u00bb0&Prime;]\n<p style=\"text-align: right;\">Double plan inclin\u00e9 permettant le roulage du v\u00e9lo de piscine et sa mise \u00e0 l\u2019eau.<\/p>\n<p style=\"text-align: right;\">R\u00e9f : SLO01<\/p>\n[\/vc_column_text][\/vc_column_inner][vc_column_inner el_class=\u00a0\u00bb\u00a0\u00bb width=\u00a0\u00bb1\/3&Prime; css=\u00a0\u00bb.vc_custom_1441879692753{padding-top: 30px !important;padding-right: 30px !important;padding-bottom: 30px !important;padding-left: 30px !important;background-color: #eff8fb !important;}\u00a0\u00bb]\n[\/vc_column_inner][\/vc_row_inner][\/vc_column][\/mk_page_section]\n<\/div>","protected":false},"excerpt":{"rendered":"<p>[mk_page_section layout_structure=\u00a0\u00bbfull\u00a0\u00bb attachment=\u00a0\u00bbscroll\u00a0\u00bb bg_position=\u00a0\u00bbleft top\u00a0\u00bb bg_repeat=\u00a0\u00bbrepeat\u00a0\u00bb bg_stretch=\u00a0\u00bbfalse\u00a0\u00bb enable_3d=\u00a0\u00bbfalse\u00a0\u00bb speed_factor=\u00a0\u00bb0.3&Prime; bg_video=\u00a0\u00bbno\u00a0\u00bb video_source=\u00a0\u00bbself\u00a0\u00bb stream_host_website=\u00a0\u00bbyoutube\u00a0\u00bb video_mask=\u00a0\u00bbfalse\u00a0\u00bb bg_gradient=\u00a0\u00bbfalse\u00a0\u00bb gr_end=\u00a0\u00bb#1e73be\u00a0\u00bb video_opacity=\u00a0\u00bb0.6&Prime; top_shadow=\u00a0\u00bbfalse\u00a0\u00bb section_layout=\u00a0\u00bbfull\u00a0\u00bb min_height=\u00a0\u00bb100&Prime; full_width=\u00a0\u00bbtrue\u00a0\u00bb full_height=\u00a0\u00bbtrue\u00a0\u00bb intro_effect=\u00a0\u00bbfalse\u00a0\u00bb padding_top=\u00a0\u00bb0&Prime; padding_bottom=\u00a0\u00bb0&Prime; skip_arrow=\u00a0\u00bbfalse\u00a0\u00bb skip_arrow_skin=\u00a0\u00bblight\u00a0\u00bb first_page=\u00a0\u00bbtrue\u00a0\u00bb last_page=\u00a0\u00bbtrue\u00a0\u00bb sidebar=\u00a0\u00bbsidebar-1&Prime; bg_color=\u00a0\u00bb#eff8fb\u00a0\u00bb margin_bottom=\u00a0\u00bb0&Prime;][vc_column width=\u00a0\u00bb1\/1&Prime;][vc_row_inner attached=\u00a0\u00bbtrue\u00a0\u00bb padding=\u00a0\u00bb0&Prime;][vc_column_inner width=\u00a0\u00bb1\/3&Prime; css=\u00a0\u00bb.vc_custom_1458141737428{padding-top: 150px !important;padding-right: 30px !important;padding-bottom: 150px !important;padding-left: 30px !important;background-image: url(https:\/\/www.archimede-aquafitness.com\/wp-content\/uploads\/2015\/09\/page-aquabike-pro.png?id=2545) !important;background-position: center !important;background-repeat: no-repeat !important;background-size: cover !important;}\u00a0\u00bb][vc_column_text disable_pattern=\u00a0\u00bbtrue\u00a0\u00bb align=\u00a0\u00bbright\u00a0\u00bb margin_bottom=\u00a0\u00bb0&Prime;] [&hellip;]<\/p>\n","protected":false},"author":4,"featured_media":0,"parent":353,"menu_order":0,"comment_status":"closed","ping_status":"closed","template":"","meta":{"footnotes":""},"class_list":["post-10780","page","type-page","status-publish","hentry"],"yoast_head":"<!-- This site is optimized with the Yoast SEO plugin v27.6 - https:\/\/yoast.com\/product\/yoast-seo-wordpress\/ -->\n<title>Accessoires - Archimede Aquafitness<\/title>\n<meta name=\"description\" content=\"Accessoires Archimede pour les \u00e9quipements d&#039;aquafitness\" \/>\n<meta name=\"robots\" content=\"index, follow, max-snippet:-1, max-image-preview:large, max-video-preview:-1\" \/>\n<link rel=\"canonical\" href=\"https:\/\/www.archimede-aquafitness.com\/fr\/aquafitness\/velo-de-piscine-aquabike\/accessoires\/\" \/>\n<meta property=\"og:locale\" content=\"fr_FR\" \/>\n<meta property=\"og:type\" content=\"article\" \/>\n<meta property=\"og:title\" content=\"Accessoires - Archimede Aquafitness\" \/>\n<meta property=\"og:description\" content=\"Accessoires Archimede pour les \u00e9quipements d&#039;aquafitness\" \/>\n<meta property=\"og:url\" content=\"https:\/\/www.archimede-aquafitness.com\/fr\/aquafitness\/velo-de-piscine-aquabike\/accessoires\/\" \/>\n<meta property=\"og:site_name\" content=\"Archimede Aquafitness\" \/>\n<meta property=\"article:modified_time\" content=\"2016-07-22T08:49:58+00:00\" \/>\n<meta name=\"twitter:card\" content=\"summary_large_image\" \/>\n<meta name=\"twitter:label1\" content=\"Dur\u00e9e de lecture estim\u00e9e\" \/>\n\t<meta name=\"twitter:data1\" content=\"5 minutes\" \/>\n<script type=\"application\/ld+json\" class=\"yoast-schema-graph\">{\"@context\":\"https:\\\/\\\/schema.org\",\"@graph\":[{\"@type\":\"WebPage\",\"@id\":\"https:\\\/\\\/www.archimede-aquafitness.com\\\/fr\\\/aquafitness\\\/velo-de-piscine-aquabike\\\/accessoires\\\/\",\"url\":\"https:\\\/\\\/www.archimede-aquafitness.com\\\/fr\\\/aquafitness\\\/velo-de-piscine-aquabike\\\/accessoires\\\/\",\"name\":\"Accessoires - Archimede Aquafitness\",\"isPartOf\":{\"@id\":\"https:\\\/\\\/www.archimede-aquafitness.com\\\/fr\\\/#website\"},\"datePublished\":\"2016-03-30T12:43:43+00:00\",\"dateModified\":\"2016-07-22T08:49:58+00:00\",\"description\":\"Accessoires Archimede pour les \u00e9quipements d'aquafitness\",\"breadcrumb\":{\"@id\":\"https:\\\/\\\/www.archimede-aquafitness.com\\\/fr\\\/aquafitness\\\/velo-de-piscine-aquabike\\\/accessoires\\\/#breadcrumb\"},\"inLanguage\":\"fr-FR\",\"potentialAction\":[{\"@type\":\"ReadAction\",\"target\":[\"https:\\\/\\\/www.archimede-aquafitness.com\\\/fr\\\/aquafitness\\\/velo-de-piscine-aquabike\\\/accessoires\\\/\"]}]},{\"@type\":\"BreadcrumbList\",\"@id\":\"https:\\\/\\\/www.archimede-aquafitness.com\\\/fr\\\/aquafitness\\\/velo-de-piscine-aquabike\\\/accessoires\\\/#breadcrumb\",\"itemListElement\":[{\"@type\":\"ListItem\",\"position\":1,\"name\":\"Accueil\",\"item\":\"https:\\\/\\\/www.archimede-aquafitness.com\\\/fr\\\/\"},{\"@type\":\"ListItem\",\"position\":2,\"name\":\"Aquafitness\",\"item\":\"https:\\\/\\\/www.archimede-aquafitness.com\\\/fr\\\/aquafitness\\\/\"},{\"@type\":\"ListItem\",\"position\":3,\"name\":\"V\u00e9lo de piscine &#8211; Aquabike\",\"item\":\"https:\\\/\\\/www.archimede-aquafitness.com\\\/fr\\\/aquafitness\\\/velo-de-piscine-aquabike\\\/\"},{\"@type\":\"ListItem\",\"position\":4,\"name\":\"Accessoires\"}]},{\"@type\":\"WebSite\",\"@id\":\"https:\\\/\\\/www.archimede-aquafitness.com\\\/fr\\\/#website\",\"url\":\"https:\\\/\\\/www.archimede-aquafitness.com\\\/fr\\\/\",\"name\":\"Archimede Aquafitness\",\"description\":\"Aquafitness is bringing wellness, physical capacity and health to a very large public\",\"publisher\":{\"@id\":\"https:\\\/\\\/www.archimede-aquafitness.com\\\/fr\\\/#organization\"},\"potentialAction\":[{\"@type\":\"SearchAction\",\"target\":{\"@type\":\"EntryPoint\",\"urlTemplate\":\"https:\\\/\\\/www.archimede-aquafitness.com\\\/fr\\\/?s={search_term_string}\"},\"query-input\":{\"@type\":\"PropertyValueSpecification\",\"valueRequired\":true,\"valueName\":\"search_term_string\"}}],\"inLanguage\":\"fr-FR\"},{\"@type\":\"Organization\",\"@id\":\"https:\\\/\\\/www.archimede-aquafitness.com\\\/fr\\\/#organization\",\"name\":\"Archim\u00e8de AquaFitness \\\/ JOINTEC\",\"url\":\"https:\\\/\\\/www.archimede-aquafitness.com\\\/fr\\\/\",\"logo\":{\"@type\":\"ImageObject\",\"inLanguage\":\"fr-FR\",\"@id\":\"https:\\\/\\\/www.archimede-aquafitness.com\\\/fr\\\/#\\\/schema\\\/logo\\\/image\\\/\",\"url\":\"https:\\\/\\\/www.archimede-aquafitness.com\\\/wp-content\\\/uploads\\\/2015\\\/09\\\/logo-archimede-aquafitness.png\",\"contentUrl\":\"https:\\\/\\\/www.archimede-aquafitness.com\\\/wp-content\\\/uploads\\\/2015\\\/09\\\/logo-archimede-aquafitness.png\",\"width\":308,\"height\":88,\"caption\":\"Archim\u00e8de AquaFitness \\\/ JOINTEC\"},\"image\":{\"@id\":\"https:\\\/\\\/www.archimede-aquafitness.com\\\/fr\\\/#\\\/schema\\\/logo\\\/image\\\/\"}}]}<\/script>\n<!-- \/ Yoast SEO plugin. -->","yoast_head_json":{"title":"Accessoires - Archimede Aquafitness","description":"Accessoires Archimede pour les \u00e9quipements d'aquafitness","robots":{"index":"index","follow":"follow","max-snippet":"max-snippet:-1","max-image-preview":"max-image-preview:large","max-video-preview":"max-video-preview:-1"},"canonical":"https:\/\/www.archimede-aquafitness.com\/fr\/aquafitness\/velo-de-piscine-aquabike\/accessoires\/","og_locale":"fr_FR","og_type":"article","og_title":"Accessoires - Archimede Aquafitness","og_description":"Accessoires Archimede pour les \u00e9quipements d'aquafitness","og_url":"https:\/\/www.archimede-aquafitness.com\/fr\/aquafitness\/velo-de-piscine-aquabike\/accessoires\/","og_site_name":"Archimede Aquafitness","article_modified_time":"2016-07-22T08:49:58+00:00","twitter_card":"summary_large_image","twitter_misc":{"Dur\u00e9e de lecture estim\u00e9e":"5 minutes"},"schema":{"@context":"https:\/\/schema.org","@graph":[{"@type":"WebPage","@id":"https:\/\/www.archimede-aquafitness.com\/fr\/aquafitness\/velo-de-piscine-aquabike\/accessoires\/","url":"https:\/\/www.archimede-aquafitness.com\/fr\/aquafitness\/velo-de-piscine-aquabike\/accessoires\/","name":"Accessoires - Archimede Aquafitness","isPartOf":{"@id":"https:\/\/www.archimede-aquafitness.com\/fr\/#website"},"datePublished":"2016-03-30T12:43:43+00:00","dateModified":"2016-07-22T08:49:58+00:00","description":"Accessoires Archimede pour les \u00e9quipements d'aquafitness","breadcrumb":{"@id":"https:\/\/www.archimede-aquafitness.com\/fr\/aquafitness\/velo-de-piscine-aquabike\/accessoires\/#breadcrumb"},"inLanguage":"fr-FR","potentialAction":[{"@type":"ReadAction","target":["https:\/\/www.archimede-aquafitness.com\/fr\/aquafitness\/velo-de-piscine-aquabike\/accessoires\/"]}]},{"@type":"BreadcrumbList","@id":"https:\/\/www.archimede-aquafitness.com\/fr\/aquafitness\/velo-de-piscine-aquabike\/accessoires\/#breadcrumb","itemListElement":[{"@type":"ListItem","position":1,"name":"Accueil","item":"https:\/\/www.archimede-aquafitness.com\/fr\/"},{"@type":"ListItem","position":2,"name":"Aquafitness","item":"https:\/\/www.archimede-aquafitness.com\/fr\/aquafitness\/"},{"@type":"ListItem","position":3,"name":"V\u00e9lo de piscine &#8211; Aquabike","item":"https:\/\/www.archimede-aquafitness.com\/fr\/aquafitness\/velo-de-piscine-aquabike\/"},{"@type":"ListItem","position":4,"name":"Accessoires"}]},{"@type":"WebSite","@id":"https:\/\/www.archimede-aquafitness.com\/fr\/#website","url":"https:\/\/www.archimede-aquafitness.com\/fr\/","name":"Archimede Aquafitness","description":"Aquafitness is bringing wellness, physical capacity and health to a very large public","publisher":{"@id":"https:\/\/www.archimede-aquafitness.com\/fr\/#organization"},"potentialAction":[{"@type":"SearchAction","target":{"@type":"EntryPoint","urlTemplate":"https:\/\/www.archimede-aquafitness.com\/fr\/?s={search_term_string}"},"query-input":{"@type":"PropertyValueSpecification","valueRequired":true,"valueName":"search_term_string"}}],"inLanguage":"fr-FR"},{"@type":"Organization","@id":"https:\/\/www.archimede-aquafitness.com\/fr\/#organization","name":"Archim\u00e8de AquaFitness \/ JOINTEC","url":"https:\/\/www.archimede-aquafitness.com\/fr\/","logo":{"@type":"ImageObject","inLanguage":"fr-FR","@id":"https:\/\/www.archimede-aquafitness.com\/fr\/#\/schema\/logo\/image\/","url":"https:\/\/www.archimede-aquafitness.com\/wp-content\/uploads\/2015\/09\/logo-archimede-aquafitness.png","contentUrl":"https:\/\/www.archimede-aquafitness.com\/wp-content\/uploads\/2015\/09\/logo-archimede-aquafitness.png","width":308,"height":88,"caption":"Archim\u00e8de AquaFitness \/ JOINTEC"},"image":{"@id":"https:\/\/www.archimede-aquafitness.com\/fr\/#\/schema\/logo\/image\/"}}]}},"_links":{"self":[{"href":"https:\/\/www.archimede-aquafitness.com\/fr\/wp-json\/wp\/v2\/pages\/10780","targetHints":{"allow":["GET"]}}],"collection":[{"href":"https:\/\/www.archimede-aquafitness.com\/fr\/wp-json\/wp\/v2\/pages"}],"about":[{"href":"https:\/\/www.archimede-aquafitness.com\/fr\/wp-json\/wp\/v2\/types\/page"}],"author":[{"embeddable":true,"href":"https:\/\/www.archimede-aquafitness.com\/fr\/wp-json\/wp\/v2\/users\/4"}],"replies":[{"embeddable":true,"href":"https:\/\/www.archimede-aquafitness.com\/fr\/wp-json\/wp\/v2\/comments?post=10780"}],"version-history":[{"count":0,"href":"https:\/\/www.archimede-aquafitness.com\/fr\/wp-json\/wp\/v2\/pages\/10780\/revisions"}],"up":[{"embeddable":true,"href":"https:\/\/www.archimede-aquafitness.com\/fr\/wp-json\/wp\/v2\/pages\/353"}],"wp:attachment":[{"href":"https:\/\/www.archimede-aquafitness.com\/fr\/wp-json\/wp\/v2\/media?parent=10780"}],"curies":[{"name":"wp","href":"https:\/\/api.w.org\/{rel}","templated":true}]}}