{"id":12327,"date":"2016-06-09T11:37:40","date_gmt":"2016-06-09T10:37:40","guid":{"rendered":"https:\/\/www.archimede-aquafitness.com\/fr\/?page_id=12327"},"modified":"2024-09-30T14:29:42","modified_gmt":"2024-09-30T13:29:42","slug":"console-d-aquatraining-archimede","status":"publish","type":"page","link":"https:\/\/www.archimede-aquafitness.com\/fr\/aquafitness\/aquatraining\/console-d-aquatraining-archimede\/","title":{"rendered":"Console d&rsquo;aquatraining Archim\u00e8de"},"content":{"rendered":"[mk_page_section bg_image=\u00a0\u00bbhttps:\/\/www.archimede-aquafitness.com\/wp-content\/uploads\/2016\/06\/console-aquatraining.jpg\u00a0\u00bb bg_position=\u00a0\u00bbcenter top\u00a0\u00bb bg_repeat=\u00a0\u00bbno-repeat\u00a0\u00bb bg_stretch=\u00a0\u00bbtrue\u00a0\u00bb full_width=\u00a0\u00bbtrue\u00a0\u00bb full_height=\u00a0\u00bbtrue\u00a0\u00bb padding_top=\u00a0\u00bb0&Prime; padding_bottom=\u00a0\u00bb0&Prime; skip_arrow=\u00a0\u00bbtrue\u00a0\u00bb skip_arrow_skin=\u00a0\u00bbdark\u00a0\u00bb first_page=\u00a0\u00bbtrue\u00a0\u00bb last_page=\u00a0\u00bbtrue\u00a0\u00bb sidebar=\u00a0\u00bbsidebar-1&Prime;][vc_column css=\u00a0\u00bb.vc_custom_1441806650911{padding-top: 400px !important;}\u00a0\u00bb][vc_empty_space height=\u00a0\u00bb200px\u00a0\u00bb][vc_column_text]\n[\/vc_column_text][vc_column_text]\n<h2 style=\"text-align: center;font-size: 50px\"><span style=\"color: #ffffff\">Console d Aquatraining Archim\u00e8de Simplex<br \/>\n<\/span><\/h2>\n<h1 style=\"text-align: center;font-size: 100px\"><span style=\"color: #ffffff\">CAS.01<\/span><\/h1>\n[\/vc_column_text][\/vc_column][\/mk_page_section][mk_page_section bg_position=\u00a0\u00bbcenter bottom\u00a0\u00bb bg_repeat=\u00a0\u00bbno-repeat\u00a0\u00bb min_height=\u00a0\u00bb0&Prime; padding_top=\u00a0\u00bb50&Prime; section_id=\u00a0\u00bboptima-pro-adjustment\u00a0\u00bb animation=\u00a0\u00bbbottom-to-top\u00a0\u00bb first_page=\u00a0\u00bbfalse\u00a0\u00bb last_page=\u00a0\u00bbtrue\u00a0\u00bb sidebar=\u00a0\u00bbsidebar-1&Prime;][vc_column][vc_column_text align=\u00a0\u00bbcenter\u00a0\u00bb margin_bottom=\u00a0\u00bb100&Prime;]\n<h4 style=\"font-size: 36px;text-align: center\"><span style=\"color: #018ace\">Le renforcement sp\u00e9cifique\u00a0du dos et des abdos<br \/>\n<\/span><\/h4>\n[\/vc_column_text][\/vc_column][\/mk_page_section][mk_page_section bg_position=\u00a0\u00bbcenter bottom\u00a0\u00bb bg_repeat=\u00a0\u00bbno-repeat\u00a0\u00bb min_height=\u00a0\u00bb0&Prime; padding_top=\u00a0\u00bb50&Prime; section_id=\u00a0\u00bboptima-pro-adjustment\u00a0\u00bb animation=\u00a0\u00bbbottom-to-top\u00a0\u00bb first_page=\u00a0\u00bbfalse\u00a0\u00bb last_page=\u00a0\u00bbtrue\u00a0\u00bb sidebar=\u00a0\u00bbsidebar-1&Prime;][vc_column width=\u00a0\u00bb1\/3&Prime;][vc_column_text margin_bottom=\u00a0\u00bb100&Prime;]\n<h6 style=\"font-size: 28px\"><span style=\"color: #018ace\">Plateau d\u2019\u00e9volution des muscles du tronc en vue de :<br \/>\n<\/span><\/h6>\n<p style=\"font-size: 14px;text-align: left\"><span style=\"color: #000000\">&#8211; Les renforcer<br \/>\n&#8211; Lutter contre la lombalgie<br \/>\n&#8211; Retonifier la sangle abdominale chez l\u2019ob\u00e8se et en post-accouchement<\/span><\/p>\n[\/vc_column_text][vc_column_text]\n[\/vc_column_text][\/vc_column][vc_column width=\u00a0\u00bb2\/3&Prime;][vc_single_image image=\u00a0\u00bb15460&Prime; img_size=\u00a0\u00bb220 x 74&Prime; alignment=\u00a0\u00bbcenter\u00a0\u00bb onclick=\u00a0\u00bbcustom_link\u00a0\u00bb img_link_target=\u00a0\u00bb_blank\u00a0\u00bb css_animation=\u00a0\u00bbappear\u00a0\u00bb link=\u00a0\u00bbhttp:\/\/www.archimede-shop.com\/fr\/aquatraining\/64-console-d-aquatraining-simplex.html\u00a0\u00bb][vc_single_image image=\u00a0\u00bb12322&Prime; img_size=\u00a0\u00bb700 x 348&Prime; alignment=\u00a0\u00bbcenter\u00a0\u00bb css_animation=\u00a0\u00bbright-to-left\u00a0\u00bb][\/vc_column][\/mk_page_section][mk_page_section bg_position=\u00a0\u00bbcenter bottom\u00a0\u00bb bg_repeat=\u00a0\u00bbno-repeat\u00a0\u00bb padding_top=\u00a0\u00bb50&Prime; section_id=\u00a0\u00bboptima-pro-adjustment\u00a0\u00bb animation=\u00a0\u00bbbottom-to-top\u00a0\u00bb predefined_bg=\u00a0\u00bb\u00a0\u00bb first_page=\u00a0\u00bbfalse\u00a0\u00bb last_page=\u00a0\u00bbtrue\u00a0\u00bb sidebar=\u00a0\u00bbsidebar-1&Prime;][vc_column][vc_column_text margin_bottom=\u00a0\u00bb100&Prime;]\n<p style=\"font-size: 18px;text-align: center\"><span style=\"color: #000000\">Plateau (1) fix\u00e9 \u00e0 la barre de maintien de la piscine (2) ou \u00e0 d\u00e9faut au <span style=\"text-decoration: underline\"><a href=\"https:\/\/www.archimede-aquafitness.com\/fr\/aquafitness\/velo-de-piscine-aquabike\/accessoires-aquabikes\/barre-dappui-trapeze\/\">trap\u00e8ze mobile Archim\u00e8de TPZ03 (3)<\/a><\/span> fixable par 2 chevilles et volants (4) et d\u00e9montable. Celui-ci est adaptable \u00e0 toutes les formes de piscine<\/span><\/p>\n[\/vc_column_text][vc_single_image image=\u00a0\u00bb12913&Prime; img_size=\u00a0\u00bb886 \u00d7 391&Prime; alignment=\u00a0\u00bbcenter\u00a0\u00bb][vc_single_image image=\u00a0\u00bb12509&Prime; img_size=\u00a0\u00bb1181 \u00d7 299&Prime; alignment=\u00a0\u00bbcenter\u00a0\u00bb][vc_column_text]\n[\/vc_column_text][vc_column_text]\n<p style=\"font-size: 18px;text-align: center\"><span style=\"color: #000000\">Ce trap\u00e8ze est adaptable \u00e0 tous les bords de piscine du march\u00e9, en bois ou en carrelage.<\/span><\/p>\n[\/vc_column_text][\/vc_column][\/mk_page_section][mk_page_section bg_position=\u00a0\u00bbcenter bottom\u00a0\u00bb bg_repeat=\u00a0\u00bbno-repeat\u00a0\u00bb padding_top=\u00a0\u00bb0&Prime; section_id=\u00a0\u00bboptima-pro-adjustment\u00a0\u00bb animation=\u00a0\u00bbbottom-to-top\u00a0\u00bb first_page=\u00a0\u00bbfalse\u00a0\u00bb last_page=\u00a0\u00bbtrue\u00a0\u00bb sidebar=\u00a0\u00bbsidebar-1&Prime;][vc_column css=\u00a0\u00bb.vc_custom_1464794948384{margin-bottom: -100px !important;}\u00a0\u00bb][vc_column_text margin_bottom=\u00a0\u00bb100&Prime;]\n<h6 style=\"font-size: 28px\"><span style=\"color: #018ace\">Utilisable :<\/span><\/h6>\n<p style=\"font-size: 14px;text-align: left\"><span style=\"color: #000000\">&#8211; En piscine priv\u00e9e ou publique,<br \/>\n&#8211; En centre de thalassoth\u00e9rapie et de thermalisme<br \/>\n&#8211; En centre de kin\u00e9sith\u00e9rapie ou de rhumatologie<br \/>\n&#8211; En piscine d\u2019h\u00f4tel ou de camping<br \/>\n<\/span><\/p>\n[\/vc_column_text][\/vc_column][\/mk_page_section][mk_page_section bg_image=\u00a0\u00bbhttps:\/\/www.archimede-aquafitness.com\/wp-content\/uploads\/2015\/09\/optima-pro-bg-section3.png\u00a0\u00bb bg_position=\u00a0\u00bbcenter center\u00a0\u00bb bg_repeat=\u00a0\u00bbno-repeat\u00a0\u00bb padding_top=\u00a0\u00bb0&Prime; padding_bottom=\u00a0\u00bb0&Prime; animation=\u00a0\u00bbbottom-to-top\u00a0\u00bb first_page=\u00a0\u00bbtrue\u00a0\u00bb last_page=\u00a0\u00bbtrue\u00a0\u00bb sidebar=\u00a0\u00bbsidebar-1&Prime;][vc_column css=\u00a0\u00bb.vc_custom_1465468477780{margin-bottom: 175px !important;}\u00a0\u00bb][vc_single_image image=\u00a0\u00bb12357&Prime; img_size=\u00a0\u00bb3508 \u00d7 1439&Prime; alignment=\u00a0\u00bbcenter\u00a0\u00bb][\/vc_column][\/mk_page_section][mk_page_section bg_image=\u00a0\u00bbhttps:\/\/www.archimede-aquafitness.com\/wp-content\/uploads\/2015\/09\/optima-pro-bg-section3.png\u00a0\u00bb bg_position=\u00a0\u00bbcenter center\u00a0\u00bb bg_repeat=\u00a0\u00bbno-repeat\u00a0\u00bb padding_top=\u00a0\u00bb0&Prime; padding_bottom=\u00a0\u00bb0&Prime; animation=\u00a0\u00bbbottom-to-top\u00a0\u00bb first_page=\u00a0\u00bbtrue\u00a0\u00bb last_page=\u00a0\u00bbtrue\u00a0\u00bb sidebar=\u00a0\u00bbsidebar-1&Prime;][vc_column css=\u00a0\u00bb.vc_custom_1465468391084{margin-bottom: 100px !important;}\u00a0\u00bb][vc_single_image image=\u00a0\u00bb12419&Prime; img_size=\u00a0\u00bb3508 \u00d7 1439&Prime; alignment=\u00a0\u00bbcenter\u00a0\u00bb][\/vc_column][\/mk_page_section][mk_page_section bg_image=\u00a0\u00bbhttps:\/\/www.archimede-aquafitness.com\/wp-content\/uploads\/2015\/09\/optima-pro-bg-section3.png\u00a0\u00bb bg_position=\u00a0\u00bbcenter bottom\u00a0\u00bb bg_repeat=\u00a0\u00bbno-repeat\u00a0\u00bb padding_top=\u00a0\u00bb0&Prime; padding_bottom=\u00a0\u00bb0&Prime; animation=\u00a0\u00bbbottom-to-top\u00a0\u00bb first_page=\u00a0\u00bbfalse\u00a0\u00bb last_page=\u00a0\u00bbtrue\u00a0\u00bb sidebar=\u00a0\u00bbsidebar-1&Prime;][vc_column css=\u00a0\u00bb.vc_custom_1465468467458{margin-bottom: 30px !important;}\u00a0\u00bb][vc_single_image image=\u00a0\u00bb12352&Prime; img_size=\u00a0\u00bb3508 \u00d7 1285&Prime; alignment=\u00a0\u00bbcenter\u00a0\u00bb][vc_separator][\/vc_column][\/mk_page_section][mk_page_section bg_color=\u00a0\u00bb#ececec\u00a0\u00bb bg_position=\u00a0\u00bbcenter bottom\u00a0\u00bb bg_repeat=\u00a0\u00bbno-repeat\u00a0\u00bb padding_top=\u00a0\u00bb0&Prime; section_id=\u00a0\u00bboptima-pro-adjustment\u00a0\u00bb animation=\u00a0\u00bbbottom-to-top\u00a0\u00bb first_page=\u00a0\u00bbfalse\u00a0\u00bb last_page=\u00a0\u00bbtrue\u00a0\u00bb sidebar=\u00a0\u00bbsidebar-1&Prime;][vc_column width=\u00a0\u00bb1\/3&Prime;][vc_column_text]\n<p style=\"font-size: 36px\"><span style=\"color: #5e5e5e\">Caract\u00e9ristiques <\/span><br \/>\n<span style=\"color: #5e5e5e\">techniques :<\/span><\/p>\n<p><span style=\"color: #333333\"><strong>Construction <\/strong><\/span><br \/>\n<span style=\"color: #333333\">en Inox marine<\/span><\/p>\n<p><span style=\"color: #333333\"><strong>Protection Anti corrosion<\/strong><\/span><br \/>\n<span style=\"color: #333333\">Electropolissage et anode sacrificielle<\/span><\/p>\n<p><span style=\"color: #333333\"><strong>Maintenance nulle<\/strong><\/span>[\/vc_column_text][\/vc_column][vc_column width=\u00a0\u00bb1\/3&Prime; css=\u00a0\u00bb.vc_custom_1441792957350{padding-top: 100px !important;}\u00a0\u00bb][vc_column_text]<span style=\"color: #333333\"><strong>Structure garantie 3 ans<\/strong><\/span><\/p>\n<p><span style=\"color: #333333\"><strong>Dimensions :\u00a0<\/strong><\/span><br \/>\nL x l x h : 85 x 45 x 50 cm<\/p>\n<p><span style=\"color: #333333\"><strong>Poids :\u00a0<\/strong><\/span><br \/>\n14 kg<\/p>\n<p><span style=\"color: #333333\"><strong>R\u00e9f\u00e9rence :<\/strong><\/span><br \/>\n<span style=\"color: #333333\">CAS.01<\/span>[\/vc_column_text][\/vc_column][vc_column width=\u00a0\u00bb1\/3&Prime;][vc_empty_space height=\u00a0\u00bb50px\u00a0\u00bb][vc_single_image image=\u00a0\u00bb15192&Prime; img_size=\u00a0\u00bb150 x 234&Prime; alignment=\u00a0\u00bbcenter\u00a0\u00bb onclick=\u00a0\u00bbcustom_link\u00a0\u00bb img_link_target=\u00a0\u00bb_blank\u00a0\u00bb css_animation=\u00a0\u00bbbottom-to-top\u00a0\u00bb link=\u00a0\u00bbhttps:\/\/www.archimede-aquafitness.com\/wp-content\/uploads\/2016\/10\/Catalogue-Archimede-2016-prix-publics-juillet.pdf\u00a0\u00bb][vc_column_text]\n<p style=\"text-align: center\"><span style=\"text-decoration: underline\"><em><strong><a href=\"https:\/\/www.archimede-aquafitness.com\/wp-content\/uploads\/2016\/10\/Catalogue-Archimede-2016-prix-publics-juillet.pdf\">T\u00e9l\u00e9charger notre catalogue 2016<\/a><\/strong><\/em><\/span><\/p>\n[\/vc_column_text][\/vc_column][\/mk_page_section][mk_page_section bg_position=\u00a0\u00bbcenter bottom\u00a0\u00bb bg_repeat=\u00a0\u00bbno-repeat\u00a0\u00bb padding_top=\u00a0\u00bb0&Prime; padding_bottom=\u00a0\u00bb0&Prime; animation=\u00a0\u00bbbottom-to-top\u00a0\u00bb first_page=\u00a0\u00bbfalse\u00a0\u00bb last_page=\u00a0\u00bbtrue\u00a0\u00bb sidebar=\u00a0\u00bbsidebar-1&Prime;][vc_column width=\u00a0\u00bb1\/2&Prime; css=\u00a0\u00bb.vc_custom_1465468467458{margin-bottom: 30px !important;}\u00a0\u00bb][vc_single_image image=\u00a0\u00bb16110&Prime; img_size=\u00a0\u00bb500 x 523&Prime; alignment=\u00a0\u00bbcenter\u00a0\u00bb onclick=\u00a0\u00bbcustom_link\u00a0\u00bb css_animation=\u00a0\u00bbleft-to-right\u00a0\u00bb css=\u00a0\u00bb\u00a0\u00bb link=\u00a0\u00bbhttps:\/\/www.archimede-aquafitness.com\/fr\/aquafitness\/aquatraining\/cage-a-ecureuil-aquatique\u00a0\u00bb][\/vc_column][vc_column width=\u00a0\u00bb1\/2&Prime;][vc_column_text]<strong>D\u00e9couvrez la<\/strong><\/p>\n<p style=\"font-size: 36px\"><a href=\"https:\/\/www.archimede-aquafitness.com\/fr\/aquafitness\/aquatraining\/cage-a-ecureuil-aquatique\/\">Cage \u00e0 \u00e9cureuil aquatique<\/a><\/p>\n<p><strong>Portique tubulaire de jeu pour enfant 1er \u00e2ge en piscine.<\/strong><br \/>\n\u2013 Acclimate l\u2019enfant au milieu aquatique de fa\u00e7on ludique<br \/>\n\u2013 Facilite son acc\u00e8s \u00e0 l\u2019eau avant l\u2019apprentissage de la nage en le s\u00e9curisant.<br \/>\n\u2013 Modulable, peut accueillir 6 enfants et plus.[\/vc_column_text][\/vc_column][\/mk_page_section]\n","protected":false},"excerpt":{"rendered":"<p>[mk_page_section bg_image=\u00a0\u00bbhttps:\/\/www.archimede-aquafitness.com\/wp-content\/uploads\/2016\/06\/console-aquatraining.jpg\u00a0\u00bb bg_position=\u00a0\u00bbcenter top\u00a0\u00bb bg_repeat=\u00a0\u00bbno-repeat\u00a0\u00bb bg_stretch=\u00a0\u00bbtrue\u00a0\u00bb full_width=\u00a0\u00bbtrue\u00a0\u00bb full_height=\u00a0\u00bbtrue\u00a0\u00bb padding_top=\u00a0\u00bb0&Prime; padding_bottom=\u00a0\u00bb0&Prime; skip_arrow=\u00a0\u00bbtrue\u00a0\u00bb skip_arrow_skin=\u00a0\u00bbdark\u00a0\u00bb first_page=\u00a0\u00bbtrue\u00a0\u00bb last_page=\u00a0\u00bbtrue\u00a0\u00bb sidebar=\u00a0\u00bbsidebar-1&Prime;][vc_column css=\u00a0\u00bb.vc_custom_1441806650911{padding-top: 400px !important;}\u00a0\u00bb][vc_empty_space height=\u00a0\u00bb200px\u00a0\u00bb][vc_column_text] [\/vc_column_text][vc_column_text] Console d Aquatraining Archim\u00e8de Simplex CAS.01 [\/vc_column_text][\/vc_column][\/mk_page_section][mk_page_section bg_position=\u00a0\u00bbcenter bottom\u00a0\u00bb bg_repeat=\u00a0\u00bbno-repeat\u00a0\u00bb min_height=\u00a0\u00bb0&Prime; padding_top=\u00a0\u00bb50&Prime; section_id=\u00a0\u00bboptima-pro-adjustment\u00a0\u00bb animation=\u00a0\u00bbbottom-to-top\u00a0\u00bb first_page=\u00a0\u00bbfalse\u00a0\u00bb last_page=\u00a0\u00bbtrue\u00a0\u00bb sidebar=\u00a0\u00bbsidebar-1&Prime;][vc_column][vc_column_text align=\u00a0\u00bbcenter\u00a0\u00bb margin_bottom=\u00a0\u00bb100&Prime;] Le renforcement sp\u00e9cifique\u00a0du dos et des abdos [\/vc_column_text][\/vc_column][\/mk_page_section][mk_page_section bg_position=\u00a0\u00bbcenter bottom\u00a0\u00bb bg_repeat=\u00a0\u00bbno-repeat\u00a0\u00bb min_height=\u00a0\u00bb0&Prime; padding_top=\u00a0\u00bb50&Prime; section_id=\u00a0\u00bboptima-pro-adjustment\u00a0\u00bb animation=\u00a0\u00bbbottom-to-top\u00a0\u00bb first_page=\u00a0\u00bbfalse\u00a0\u00bb [&hellip;]<\/p>\n","protected":false},"author":4,"featured_media":0,"parent":11827,"menu_order":0,"comment_status":"closed","ping_status":"closed","template":"","meta":{"footnotes":""},"class_list":["post-12327","page","type-page","status-publish","hentry"],"yoast_head":"<!-- This site is optimized with the Yoast SEO plugin v27.0 - https:\/\/yoast.com\/product\/yoast-seo-wordpress\/ -->\n<title>Console d aquatraining Archim\u00e8de, renforcement musculaire | Aquafitness<\/title>\n<meta name=\"description\" content=\"La Console d aquatraining Archim\u00e8de CAS.01 permet une gymnastique a\u00e9robique analytique et le renforcement local du dos et des abdos.\" \/>\n<meta name=\"robots\" content=\"index, follow, max-snippet:-1, max-image-preview:large, max-video-preview:-1\" \/>\n<link rel=\"canonical\" href=\"https:\/\/www.archimede-aquafitness.com\/fr\/aquafitness\/aquatraining\/console-d-aquatraining-archimede\/\" \/>\n<meta property=\"og:locale\" content=\"fr_FR\" \/>\n<meta property=\"og:type\" content=\"article\" \/>\n<meta property=\"og:title\" content=\"Console d aquatraining Archim\u00e8de, renforcement musculaire | Aquafitness\" \/>\n<meta property=\"og:description\" content=\"La Console d aquatraining Archim\u00e8de CAS.01 permet une gymnastique a\u00e9robique analytique et le renforcement local du dos et des abdos.\" \/>\n<meta property=\"og:url\" content=\"https:\/\/www.archimede-aquafitness.com\/fr\/aquafitness\/aquatraining\/console-d-aquatraining-archimede\/\" \/>\n<meta property=\"og:site_name\" content=\"Archimede Aquafitness\" \/>\n<meta property=\"article:modified_time\" content=\"2024-09-30T13:29:42+00:00\" \/>\n<meta name=\"twitter:card\" content=\"summary_large_image\" \/>\n<meta name=\"twitter:label1\" content=\"Dur\u00e9e de lecture estim\u00e9e\" \/>\n\t<meta name=\"twitter:data1\" content=\"4 minutes\" \/>\n<script type=\"application\/ld+json\" class=\"yoast-schema-graph\">{\"@context\":\"https:\/\/schema.org\",\"@graph\":[{\"@type\":\"WebPage\",\"@id\":\"https:\/\/www.archimede-aquafitness.com\/fr\/aquafitness\/aquatraining\/console-d-aquatraining-archimede\/\",\"url\":\"https:\/\/www.archimede-aquafitness.com\/fr\/aquafitness\/aquatraining\/console-d-aquatraining-archimede\/\",\"name\":\"Console d aquatraining Archim\u00e8de, renforcement musculaire | Aquafitness\",\"isPartOf\":{\"@id\":\"https:\/\/www.archimede-aquafitness.com\/fr\/#website\"},\"datePublished\":\"2016-06-09T10:37:40+00:00\",\"dateModified\":\"2024-09-30T13:29:42+00:00\",\"description\":\"La Console d aquatraining Archim\u00e8de CAS.01 permet une gymnastique a\u00e9robique analytique et le renforcement local du dos et des abdos.\",\"breadcrumb\":{\"@id\":\"https:\/\/www.archimede-aquafitness.com\/fr\/aquafitness\/aquatraining\/console-d-aquatraining-archimede\/#breadcrumb\"},\"inLanguage\":\"fr-FR\",\"potentialAction\":[{\"@type\":\"ReadAction\",\"target\":[\"https:\/\/www.archimede-aquafitness.com\/fr\/aquafitness\/aquatraining\/console-d-aquatraining-archimede\/\"]}]},{\"@type\":\"BreadcrumbList\",\"@id\":\"https:\/\/www.archimede-aquafitness.com\/fr\/aquafitness\/aquatraining\/console-d-aquatraining-archimede\/#breadcrumb\",\"itemListElement\":[{\"@type\":\"ListItem\",\"position\":1,\"name\":\"Accueil\",\"item\":\"https:\/\/www.archimede-aquafitness.com\/fr\/\"},{\"@type\":\"ListItem\",\"position\":2,\"name\":\"Aquafitness\",\"item\":\"https:\/\/www.archimede-aquafitness.com\/fr\/aquafitness\/\"},{\"@type\":\"ListItem\",\"position\":3,\"name\":\"aquatraining\",\"item\":\"https:\/\/www.archimede-aquafitness.com\/fr\/aquafitness\/aquatraining\/\"},{\"@type\":\"ListItem\",\"position\":4,\"name\":\"Console d&rsquo;aquatraining Archim\u00e8de\"}]},{\"@type\":\"WebSite\",\"@id\":\"https:\/\/www.archimede-aquafitness.com\/fr\/#website\",\"url\":\"https:\/\/www.archimede-aquafitness.com\/fr\/\",\"name\":\"Archimede Aquafitness\",\"description\":\"Aquafitness is bringing wellness, physical capacity and health to a very large public\",\"publisher\":{\"@id\":\"https:\/\/www.archimede-aquafitness.com\/fr\/#organization\"},\"potentialAction\":[{\"@type\":\"SearchAction\",\"target\":{\"@type\":\"EntryPoint\",\"urlTemplate\":\"https:\/\/www.archimede-aquafitness.com\/fr\/?s={search_term_string}\"},\"query-input\":{\"@type\":\"PropertyValueSpecification\",\"valueRequired\":true,\"valueName\":\"search_term_string\"}}],\"inLanguage\":\"fr-FR\"},{\"@type\":\"Organization\",\"@id\":\"https:\/\/www.archimede-aquafitness.com\/fr\/#organization\",\"name\":\"Archim\u00e8de AquaFitness \/ JOINTEC\",\"url\":\"https:\/\/www.archimede-aquafitness.com\/fr\/\",\"logo\":{\"@type\":\"ImageObject\",\"inLanguage\":\"fr-FR\",\"@id\":\"https:\/\/www.archimede-aquafitness.com\/fr\/#\/schema\/logo\/image\/\",\"url\":\"https:\/\/www.archimede-aquafitness.com\/wp-content\/uploads\/2015\/09\/logo-archimede-aquafitness.png\",\"contentUrl\":\"https:\/\/www.archimede-aquafitness.com\/wp-content\/uploads\/2015\/09\/logo-archimede-aquafitness.png\",\"width\":308,\"height\":88,\"caption\":\"Archim\u00e8de AquaFitness \/ JOINTEC\"},\"image\":{\"@id\":\"https:\/\/www.archimede-aquafitness.com\/fr\/#\/schema\/logo\/image\/\"}}]}<\/script>\n<!-- \/ Yoast SEO plugin. -->","yoast_head_json":{"title":"Console d aquatraining Archim\u00e8de, renforcement musculaire | Aquafitness","description":"La Console d aquatraining Archim\u00e8de CAS.01 permet une gymnastique a\u00e9robique analytique et le renforcement local du dos et des abdos.","robots":{"index":"index","follow":"follow","max-snippet":"max-snippet:-1","max-image-preview":"max-image-preview:large","max-video-preview":"max-video-preview:-1"},"canonical":"https:\/\/www.archimede-aquafitness.com\/fr\/aquafitness\/aquatraining\/console-d-aquatraining-archimede\/","og_locale":"fr_FR","og_type":"article","og_title":"Console d aquatraining Archim\u00e8de, renforcement musculaire | Aquafitness","og_description":"La Console d aquatraining Archim\u00e8de CAS.01 permet une gymnastique a\u00e9robique analytique et le renforcement local du dos et des abdos.","og_url":"https:\/\/www.archimede-aquafitness.com\/fr\/aquafitness\/aquatraining\/console-d-aquatraining-archimede\/","og_site_name":"Archimede Aquafitness","article_modified_time":"2024-09-30T13:29:42+00:00","twitter_card":"summary_large_image","twitter_misc":{"Dur\u00e9e de lecture estim\u00e9e":"4 minutes"},"schema":{"@context":"https:\/\/schema.org","@graph":[{"@type":"WebPage","@id":"https:\/\/www.archimede-aquafitness.com\/fr\/aquafitness\/aquatraining\/console-d-aquatraining-archimede\/","url":"https:\/\/www.archimede-aquafitness.com\/fr\/aquafitness\/aquatraining\/console-d-aquatraining-archimede\/","name":"Console d aquatraining Archim\u00e8de, renforcement musculaire | Aquafitness","isPartOf":{"@id":"https:\/\/www.archimede-aquafitness.com\/fr\/#website"},"datePublished":"2016-06-09T10:37:40+00:00","dateModified":"2024-09-30T13:29:42+00:00","description":"La Console d aquatraining Archim\u00e8de CAS.01 permet une gymnastique a\u00e9robique analytique et le renforcement local du dos et des abdos.","breadcrumb":{"@id":"https:\/\/www.archimede-aquafitness.com\/fr\/aquafitness\/aquatraining\/console-d-aquatraining-archimede\/#breadcrumb"},"inLanguage":"fr-FR","potentialAction":[{"@type":"ReadAction","target":["https:\/\/www.archimede-aquafitness.com\/fr\/aquafitness\/aquatraining\/console-d-aquatraining-archimede\/"]}]},{"@type":"BreadcrumbList","@id":"https:\/\/www.archimede-aquafitness.com\/fr\/aquafitness\/aquatraining\/console-d-aquatraining-archimede\/#breadcrumb","itemListElement":[{"@type":"ListItem","position":1,"name":"Accueil","item":"https:\/\/www.archimede-aquafitness.com\/fr\/"},{"@type":"ListItem","position":2,"name":"Aquafitness","item":"https:\/\/www.archimede-aquafitness.com\/fr\/aquafitness\/"},{"@type":"ListItem","position":3,"name":"aquatraining","item":"https:\/\/www.archimede-aquafitness.com\/fr\/aquafitness\/aquatraining\/"},{"@type":"ListItem","position":4,"name":"Console d&rsquo;aquatraining Archim\u00e8de"}]},{"@type":"WebSite","@id":"https:\/\/www.archimede-aquafitness.com\/fr\/#website","url":"https:\/\/www.archimede-aquafitness.com\/fr\/","name":"Archimede Aquafitness","description":"Aquafitness is bringing wellness, physical capacity and health to a very large public","publisher":{"@id":"https:\/\/www.archimede-aquafitness.com\/fr\/#organization"},"potentialAction":[{"@type":"SearchAction","target":{"@type":"EntryPoint","urlTemplate":"https:\/\/www.archimede-aquafitness.com\/fr\/?s={search_term_string}"},"query-input":{"@type":"PropertyValueSpecification","valueRequired":true,"valueName":"search_term_string"}}],"inLanguage":"fr-FR"},{"@type":"Organization","@id":"https:\/\/www.archimede-aquafitness.com\/fr\/#organization","name":"Archim\u00e8de AquaFitness \/ JOINTEC","url":"https:\/\/www.archimede-aquafitness.com\/fr\/","logo":{"@type":"ImageObject","inLanguage":"fr-FR","@id":"https:\/\/www.archimede-aquafitness.com\/fr\/#\/schema\/logo\/image\/","url":"https:\/\/www.archimede-aquafitness.com\/wp-content\/uploads\/2015\/09\/logo-archimede-aquafitness.png","contentUrl":"https:\/\/www.archimede-aquafitness.com\/wp-content\/uploads\/2015\/09\/logo-archimede-aquafitness.png","width":308,"height":88,"caption":"Archim\u00e8de AquaFitness \/ JOINTEC"},"image":{"@id":"https:\/\/www.archimede-aquafitness.com\/fr\/#\/schema\/logo\/image\/"}}]}},"_links":{"self":[{"href":"https:\/\/www.archimede-aquafitness.com\/fr\/wp-json\/wp\/v2\/pages\/12327","targetHints":{"allow":["GET"]}}],"collection":[{"href":"https:\/\/www.archimede-aquafitness.com\/fr\/wp-json\/wp\/v2\/pages"}],"about":[{"href":"https:\/\/www.archimede-aquafitness.com\/fr\/wp-json\/wp\/v2\/types\/page"}],"author":[{"embeddable":true,"href":"https:\/\/www.archimede-aquafitness.com\/fr\/wp-json\/wp\/v2\/users\/4"}],"replies":[{"embeddable":true,"href":"https:\/\/www.archimede-aquafitness.com\/fr\/wp-json\/wp\/v2\/comments?post=12327"}],"version-history":[{"count":2,"href":"https:\/\/www.archimede-aquafitness.com\/fr\/wp-json\/wp\/v2\/pages\/12327\/revisions"}],"predecessor-version":[{"id":17398,"href":"https:\/\/www.archimede-aquafitness.com\/fr\/wp-json\/wp\/v2\/pages\/12327\/revisions\/17398"}],"up":[{"embeddable":true,"href":"https:\/\/www.archimede-aquafitness.com\/fr\/wp-json\/wp\/v2\/pages\/11827"}],"wp:attachment":[{"href":"https:\/\/www.archimede-aquafitness.com\/fr\/wp-json\/wp\/v2\/media?parent=12327"}],"curies":[{"name":"wp","href":"https:\/\/api.w.org\/{rel}","templated":true}]}}