{"id":16990,"date":"2017-01-24T16:09:56","date_gmt":"2017-01-24T15:09:56","guid":{"rendered":"https:\/\/www.archimede-aquafitness.com\/fr\/?page_id=16990"},"modified":"2017-01-24T18:22:20","modified_gmt":"2017-01-24T17:22:20","slug":"accessibilite-handicape","status":"publish","type":"page","link":"https:\/\/www.archimede-aquafitness.com\/fr\/accessibilite-handicape\/","title":{"rendered":"Accessibilit\u00e9 handicap\u00e9"},"content":{"rendered":"[mk_page_section layout_structure=\u00a0\u00bbfull\u00a0\u00bb border_color=\u00a0\u00bb\u00a0\u00bb bg_color=\u00a0\u00bb\u00a0\u00bb bg_image=\u00a0\u00bb\u00a0\u00bb predefined_bg=\u00a0\u00bb\u00a0\u00bb attachment=\u00a0\u00bbscroll\u00a0\u00bb bg_position=\u00a0\u00bbleft top\u00a0\u00bb bg_repeat=\u00a0\u00bbrepeat\u00a0\u00bb bg_stretch=\u00a0\u00bbfalse\u00a0\u00bb enable_3d=\u00a0\u00bbfalse\u00a0\u00bb speed_factor=\u00a0\u00bb0.3&Prime; bg_video=\u00a0\u00bbno\u00a0\u00bb video_source=\u00a0\u00bbself\u00a0\u00bb mp4=\u00a0\u00bb\u00a0\u00bb webm=\u00a0\u00bb\u00a0\u00bb ogv=\u00a0\u00bb\u00a0\u00bb poster_image=\u00a0\u00bb\u00a0\u00bb stream_host_website=\u00a0\u00bbyoutube\u00a0\u00bb stream_video_id=\u00a0\u00bb\u00a0\u00bb video_mask=\u00a0\u00bbfalse\u00a0\u00bb bg_gradient=\u00a0\u00bbfalse\u00a0\u00bb video_color_mask=\u00a0\u00bb\u00a0\u00bb gr_end=\u00a0\u00bb#1e73be\u00a0\u00bb video_opacity=\u00a0\u00bb0.6&Prime; top_shadow=\u00a0\u00bbfalse\u00a0\u00bb section_layout=\u00a0\u00bbfull\u00a0\u00bb min_height=\u00a0\u00bb100&Prime; full_width=\u00a0\u00bbtrue\u00a0\u00bb full_height=\u00a0\u00bbfalse\u00a0\u00bb intro_effect=\u00a0\u00bbfalse\u00a0\u00bb padding_top=\u00a0\u00bb0&Prime; padding_bottom=\u00a0\u00bb0&Prime; margin_bottom=\u00a0\u00bb0&Prime; skip_arrow=\u00a0\u00bbfalse\u00a0\u00bb skip_arrow_skin=\u00a0\u00bblight\u00a0\u00bb section_id=\u00a0\u00bb\u00a0\u00bb visibility=\u00a0\u00bb\u00a0\u00bb animation=\u00a0\u00bb\u00a0\u00bb el_class=\u00a0\u00bb\u00a0\u00bb first_page=\u00a0\u00bbtrue\u00a0\u00bb last_page=\u00a0\u00bbtrue\u00a0\u00bb sidebar=\u00a0\u00bbsidebar-1&Prime;][vc_column border_color=\u00a0\u00bb\u00a0\u00bb visibility=\u00a0\u00bb\u00a0\u00bb width=\u00a0\u00bb1\/1&Prime;][mk_gallery images=\u00a0\u00bb16991,16995,16999&Prime; custom_links=\u00a0\u00bbleve-personne,accessoires-pour-leve-personne,fauteuil-roulant-handicape\u00a0\u00bb style=\u00a0\u00bbgrid\u00a0\u00bb column=\u00a0\u00bb3&Prime; image_size=\u00a0\u00bbfull\u00a0\u00bb height=\u00a0\u00bb500&Prime; hover_scenarios=\u00a0\u00bboverlay_layer\u00a0\u00bb overlay_color=\u00a0\u00bbrgba(30,115,190,0.49)\u00a0\u00bb item_spacing=\u00a0\u00bb0&Prime; margin_bottom=\u00a0\u00bb0&Prime; frame_style=\u00a0\u00bbgrid\u00a0\u00bb disable_title=\u00a0\u00bbfalse\u00a0\u00bb image_quality=\u00a0\u00bb1&Prime; pagination=\u00a0\u00bbfalse\u00a0\u00bb count=\u00a0\u00bb10&Prime; pagination_style=\u00a0\u00bb1&Prime; order=\u00a0\u00bbASC\u00a0\u00bb orderby=\u00a0\u00bbpost__in\u00a0\u00bb item_id=\u00a0\u00bb1441890654-55f1815e65d4c\u00a0\u00bb][\/vc_column][\/mk_page_section][mk_page_section layout_structure=\u00a0\u00bbfull\u00a0\u00bb attachment=\u00a0\u00bbscroll\u00a0\u00bb bg_position=\u00a0\u00bbleft top\u00a0\u00bb bg_repeat=\u00a0\u00bbrepeat\u00a0\u00bb bg_stretch=\u00a0\u00bbfalse\u00a0\u00bb enable_3d=\u00a0\u00bbfalse\u00a0\u00bb speed_factor=\u00a0\u00bb0.3&Prime; bg_video=\u00a0\u00bbno\u00a0\u00bb video_source=\u00a0\u00bbself\u00a0\u00bb stream_host_website=\u00a0\u00bbyoutube\u00a0\u00bb video_mask=\u00a0\u00bbfalse\u00a0\u00bb bg_gradient=\u00a0\u00bbfalse\u00a0\u00bb gr_end=\u00a0\u00bb#1e73be\u00a0\u00bb video_opacity=\u00a0\u00bb0.6&Prime; top_shadow=\u00a0\u00bbfalse\u00a0\u00bb section_layout=\u00a0\u00bbfull\u00a0\u00bb min_height=\u00a0\u00bb30&Prime; full_width=\u00a0\u00bbfalse\u00a0\u00bb full_height=\u00a0\u00bbfalse\u00a0\u00bb intro_effect=\u00a0\u00bbfalse\u00a0\u00bb padding_top=\u00a0\u00bb10&Prime; padding_bottom=\u00a0\u00bb0&Prime; skip_arrow=\u00a0\u00bbfalse\u00a0\u00bb skip_arrow_skin=\u00a0\u00bblight\u00a0\u00bb first_page=\u00a0\u00bbtrue\u00a0\u00bb last_page=\u00a0\u00bbtrue\u00a0\u00bb sidebar=\u00a0\u00bbsidebar-1&Prime; bg_color=\u00a0\u00bb#ffffff\u00a0\u00bb margin_bottom=\u00a0\u00bb0&Prime;][vc_column border_color=\u00a0\u00bb\u00a0\u00bb visibility=\u00a0\u00bb\u00a0\u00bb width=\u00a0\u00bb1\/1&Prime; css=\u00a0\u00bb.vc_custom_1484646554035{padding-left: 50px !important;}\u00a0\u00bb][vc_accordions style=\u00a0\u00bbsimple-style\u00a0\u00bb action_style=\u00a0\u00bbtoggle-action\u00a0\u00bb open_toggle=\u00a0\u00bb1&Prime; container_bg_color=\u00a0\u00bb#ffffff\u00a0\u00bb responsive=\u00a0\u00bbtrue\u00a0\u00bb][vc_accordion_tab title=\u00a0\u00bbEn savoir plus\u00a0\u00bb][vc_column_text disable_pattern=\u00a0\u00bbtrue\u00a0\u00bb align=\u00a0\u00bbleft\u00a0\u00bb margin_bottom=\u00a0\u00bb0&Prime;]\n<h1 style=\"font-size: 50px; text-align: center;\"><span style=\"color: #000000;\">ACCESSIBILITE HANDICAPE<\/span><\/h1>\n<p style=\"font-size: 18px; text-align: center;\"><span style=\"color: #000000;\">Nous fabriquons tous types de syst\u00e8mes de mise \u00e0 l&rsquo;eau PMR, de l\u00e8ve-personne et autres appareils d&rsquo;aide \u00e0 l&rsquo;handicap\u00e9 lui permettant d&rsquo;\u00e9largir son p\u00e9rim\u00e8tre de vie et ses perspectives d&rsquo;activit\u00e9s (accessibilit\u00e9 handicap\u00e9).<\/span><\/p>\n<h2 style=\"text-align: center; font-size: 50px;\"><span style=\"color: #000000;\">ARCHIMEDE<\/span><\/h2>\n<p style=\"font-size: 18px; text-align: center;\"><span style=\"color: #000000;\">Ses multiples solutions : des l\u00e8ves personnes donnant acc\u00e8s \u00e0 la piscine, au bateau, \u00e0 la mer, au sport \u00e9questre, \u00e0 la toilette,<br \/>\nau transfert du lit au fauteuil, au changement de niveau de sols, en local priv\u00e9 ou public,<br \/>\net des fauteuils permettant la promenade en terrain accident\u00e9.<\/span><\/p>\n<h2 style=\"text-align: center; font-size: 50px;\"><span style=\"color: #000000;\">Leader du march\u00e9<\/span><\/h2>\n<p style=\"font-size: 22px; text-align: center;\"><span style=\"color: #000000;\">sales@archimede-aquafitness.com<\/span><\/p>\n[\/vc_column_text][\/vc_accordion_tab][\/vc_accordions][\/vc_column][\/mk_page_section]\n","protected":false},"excerpt":{"rendered":"<p>[mk_page_section layout_structure=\u00a0\u00bbfull\u00a0\u00bb border_color=\u00a0\u00bb\u00a0\u00bb bg_color=\u00a0\u00bb\u00a0\u00bb bg_image=\u00a0\u00bb\u00a0\u00bb predefined_bg=\u00a0\u00bb\u00a0\u00bb attachment=\u00a0\u00bbscroll\u00a0\u00bb bg_position=\u00a0\u00bbleft top\u00a0\u00bb bg_repeat=\u00a0\u00bbrepeat\u00a0\u00bb bg_stretch=\u00a0\u00bbfalse\u00a0\u00bb enable_3d=\u00a0\u00bbfalse\u00a0\u00bb speed_factor=\u00a0\u00bb0.3&Prime; bg_video=\u00a0\u00bbno\u00a0\u00bb video_source=\u00a0\u00bbself\u00a0\u00bb mp4=\u00a0\u00bb\u00a0\u00bb webm=\u00a0\u00bb\u00a0\u00bb ogv=\u00a0\u00bb\u00a0\u00bb poster_image=\u00a0\u00bb\u00a0\u00bb stream_host_website=\u00a0\u00bbyoutube\u00a0\u00bb stream_video_id=\u00a0\u00bb\u00a0\u00bb video_mask=\u00a0\u00bbfalse\u00a0\u00bb bg_gradient=\u00a0\u00bbfalse\u00a0\u00bb video_color_mask=\u00a0\u00bb\u00a0\u00bb gr_end=\u00a0\u00bb#1e73be\u00a0\u00bb video_opacity=\u00a0\u00bb0.6&Prime; top_shadow=\u00a0\u00bbfalse\u00a0\u00bb section_layout=\u00a0\u00bbfull\u00a0\u00bb min_height=\u00a0\u00bb100&Prime; full_width=\u00a0\u00bbtrue\u00a0\u00bb full_height=\u00a0\u00bbfalse\u00a0\u00bb intro_effect=\u00a0\u00bbfalse\u00a0\u00bb padding_top=\u00a0\u00bb0&Prime; padding_bottom=\u00a0\u00bb0&Prime; margin_bottom=\u00a0\u00bb0&Prime; skip_arrow=\u00a0\u00bbfalse\u00a0\u00bb skip_arrow_skin=\u00a0\u00bblight\u00a0\u00bb section_id=\u00a0\u00bb\u00a0\u00bb visibility=\u00a0\u00bb\u00a0\u00bb animation=\u00a0\u00bb\u00a0\u00bb el_class=\u00a0\u00bb\u00a0\u00bb first_page=\u00a0\u00bbtrue\u00a0\u00bb last_page=\u00a0\u00bbtrue\u00a0\u00bb sidebar=\u00a0\u00bbsidebar-1&Prime;][vc_column border_color=\u00a0\u00bb\u00a0\u00bb visibility=\u00a0\u00bb\u00a0\u00bb width=\u00a0\u00bb1\/1&Prime;][mk_gallery images=\u00a0\u00bb16991,16995,16999&Prime; custom_links=\u00a0\u00bbleve-personne,accessoires-pour-leve-personne,fauteuil-roulant-handicape\u00a0\u00bb style=\u00a0\u00bbgrid\u00a0\u00bb column=\u00a0\u00bb3&Prime; image_size=\u00a0\u00bbfull\u00a0\u00bb height=\u00a0\u00bb500&Prime; hover_scenarios=\u00a0\u00bboverlay_layer\u00a0\u00bb overlay_color=\u00a0\u00bbrgba(30,115,190,0.49)\u00a0\u00bb [&hellip;]<\/p>\n","protected":false},"author":4,"featured_media":0,"parent":0,"menu_order":0,"comment_status":"closed","ping_status":"closed","template":"","meta":{"footnotes":""},"class_list":["post-16990","page","type-page","status-publish","hentry"],"yoast_head":"<!-- This site is optimized with the Yoast SEO plugin v27.0 - https:\/\/yoast.com\/product\/yoast-seo-wordpress\/ -->\n<title>Accessibilit\u00e9 handicap\u00e9 par la soci\u00e9t\u00e9 Jointec | Archim\u00e8de<\/title>\n<meta name=\"description\" content=\"Archim\u00e8de fabrique et vend une gamme compl\u00e8te d&#039;appareil pour l&#039;accessibilit\u00e9 handicap\u00e9 ou PMR leurs permettant l&#039;acc\u00e8s \u00e0 des activit\u00e9s aquatiques.\" \/>\n<meta name=\"robots\" content=\"index, follow, max-snippet:-1, max-image-preview:large, max-video-preview:-1\" \/>\n<link rel=\"canonical\" href=\"https:\/\/www.archimede-aquafitness.com\/fr\/accessibilite-handicape\/\" \/>\n<meta property=\"og:locale\" content=\"fr_FR\" \/>\n<meta property=\"og:type\" content=\"article\" \/>\n<meta property=\"og:title\" content=\"Accessibilit\u00e9 handicap\u00e9 par la soci\u00e9t\u00e9 Jointec | Archim\u00e8de\" \/>\n<meta property=\"og:description\" content=\"Archim\u00e8de fabrique et vend une gamme compl\u00e8te d&#039;appareil pour l&#039;accessibilit\u00e9 handicap\u00e9 ou PMR leurs permettant l&#039;acc\u00e8s \u00e0 des activit\u00e9s aquatiques.\" \/>\n<meta property=\"og:url\" content=\"https:\/\/www.archimede-aquafitness.com\/fr\/accessibilite-handicape\/\" \/>\n<meta property=\"og:site_name\" content=\"Archimede Aquafitness\" \/>\n<meta property=\"article:modified_time\" content=\"2017-01-24T17:22:20+00:00\" \/>\n<meta name=\"twitter:card\" content=\"summary_large_image\" \/>\n<meta name=\"twitter:label1\" content=\"Dur\u00e9e de lecture estim\u00e9e\" \/>\n\t<meta name=\"twitter:data1\" content=\"2 minutes\" \/>\n<script type=\"application\/ld+json\" class=\"yoast-schema-graph\">{\"@context\":\"https:\/\/schema.org\",\"@graph\":[{\"@type\":\"WebPage\",\"@id\":\"https:\/\/www.archimede-aquafitness.com\/fr\/accessibilite-handicape\/\",\"url\":\"https:\/\/www.archimede-aquafitness.com\/fr\/accessibilite-handicape\/\",\"name\":\"Accessibilit\u00e9 handicap\u00e9 par la soci\u00e9t\u00e9 Jointec | Archim\u00e8de\",\"isPartOf\":{\"@id\":\"https:\/\/www.archimede-aquafitness.com\/fr\/#website\"},\"datePublished\":\"2017-01-24T15:09:56+00:00\",\"dateModified\":\"2017-01-24T17:22:20+00:00\",\"description\":\"Archim\u00e8de fabrique et vend une gamme compl\u00e8te d'appareil pour l'accessibilit\u00e9 handicap\u00e9 ou PMR leurs permettant l'acc\u00e8s \u00e0 des activit\u00e9s aquatiques.\",\"breadcrumb\":{\"@id\":\"https:\/\/www.archimede-aquafitness.com\/fr\/accessibilite-handicape\/#breadcrumb\"},\"inLanguage\":\"fr-FR\",\"potentialAction\":[{\"@type\":\"ReadAction\",\"target\":[\"https:\/\/www.archimede-aquafitness.com\/fr\/accessibilite-handicape\/\"]}]},{\"@type\":\"BreadcrumbList\",\"@id\":\"https:\/\/www.archimede-aquafitness.com\/fr\/accessibilite-handicape\/#breadcrumb\",\"itemListElement\":[{\"@type\":\"ListItem\",\"position\":1,\"name\":\"Accueil\",\"item\":\"https:\/\/www.archimede-aquafitness.com\/fr\/\"},{\"@type\":\"ListItem\",\"position\":2,\"name\":\"Accessibilit\u00e9 handicap\u00e9\"}]},{\"@type\":\"WebSite\",\"@id\":\"https:\/\/www.archimede-aquafitness.com\/fr\/#website\",\"url\":\"https:\/\/www.archimede-aquafitness.com\/fr\/\",\"name\":\"Archimede Aquafitness\",\"description\":\"Aquafitness is bringing wellness, physical capacity and health to a very large public\",\"publisher\":{\"@id\":\"https:\/\/www.archimede-aquafitness.com\/fr\/#organization\"},\"potentialAction\":[{\"@type\":\"SearchAction\",\"target\":{\"@type\":\"EntryPoint\",\"urlTemplate\":\"https:\/\/www.archimede-aquafitness.com\/fr\/?s={search_term_string}\"},\"query-input\":{\"@type\":\"PropertyValueSpecification\",\"valueRequired\":true,\"valueName\":\"search_term_string\"}}],\"inLanguage\":\"fr-FR\"},{\"@type\":\"Organization\",\"@id\":\"https:\/\/www.archimede-aquafitness.com\/fr\/#organization\",\"name\":\"Archim\u00e8de AquaFitness \/ JOINTEC\",\"url\":\"https:\/\/www.archimede-aquafitness.com\/fr\/\",\"logo\":{\"@type\":\"ImageObject\",\"inLanguage\":\"fr-FR\",\"@id\":\"https:\/\/www.archimede-aquafitness.com\/fr\/#\/schema\/logo\/image\/\",\"url\":\"https:\/\/www.archimede-aquafitness.com\/wp-content\/uploads\/2015\/09\/logo-archimede-aquafitness.png\",\"contentUrl\":\"https:\/\/www.archimede-aquafitness.com\/wp-content\/uploads\/2015\/09\/logo-archimede-aquafitness.png\",\"width\":308,\"height\":88,\"caption\":\"Archim\u00e8de AquaFitness \/ JOINTEC\"},\"image\":{\"@id\":\"https:\/\/www.archimede-aquafitness.com\/fr\/#\/schema\/logo\/image\/\"}}]}<\/script>\n<!-- \/ Yoast SEO plugin. -->","yoast_head_json":{"title":"Accessibilit\u00e9 handicap\u00e9 par la soci\u00e9t\u00e9 Jointec | Archim\u00e8de","description":"Archim\u00e8de fabrique et vend une gamme compl\u00e8te d'appareil pour l'accessibilit\u00e9 handicap\u00e9 ou PMR leurs permettant l'acc\u00e8s \u00e0 des activit\u00e9s aquatiques.","robots":{"index":"index","follow":"follow","max-snippet":"max-snippet:-1","max-image-preview":"max-image-preview:large","max-video-preview":"max-video-preview:-1"},"canonical":"https:\/\/www.archimede-aquafitness.com\/fr\/accessibilite-handicape\/","og_locale":"fr_FR","og_type":"article","og_title":"Accessibilit\u00e9 handicap\u00e9 par la soci\u00e9t\u00e9 Jointec | Archim\u00e8de","og_description":"Archim\u00e8de fabrique et vend une gamme compl\u00e8te d'appareil pour l'accessibilit\u00e9 handicap\u00e9 ou PMR leurs permettant l'acc\u00e8s \u00e0 des activit\u00e9s aquatiques.","og_url":"https:\/\/www.archimede-aquafitness.com\/fr\/accessibilite-handicape\/","og_site_name":"Archimede Aquafitness","article_modified_time":"2017-01-24T17:22:20+00:00","twitter_card":"summary_large_image","twitter_misc":{"Dur\u00e9e de lecture estim\u00e9e":"2 minutes"},"schema":{"@context":"https:\/\/schema.org","@graph":[{"@type":"WebPage","@id":"https:\/\/www.archimede-aquafitness.com\/fr\/accessibilite-handicape\/","url":"https:\/\/www.archimede-aquafitness.com\/fr\/accessibilite-handicape\/","name":"Accessibilit\u00e9 handicap\u00e9 par la soci\u00e9t\u00e9 Jointec | Archim\u00e8de","isPartOf":{"@id":"https:\/\/www.archimede-aquafitness.com\/fr\/#website"},"datePublished":"2017-01-24T15:09:56+00:00","dateModified":"2017-01-24T17:22:20+00:00","description":"Archim\u00e8de fabrique et vend une gamme compl\u00e8te d'appareil pour l'accessibilit\u00e9 handicap\u00e9 ou PMR leurs permettant l'acc\u00e8s \u00e0 des activit\u00e9s aquatiques.","breadcrumb":{"@id":"https:\/\/www.archimede-aquafitness.com\/fr\/accessibilite-handicape\/#breadcrumb"},"inLanguage":"fr-FR","potentialAction":[{"@type":"ReadAction","target":["https:\/\/www.archimede-aquafitness.com\/fr\/accessibilite-handicape\/"]}]},{"@type":"BreadcrumbList","@id":"https:\/\/www.archimede-aquafitness.com\/fr\/accessibilite-handicape\/#breadcrumb","itemListElement":[{"@type":"ListItem","position":1,"name":"Accueil","item":"https:\/\/www.archimede-aquafitness.com\/fr\/"},{"@type":"ListItem","position":2,"name":"Accessibilit\u00e9 handicap\u00e9"}]},{"@type":"WebSite","@id":"https:\/\/www.archimede-aquafitness.com\/fr\/#website","url":"https:\/\/www.archimede-aquafitness.com\/fr\/","name":"Archimede Aquafitness","description":"Aquafitness is bringing wellness, physical capacity and health to a very large public","publisher":{"@id":"https:\/\/www.archimede-aquafitness.com\/fr\/#organization"},"potentialAction":[{"@type":"SearchAction","target":{"@type":"EntryPoint","urlTemplate":"https:\/\/www.archimede-aquafitness.com\/fr\/?s={search_term_string}"},"query-input":{"@type":"PropertyValueSpecification","valueRequired":true,"valueName":"search_term_string"}}],"inLanguage":"fr-FR"},{"@type":"Organization","@id":"https:\/\/www.archimede-aquafitness.com\/fr\/#organization","name":"Archim\u00e8de AquaFitness \/ JOINTEC","url":"https:\/\/www.archimede-aquafitness.com\/fr\/","logo":{"@type":"ImageObject","inLanguage":"fr-FR","@id":"https:\/\/www.archimede-aquafitness.com\/fr\/#\/schema\/logo\/image\/","url":"https:\/\/www.archimede-aquafitness.com\/wp-content\/uploads\/2015\/09\/logo-archimede-aquafitness.png","contentUrl":"https:\/\/www.archimede-aquafitness.com\/wp-content\/uploads\/2015\/09\/logo-archimede-aquafitness.png","width":308,"height":88,"caption":"Archim\u00e8de AquaFitness \/ JOINTEC"},"image":{"@id":"https:\/\/www.archimede-aquafitness.com\/fr\/#\/schema\/logo\/image\/"}}]}},"_links":{"self":[{"href":"https:\/\/www.archimede-aquafitness.com\/fr\/wp-json\/wp\/v2\/pages\/16990","targetHints":{"allow":["GET"]}}],"collection":[{"href":"https:\/\/www.archimede-aquafitness.com\/fr\/wp-json\/wp\/v2\/pages"}],"about":[{"href":"https:\/\/www.archimede-aquafitness.com\/fr\/wp-json\/wp\/v2\/types\/page"}],"author":[{"embeddable":true,"href":"https:\/\/www.archimede-aquafitness.com\/fr\/wp-json\/wp\/v2\/users\/4"}],"replies":[{"embeddable":true,"href":"https:\/\/www.archimede-aquafitness.com\/fr\/wp-json\/wp\/v2\/comments?post=16990"}],"version-history":[{"count":1,"href":"https:\/\/www.archimede-aquafitness.com\/fr\/wp-json\/wp\/v2\/pages\/16990\/revisions"}],"predecessor-version":[{"id":17411,"href":"https:\/\/www.archimede-aquafitness.com\/fr\/wp-json\/wp\/v2\/pages\/16990\/revisions\/17411"}],"wp:attachment":[{"href":"https:\/\/www.archimede-aquafitness.com\/fr\/wp-json\/wp\/v2\/media?parent=16990"}],"curies":[{"name":"wp","href":"https:\/\/api.w.org\/{rel}","templated":true}]}}