{"id":313,"date":"2015-09-06T10:30:29","date_gmt":"2015-09-06T09:30:29","guid":{"rendered":"https:\/\/www.archimede-aquafitness.com\/fr\/?page_id=313"},"modified":"2015-09-06T14:09:19","modified_gmt":"2015-09-06T13:09:19","slug":"conditions-utilisation","status":"publish","type":"page","link":"https:\/\/www.archimede-aquafitness.com\/fr\/conditions-utilisation\/","title":{"rendered":"Conditions d&rsquo;utilisation"},"content":{"rendered":"<h1>CONDITIONS D&rsquo;UTILISATION<\/h1>\n<h3>Acc\u00e8s au site<\/h3>\n<p>L\u2019utilisateur de ce site reconna\u00eet disposer de la comp\u00e9tence et des moyens n\u00e9cessaires pour acc\u00e9der et utiliser ce site. \u00abARCHIMEDE &#8211; JOINTEC FRANCE \u00bb ne saurait \u00eatre tenu responsable des \u00e9l\u00e9ments en dehors de son contr\u00f4le et des dommages qui pourraient \u00e9ventuellement \u00eatre subis par l\u2019environnement technique de l\u2019utilisateur et notamment, ses ordinateurs, logiciels, \u00e9quipements r\u00e9seaux et tout autre mat\u00e9riel utilis\u00e9 pour acc\u00e9der ou utiliser le service et\/ou les informations. Il est rappel\u00e9 que le fait d\u2019acc\u00e9der ou de se maintenir frauduleusement dans un syst\u00e8me informatique, d\u2019entraver ou de fausser le fonctionnement d\u2019un tel syst\u00e8me, d\u2019introduire ou de modifier frauduleusement des donn\u00e9es dans un syst\u00e8me informatique constituent des d\u00e9lits passibles de sanctions p\u00e9nales. L\u2019acc\u00e8s au site \u00ab\u00a0<a title=\"Site internet de Graphik Impact\" href=\"https:\/\/www.archimede-aquafitness.com\/fr\/\">www.archimede-aquafitness.com<\/a>\u00a0\u00bb est gratuit. Les frais d\u2019acc\u00e8s et d\u2019utilisation du r\u00e9seau de t\u00e9l\u00e9communication sont \u00e0 la charge du client, selon les modalit\u00e9s fix\u00e9es par ses fournisseurs d\u2019acc\u00e8s et\/ou op\u00e9rateurs de t\u00e9l\u00e9communication.<\/p>\n<p>&nbsp;<\/p>\n<h3>Donn\u00e9es personnelles<\/h3>\n<p>Les informations vous concernant sont enregistr\u00e9es et trait\u00e9es en toute confidentialit\u00e9 par \u00ab ARCHIMEDE &#8211; JOINTEC FRANCE\u00a0\u00bb. Elles ne seront utilis\u00e9es que pour satisfaire aux obligations l\u00e9gales et r\u00e9glementaires. Elles pourront donner lieu \u00e0 l\u2019exercice du droit d\u2019acc\u00e8s, de modification, de rectification et de suppression dans les conditions pr\u00e9vues par la loi n\u00b0 78-17 du 6 janvier 1978 relative \u00e0 l\u2019informatique, aux fichiers et aux libert\u00e9s.<\/p>\n<p>&nbsp;<\/p>\n<h3>Liens hypertextes<\/h3>\n<p>La cr\u00e9ation de liens hypertextes vers le site \u00ab<a title=\"Site internet de Graphik Impact\" href=\"https:\/\/www.archimede-aquafitness.com\/fr\/\">www.archimede-aquafitness.com<\/a>\u00bb est soumis \u00e0 l\u2019accord pr\u00e9alable du responsable de la publication. Les liens hypertextes \u00e9tablis en direction d\u2019autres sites ne sauraient, en aucun cas, engager la responsabilit\u00e9 de \u00abARCHIMEDE &#8211; JOINTEC FRANCE \u00bb.<\/p>\n<p>&nbsp;<\/p>\n<h3>Informations techniques<\/h3>\n<p>Il est rappel\u00e9 que le secret des correspondances n\u2019est pas garanti sur le r\u00e9seau Internet. L\u2019internaute est inform\u00e9 que lors de son acc\u00e8s au site, des \u00ab\u00a0cookies\u00a0\u00bb (fichiers texte employ\u00e9s pour enregistrer des informations sur le visiteur ou sur son parcours sur le site) sont utilis\u00e9s afin de permettre de l\u2019identifier et de conserver les informations saisies pendant toute la dur\u00e9e de sa connexion. Les informations contenues dans ce site sont susceptibles d\u2019\u00eatre modifi\u00e9es sans pr\u00e9avis.<\/p>\n<p>&nbsp;<\/p>\n<h3>Droits d\u2019auteurs<\/h3>\n<p>Tous les logos, marques et noms cit\u00e9s sont la propri\u00e9t\u00e9 de leurs d\u00e9tenteurs respectifs. Les ic\u00f4nes et photographies du site sont r\u00e9alis\u00e9es par \u00abARCHIMEDE &#8211; JOINTEC FRANCE \u00bb ou emprunt\u00e9es sur des banques d\u2019images libres de droit. \u00abARCHIMEDE &#8211; JOINTEC FRANCE \u00bb met un point d\u2019honneur \u00e0 respecter les droits d\u2019auteurs. Si malgr\u00e9 notre attention vous trouviez sur ce site un contenu non libre de diffusion ou dont les informations sont erron\u00e9es, vous pouvez nous en faire part en utilisant le menu \u00ab\u00a0Contact\u00a0\u00bb. La reproduction ou repr\u00e9sentation, int\u00e9grale ou partielle des pages, des donn\u00e9es et de tout autre \u00e9l\u00e9ment constitutif du site \u00abARCHIMEDE &#8211; JOINTEC FRANCE \u00bb, par quelque proc\u00e9d\u00e9 ou support que ce soit, est interdite et constitue, sans autorisation de l\u2019\u00e9diteur, une contrefa\u00e7on.<\/p>\n","protected":false},"excerpt":{"rendered":"<p>CONDITIONS D&rsquo;UTILISATION Acc\u00e8s au site L\u2019utilisateur de ce site reconna\u00eet disposer de la comp\u00e9tence et des moyens n\u00e9cessaires pour acc\u00e9der et utiliser ce site. \u00abARCHIMEDE &#8211; JOINTEC FRANCE \u00bb ne saurait \u00eatre tenu responsable des \u00e9l\u00e9ments en dehors de son contr\u00f4le et des dommages qui pourraient \u00e9ventuellement \u00eatre subis par l\u2019environnement technique de l\u2019utilisateur et [&hellip;]<\/p>\n","protected":false},"author":4,"featured_media":0,"parent":0,"menu_order":0,"comment_status":"closed","ping_status":"closed","template":"","meta":{"footnotes":""},"class_list":["post-313","page","type-page","status-publish","hentry"],"yoast_head":"<!-- This site is optimized with the Yoast SEO plugin v27.6 - https:\/\/yoast.com\/product\/yoast-seo-wordpress\/ -->\n<title>Conditions d&#039;utilisation<\/title>\n<meta name=\"description\" content=\"Conditions d&#039;utilisation du site Archimede-Aquafitness.com\" \/>\n<meta name=\"robots\" content=\"index, follow, max-snippet:-1, max-image-preview:large, max-video-preview:-1\" \/>\n<link rel=\"canonical\" href=\"https:\/\/www.archimede-aquafitness.com\/fr\/conditions-utilisation\/\" \/>\n<meta property=\"og:locale\" content=\"fr_FR\" \/>\n<meta property=\"og:type\" content=\"article\" \/>\n<meta property=\"og:title\" content=\"Conditions d&#039;utilisation\" \/>\n<meta property=\"og:description\" content=\"Conditions d&#039;utilisation du site Archimede-Aquafitness.com\" \/>\n<meta property=\"og:url\" content=\"https:\/\/www.archimede-aquafitness.com\/fr\/conditions-utilisation\/\" \/>\n<meta property=\"og:site_name\" content=\"Archimede Aquafitness\" \/>\n<meta property=\"article:modified_time\" content=\"2015-09-06T13:09:19+00:00\" \/>\n<meta name=\"twitter:card\" content=\"summary_large_image\" \/>\n<meta name=\"twitter:label1\" content=\"Dur\u00e9e de lecture estim\u00e9e\" \/>\n\t<meta name=\"twitter:data1\" content=\"3 minutes\" \/>\n<script type=\"application\/ld+json\" class=\"yoast-schema-graph\">{\"@context\":\"https:\\\/\\\/schema.org\",\"@graph\":[{\"@type\":\"WebPage\",\"@id\":\"https:\\\/\\\/www.archimede-aquafitness.com\\\/fr\\\/conditions-utilisation\\\/\",\"url\":\"https:\\\/\\\/www.archimede-aquafitness.com\\\/fr\\\/conditions-utilisation\\\/\",\"name\":\"Conditions d'utilisation\",\"isPartOf\":{\"@id\":\"https:\\\/\\\/www.archimede-aquafitness.com\\\/fr\\\/#website\"},\"datePublished\":\"2015-09-06T09:30:29+00:00\",\"dateModified\":\"2015-09-06T13:09:19+00:00\",\"description\":\"Conditions d'utilisation du site Archimede-Aquafitness.com\",\"breadcrumb\":{\"@id\":\"https:\\\/\\\/www.archimede-aquafitness.com\\\/fr\\\/conditions-utilisation\\\/#breadcrumb\"},\"inLanguage\":\"fr-FR\",\"potentialAction\":[{\"@type\":\"ReadAction\",\"target\":[\"https:\\\/\\\/www.archimede-aquafitness.com\\\/fr\\\/conditions-utilisation\\\/\"]}]},{\"@type\":\"BreadcrumbList\",\"@id\":\"https:\\\/\\\/www.archimede-aquafitness.com\\\/fr\\\/conditions-utilisation\\\/#breadcrumb\",\"itemListElement\":[{\"@type\":\"ListItem\",\"position\":1,\"name\":\"Accueil\",\"item\":\"https:\\\/\\\/www.archimede-aquafitness.com\\\/fr\\\/\"},{\"@type\":\"ListItem\",\"position\":2,\"name\":\"Conditions d&rsquo;utilisation\"}]},{\"@type\":\"WebSite\",\"@id\":\"https:\\\/\\\/www.archimede-aquafitness.com\\\/fr\\\/#website\",\"url\":\"https:\\\/\\\/www.archimede-aquafitness.com\\\/fr\\\/\",\"name\":\"Archimede Aquafitness\",\"description\":\"Aquafitness is bringing wellness, physical capacity and health to a very large public\",\"publisher\":{\"@id\":\"https:\\\/\\\/www.archimede-aquafitness.com\\\/fr\\\/#organization\"},\"potentialAction\":[{\"@type\":\"SearchAction\",\"target\":{\"@type\":\"EntryPoint\",\"urlTemplate\":\"https:\\\/\\\/www.archimede-aquafitness.com\\\/fr\\\/?s={search_term_string}\"},\"query-input\":{\"@type\":\"PropertyValueSpecification\",\"valueRequired\":true,\"valueName\":\"search_term_string\"}}],\"inLanguage\":\"fr-FR\"},{\"@type\":\"Organization\",\"@id\":\"https:\\\/\\\/www.archimede-aquafitness.com\\\/fr\\\/#organization\",\"name\":\"Archim\u00e8de AquaFitness \\\/ JOINTEC\",\"url\":\"https:\\\/\\\/www.archimede-aquafitness.com\\\/fr\\\/\",\"logo\":{\"@type\":\"ImageObject\",\"inLanguage\":\"fr-FR\",\"@id\":\"https:\\\/\\\/www.archimede-aquafitness.com\\\/fr\\\/#\\\/schema\\\/logo\\\/image\\\/\",\"url\":\"https:\\\/\\\/www.archimede-aquafitness.com\\\/wp-content\\\/uploads\\\/2015\\\/09\\\/logo-archimede-aquafitness.png\",\"contentUrl\":\"https:\\\/\\\/www.archimede-aquafitness.com\\\/wp-content\\\/uploads\\\/2015\\\/09\\\/logo-archimede-aquafitness.png\",\"width\":308,\"height\":88,\"caption\":\"Archim\u00e8de AquaFitness \\\/ JOINTEC\"},\"image\":{\"@id\":\"https:\\\/\\\/www.archimede-aquafitness.com\\\/fr\\\/#\\\/schema\\\/logo\\\/image\\\/\"}}]}<\/script>\n<!-- \/ Yoast SEO plugin. -->","yoast_head_json":{"title":"Conditions d'utilisation","description":"Conditions d'utilisation du site Archimede-Aquafitness.com","robots":{"index":"index","follow":"follow","max-snippet":"max-snippet:-1","max-image-preview":"max-image-preview:large","max-video-preview":"max-video-preview:-1"},"canonical":"https:\/\/www.archimede-aquafitness.com\/fr\/conditions-utilisation\/","og_locale":"fr_FR","og_type":"article","og_title":"Conditions d'utilisation","og_description":"Conditions d'utilisation du site Archimede-Aquafitness.com","og_url":"https:\/\/www.archimede-aquafitness.com\/fr\/conditions-utilisation\/","og_site_name":"Archimede Aquafitness","article_modified_time":"2015-09-06T13:09:19+00:00","twitter_card":"summary_large_image","twitter_misc":{"Dur\u00e9e de lecture estim\u00e9e":"3 minutes"},"schema":{"@context":"https:\/\/schema.org","@graph":[{"@type":"WebPage","@id":"https:\/\/www.archimede-aquafitness.com\/fr\/conditions-utilisation\/","url":"https:\/\/www.archimede-aquafitness.com\/fr\/conditions-utilisation\/","name":"Conditions d'utilisation","isPartOf":{"@id":"https:\/\/www.archimede-aquafitness.com\/fr\/#website"},"datePublished":"2015-09-06T09:30:29+00:00","dateModified":"2015-09-06T13:09:19+00:00","description":"Conditions d'utilisation du site Archimede-Aquafitness.com","breadcrumb":{"@id":"https:\/\/www.archimede-aquafitness.com\/fr\/conditions-utilisation\/#breadcrumb"},"inLanguage":"fr-FR","potentialAction":[{"@type":"ReadAction","target":["https:\/\/www.archimede-aquafitness.com\/fr\/conditions-utilisation\/"]}]},{"@type":"BreadcrumbList","@id":"https:\/\/www.archimede-aquafitness.com\/fr\/conditions-utilisation\/#breadcrumb","itemListElement":[{"@type":"ListItem","position":1,"name":"Accueil","item":"https:\/\/www.archimede-aquafitness.com\/fr\/"},{"@type":"ListItem","position":2,"name":"Conditions d&rsquo;utilisation"}]},{"@type":"WebSite","@id":"https:\/\/www.archimede-aquafitness.com\/fr\/#website","url":"https:\/\/www.archimede-aquafitness.com\/fr\/","name":"Archimede Aquafitness","description":"Aquafitness is bringing wellness, physical capacity and health to a very large public","publisher":{"@id":"https:\/\/www.archimede-aquafitness.com\/fr\/#organization"},"potentialAction":[{"@type":"SearchAction","target":{"@type":"EntryPoint","urlTemplate":"https:\/\/www.archimede-aquafitness.com\/fr\/?s={search_term_string}"},"query-input":{"@type":"PropertyValueSpecification","valueRequired":true,"valueName":"search_term_string"}}],"inLanguage":"fr-FR"},{"@type":"Organization","@id":"https:\/\/www.archimede-aquafitness.com\/fr\/#organization","name":"Archim\u00e8de AquaFitness \/ JOINTEC","url":"https:\/\/www.archimede-aquafitness.com\/fr\/","logo":{"@type":"ImageObject","inLanguage":"fr-FR","@id":"https:\/\/www.archimede-aquafitness.com\/fr\/#\/schema\/logo\/image\/","url":"https:\/\/www.archimede-aquafitness.com\/wp-content\/uploads\/2015\/09\/logo-archimede-aquafitness.png","contentUrl":"https:\/\/www.archimede-aquafitness.com\/wp-content\/uploads\/2015\/09\/logo-archimede-aquafitness.png","width":308,"height":88,"caption":"Archim\u00e8de AquaFitness \/ JOINTEC"},"image":{"@id":"https:\/\/www.archimede-aquafitness.com\/fr\/#\/schema\/logo\/image\/"}}]}},"_links":{"self":[{"href":"https:\/\/www.archimede-aquafitness.com\/fr\/wp-json\/wp\/v2\/pages\/313","targetHints":{"allow":["GET"]}}],"collection":[{"href":"https:\/\/www.archimede-aquafitness.com\/fr\/wp-json\/wp\/v2\/pages"}],"about":[{"href":"https:\/\/www.archimede-aquafitness.com\/fr\/wp-json\/wp\/v2\/types\/page"}],"author":[{"embeddable":true,"href":"https:\/\/www.archimede-aquafitness.com\/fr\/wp-json\/wp\/v2\/users\/4"}],"replies":[{"embeddable":true,"href":"https:\/\/www.archimede-aquafitness.com\/fr\/wp-json\/wp\/v2\/comments?post=313"}],"version-history":[{"count":0,"href":"https:\/\/www.archimede-aquafitness.com\/fr\/wp-json\/wp\/v2\/pages\/313\/revisions"}],"wp:attachment":[{"href":"https:\/\/www.archimede-aquafitness.com\/fr\/wp-json\/wp\/v2\/media?parent=313"}],"curies":[{"name":"wp","href":"https:\/\/api.w.org\/{rel}","templated":true}]}}