{"id":347,"date":"2015-09-06T09:57:13","date_gmt":"2015-09-06T08:57:13","guid":{"rendered":"https:\/\/www.archimede-aquafitness.com\/fr\/?page_id=347"},"modified":"2024-09-30T16:38:42","modified_gmt":"2024-09-30T15:38:42","slug":"aquafitness","status":"publish","type":"page","link":"https:\/\/www.archimede-aquafitness.com\/fr\/aquafitness\/","title":{"rendered":"Aquafitness"},"content":{"rendered":"[mk_page_section full_width=\u00a0\u00bbtrue\u00a0\u00bb padding_top=\u00a0\u00bb0&Prime; padding_bottom=\u00a0\u00bb0&Prime; predefined_bg=\u00a0\u00bb\u00a0\u00bb first_page=\u00a0\u00bbtrue\u00a0\u00bb last_page=\u00a0\u00bbtrue\u00a0\u00bb sidebar=\u00a0\u00bbsidebar-1&Prime;][vc_column][mk_gallery images=\u00a0\u00bb14657,14833,14669,14673,14837,14665&Prime; custom_links=\u00a0\u00bbvelo-de-piscine-aquabike,aquatraining,velo-elliptique,tapis-de-course-aquatique,trampoline,barre-d-aquajumping\u00a0\u00bb column=\u00a0\u00bb6&Prime; image_size=\u00a0\u00bbfull\u00a0\u00bb hover_scenarios=\u00a0\u00bboverlay_layer\u00a0\u00bb overlay_color=\u00a0\u00bbrgba(30,115,190,0.49)\u00a0\u00bb item_spacing=\u00a0\u00bb0&Prime; margin_bottom=\u00a0\u00bb0&Prime; frame_style=\u00a0\u00bbgrid\u00a0\u00bb orderby=\u00a0\u00bbpost__in\u00a0\u00bb image_quality=\u00a0\u00bb1&Prime; item_id=\u00a0\u00bb1441890654-55f1815e65d4c\u00a0\u00bb][\/vc_column][\/mk_page_section][mk_page_section bg_color=\u00a0\u00bb#ffffff\u00a0\u00bb min_height=\u00a0\u00bb30&Prime; padding_bottom=\u00a0\u00bb0&Prime; first_page=\u00a0\u00bbtrue\u00a0\u00bb last_page=\u00a0\u00bbtrue\u00a0\u00bb sidebar=\u00a0\u00bbsidebar-1&Prime;][vc_column css=\u00a0\u00bb.vc_custom_1484646554035{padding-left: 50px !important;}\u00a0\u00bb][vc_accordions style=\u00a0\u00bbsimple-style\u00a0\u00bb action_style=\u00a0\u00bbtoggle-action\u00a0\u00bb container_bg_color=\u00a0\u00bb#ffffff\u00a0\u00bb][vc_accordion_tab title=\u00a0\u00bbEn savoir plus\u00a0\u00bb][vc_column_text css=\u00a0\u00bb.vc_custom_1554794615386{margin-bottom: 0px !important;}\u00a0\u00bb]\n<h1 style=\"font-size: 50px;text-align: center\"><span style=\"color: #000000\">L&rsquo;AQUAFITNESS<\/span><\/h1>\n<p style=\"font-size: 18px;text-align: center\"><span style=\"color: #000000\"><br \/>\nL&rsquo;<strong>aquafitness<\/strong>\u00a0est une variante de l&rsquo;<b>aquagym<\/b>. C&rsquo;est un sport doux et efficace pour le poids, le souffle, la circulation, l&rsquo;\u00e9limination, la colonne&#8230; que l&rsquo;on peut pratiquer en solo comme en\u00a0<strong>circuit training aquatique<\/strong> (<strong>entrainement en piscine<\/strong>).<\/span><\/p>\n<p style=\"font-size: 18px;text-align: center\"><span style=\"color: #000000\">C&rsquo;est la cl\u00e9 du bien-\u00eatre, de la forme, de la sant\u00e9 pour la femme, le s\u00e9dentaire, le s\u00e9nior, le sportif de tous \u00e2ges.<\/span><\/p>\n<h2 style=\"text-align: center;font-size: 50px\"><span style=\"color: #000000\">ARCHIMEDE<\/span><\/h2>\n<p style=\"font-size: 18px;text-align: center\"><span style=\"color: #000000\"><br \/>\n<\/span><span style=\"color: #000000\">Jointec, fabriquant fran\u00e7ais d&rsquo;aquabike, d\u00e9veloppe la marque <strong>Archim\u00e8de<\/strong>.<br \/>\nSa large gamme de mat\u00e9riels made in France (<strong>aquabike<\/strong> ou <strong>v\u00e9lo de piscine<\/strong>, <strong>v\u00e9los elliptique de piscine<\/strong>, <strong>tapis de course aquatique<\/strong>, <strong>trampoline de piscine<\/strong>, <strong>pole dance<\/strong>\u2026) pour le grand public et pour l\u2019handicap\u00e9 (en piscine priv\u00e9 ou publique), ses vid\u00e9os, ses sessions de formation par ses coachs et ses kin\u00e9s.<\/span><\/p>\n<h2 style=\"text-align: center;font-size: 50px\"><span style=\"color: #000000\">Leader du march\u00e9<\/span><\/h2>\n<p style=\"font-size: 22px;text-align: center\"><span style=\"color: #000000\">sales@archimede-aquafitness.com<\/span><\/p>\n[\/vc_column_text][\/vc_accordion_tab][\/vc_accordions][\/vc_column][\/mk_page_section]\n","protected":false},"excerpt":{"rendered":"<p>[mk_page_section full_width=\u00a0\u00bbtrue\u00a0\u00bb padding_top=\u00a0\u00bb0&Prime; padding_bottom=\u00a0\u00bb0&Prime; predefined_bg=\u00a0\u00bb\u00a0\u00bb first_page=\u00a0\u00bbtrue\u00a0\u00bb last_page=\u00a0\u00bbtrue\u00a0\u00bb sidebar=\u00a0\u00bbsidebar-1&Prime;][vc_column][mk_gallery images=\u00a0\u00bb14657,14833,14669,14673,14837,14665&Prime; custom_links=\u00a0\u00bbvelo-de-piscine-aquabike,aquatraining,velo-elliptique,tapis-de-course-aquatique,trampoline,barre-d-aquajumping\u00a0\u00bb column=\u00a0\u00bb6&Prime; image_size=\u00a0\u00bbfull\u00a0\u00bb hover_scenarios=\u00a0\u00bboverlay_layer\u00a0\u00bb overlay_color=\u00a0\u00bbrgba(30,115,190,0.49)\u00a0\u00bb item_spacing=\u00a0\u00bb0&Prime; margin_bottom=\u00a0\u00bb0&Prime; frame_style=\u00a0\u00bbgrid\u00a0\u00bb orderby=\u00a0\u00bbpost__in\u00a0\u00bb image_quality=\u00a0\u00bb1&Prime; item_id=\u00a0\u00bb1441890654-55f1815e65d4c\u00a0\u00bb][\/vc_column][\/mk_page_section][mk_page_section bg_color=\u00a0\u00bb#ffffff\u00a0\u00bb min_height=\u00a0\u00bb30&Prime; padding_bottom=\u00a0\u00bb0&Prime; first_page=\u00a0\u00bbtrue\u00a0\u00bb last_page=\u00a0\u00bbtrue\u00a0\u00bb sidebar=\u00a0\u00bbsidebar-1&Prime;][vc_column css=\u00a0\u00bb.vc_custom_1484646554035{padding-left: 50px !important;}\u00a0\u00bb][vc_accordions style=\u00a0\u00bbsimple-style\u00a0\u00bb action_style=\u00a0\u00bbtoggle-action\u00a0\u00bb container_bg_color=\u00a0\u00bb#ffffff\u00a0\u00bb][vc_accordion_tab title=\u00a0\u00bbEn savoir plus\u00a0\u00bb][vc_column_text css=\u00a0\u00bb.vc_custom_1554794615386{margin-bottom: 0px !important;}\u00a0\u00bb] L&rsquo;AQUAFITNESS L&rsquo;aquafitness\u00a0est une variante de l&rsquo;aquagym. C&rsquo;est un sport doux et efficace pour le poids, le souffle, [&hellip;]<\/p>\n","protected":false},"author":4,"featured_media":0,"parent":0,"menu_order":0,"comment_status":"closed","ping_status":"closed","template":"","meta":{"footnotes":""},"class_list":["post-347","page","type-page","status-publish","hentry"],"yoast_head":"<!-- This site is optimized with the Yoast SEO plugin v27.0 - https:\/\/yoast.com\/product\/yoast-seo-wordpress\/ -->\n<title>Aquafitness par la soci\u00e9t\u00e9 Jointec | Archim\u00e8de Aquafitness<\/title>\n<meta name=\"description\" content=\"Archimede - la gamme d&#039;\u00e9quipements d&#039;aquafitness (ou fitness en piscine) pour vos activit\u00e9es aquatiques. Aquabike, v\u00e9lo elliptique de piscine, trampoline\" \/>\n<meta name=\"robots\" content=\"index, follow, max-snippet:-1, max-image-preview:large, max-video-preview:-1\" \/>\n<link rel=\"canonical\" href=\"https:\/\/www.archimede-aquafitness.com\/fr\/aquafitness\/\" \/>\n<meta property=\"og:locale\" content=\"fr_FR\" \/>\n<meta property=\"og:type\" content=\"article\" \/>\n<meta property=\"og:title\" content=\"Aquafitness par la soci\u00e9t\u00e9 Jointec | Archim\u00e8de Aquafitness\" \/>\n<meta property=\"og:description\" content=\"Archimede - la gamme d&#039;\u00e9quipements d&#039;aquafitness (ou fitness en piscine) pour vos activit\u00e9es aquatiques. Aquabike, v\u00e9lo elliptique de piscine, trampoline\" \/>\n<meta property=\"og:url\" content=\"https:\/\/www.archimede-aquafitness.com\/fr\/aquafitness\/\" \/>\n<meta property=\"og:site_name\" content=\"Archimede Aquafitness\" \/>\n<meta property=\"article:modified_time\" content=\"2024-09-30T15:38:42+00:00\" \/>\n<meta name=\"twitter:card\" content=\"summary_large_image\" \/>\n<meta name=\"twitter:label1\" content=\"Dur\u00e9e de lecture estim\u00e9e\" \/>\n\t<meta name=\"twitter:data1\" content=\"1 minute\" \/>\n<script type=\"application\/ld+json\" class=\"yoast-schema-graph\">{\"@context\":\"https:\/\/schema.org\",\"@graph\":[{\"@type\":\"WebPage\",\"@id\":\"https:\/\/www.archimede-aquafitness.com\/fr\/aquafitness\/\",\"url\":\"https:\/\/www.archimede-aquafitness.com\/fr\/aquafitness\/\",\"name\":\"Aquafitness par la soci\u00e9t\u00e9 Jointec | Archim\u00e8de Aquafitness\",\"isPartOf\":{\"@id\":\"https:\/\/www.archimede-aquafitness.com\/fr\/#website\"},\"datePublished\":\"2015-09-06T08:57:13+00:00\",\"dateModified\":\"2024-09-30T15:38:42+00:00\",\"description\":\"Archimede - la gamme d'\u00e9quipements d'aquafitness (ou fitness en piscine) pour vos activit\u00e9es aquatiques. Aquabike, v\u00e9lo elliptique de piscine, trampoline\",\"breadcrumb\":{\"@id\":\"https:\/\/www.archimede-aquafitness.com\/fr\/aquafitness\/#breadcrumb\"},\"inLanguage\":\"fr-FR\",\"potentialAction\":[{\"@type\":\"ReadAction\",\"target\":[\"https:\/\/www.archimede-aquafitness.com\/fr\/aquafitness\/\"]}]},{\"@type\":\"BreadcrumbList\",\"@id\":\"https:\/\/www.archimede-aquafitness.com\/fr\/aquafitness\/#breadcrumb\",\"itemListElement\":[{\"@type\":\"ListItem\",\"position\":1,\"name\":\"Accueil\",\"item\":\"https:\/\/www.archimede-aquafitness.com\/fr\/\"},{\"@type\":\"ListItem\",\"position\":2,\"name\":\"Aquafitness\"}]},{\"@type\":\"WebSite\",\"@id\":\"https:\/\/www.archimede-aquafitness.com\/fr\/#website\",\"url\":\"https:\/\/www.archimede-aquafitness.com\/fr\/\",\"name\":\"Archimede Aquafitness\",\"description\":\"Aquafitness is bringing wellness, physical capacity and health to a very large public\",\"publisher\":{\"@id\":\"https:\/\/www.archimede-aquafitness.com\/fr\/#organization\"},\"potentialAction\":[{\"@type\":\"SearchAction\",\"target\":{\"@type\":\"EntryPoint\",\"urlTemplate\":\"https:\/\/www.archimede-aquafitness.com\/fr\/?s={search_term_string}\"},\"query-input\":{\"@type\":\"PropertyValueSpecification\",\"valueRequired\":true,\"valueName\":\"search_term_string\"}}],\"inLanguage\":\"fr-FR\"},{\"@type\":\"Organization\",\"@id\":\"https:\/\/www.archimede-aquafitness.com\/fr\/#organization\",\"name\":\"Archim\u00e8de AquaFitness \/ JOINTEC\",\"url\":\"https:\/\/www.archimede-aquafitness.com\/fr\/\",\"logo\":{\"@type\":\"ImageObject\",\"inLanguage\":\"fr-FR\",\"@id\":\"https:\/\/www.archimede-aquafitness.com\/fr\/#\/schema\/logo\/image\/\",\"url\":\"https:\/\/www.archimede-aquafitness.com\/wp-content\/uploads\/2015\/09\/logo-archimede-aquafitness.png\",\"contentUrl\":\"https:\/\/www.archimede-aquafitness.com\/wp-content\/uploads\/2015\/09\/logo-archimede-aquafitness.png\",\"width\":308,\"height\":88,\"caption\":\"Archim\u00e8de AquaFitness \/ JOINTEC\"},\"image\":{\"@id\":\"https:\/\/www.archimede-aquafitness.com\/fr\/#\/schema\/logo\/image\/\"}}]}<\/script>\n<!-- \/ Yoast SEO plugin. -->","yoast_head_json":{"title":"Aquafitness par la soci\u00e9t\u00e9 Jointec | Archim\u00e8de Aquafitness","description":"Archimede - la gamme d'\u00e9quipements d'aquafitness (ou fitness en piscine) pour vos activit\u00e9es aquatiques. Aquabike, v\u00e9lo elliptique de piscine, trampoline","robots":{"index":"index","follow":"follow","max-snippet":"max-snippet:-1","max-image-preview":"max-image-preview:large","max-video-preview":"max-video-preview:-1"},"canonical":"https:\/\/www.archimede-aquafitness.com\/fr\/aquafitness\/","og_locale":"fr_FR","og_type":"article","og_title":"Aquafitness par la soci\u00e9t\u00e9 Jointec | Archim\u00e8de Aquafitness","og_description":"Archimede - la gamme d'\u00e9quipements d'aquafitness (ou fitness en piscine) pour vos activit\u00e9es aquatiques. Aquabike, v\u00e9lo elliptique de piscine, trampoline","og_url":"https:\/\/www.archimede-aquafitness.com\/fr\/aquafitness\/","og_site_name":"Archimede Aquafitness","article_modified_time":"2024-09-30T15:38:42+00:00","twitter_card":"summary_large_image","twitter_misc":{"Dur\u00e9e de lecture estim\u00e9e":"1 minute"},"schema":{"@context":"https:\/\/schema.org","@graph":[{"@type":"WebPage","@id":"https:\/\/www.archimede-aquafitness.com\/fr\/aquafitness\/","url":"https:\/\/www.archimede-aquafitness.com\/fr\/aquafitness\/","name":"Aquafitness par la soci\u00e9t\u00e9 Jointec | Archim\u00e8de Aquafitness","isPartOf":{"@id":"https:\/\/www.archimede-aquafitness.com\/fr\/#website"},"datePublished":"2015-09-06T08:57:13+00:00","dateModified":"2024-09-30T15:38:42+00:00","description":"Archimede - la gamme d'\u00e9quipements d'aquafitness (ou fitness en piscine) pour vos activit\u00e9es aquatiques. Aquabike, v\u00e9lo elliptique de piscine, trampoline","breadcrumb":{"@id":"https:\/\/www.archimede-aquafitness.com\/fr\/aquafitness\/#breadcrumb"},"inLanguage":"fr-FR","potentialAction":[{"@type":"ReadAction","target":["https:\/\/www.archimede-aquafitness.com\/fr\/aquafitness\/"]}]},{"@type":"BreadcrumbList","@id":"https:\/\/www.archimede-aquafitness.com\/fr\/aquafitness\/#breadcrumb","itemListElement":[{"@type":"ListItem","position":1,"name":"Accueil","item":"https:\/\/www.archimede-aquafitness.com\/fr\/"},{"@type":"ListItem","position":2,"name":"Aquafitness"}]},{"@type":"WebSite","@id":"https:\/\/www.archimede-aquafitness.com\/fr\/#website","url":"https:\/\/www.archimede-aquafitness.com\/fr\/","name":"Archimede Aquafitness","description":"Aquafitness is bringing wellness, physical capacity and health to a very large public","publisher":{"@id":"https:\/\/www.archimede-aquafitness.com\/fr\/#organization"},"potentialAction":[{"@type":"SearchAction","target":{"@type":"EntryPoint","urlTemplate":"https:\/\/www.archimede-aquafitness.com\/fr\/?s={search_term_string}"},"query-input":{"@type":"PropertyValueSpecification","valueRequired":true,"valueName":"search_term_string"}}],"inLanguage":"fr-FR"},{"@type":"Organization","@id":"https:\/\/www.archimede-aquafitness.com\/fr\/#organization","name":"Archim\u00e8de AquaFitness \/ JOINTEC","url":"https:\/\/www.archimede-aquafitness.com\/fr\/","logo":{"@type":"ImageObject","inLanguage":"fr-FR","@id":"https:\/\/www.archimede-aquafitness.com\/fr\/#\/schema\/logo\/image\/","url":"https:\/\/www.archimede-aquafitness.com\/wp-content\/uploads\/2015\/09\/logo-archimede-aquafitness.png","contentUrl":"https:\/\/www.archimede-aquafitness.com\/wp-content\/uploads\/2015\/09\/logo-archimede-aquafitness.png","width":308,"height":88,"caption":"Archim\u00e8de AquaFitness \/ JOINTEC"},"image":{"@id":"https:\/\/www.archimede-aquafitness.com\/fr\/#\/schema\/logo\/image\/"}}]}},"_links":{"self":[{"href":"https:\/\/www.archimede-aquafitness.com\/fr\/wp-json\/wp\/v2\/pages\/347","targetHints":{"allow":["GET"]}}],"collection":[{"href":"https:\/\/www.archimede-aquafitness.com\/fr\/wp-json\/wp\/v2\/pages"}],"about":[{"href":"https:\/\/www.archimede-aquafitness.com\/fr\/wp-json\/wp\/v2\/types\/page"}],"author":[{"embeddable":true,"href":"https:\/\/www.archimede-aquafitness.com\/fr\/wp-json\/wp\/v2\/users\/4"}],"replies":[{"embeddable":true,"href":"https:\/\/www.archimede-aquafitness.com\/fr\/wp-json\/wp\/v2\/comments?post=347"}],"version-history":[{"count":4,"href":"https:\/\/www.archimede-aquafitness.com\/fr\/wp-json\/wp\/v2\/pages\/347\/revisions"}],"predecessor-version":[{"id":17408,"href":"https:\/\/www.archimede-aquafitness.com\/fr\/wp-json\/wp\/v2\/pages\/347\/revisions\/17408"}],"wp:attachment":[{"href":"https:\/\/www.archimede-aquafitness.com\/fr\/wp-json\/wp\/v2\/media?parent=347"}],"curies":[{"name":"wp","href":"https:\/\/api.w.org\/{rel}","templated":true}]}}