{"id":388,"date":"2015-09-03T16:59:47","date_gmt":"2015-09-03T15:59:47","guid":{"rendered":"https:\/\/www.archimede-aquafitness.com\/fr\/?page_id=388"},"modified":"2015-12-23T16:49:24","modified_gmt":"2015-12-23T15:49:24","slug":"trouver-un-revendeur","status":"publish","type":"page","link":"https:\/\/www.archimede-aquafitness.com\/fr\/trouver-un-revendeur\/","title":{"rendered":"Trouver un revendeur"},"content":{"rendered":"<div class=\"wpb-content-wrapper\">[vc_row][vc_column][vc_column_text disable_pattern=\u00a0\u00bbtrue\u00a0\u00bb align=\u00a0\u00bbleft\u00a0\u00bb margin_bottom=\u00a0\u00bb0&Prime;]\n[\/vc_column_text][\/vc_column][\/vc_row][vc_row fullwidth=\u00a0\u00bbtrue\u00a0\u00bb attached=\u00a0\u00bbfalse\u00a0\u00bb padding=\u00a0\u00bb0&Prime;][vc_column width=\u00a0\u00bb1\/1&Prime;][vc_column_text disable_pattern=\u00a0\u00bbtrue\u00a0\u00bb align=\u00a0\u00bbleft\u00a0\u00bb margin_bottom=\u00a0\u00bb0&Prime;]\n<div id=\"mapplic1\"><\/div>\n[\/vc_column_text][\/vc_column][\/vc_row]\n<\/div>","protected":false},"excerpt":{"rendered":"<p>[vc_row][vc_column][vc_column_text disable_pattern=\u00a0\u00bbtrue\u00a0\u00bb align=\u00a0\u00bbleft\u00a0\u00bb margin_bottom=\u00a0\u00bb0&Prime;] [\/vc_column_text][\/vc_column][\/vc_row][vc_row fullwidth=\u00a0\u00bbtrue\u00a0\u00bb attached=\u00a0\u00bbfalse\u00a0\u00bb padding=\u00a0\u00bb0&Prime;][vc_column width=\u00a0\u00bb1\/1&Prime;][vc_column_text disable_pattern=\u00a0\u00bbtrue\u00a0\u00bb align=\u00a0\u00bbleft\u00a0\u00bb margin_bottom=\u00a0\u00bb0&Prime;] [\/vc_column_text][\/vc_column][\/vc_row]<\/p>\n","protected":false},"author":4,"featured_media":0,"parent":0,"menu_order":0,"comment_status":"closed","ping_status":"closed","template":"","meta":{"footnotes":""},"class_list":["post-388","page","type-page","status-publish","hentry"],"yoast_head":"<!-- This site is optimized with the Yoast SEO plugin v27.6 - https:\/\/yoast.com\/product\/yoast-seo-wordpress\/ -->\n<title>Trouver un revendeur | Archimede<\/title>\n<meta name=\"description\" content=\"Vous \u00eates int\u00e9ress\u00e9s par les produits Archim\u00e8de ? Vous voulez trouver un revendeur d&#039;appareils d&#039;aquafitness, d&#039;acc\u00e8s pour l&#039;handicap\u00e9 ou de r\u00e9\u00e9ducation ?\" \/>\n<meta name=\"robots\" content=\"index, follow, max-snippet:-1, max-image-preview:large, max-video-preview:-1\" \/>\n<link rel=\"canonical\" href=\"https:\/\/www.archimede-aquafitness.com\/fr\/trouver-un-revendeur\/\" \/>\n<meta property=\"og:locale\" content=\"fr_FR\" \/>\n<meta property=\"og:type\" content=\"article\" \/>\n<meta property=\"og:title\" content=\"Trouver un revendeur | Archimede\" \/>\n<meta property=\"og:description\" content=\"Vous \u00eates int\u00e9ress\u00e9s par les produits Archim\u00e8de ? Vous voulez trouver un revendeur d&#039;appareils d&#039;aquafitness, d&#039;acc\u00e8s pour l&#039;handicap\u00e9 ou de r\u00e9\u00e9ducation ?\" \/>\n<meta property=\"og:url\" content=\"https:\/\/www.archimede-aquafitness.com\/fr\/trouver-un-revendeur\/\" \/>\n<meta property=\"og:site_name\" content=\"Archimede Aquafitness\" \/>\n<meta property=\"article:modified_time\" content=\"2015-12-23T15:49:24+00:00\" \/>\n<meta name=\"twitter:card\" content=\"summary_large_image\" \/>\n<script type=\"application\/ld+json\" class=\"yoast-schema-graph\">{\"@context\":\"https:\\\/\\\/schema.org\",\"@graph\":[{\"@type\":\"WebPage\",\"@id\":\"https:\\\/\\\/www.archimede-aquafitness.com\\\/fr\\\/trouver-un-revendeur\\\/\",\"url\":\"https:\\\/\\\/www.archimede-aquafitness.com\\\/fr\\\/trouver-un-revendeur\\\/\",\"name\":\"Trouver un revendeur | Archimede\",\"isPartOf\":{\"@id\":\"https:\\\/\\\/www.archimede-aquafitness.com\\\/fr\\\/#website\"},\"datePublished\":\"2015-09-03T15:59:47+00:00\",\"dateModified\":\"2015-12-23T15:49:24+00:00\",\"description\":\"Vous \u00eates int\u00e9ress\u00e9s par les produits Archim\u00e8de ? Vous voulez trouver un revendeur d'appareils d'aquafitness, d'acc\u00e8s pour l'handicap\u00e9 ou de r\u00e9\u00e9ducation ?\",\"breadcrumb\":{\"@id\":\"https:\\\/\\\/www.archimede-aquafitness.com\\\/fr\\\/trouver-un-revendeur\\\/#breadcrumb\"},\"inLanguage\":\"fr-FR\",\"potentialAction\":[{\"@type\":\"ReadAction\",\"target\":[\"https:\\\/\\\/www.archimede-aquafitness.com\\\/fr\\\/trouver-un-revendeur\\\/\"]}]},{\"@type\":\"BreadcrumbList\",\"@id\":\"https:\\\/\\\/www.archimede-aquafitness.com\\\/fr\\\/trouver-un-revendeur\\\/#breadcrumb\",\"itemListElement\":[{\"@type\":\"ListItem\",\"position\":1,\"name\":\"Accueil\",\"item\":\"https:\\\/\\\/www.archimede-aquafitness.com\\\/fr\\\/\"},{\"@type\":\"ListItem\",\"position\":2,\"name\":\"Trouver un revendeur\"}]},{\"@type\":\"WebSite\",\"@id\":\"https:\\\/\\\/www.archimede-aquafitness.com\\\/fr\\\/#website\",\"url\":\"https:\\\/\\\/www.archimede-aquafitness.com\\\/fr\\\/\",\"name\":\"Archimede Aquafitness\",\"description\":\"Aquafitness is bringing wellness, physical capacity and health to a very large public\",\"publisher\":{\"@id\":\"https:\\\/\\\/www.archimede-aquafitness.com\\\/fr\\\/#organization\"},\"potentialAction\":[{\"@type\":\"SearchAction\",\"target\":{\"@type\":\"EntryPoint\",\"urlTemplate\":\"https:\\\/\\\/www.archimede-aquafitness.com\\\/fr\\\/?s={search_term_string}\"},\"query-input\":{\"@type\":\"PropertyValueSpecification\",\"valueRequired\":true,\"valueName\":\"search_term_string\"}}],\"inLanguage\":\"fr-FR\"},{\"@type\":\"Organization\",\"@id\":\"https:\\\/\\\/www.archimede-aquafitness.com\\\/fr\\\/#organization\",\"name\":\"Archim\u00e8de AquaFitness \\\/ JOINTEC\",\"url\":\"https:\\\/\\\/www.archimede-aquafitness.com\\\/fr\\\/\",\"logo\":{\"@type\":\"ImageObject\",\"inLanguage\":\"fr-FR\",\"@id\":\"https:\\\/\\\/www.archimede-aquafitness.com\\\/fr\\\/#\\\/schema\\\/logo\\\/image\\\/\",\"url\":\"https:\\\/\\\/www.archimede-aquafitness.com\\\/wp-content\\\/uploads\\\/2015\\\/09\\\/logo-archimede-aquafitness.png\",\"contentUrl\":\"https:\\\/\\\/www.archimede-aquafitness.com\\\/wp-content\\\/uploads\\\/2015\\\/09\\\/logo-archimede-aquafitness.png\",\"width\":308,\"height\":88,\"caption\":\"Archim\u00e8de AquaFitness \\\/ JOINTEC\"},\"image\":{\"@id\":\"https:\\\/\\\/www.archimede-aquafitness.com\\\/fr\\\/#\\\/schema\\\/logo\\\/image\\\/\"}}]}<\/script>\n<!-- \/ Yoast SEO plugin. -->","yoast_head_json":{"title":"Trouver un revendeur | Archimede","description":"Vous \u00eates int\u00e9ress\u00e9s par les produits Archim\u00e8de ? Vous voulez trouver un revendeur d'appareils d'aquafitness, d'acc\u00e8s pour l'handicap\u00e9 ou de r\u00e9\u00e9ducation ?","robots":{"index":"index","follow":"follow","max-snippet":"max-snippet:-1","max-image-preview":"max-image-preview:large","max-video-preview":"max-video-preview:-1"},"canonical":"https:\/\/www.archimede-aquafitness.com\/fr\/trouver-un-revendeur\/","og_locale":"fr_FR","og_type":"article","og_title":"Trouver un revendeur | Archimede","og_description":"Vous \u00eates int\u00e9ress\u00e9s par les produits Archim\u00e8de ? Vous voulez trouver un revendeur d'appareils d'aquafitness, d'acc\u00e8s pour l'handicap\u00e9 ou de r\u00e9\u00e9ducation ?","og_url":"https:\/\/www.archimede-aquafitness.com\/fr\/trouver-un-revendeur\/","og_site_name":"Archimede Aquafitness","article_modified_time":"2015-12-23T15:49:24+00:00","twitter_card":"summary_large_image","schema":{"@context":"https:\/\/schema.org","@graph":[{"@type":"WebPage","@id":"https:\/\/www.archimede-aquafitness.com\/fr\/trouver-un-revendeur\/","url":"https:\/\/www.archimede-aquafitness.com\/fr\/trouver-un-revendeur\/","name":"Trouver un revendeur | Archimede","isPartOf":{"@id":"https:\/\/www.archimede-aquafitness.com\/fr\/#website"},"datePublished":"2015-09-03T15:59:47+00:00","dateModified":"2015-12-23T15:49:24+00:00","description":"Vous \u00eates int\u00e9ress\u00e9s par les produits Archim\u00e8de ? Vous voulez trouver un revendeur d'appareils d'aquafitness, d'acc\u00e8s pour l'handicap\u00e9 ou de r\u00e9\u00e9ducation ?","breadcrumb":{"@id":"https:\/\/www.archimede-aquafitness.com\/fr\/trouver-un-revendeur\/#breadcrumb"},"inLanguage":"fr-FR","potentialAction":[{"@type":"ReadAction","target":["https:\/\/www.archimede-aquafitness.com\/fr\/trouver-un-revendeur\/"]}]},{"@type":"BreadcrumbList","@id":"https:\/\/www.archimede-aquafitness.com\/fr\/trouver-un-revendeur\/#breadcrumb","itemListElement":[{"@type":"ListItem","position":1,"name":"Accueil","item":"https:\/\/www.archimede-aquafitness.com\/fr\/"},{"@type":"ListItem","position":2,"name":"Trouver un revendeur"}]},{"@type":"WebSite","@id":"https:\/\/www.archimede-aquafitness.com\/fr\/#website","url":"https:\/\/www.archimede-aquafitness.com\/fr\/","name":"Archimede Aquafitness","description":"Aquafitness is bringing wellness, physical capacity and health to a very large public","publisher":{"@id":"https:\/\/www.archimede-aquafitness.com\/fr\/#organization"},"potentialAction":[{"@type":"SearchAction","target":{"@type":"EntryPoint","urlTemplate":"https:\/\/www.archimede-aquafitness.com\/fr\/?s={search_term_string}"},"query-input":{"@type":"PropertyValueSpecification","valueRequired":true,"valueName":"search_term_string"}}],"inLanguage":"fr-FR"},{"@type":"Organization","@id":"https:\/\/www.archimede-aquafitness.com\/fr\/#organization","name":"Archim\u00e8de AquaFitness \/ JOINTEC","url":"https:\/\/www.archimede-aquafitness.com\/fr\/","logo":{"@type":"ImageObject","inLanguage":"fr-FR","@id":"https:\/\/www.archimede-aquafitness.com\/fr\/#\/schema\/logo\/image\/","url":"https:\/\/www.archimede-aquafitness.com\/wp-content\/uploads\/2015\/09\/logo-archimede-aquafitness.png","contentUrl":"https:\/\/www.archimede-aquafitness.com\/wp-content\/uploads\/2015\/09\/logo-archimede-aquafitness.png","width":308,"height":88,"caption":"Archim\u00e8de AquaFitness \/ JOINTEC"},"image":{"@id":"https:\/\/www.archimede-aquafitness.com\/fr\/#\/schema\/logo\/image\/"}}]}},"_links":{"self":[{"href":"https:\/\/www.archimede-aquafitness.com\/fr\/wp-json\/wp\/v2\/pages\/388","targetHints":{"allow":["GET"]}}],"collection":[{"href":"https:\/\/www.archimede-aquafitness.com\/fr\/wp-json\/wp\/v2\/pages"}],"about":[{"href":"https:\/\/www.archimede-aquafitness.com\/fr\/wp-json\/wp\/v2\/types\/page"}],"author":[{"embeddable":true,"href":"https:\/\/www.archimede-aquafitness.com\/fr\/wp-json\/wp\/v2\/users\/4"}],"replies":[{"embeddable":true,"href":"https:\/\/www.archimede-aquafitness.com\/fr\/wp-json\/wp\/v2\/comments?post=388"}],"version-history":[{"count":0,"href":"https:\/\/www.archimede-aquafitness.com\/fr\/wp-json\/wp\/v2\/pages\/388\/revisions"}],"wp:attachment":[{"href":"https:\/\/www.archimede-aquafitness.com\/fr\/wp-json\/wp\/v2\/media?parent=388"}],"curies":[{"name":"wp","href":"https:\/\/api.w.org\/{rel}","templated":true}]}}