{"id":4946,"date":"2015-10-19T11:27:49","date_gmt":"2015-10-19T10:27:49","guid":{"rendered":"https:\/\/www.archimede-aquafitness.com\/fr\/?page_id=4946"},"modified":"2024-09-30T14:13:02","modified_gmt":"2024-09-30T13:13:02","slug":"velo-elliptique-de-piscine","status":"publish","type":"page","link":"https:\/\/www.archimede-aquafitness.com\/fr\/aquafitness\/velo-elliptique-de-piscine\/","title":{"rendered":"V\u00e9lo elliptique de piscine"},"content":{"rendered":"<div class=\"wpb-content-wrapper\">[mk_page_section bg_color=\u00a0\u00bb#eff8fb\u00a0\u00bb full_width=\u00a0\u00bbtrue\u00a0\u00bb full_height=\u00a0\u00bbtrue\u00a0\u00bb padding_top=\u00a0\u00bb0&Prime; padding_bottom=\u00a0\u00bb0&Prime; first_page=\u00a0\u00bbtrue\u00a0\u00bb last_page=\u00a0\u00bbtrue\u00a0\u00bb sidebar=\u00a0\u00bbsidebar-1&Prime;][vc_column css=\u00a0\u00bb.vc_custom_1441876823587{margin-top: -30px !important;margin-bottom: -40px !important;}\u00a0\u00bb][vc_row_inner attached=\u00a0\u00bbtrue\u00a0\u00bb padding=\u00a0\u00bb0&Prime;][vc_column_inner width=\u00a0\u00bb1\/3&Prime; css=\u00a0\u00bb.vc_custom_1441879550372{padding-top: 160px !important;padding-right: 30px !important;padding-bottom: 160px !important;padding-left: 30px !important;background-image: url(https:\/\/www.archimede-aquafitness.com\/wp-content\/uploads\/2015\/09\/page-aquabike-img-1.png?id=1109) !important;background-position: center !important;background-repeat: no-repeat !important;background-size: cover !important;}\u00a0\u00bb][vc_column_text align=\u00a0\u00bbright\u00a0\u00bb]\n<h1><span style=\"color: #ffffff;line-height: 2px\">V\u00e9lo elliptique<br \/>\nde piscine<\/span><\/h1>\n[\/vc_column_text][vc_column_text]\n<p style=\"font-size: 20px;text-align: right\"><span style=\"color: #ffffff\">La marche et la course nordique<br \/>\nstationnaires dans l&rsquo;eau.<br \/>\nLe v\u00e9lo elliptique de piscine offrent une mobilisation active a\u00e9robique<br \/>\nde tous les muscles du corps (membres inf\u00e9rieurs et sup\u00e9rieurs)<br \/>\nconsommant beaucoup de calories<\/span><\/p>\n<p style=\"font-size: 24px;text-align: right\"><span style=\"color: #ffffff\">L\u2019AQUAELLIPTIQUE : une mani\u00e8re originale de travailler ses muscles en milieu aquatique<\/span><\/p>\n[\/vc_column_text][\/vc_column_inner][vc_column_inner width=\u00a0\u00bb1\/3&Prime; css=\u00a0\u00bb.vc_custom_1441879595654{padding-top: 30px !important;padding-right: 30px !important;padding-bottom: 10px !important;padding-left: 30px !important;background-color: #eff8fb !important;}\u00a0\u00bb][vc_column_text align=\u00a0\u00bbright\u00a0\u00bb margin_bottom=\u00a0\u00bb-50&Prime;]\n<h2><span style=\"color: #018ace\">Professionnel<\/span><\/h2>\n[\/vc_column_text][vc_single_image image=\u00a0\u00bb1501&Prime; img_size=\u00a0\u00bb347&#215;401&Prime; alignment=\u00a0\u00bbcenter\u00a0\u00bb onclick=\u00a0\u00bbcustom_link\u00a0\u00bb css_animation=\u00a0\u00bbleft-to-right\u00a0\u00bb css=\u00a0\u00bb.vc_custom_1484815461100{margin-bottom: -30px !important;}\u00a0\u00bb link=\u00a0\u00bbhttps:\/\/www.archimede-aquafitness.com\/fr\/aquafitness\/velo-elliptique-de-piscine\/mano-pro\u00a0\u00bb][mk_button dimension=\u00a0\u00bbflat\u00a0\u00bb corner_style=\u00a0\u00bbfull_rounded\u00a0\u00bb size=\u00a0\u00bbmedium\u00a0\u00bb url=\u00a0\u00bbhttps:\/\/www.archimede-aquafitness.com\/fr\/aquafitness\/velo-elliptique-de-piscine\/mano-pro\u00a0\u00bb margin_top=\u00a0\u00bb30&Prime; bg_color=\u00a0\u00bb#dd3333&Prime; btn_hover_bg=\u00a0\u00bb#af2828&Prime;]&gt;<\/p>\n[\/mk_button][vc_column_text]\n<p style=\"text-align: right\">Mano Pro,<br \/>\nLe v\u00e9lo elliptique de piscine\u00a0professionnel<br \/>\nLa marche et la course nordique<br \/>\nstationnaires en eau ti\u00e8de<\/p>\n[\/vc_column_text][\/vc_column_inner][vc_column_inner width=\u00a0\u00bb1\/3&Prime; css=\u00a0\u00bb.vc_custom_1441879602695{padding-top: 30px !important;padding-right: 30px !important;padding-bottom: 10px !important;padding-left: 30px !important;background-color: #eff8fb !important;}\u00a0\u00bb][vc_column_text align=\u00a0\u00bbright\u00a0\u00bb margin_bottom=\u00a0\u00bb-50&Prime;]\n<h2><span style=\"color: #018ace\">Priv\u00e9<\/span><\/h2>\n[\/vc_column_text][vc_single_image image=\u00a0\u00bb1511&Prime; img_size=\u00a0\u00bb341&#215;411&Prime; alignment=\u00a0\u00bbcenter\u00a0\u00bb onclick=\u00a0\u00bbcustom_link\u00a0\u00bb css_animation=\u00a0\u00bbleft-to-right\u00a0\u00bb css=\u00a0\u00bb.vc_custom_1484815380505{margin-bottom: -30px !important;}\u00a0\u00bb link=\u00a0\u00bbhttps:\/\/www.archimede-aquafitness.com\/fr\/aquafitness\/velo-elliptique-de-piscine\/mano-basic\u00a0\u00bb][mk_button dimension=\u00a0\u00bbflat\u00a0\u00bb corner_style=\u00a0\u00bbfull_rounded\u00a0\u00bb size=\u00a0\u00bbmedium\u00a0\u00bb url=\u00a0\u00bbhttps:\/\/www.archimede-aquafitness.com\/fr\/aquafitness\/velo-elliptique-de-piscine\/mano-basic\u00a0\u00bb margin_top=\u00a0\u00bb30&Prime; bg_color=\u00a0\u00bb#dd3333&Prime; btn_hover_bg=\u00a0\u00bb#af2828&Prime;]&gt;<\/p>\n[\/mk_button][vc_column_text]\n<p style=\"text-align: right\">Mano Basic,<br \/>\nLa marche nordique sur<br \/>\nun v\u00e9lo elliptique aquatique simple<\/p>\n[\/vc_column_text][\/vc_column_inner][\/vc_row_inner][vc_row_inner attached=\u00a0\u00bbtrue\u00a0\u00bb padding=\u00a0\u00bb0&Prime;][vc_column_inner css=\u00a0\u00bb.vc_custom_1441879011365{padding-top: 30px !important;padding-right: 30px !important;padding-bottom: 30px !important;padding-left: 30px !important;background-color: #fcfcfc !important;}\u00a0\u00bb][vc_separator][vc_column_text align=\u00a0\u00bbcenter\u00a0\u00bb]\n<h3 style=\"font-size: 36px;text-align: center\"><span style=\"color: #018ace\">Voir les autres produits de la gamme aquafitness<\/span><\/h3>\n[\/vc_column_text][vc_single_image image=\u00a0\u00bb13629&Prime; img_size=\u00a0\u00bb200 x 45&Prime; alignment=\u00a0\u00bbcenter\u00a0\u00bb onclick=\u00a0\u00bbcustom_link\u00a0\u00bb css_animation=\u00a0\u00bbappear\u00a0\u00bb link=\u00a0\u00bbhttps:\/\/www.archimede-aquafitness.com\/fr\/aquafitness\u00a0\u00bb][\/vc_column_inner][\/vc_row_inner][vc_row_inner attached=\u00a0\u00bbtrue\u00a0\u00bb padding=\u00a0\u00bb0&Prime;][vc_column_inner width=\u00a0\u00bb1\/6&Prime; css=\u00a0\u00bb.vc_custom_1486483625589{margin-left: -100px !important;background-color: #fcfcfc !important;}\u00a0\u00bb]\n[\/vc_column_inner][vc_column_inner width=\u00a0\u00bb1\/6&Prime; css=\u00a0\u00bb.vc_custom_1486483617200{padding-top: 30px !important;padding-right: 30px !important;padding-bottom: 30px !important;padding-left: 30px !important;background-color: #ffffff !important;}\u00a0\u00bb][vc_single_image image=\u00a0\u00bb1205&Prime; img_size=\u00a0\u00bb153 \u00d7 217&Prime; alignment=\u00a0\u00bbcenter\u00a0\u00bb onclick=\u00a0\u00bbcustom_link\u00a0\u00bb css_animation=\u00a0\u00bbbottom-to-top\u00a0\u00bb link=\u00a0\u00bbhttps:\/\/www.archimede-aquafitness.com\/fr\/aquafitness\/velo-de-piscine-aquabike\u00a0\u00bb][vc_column_text align=\u00a0\u00bbcenter\u00a0\u00bb]\n<p>Aquabikes<\/p>\n[\/vc_column_text][vc_single_image image=\u00a0\u00bb13629&Prime; img_size=\u00a0\u00bb100 x 22&Prime; alignment=\u00a0\u00bbcenter\u00a0\u00bb onclick=\u00a0\u00bbcustom_link\u00a0\u00bb css_animation=\u00a0\u00bbappear\u00a0\u00bb link=\u00a0\u00bbhttps:\/\/www.archimede-aquafitness.com\/fr\/aquafitness\/velo-de-piscine-aquabike\u00a0\u00bb][\/vc_column_inner][vc_column_inner width=\u00a0\u00bb1\/6&Prime; css=\u00a0\u00bb.vc_custom_1486483637061{padding-top: 30px !important;padding-right: 30px !important;padding-bottom: 30px !important;padding-left: 30px !important;background-color: #ffffff !important;}\u00a0\u00bb][vc_single_image image=\u00a0\u00bb12166&Prime; img_size=\u00a0\u00bb127 \u00d7 216&Prime; alignment=\u00a0\u00bbcenter\u00a0\u00bb onclick=\u00a0\u00bbcustom_link\u00a0\u00bb css_animation=\u00a0\u00bbbottom-to-top\u00a0\u00bb css=\u00a0\u00bb\u00a0\u00bb link=\u00a0\u00bbhttps:\/\/www.archimede-aquafitness.com\/fr\/aquafitness\/aquatraining\/portique-multifonction\u00a0\u00bb][vc_column_text align=\u00a0\u00bbcenter\u00a0\u00bb]\n<p>Aquatraining<\/p>\n[\/vc_column_text][vc_single_image image=\u00a0\u00bb13629&Prime; img_size=\u00a0\u00bb100 x 22&Prime; alignment=\u00a0\u00bbcenter\u00a0\u00bb onclick=\u00a0\u00bbcustom_link\u00a0\u00bb css_animation=\u00a0\u00bbappear\u00a0\u00bb link=\u00a0\u00bbhttps:\/\/www.archimede-aquafitness.com\/fr\/aquafitness\/portique-console-daquatraining\u00a0\u00bb][\/vc_column_inner][vc_column_inner width=\u00a0\u00bb1\/6&Prime; css=\u00a0\u00bb.vc_custom_1486483644733{margin-top: 30px !important;}\u00a0\u00bb][vc_single_image image=\u00a0\u00bb1237&Prime; img_size=\u00a0\u00bb127 \u00d7 216&Prime; alignment=\u00a0\u00bbcenter\u00a0\u00bb onclick=\u00a0\u00bbcustom_link\u00a0\u00bb css_animation=\u00a0\u00bbbottom-to-top\u00a0\u00bb link=\u00a0\u00bbhttps:\/\/www.archimede-aquafitness.com\/fr\/aquafitness\/tapis-de-course\u00a0\u00bb][vc_column_text align=\u00a0\u00bbcenter\u00a0\u00bb]\n<p>Aquarunner<\/p>\n[\/vc_column_text][vc_single_image image=\u00a0\u00bb13629&Prime; img_size=\u00a0\u00bb100 x 22&Prime; alignment=\u00a0\u00bbcenter\u00a0\u00bb onclick=\u00a0\u00bbcustom_link\u00a0\u00bb css_animation=\u00a0\u00bbappear\u00a0\u00bb link=\u00a0\u00bbhttps:\/\/www.archimede-aquafitness.com\/fr\/aquafitness\/tapis-de-course\u00a0\u00bb][\/vc_column_inner][vc_column_inner width=\u00a0\u00bb1\/6&Prime; css=\u00a0\u00bb.vc_custom_1486483683219{margin-top: 30px !important;}\u00a0\u00bb][vc_single_image image=\u00a0\u00bb1229&Prime; img_size=\u00a0\u00bb112 \u00d7 226&Prime; alignment=\u00a0\u00bbcenter\u00a0\u00bb onclick=\u00a0\u00bbcustom_link\u00a0\u00bb css_animation=\u00a0\u00bbbottom-to-top\u00a0\u00bb link=\u00a0\u00bbhttps:\/\/www.archimede-aquafitness.com\/fr\/aquafitness\/trampoline\u00a0\u00bb][vc_column_text align=\u00a0\u00bbcenter\u00a0\u00bb]\n<p>Trampoline de piscine<\/p>\n[\/vc_column_text][vc_single_image image=\u00a0\u00bb13629&Prime; img_size=\u00a0\u00bb100 x 22&Prime; alignment=\u00a0\u00bbcenter\u00a0\u00bb onclick=\u00a0\u00bbcustom_link\u00a0\u00bb css_animation=\u00a0\u00bbappear\u00a0\u00bb link=\u00a0\u00bbhttps:\/\/www.archimede-aquafitness.com\/fr\/aquafitness\/trampoline\u00a0\u00bb][\/vc_column_inner][vc_column_inner width=\u00a0\u00bb1\/6&Prime; css=\u00a0\u00bb.vc_custom_1486483694854{margin-top: 25px !important;}\u00a0\u00bb][vc_single_image image=\u00a0\u00bb1221&Prime; img_size=\u00a0\u00bb193 \u00d7 217&Prime; alignment=\u00a0\u00bbcenter\u00a0\u00bb onclick=\u00a0\u00bbcustom_link\u00a0\u00bb css_animation=\u00a0\u00bbbottom-to-top\u00a0\u00bb link=\u00a0\u00bbhttps:\/\/www.archimede-aquafitness.com\/fr\/aquafitness\/barre-d-aquajumping\u00a0\u00bb][vc_column_text align=\u00a0\u00bbcenter\u00a0\u00bb]\n<p>Barre d&rsquo;aquajumping<\/p>\n[\/vc_column_text][vc_single_image image=\u00a0\u00bb13629&Prime; img_size=\u00a0\u00bb100 x 22&Prime; alignment=\u00a0\u00bbcenter\u00a0\u00bb onclick=\u00a0\u00bbcustom_link\u00a0\u00bb css_animation=\u00a0\u00bbappear\u00a0\u00bb link=\u00a0\u00bbhttps:\/\/www.archimede-aquafitness.com\/fr\/aquafitness\/barre-d-aquajumping\u00a0\u00bb][\/vc_column_inner][\/vc_row_inner][vc_row_inner attached=\u00a0\u00bbtrue\u00a0\u00bb padding=\u00a0\u00bb0&Prime;][vc_column_inner width=\u00a0\u00bb1\/3&Prime; css=\u00a0\u00bb.vc_custom_1441879011365{padding-top: 30px !important;padding-right: 30px !important;padding-bottom: 30px !important;padding-left: 30px !important;background-color: #fcfcfc !important;}\u00a0\u00bb][vc_single_image image=\u00a0\u00bb4197&Prime; img_size=\u00a0\u00bb200&#215;60&Prime; alignment=\u00a0\u00bbright\u00a0\u00bb][vc_column_text align=\u00a0\u00bbright\u00a0\u00bb]\n<h1 style=\"text-align: right\"><span style=\"color: #ff0000\">La qualit\u00e9 d\u2019excellence des produits Jointec<\/span><\/h1>\n[\/vc_column_text][vc_single_image image=\u00a0\u00bb1120&Prime; img_size=\u00a0\u00bb246&#215;53&Prime; alignment=\u00a0\u00bbright\u00a0\u00bb][vc_column_text margin_bottom=\u00a0\u00bb10&Prime;]\n<p style=\"text-align: right\">Tous les \u00e9quipements ont \u00e9t\u00e9 cr\u00e9\u00e9s<br \/>\n<strong> par un kin\u00e9sith\u00e9rapeute du sport<\/strong><\/p>\n[\/vc_column_text][vc_column_text]\n<p style=\"text-align: right\"><strong>Homologu\u00e9s CE, conformes \u00e0 la directive 2001\/95 et au CE m\u00e9dical<\/strong><\/p>\n[\/vc_column_text][vc_column_text]\n<p style=\"text-align: right\"><strong>Structure garantie 2\u00a0ans<\/strong><br \/>\n<strong>sur v\u00e9lo elliptique de piscine<\/strong><\/p>\n[\/vc_column_text][vc_column_text]\n<p style=\"text-align: right\"><strong>Fabrication Fran\u00e7aise <\/strong><br \/>\ndans les Ardennes pr\u00e8s de la Belgique,<br \/>\nl&rsquo;Allemagne et la Grande-Bretagne<\/p>\n[\/vc_column_text][\/vc_column_inner][vc_column_inner width=\u00a0\u00bb1\/3&Prime; css=\u00a0\u00bb.vc_custom_1441879688052{padding-top: 30px !important;padding-right: 30px !important;padding-bottom: 30px !important;padding-left: 30px !important;background-color: #eff8fb !important;}\u00a0\u00bb][vc_column_text align=\u00a0\u00bbcenter\u00a0\u00bb]<strong>Vers la gamme handicap accessibilit\u00e9<\/strong><\/p>\n[\/vc_column_text][vc_single_image image=\u00a0\u00bb6513&Prime; img_size=\u00a0\u00bb400 \u00d7 96&Prime; alignment=\u00a0\u00bbcenter\u00a0\u00bb onclick=\u00a0\u00bbcustom_link\u00a0\u00bb css_animation=\u00a0\u00bbbottom-to-top\u00a0\u00bb link=\u00a0\u00bbhttps:\/\/www.archimede-aquafitness.com\/fr\/handicap-accessibilite\u00a0\u00bb][vc_single_image image=\u00a0\u00bb13629&Prime; img_size=\u00a0\u00bb200 x 45&Prime; alignment=\u00a0\u00bbcenter\u00a0\u00bb onclick=\u00a0\u00bbcustom_link\u00a0\u00bb css_animation=\u00a0\u00bbappear\u00a0\u00bb link=\u00a0\u00bbhttps:\/\/www.archimede-aquafitness.com\/fr\/handicap-accessibilite\u00a0\u00bb][\/vc_column_inner][vc_column_inner width=\u00a0\u00bb1\/3&Prime; css=\u00a0\u00bb.vc_custom_1441879692753{padding-top: 30px !important;padding-right: 30px !important;padding-bottom: 30px !important;padding-left: 30px !important;background-color: #eff8fb !important;}\u00a0\u00bb][vc_column_text align=\u00a0\u00bbcenter\u00a0\u00bb]\n<p><strong>Vers la gamme\u00a0r\u00e9\u00e9ducation en piscine<\/strong><\/p>\n[\/vc_column_text][vc_single_image image=\u00a0\u00bb6517&Prime; img_size=\u00a0\u00bb400 \u00d7 96&Prime; alignment=\u00a0\u00bbcenter\u00a0\u00bb onclick=\u00a0\u00bbcustom_link\u00a0\u00bb css_animation=\u00a0\u00bbbottom-to-top\u00a0\u00bb link=\u00a0\u00bbhttps:\/\/www.archimede-aquafitness.com\/fr\/reeducation\u00a0\u00bb][vc_single_image image=\u00a0\u00bb13629&Prime; img_size=\u00a0\u00bb200 x 45&Prime; alignment=\u00a0\u00bbcenter\u00a0\u00bb onclick=\u00a0\u00bbcustom_link\u00a0\u00bb css_animation=\u00a0\u00bbappear\u00a0\u00bb link=\u00a0\u00bbhttps:\/\/www.archimede-aquafitness.com\/fr\/reeducation\u00a0\u00bb][\/vc_column_inner][\/vc_row_inner][\/vc_column][\/mk_page_section]\n<\/div>","protected":false},"excerpt":{"rendered":"<p>[mk_page_section bg_color=\u00a0\u00bb#eff8fb\u00a0\u00bb full_width=\u00a0\u00bbtrue\u00a0\u00bb full_height=\u00a0\u00bbtrue\u00a0\u00bb padding_top=\u00a0\u00bb0&Prime; padding_bottom=\u00a0\u00bb0&Prime; first_page=\u00a0\u00bbtrue\u00a0\u00bb last_page=\u00a0\u00bbtrue\u00a0\u00bb sidebar=\u00a0\u00bbsidebar-1&Prime;][vc_column css=\u00a0\u00bb.vc_custom_1441876823587{margin-top: -30px !important;margin-bottom: -40px !important;}\u00a0\u00bb][vc_row_inner attached=\u00a0\u00bbtrue\u00a0\u00bb padding=\u00a0\u00bb0&Prime;][vc_column_inner width=\u00a0\u00bb1\/3&Prime; css=\u00a0\u00bb.vc_custom_1441879550372{padding-top: 160px !important;padding-right: 30px !important;padding-bottom: 160px !important;padding-left: 30px !important;background-image: url(https:\/\/www.archimede-aquafitness.com\/wp-content\/uploads\/2015\/09\/page-aquabike-img-1.png?id=1109) !important;background-position: center !important;background-repeat: no-repeat !important;background-size: cover !important;}\u00a0\u00bb][vc_column_text align=\u00a0\u00bbright\u00a0\u00bb] V\u00e9lo elliptique de piscine [\/vc_column_text][vc_column_text] La marche et la course nordique stationnaires dans l&rsquo;eau. Le v\u00e9lo elliptique de piscine offrent [&hellip;]<\/p>\n","protected":false},"author":4,"featured_media":0,"parent":347,"menu_order":0,"comment_status":"closed","ping_status":"closed","template":"","meta":{"footnotes":""},"class_list":["post-4946","page","type-page","status-publish","hentry"],"yoast_head":"<!-- This site is optimized with the Yoast SEO plugin v27.0 - https:\/\/yoast.com\/product\/yoast-seo-wordpress\/ -->\n<title>V\u00e9lo elliptique de piscine ou aquaelliptique | Archim\u00e8de<\/title>\n<meta name=\"description\" content=\"Archim\u00e8de vous pr\u00e9sente sa gamme de v\u00e9lo elliptique de piscine : l&#039;aquaelliptique une mani\u00e8re original de travailler tous les muscles en milieu aquatique\" \/>\n<meta name=\"robots\" content=\"index, follow, max-snippet:-1, max-image-preview:large, max-video-preview:-1\" \/>\n<link rel=\"canonical\" href=\"https:\/\/www.archimede-aquafitness.com\/fr\/aquafitness\/velo-elliptique-de-piscine\/\" \/>\n<meta property=\"og:locale\" content=\"fr_FR\" \/>\n<meta property=\"og:type\" content=\"article\" \/>\n<meta property=\"og:title\" content=\"V\u00e9lo elliptique de piscine ou aquaelliptique | Archim\u00e8de\" \/>\n<meta property=\"og:description\" content=\"Archim\u00e8de vous pr\u00e9sente sa gamme de v\u00e9lo elliptique de piscine : l&#039;aquaelliptique une mani\u00e8re original de travailler tous les muscles en milieu aquatique\" \/>\n<meta property=\"og:url\" content=\"https:\/\/www.archimede-aquafitness.com\/fr\/aquafitness\/velo-elliptique-de-piscine\/\" \/>\n<meta property=\"og:site_name\" content=\"Archimede Aquafitness\" \/>\n<meta property=\"article:modified_time\" content=\"2024-09-30T13:13:02+00:00\" \/>\n<meta name=\"twitter:card\" content=\"summary_large_image\" \/>\n<meta name=\"twitter:label1\" content=\"Dur\u00e9e de lecture estim\u00e9e\" \/>\n\t<meta name=\"twitter:data1\" content=\"3 minutes\" \/>\n<script type=\"application\/ld+json\" class=\"yoast-schema-graph\">{\"@context\":\"https:\/\/schema.org\",\"@graph\":[{\"@type\":\"WebPage\",\"@id\":\"https:\/\/www.archimede-aquafitness.com\/fr\/aquafitness\/velo-elliptique-de-piscine\/\",\"url\":\"https:\/\/www.archimede-aquafitness.com\/fr\/aquafitness\/velo-elliptique-de-piscine\/\",\"name\":\"V\u00e9lo elliptique de piscine ou aquaelliptique | Archim\u00e8de\",\"isPartOf\":{\"@id\":\"https:\/\/www.archimede-aquafitness.com\/fr\/#website\"},\"datePublished\":\"2015-10-19T10:27:49+00:00\",\"dateModified\":\"2024-09-30T13:13:02+00:00\",\"description\":\"Archim\u00e8de vous pr\u00e9sente sa gamme de v\u00e9lo elliptique de piscine : l'aquaelliptique une mani\u00e8re original de travailler tous les muscles en milieu aquatique\",\"breadcrumb\":{\"@id\":\"https:\/\/www.archimede-aquafitness.com\/fr\/aquafitness\/velo-elliptique-de-piscine\/#breadcrumb\"},\"inLanguage\":\"fr-FR\",\"potentialAction\":[{\"@type\":\"ReadAction\",\"target\":[\"https:\/\/www.archimede-aquafitness.com\/fr\/aquafitness\/velo-elliptique-de-piscine\/\"]}]},{\"@type\":\"BreadcrumbList\",\"@id\":\"https:\/\/www.archimede-aquafitness.com\/fr\/aquafitness\/velo-elliptique-de-piscine\/#breadcrumb\",\"itemListElement\":[{\"@type\":\"ListItem\",\"position\":1,\"name\":\"Accueil\",\"item\":\"https:\/\/www.archimede-aquafitness.com\/fr\/\"},{\"@type\":\"ListItem\",\"position\":2,\"name\":\"Aquafitness\",\"item\":\"https:\/\/www.archimede-aquafitness.com\/fr\/aquafitness\/\"},{\"@type\":\"ListItem\",\"position\":3,\"name\":\"V\u00e9lo elliptique de piscine\"}]},{\"@type\":\"WebSite\",\"@id\":\"https:\/\/www.archimede-aquafitness.com\/fr\/#website\",\"url\":\"https:\/\/www.archimede-aquafitness.com\/fr\/\",\"name\":\"Archimede Aquafitness\",\"description\":\"Aquafitness is bringing wellness, physical capacity and health to a very large public\",\"publisher\":{\"@id\":\"https:\/\/www.archimede-aquafitness.com\/fr\/#organization\"},\"potentialAction\":[{\"@type\":\"SearchAction\",\"target\":{\"@type\":\"EntryPoint\",\"urlTemplate\":\"https:\/\/www.archimede-aquafitness.com\/fr\/?s={search_term_string}\"},\"query-input\":{\"@type\":\"PropertyValueSpecification\",\"valueRequired\":true,\"valueName\":\"search_term_string\"}}],\"inLanguage\":\"fr-FR\"},{\"@type\":\"Organization\",\"@id\":\"https:\/\/www.archimede-aquafitness.com\/fr\/#organization\",\"name\":\"Archim\u00e8de AquaFitness \/ JOINTEC\",\"url\":\"https:\/\/www.archimede-aquafitness.com\/fr\/\",\"logo\":{\"@type\":\"ImageObject\",\"inLanguage\":\"fr-FR\",\"@id\":\"https:\/\/www.archimede-aquafitness.com\/fr\/#\/schema\/logo\/image\/\",\"url\":\"https:\/\/www.archimede-aquafitness.com\/wp-content\/uploads\/2015\/09\/logo-archimede-aquafitness.png\",\"contentUrl\":\"https:\/\/www.archimede-aquafitness.com\/wp-content\/uploads\/2015\/09\/logo-archimede-aquafitness.png\",\"width\":308,\"height\":88,\"caption\":\"Archim\u00e8de AquaFitness \/ JOINTEC\"},\"image\":{\"@id\":\"https:\/\/www.archimede-aquafitness.com\/fr\/#\/schema\/logo\/image\/\"}}]}<\/script>\n<!-- \/ Yoast SEO plugin. -->","yoast_head_json":{"title":"V\u00e9lo elliptique de piscine ou aquaelliptique | Archim\u00e8de","description":"Archim\u00e8de vous pr\u00e9sente sa gamme de v\u00e9lo elliptique de piscine : l'aquaelliptique une mani\u00e8re original de travailler tous les muscles en milieu aquatique","robots":{"index":"index","follow":"follow","max-snippet":"max-snippet:-1","max-image-preview":"max-image-preview:large","max-video-preview":"max-video-preview:-1"},"canonical":"https:\/\/www.archimede-aquafitness.com\/fr\/aquafitness\/velo-elliptique-de-piscine\/","og_locale":"fr_FR","og_type":"article","og_title":"V\u00e9lo elliptique de piscine ou aquaelliptique | Archim\u00e8de","og_description":"Archim\u00e8de vous pr\u00e9sente sa gamme de v\u00e9lo elliptique de piscine : l'aquaelliptique une mani\u00e8re original de travailler tous les muscles en milieu aquatique","og_url":"https:\/\/www.archimede-aquafitness.com\/fr\/aquafitness\/velo-elliptique-de-piscine\/","og_site_name":"Archimede Aquafitness","article_modified_time":"2024-09-30T13:13:02+00:00","twitter_card":"summary_large_image","twitter_misc":{"Dur\u00e9e de lecture estim\u00e9e":"3 minutes"},"schema":{"@context":"https:\/\/schema.org","@graph":[{"@type":"WebPage","@id":"https:\/\/www.archimede-aquafitness.com\/fr\/aquafitness\/velo-elliptique-de-piscine\/","url":"https:\/\/www.archimede-aquafitness.com\/fr\/aquafitness\/velo-elliptique-de-piscine\/","name":"V\u00e9lo elliptique de piscine ou aquaelliptique | Archim\u00e8de","isPartOf":{"@id":"https:\/\/www.archimede-aquafitness.com\/fr\/#website"},"datePublished":"2015-10-19T10:27:49+00:00","dateModified":"2024-09-30T13:13:02+00:00","description":"Archim\u00e8de vous pr\u00e9sente sa gamme de v\u00e9lo elliptique de piscine : l'aquaelliptique une mani\u00e8re original de travailler tous les muscles en milieu aquatique","breadcrumb":{"@id":"https:\/\/www.archimede-aquafitness.com\/fr\/aquafitness\/velo-elliptique-de-piscine\/#breadcrumb"},"inLanguage":"fr-FR","potentialAction":[{"@type":"ReadAction","target":["https:\/\/www.archimede-aquafitness.com\/fr\/aquafitness\/velo-elliptique-de-piscine\/"]}]},{"@type":"BreadcrumbList","@id":"https:\/\/www.archimede-aquafitness.com\/fr\/aquafitness\/velo-elliptique-de-piscine\/#breadcrumb","itemListElement":[{"@type":"ListItem","position":1,"name":"Accueil","item":"https:\/\/www.archimede-aquafitness.com\/fr\/"},{"@type":"ListItem","position":2,"name":"Aquafitness","item":"https:\/\/www.archimede-aquafitness.com\/fr\/aquafitness\/"},{"@type":"ListItem","position":3,"name":"V\u00e9lo elliptique de piscine"}]},{"@type":"WebSite","@id":"https:\/\/www.archimede-aquafitness.com\/fr\/#website","url":"https:\/\/www.archimede-aquafitness.com\/fr\/","name":"Archimede Aquafitness","description":"Aquafitness is bringing wellness, physical capacity and health to a very large public","publisher":{"@id":"https:\/\/www.archimede-aquafitness.com\/fr\/#organization"},"potentialAction":[{"@type":"SearchAction","target":{"@type":"EntryPoint","urlTemplate":"https:\/\/www.archimede-aquafitness.com\/fr\/?s={search_term_string}"},"query-input":{"@type":"PropertyValueSpecification","valueRequired":true,"valueName":"search_term_string"}}],"inLanguage":"fr-FR"},{"@type":"Organization","@id":"https:\/\/www.archimede-aquafitness.com\/fr\/#organization","name":"Archim\u00e8de AquaFitness \/ JOINTEC","url":"https:\/\/www.archimede-aquafitness.com\/fr\/","logo":{"@type":"ImageObject","inLanguage":"fr-FR","@id":"https:\/\/www.archimede-aquafitness.com\/fr\/#\/schema\/logo\/image\/","url":"https:\/\/www.archimede-aquafitness.com\/wp-content\/uploads\/2015\/09\/logo-archimede-aquafitness.png","contentUrl":"https:\/\/www.archimede-aquafitness.com\/wp-content\/uploads\/2015\/09\/logo-archimede-aquafitness.png","width":308,"height":88,"caption":"Archim\u00e8de AquaFitness \/ JOINTEC"},"image":{"@id":"https:\/\/www.archimede-aquafitness.com\/fr\/#\/schema\/logo\/image\/"}}]}},"_links":{"self":[{"href":"https:\/\/www.archimede-aquafitness.com\/fr\/wp-json\/wp\/v2\/pages\/4946","targetHints":{"allow":["GET"]}}],"collection":[{"href":"https:\/\/www.archimede-aquafitness.com\/fr\/wp-json\/wp\/v2\/pages"}],"about":[{"href":"https:\/\/www.archimede-aquafitness.com\/fr\/wp-json\/wp\/v2\/types\/page"}],"author":[{"embeddable":true,"href":"https:\/\/www.archimede-aquafitness.com\/fr\/wp-json\/wp\/v2\/users\/4"}],"replies":[{"embeddable":true,"href":"https:\/\/www.archimede-aquafitness.com\/fr\/wp-json\/wp\/v2\/comments?post=4946"}],"version-history":[{"count":3,"href":"https:\/\/www.archimede-aquafitness.com\/fr\/wp-json\/wp\/v2\/pages\/4946\/revisions"}],"predecessor-version":[{"id":17394,"href":"https:\/\/www.archimede-aquafitness.com\/fr\/wp-json\/wp\/v2\/pages\/4946\/revisions\/17394"}],"up":[{"embeddable":true,"href":"https:\/\/www.archimede-aquafitness.com\/fr\/wp-json\/wp\/v2\/pages\/347"}],"wp:attachment":[{"href":"https:\/\/www.archimede-aquafitness.com\/fr\/wp-json\/wp\/v2\/media?parent=4946"}],"curies":[{"name":"wp","href":"https:\/\/api.w.org\/{rel}","templated":true}]}}