{"id":5105,"date":"2015-10-20T13:09:54","date_gmt":"2015-10-20T12:09:54","guid":{"rendered":"https:\/\/www.archimede-aquafitness.com\/fr\/?page_id=5105"},"modified":"2024-10-03T18:00:03","modified_gmt":"2024-10-03T17:00:03","slug":"leve-personne-hydraulique","status":"publish","type":"page","link":"https:\/\/www.archimede-aquafitness.com\/fr\/accessibilite-handicape\/leve-personne-hydraulique\/","title":{"rendered":"L\u00e8ve personne hydraulique"},"content":{"rendered":"<div class=\"wpb-content-wrapper\">[mk_page_section padding_top=\u00a0\u00bb50&Prime; first_page=\u00a0\u00bbfalse\u00a0\u00bb last_page=\u00a0\u00bbtrue\u00a0\u00bb sidebar=\u00a0\u00bbsidebar-1&Prime;][vc_column width=\u00a0\u00bb1\/2&Prime;][vc_column_text css=\u00a0\u00bb.vc_custom_1727973861768{margin-bottom: 0px !important;}\u00a0\u00bb]\n<h1 style=\"font-size: 50px;text-align: left\"><span style=\"color: #008ace\">L\u00e8ve personne hydraulique<\/span><\/h1>\n<h1 style=\"font-size: 30px;text-align: left\"><span style=\"color: #008ace\">pour piscine et spa<\/span><\/h1>\n<p><strong>ref : PH01-3<\/strong><\/p>\n<h2 style=\"font-size: 20px;text-align: left\"><span style=\"color: #000000\"><strong>Elevateur de piscine hydraulique permettant le transfert de l\u2019handicap\u00e9 dans la piscine ou le spa enterr\u00e9s, mod\u00e8le \u00e9conomique<\/strong><br \/>\n<\/span><\/h2>\n<p>&gt; Structure <strong>garantie 3 ans<\/strong><\/p>\n<p>&gt;<strong> Conforme \u00e0 la loi handicap<\/strong>[\/vc_column_text][vc_single_image image=\u00a0\u00bb11156&Prime; img_size=\u00a0\u00bb100 x 66&Prime; css=\u00a0\u00bb.vc_custom_1463731478887{border-left-width: 40px !important;}\u00a0\u00bb][vc_single_image image=\u00a0\u00bb15460&Prime; img_size=\u00a0\u00bb220 x 74&Prime; alignment=\u00a0\u00bbcenter\u00a0\u00bb onclick=\u00a0\u00bbcustom_link\u00a0\u00bb img_link_target=\u00a0\u00bb_blank\u00a0\u00bb css_animation=\u00a0\u00bbappear\u00a0\u00bb link=\u00a0\u00bbhttp:\/\/www.archimede-shop.com\/fr\/elevateurs\/28-elevateur-hydraulique.html\u00a0\u00bb][\/vc_column][vc_column width=\u00a0\u00bb1\/2&Prime;][vc_images_carousel images=\u00a0\u00bb3137,3508&Prime; img_size=\u00a0\u00bbfull\u00a0\u00bb onclick=\u00a0\u00bblink_no\u00a0\u00bb speed=\u00a0\u00bb3500&Prime; autoplay=\u00a0\u00bbyes\u00a0\u00bb wrap=\u00a0\u00bbyes\u00a0\u00bb][\/vc_column][\/mk_page_section][mk_page_section first_page=\u00a0\u00bbfalse\u00a0\u00bb last_page=\u00a0\u00bbtrue\u00a0\u00bb sidebar=\u00a0\u00bbsidebar-1&Prime;][vc_column][vc_row_inner padding=\u00a0\u00bb0&Prime;][vc_column_inner width=\u00a0\u00bb1\/4&Prime; css=\u00a0\u00bb.vc_custom_1476096018151{margin-top: 200px !important;margin-left: -50px !important;}\u00a0\u00bb][vc_empty_space height=\u00a0\u00bb30px\u00a0\u00bb][vc_column_text]\n<h2 style=\"font-size: 30px\"><span style=\"color: #018ace\">Caract\u00e9ristiques du l\u00e8ve personne hydraulique :<\/span><\/h2>\n[\/vc_column_text][vc_column_text css=\u00a0\u00bb.vc_custom_1727973944445{margin-bottom: 0px !important;}\u00a0\u00bb]<strong>L\u2019\u00e9l\u00e9vateur de piscine est constitu\u00e9 d\u2019une colonne pivotante articul\u00e9e avec une fl\u00e8che repliable pouvant supporter <span style=\"text-decoration: underline\"><a href=\"https:\/\/www.archimede-aquafitness.com\/fr\/accessibilite-handicape\/hamac-ha01\/\">un hamac<\/a><\/span>, <span style=\"text-decoration: underline\"><a href=\"https:\/\/www.archimede-aquafitness.com\/fr\/accessibilite-handicape\/siege-de-suspension\/\">un si\u00e8ge rigide<\/a><\/span> ou <span style=\"text-decoration: underline\"><a href=\"https:\/\/www.archimede-aquafitness.com\/fr\/accessibilite-handicape\/fauteuil-immergeable\/\">un fauteuil submersible<\/a><\/span><\/strong>[\/vc_column_text][\/vc_column_inner][vc_column_inner width=\u00a0\u00bb3\/4&Prime;][vc_single_image image=\u00a0\u00bb10409&Prime; img_size=\u00a0\u00bb700 x 573&Prime; alignment=\u00a0\u00bbright\u00a0\u00bb][vc_column_text]\n<p style=\"text-align: center\"><em>C\u00f4tes standard<br \/>\n(Autres dimensions sur\u00a0demande)<\/em><\/p>\n[\/vc_column_text][\/vc_column_inner][\/vc_row_inner][\/vc_column][\/mk_page_section][mk_page_section bg_color=\u00a0\u00bb#ececec\u00a0\u00bb first_page=\u00a0\u00bbtrue\u00a0\u00bb last_page=\u00a0\u00bbtrue\u00a0\u00bb sidebar=\u00a0\u00bbsidebar-1&Prime;][vc_column][vc_row_inner padding=\u00a0\u00bb0&Prime;][vc_column_inner width=\u00a0\u00bb1\/2&Prime;][vc_single_image image=\u00a0\u00bb3128&Prime; img_size=\u00a0\u00bb550&#215;550&Prime; alignment=\u00a0\u00bbcenter\u00a0\u00bb][\/vc_column_inner][vc_column_inner width=\u00a0\u00bb1\/2&Prime;][vc_empty_space height=\u00a0\u00bb150px\u00a0\u00bb][vc_column_text]\n<p><strong>Mobile, pivotant sur 360\u00b0, actionn\u00e9 par un v\u00e9rin hydraulique (capacit\u00e9 1 tonne) avec pompe et poign\u00e9e manuelle<\/strong><\/p>\n[\/vc_column_text][\/vc_column_inner][\/vc_row_inner][vc_separator][\/vc_column][\/mk_page_section][mk_page_section first_page=\u00a0\u00bbtrue\u00a0\u00bb last_page=\u00a0\u00bbtrue\u00a0\u00bb sidebar=\u00a0\u00bbsidebar-1&Prime;][vc_column][vc_row_inner padding=\u00a0\u00bb0&Prime;][vc_column_inner width=\u00a0\u00bb1\/3&Prime;][vc_empty_space height=\u00a0\u00bb30px\u00a0\u00bb][vc_column_text]<strong>Fixation au sol par platine,<\/strong><br \/>\n<strong> 4 volants et 4 chevilles de s\u00e9curit\u00e9 ancr\u00e9es dans le sol<\/strong><\/p>\n<p>(r\u00e9sistance \u00e0 l&rsquo;arrachement :<br \/>\n2 x 2,5 tonnes)<\/p>\n<p>(voir contraintes techniques : \u00ab en savoir plus \u00bb)<\/p>\n<p><strong>Les diverses positions de l&rsquo;\u00e9l\u00e9vateur en bordure de piscine\u00a0(voir sch\u00e9ma) \u00a01, 2, 3 \u00e0 droite<\/strong><\/p>\n<p><strong>R\u00e9f : PH01-3<\/strong>[\/vc_column_text][\/vc_column_inner][vc_column_inner width=\u00a0\u00bb1\/3&Prime;][vc_single_image image=\u00a0\u00bb9219&Prime; img_size=\u00a0\u00bb500 \u00d7 618&Prime; alignment=\u00a0\u00bbcenter\u00a0\u00bb][\/vc_column_inner][vc_column_inner width=\u00a0\u00bb1\/3&Prime;][vc_single_image image=\u00a0\u00bb9213&Prime; img_size=\u00a0\u00bb500 \u00d7 596&Prime; alignment=\u00a0\u00bbcenter\u00a0\u00bb][\/vc_column_inner][\/vc_row_inner][vc_separator][\/vc_column][\/mk_page_section][mk_page_section predefined_bg=\u00a0\u00bb\u00a0\u00bb first_page=\u00a0\u00bbtrue\u00a0\u00bb last_page=\u00a0\u00bbtrue\u00a0\u00bb sidebar=\u00a0\u00bbsidebar-1&Prime;][vc_column][vc_row_inner padding=\u00a0\u00bb0&Prime;][vc_column_inner width=\u00a0\u00bb1\/2&Prime;][vc_single_image image=\u00a0\u00bb6260&Prime; img_size=\u00a0\u00bb330 \u00d7 196&Prime;][\/vc_column_inner][vc_column_inner width=\u00a0\u00bb1\/2&Prime;][vc_empty_space height=\u00a0\u00bb30px\u00a0\u00bb][vc_column_text]\n<p style=\"font-size: 24px\"><strong><span style=\"color: #018ace\">Variante :<\/span><\/strong><\/p>\n<p><span style=\"color: #000000\"><strong>Ancrage par fourreau scell\u00e9 dans le sol<\/strong><br \/>\n<strong> R\u00e9f : PH01-2<\/strong><br \/>\n<\/span>[\/vc_column_text][\/vc_column_inner][\/vc_row_inner][vc_separator][\/vc_column][\/mk_page_section][mk_page_section first_page=\u00a0\u00bbtrue\u00a0\u00bb last_page=\u00a0\u00bbtrue\u00a0\u00bb sidebar=\u00a0\u00bbsidebar-1&Prime;][vc_column][vc_column_text]\n[\/vc_column_text][\/vc_column][vc_row_inner padding=\u00a0\u00bb0&Prime;][vc_column_inner width=\u00a0\u00bb1\/2&Prime; css=\u00a0\u00bb.vc_custom_1448620340745{padding-left: 35px !important;}\u00a0\u00bb][vc_column_text]<strong>Structure en acier S235 galvanis\u00e9 \u00e0 chaud et prot\u00e9g\u00e9 par un rev\u00eatement thermolaqu\u00e9 hydrofuge<\/strong><\/p>\n<p><strong>Charge admissible 150 kilos<\/strong><\/p>\n<p><strong>Housse de protection en PVC<\/strong>[\/vc_column_text][vc_empty_space height=\u00a0\u00bb50px\u00a0\u00bb][vc_column_text]\n<p style=\"text-align: center\"><span style=\"color: #000000\"><strong>R\u00e9f : PH01-2<\/strong><\/span><br \/>\n<span style=\"color: #000000\"><strong>R\u00e9f : PH01-3<\/strong><\/span><\/p>\n<p style=\"text-align: center\"><strong><span style=\"color: #ff0000\">3000.00\u20ac HT &#8211; 3165.00\u20ac TTC<\/span><\/strong><\/p>\n<p style=\"text-align: center\"><em><span style=\"color: #ff0000\">TVA r\u00e9duite \u00e0 5.5%<\/span><\/em><\/p>\n[\/vc_column_text][vc_single_image image=\u00a0\u00bb15192&Prime; img_size=\u00a0\u00bb100 x 158&Prime; alignment=\u00a0\u00bbcenter\u00a0\u00bb onclick=\u00a0\u00bbcustom_link\u00a0\u00bb img_link_target=\u00a0\u00bb_blank\u00a0\u00bb css_animation=\u00a0\u00bbleft-to-right\u00a0\u00bb link=\u00a0\u00bbhttps:\/\/www.archimede-aquafitness.com\/wp-content\/uploads\/2016\/10\/Catalogue-Archimede-2016-prix-publics-juillet.pdf\u00a0\u00bb][vc_column_text align=\u00a0\u00bbcenter\u00a0\u00bb animation=\u00a0\u00bbflip-y\u00a0\u00bb]\n<p style=\"text-align: center\"><span style=\"text-decoration: underline\"><em><strong><a href=\"https:\/\/www.archimede-aquafitness.com\/wp-content\/uploads\/2016\/10\/Catalogue-Archimede-2016-prix-publics-juillet.pdf\">T\u00e9l\u00e9charger notre catalogue 2016<\/a><\/strong><\/em><\/span><\/p>\n[\/vc_column_text][\/vc_column_inner][vc_column_inner width=\u00a0\u00bb1\/2&Prime;][vc_single_image image=\u00a0\u00bb4801&Prime; img_size=\u00a0\u00bb400&#215;400&Prime; alignment=\u00a0\u00bbcenter\u00a0\u00bb][\/vc_column_inner][\/vc_row_inner][vc_separator][\/mk_page_section][mk_page_section bg_color=\u00a0\u00bb#ececec\u00a0\u00bb first_page=\u00a0\u00bbtrue\u00a0\u00bb last_page=\u00a0\u00bbtrue\u00a0\u00bb sidebar=\u00a0\u00bbsidebar-1&Prime;][vc_column][vc_row_inner padding=\u00a0\u00bb0&Prime;][vc_column_inner width=\u00a0\u00bb1\/2&Prime;][vc_empty_space height=\u00a0\u00bb75px\u00a0\u00bb][vc_column_text]<strong>Accessoires :<\/strong><\/p>\n<p><strong>&#8211; Hamacs\u00a0<span style=\"text-decoration: underline\"><a href=\"https:\/\/www.archimede-aquafitness.com\/fr\/accessibilite-handicape\/hamac-ha01\/\">HA01<\/a><\/span> et <span style=\"text-decoration: underline\"><a href=\"https:\/\/www.archimede-aquafitness.com\/fr\/accessibilite-handicape\/hamac-ha02\/\">HA02<\/a><\/span><\/strong><\/p>\n<p><strong>&#8211; Si\u00e8ge rigide <span style=\"text-decoration: underline\"><a href=\"https:\/\/www.archimede-aquafitness.com\/fr\/accessibilite-handicape\/siege-de-suspension\/\">SP04<\/a><\/span><\/strong><\/p>\n<p><strong>&#8211; Fauteuil immergeable <span style=\"text-decoration: underline\"><a href=\"https:\/\/www.archimede-aquafitness.com\/fr\/accessibilite-handicape\/fauteuil-immergeable\/\">FI01<\/a><\/span> et <span style=\"text-decoration: underline\"><a href=\"https:\/\/www.archimede-aquafitness.com\/fr\/accessibilite-handicape\/fauteuil-immergeable\/\">FI03<\/a><\/span><\/strong><\/p>\n<p><strong>&#8211; Chariot de transport <span style=\"text-decoration: underline\"><a href=\"https:\/\/www.archimede-aquafitness.com\/fr\/accessibilite-handicape\/leve-personne\/diable\/\">DI01-1<\/a><\/span><\/strong>[\/vc_column_text][\/vc_column_inner][vc_column_inner width=\u00a0\u00bb1\/2&Prime;][vc_single_image image=\u00a0\u00bb8011&Prime; img_size=\u00a0\u00bb280 \u00d7 374&Prime; alignment=\u00a0\u00bbcenter\u00a0\u00bb onclick=\u00a0\u00bbcustom_link\u00a0\u00bb title=\u00a0\u00bbChariot de transport DI01-1&Prime; link=\u00a0\u00bbhttps:\/\/www.archimede-aquafitness.com\/fr\/handicap-access\/diable\u00a0\u00bb][\/vc_column_inner][\/vc_row_inner][\/vc_column][\/mk_page_section][mk_page_section predefined_bg=\u00a0\u00bb\u00a0\u00bb first_page=\u00a0\u00bbtrue\u00a0\u00bb last_page=\u00a0\u00bbtrue\u00a0\u00bb sidebar=\u00a0\u00bbsidebar-1&Prime;][vc_column][vc_accordions action_style=\u00a0\u00bbtoggle-action\u00a0\u00bb container_bg_color=\u00a0\u00bb#ffffff\u00a0\u00bb][vc_accordion_tab title=\u00a0\u00bbConsignes de s\u00e9curit\u00e9 importantes\u00a0\u00bb][vc_column_text]Les consignes de s\u00e9curit\u00e9 doivent \u00eatre strictement appliqu\u00e9es : montage sur un socle de b\u00e9ton type B250 (250 kgs de ciment au m3, b\u00e9ton non fissur\u00e9)<\/p>\n<p><strong>Contraintes techniques<\/strong><\/p>\n<p>Le positionnement, la fixation des chevilles et le montage de la platine doivent \u00eatre effectu\u00e9s par un personnel professionnel (ma\u00e7on)<\/p>\n<p>La potence doit \u00eatre recouverte de sa housse de protection en dehors des p\u00e9riodes d\u2019utilisation[\/vc_column_text][\/vc_accordion_tab][\/vc_accordions][\/vc_column][\/mk_page_section]\n<\/div>","protected":false},"excerpt":{"rendered":"<p>[mk_page_section padding_top=\u00a0\u00bb50&Prime; first_page=\u00a0\u00bbfalse\u00a0\u00bb last_page=\u00a0\u00bbtrue\u00a0\u00bb sidebar=\u00a0\u00bbsidebar-1&Prime;][vc_column width=\u00a0\u00bb1\/2&Prime;][vc_column_text css=\u00a0\u00bb.vc_custom_1727973861768{margin-bottom: 0px !important;}\u00a0\u00bb] L\u00e8ve personne hydraulique pour piscine et spa ref : PH01-3 Elevateur de piscine hydraulique permettant le transfert de l\u2019handicap\u00e9 dans la piscine ou le spa enterr\u00e9s, mod\u00e8le \u00e9conomique &gt; Structure garantie 3 ans &gt; Conforme \u00e0 la loi handicap[\/vc_column_text][vc_single_image image=\u00a0\u00bb11156&Prime; img_size=\u00a0\u00bb100 x 66&Prime; css=\u00a0\u00bb.vc_custom_1463731478887{border-left-width: 40px !important;}\u00a0\u00bb][vc_single_image [&hellip;]<\/p>\n","protected":false},"author":4,"featured_media":0,"parent":16990,"menu_order":0,"comment_status":"closed","ping_status":"closed","template":"","meta":{"footnotes":""},"class_list":["post-5105","page","type-page","status-publish","hentry"],"yoast_head":"<!-- This site is optimized with the Yoast SEO plugin v27.0 - https:\/\/yoast.com\/product\/yoast-seo-wordpress\/ -->\n<title>\u00c9l\u00e9vateur de piscine hydraulique pour handicap\u00e9 | Archimede<\/title>\n<meta name=\"description\" content=\"Archimede pr\u00e9sente son \u00e9l\u00e9vateur de piscine hydraulique : l\u00e8ve personne qui permet le transfert des pmr dans la piscine.\" \/>\n<meta name=\"robots\" content=\"index, follow, max-snippet:-1, max-image-preview:large, max-video-preview:-1\" \/>\n<link rel=\"canonical\" href=\"https:\/\/www.archimede-aquafitness.com\/fr\/accessibilite-handicape\/leve-personne-hydraulique\/\" \/>\n<meta property=\"og:locale\" content=\"fr_FR\" \/>\n<meta property=\"og:type\" content=\"article\" \/>\n<meta property=\"og:title\" content=\"\u00c9l\u00e9vateur de piscine hydraulique pour handicap\u00e9 | Archimede\" \/>\n<meta property=\"og:description\" content=\"Archimede pr\u00e9sente son \u00e9l\u00e9vateur de piscine hydraulique : l\u00e8ve personne qui permet le transfert des pmr dans la piscine.\" \/>\n<meta property=\"og:url\" content=\"https:\/\/www.archimede-aquafitness.com\/fr\/accessibilite-handicape\/leve-personne-hydraulique\/\" \/>\n<meta property=\"og:site_name\" content=\"Archimede Aquafitness\" \/>\n<meta property=\"article:modified_time\" content=\"2024-10-03T17:00:03+00:00\" \/>\n<meta name=\"twitter:card\" content=\"summary_large_image\" \/>\n<meta name=\"twitter:label1\" content=\"Dur\u00e9e de lecture estim\u00e9e\" \/>\n\t<meta name=\"twitter:data1\" content=\"3 minutes\" \/>\n<script type=\"application\/ld+json\" class=\"yoast-schema-graph\">{\"@context\":\"https:\/\/schema.org\",\"@graph\":[{\"@type\":\"WebPage\",\"@id\":\"https:\/\/www.archimede-aquafitness.com\/fr\/accessibilite-handicape\/leve-personne-hydraulique\/\",\"url\":\"https:\/\/www.archimede-aquafitness.com\/fr\/accessibilite-handicape\/leve-personne-hydraulique\/\",\"name\":\"\u00c9l\u00e9vateur de piscine hydraulique pour handicap\u00e9 | Archimede\",\"isPartOf\":{\"@id\":\"https:\/\/www.archimede-aquafitness.com\/fr\/#website\"},\"datePublished\":\"2015-10-20T12:09:54+00:00\",\"dateModified\":\"2024-10-03T17:00:03+00:00\",\"description\":\"Archimede pr\u00e9sente son \u00e9l\u00e9vateur de piscine hydraulique : l\u00e8ve personne qui permet le transfert des pmr dans la piscine.\",\"breadcrumb\":{\"@id\":\"https:\/\/www.archimede-aquafitness.com\/fr\/accessibilite-handicape\/leve-personne-hydraulique\/#breadcrumb\"},\"inLanguage\":\"fr-FR\",\"potentialAction\":[{\"@type\":\"ReadAction\",\"target\":[\"https:\/\/www.archimede-aquafitness.com\/fr\/accessibilite-handicape\/leve-personne-hydraulique\/\"]}]},{\"@type\":\"BreadcrumbList\",\"@id\":\"https:\/\/www.archimede-aquafitness.com\/fr\/accessibilite-handicape\/leve-personne-hydraulique\/#breadcrumb\",\"itemListElement\":[{\"@type\":\"ListItem\",\"position\":1,\"name\":\"Accueil\",\"item\":\"https:\/\/www.archimede-aquafitness.com\/fr\/\"},{\"@type\":\"ListItem\",\"position\":2,\"name\":\"Accessibilit\u00e9 handicap\u00e9\",\"item\":\"https:\/\/www.archimede-aquafitness.com\/fr\/accessibilite-handicape\/\"},{\"@type\":\"ListItem\",\"position\":3,\"name\":\"L\u00e8ve personne hydraulique\"}]},{\"@type\":\"WebSite\",\"@id\":\"https:\/\/www.archimede-aquafitness.com\/fr\/#website\",\"url\":\"https:\/\/www.archimede-aquafitness.com\/fr\/\",\"name\":\"Archimede Aquafitness\",\"description\":\"Aquafitness is bringing wellness, physical capacity and health to a very large public\",\"publisher\":{\"@id\":\"https:\/\/www.archimede-aquafitness.com\/fr\/#organization\"},\"potentialAction\":[{\"@type\":\"SearchAction\",\"target\":{\"@type\":\"EntryPoint\",\"urlTemplate\":\"https:\/\/www.archimede-aquafitness.com\/fr\/?s={search_term_string}\"},\"query-input\":{\"@type\":\"PropertyValueSpecification\",\"valueRequired\":true,\"valueName\":\"search_term_string\"}}],\"inLanguage\":\"fr-FR\"},{\"@type\":\"Organization\",\"@id\":\"https:\/\/www.archimede-aquafitness.com\/fr\/#organization\",\"name\":\"Archim\u00e8de AquaFitness \/ JOINTEC\",\"url\":\"https:\/\/www.archimede-aquafitness.com\/fr\/\",\"logo\":{\"@type\":\"ImageObject\",\"inLanguage\":\"fr-FR\",\"@id\":\"https:\/\/www.archimede-aquafitness.com\/fr\/#\/schema\/logo\/image\/\",\"url\":\"https:\/\/www.archimede-aquafitness.com\/wp-content\/uploads\/2015\/09\/logo-archimede-aquafitness.png\",\"contentUrl\":\"https:\/\/www.archimede-aquafitness.com\/wp-content\/uploads\/2015\/09\/logo-archimede-aquafitness.png\",\"width\":308,\"height\":88,\"caption\":\"Archim\u00e8de AquaFitness \/ JOINTEC\"},\"image\":{\"@id\":\"https:\/\/www.archimede-aquafitness.com\/fr\/#\/schema\/logo\/image\/\"}}]}<\/script>\n<!-- \/ Yoast SEO plugin. -->","yoast_head_json":{"title":"\u00c9l\u00e9vateur de piscine hydraulique pour handicap\u00e9 | Archimede","description":"Archimede pr\u00e9sente son \u00e9l\u00e9vateur de piscine hydraulique : l\u00e8ve personne qui permet le transfert des pmr dans la piscine.","robots":{"index":"index","follow":"follow","max-snippet":"max-snippet:-1","max-image-preview":"max-image-preview:large","max-video-preview":"max-video-preview:-1"},"canonical":"https:\/\/www.archimede-aquafitness.com\/fr\/accessibilite-handicape\/leve-personne-hydraulique\/","og_locale":"fr_FR","og_type":"article","og_title":"\u00c9l\u00e9vateur de piscine hydraulique pour handicap\u00e9 | Archimede","og_description":"Archimede pr\u00e9sente son \u00e9l\u00e9vateur de piscine hydraulique : l\u00e8ve personne qui permet le transfert des pmr dans la piscine.","og_url":"https:\/\/www.archimede-aquafitness.com\/fr\/accessibilite-handicape\/leve-personne-hydraulique\/","og_site_name":"Archimede Aquafitness","article_modified_time":"2024-10-03T17:00:03+00:00","twitter_card":"summary_large_image","twitter_misc":{"Dur\u00e9e de lecture estim\u00e9e":"3 minutes"},"schema":{"@context":"https:\/\/schema.org","@graph":[{"@type":"WebPage","@id":"https:\/\/www.archimede-aquafitness.com\/fr\/accessibilite-handicape\/leve-personne-hydraulique\/","url":"https:\/\/www.archimede-aquafitness.com\/fr\/accessibilite-handicape\/leve-personne-hydraulique\/","name":"\u00c9l\u00e9vateur de piscine hydraulique pour handicap\u00e9 | Archimede","isPartOf":{"@id":"https:\/\/www.archimede-aquafitness.com\/fr\/#website"},"datePublished":"2015-10-20T12:09:54+00:00","dateModified":"2024-10-03T17:00:03+00:00","description":"Archimede pr\u00e9sente son \u00e9l\u00e9vateur de piscine hydraulique : l\u00e8ve personne qui permet le transfert des pmr dans la piscine.","breadcrumb":{"@id":"https:\/\/www.archimede-aquafitness.com\/fr\/accessibilite-handicape\/leve-personne-hydraulique\/#breadcrumb"},"inLanguage":"fr-FR","potentialAction":[{"@type":"ReadAction","target":["https:\/\/www.archimede-aquafitness.com\/fr\/accessibilite-handicape\/leve-personne-hydraulique\/"]}]},{"@type":"BreadcrumbList","@id":"https:\/\/www.archimede-aquafitness.com\/fr\/accessibilite-handicape\/leve-personne-hydraulique\/#breadcrumb","itemListElement":[{"@type":"ListItem","position":1,"name":"Accueil","item":"https:\/\/www.archimede-aquafitness.com\/fr\/"},{"@type":"ListItem","position":2,"name":"Accessibilit\u00e9 handicap\u00e9","item":"https:\/\/www.archimede-aquafitness.com\/fr\/accessibilite-handicape\/"},{"@type":"ListItem","position":3,"name":"L\u00e8ve personne hydraulique"}]},{"@type":"WebSite","@id":"https:\/\/www.archimede-aquafitness.com\/fr\/#website","url":"https:\/\/www.archimede-aquafitness.com\/fr\/","name":"Archimede Aquafitness","description":"Aquafitness is bringing wellness, physical capacity and health to a very large public","publisher":{"@id":"https:\/\/www.archimede-aquafitness.com\/fr\/#organization"},"potentialAction":[{"@type":"SearchAction","target":{"@type":"EntryPoint","urlTemplate":"https:\/\/www.archimede-aquafitness.com\/fr\/?s={search_term_string}"},"query-input":{"@type":"PropertyValueSpecification","valueRequired":true,"valueName":"search_term_string"}}],"inLanguage":"fr-FR"},{"@type":"Organization","@id":"https:\/\/www.archimede-aquafitness.com\/fr\/#organization","name":"Archim\u00e8de AquaFitness \/ JOINTEC","url":"https:\/\/www.archimede-aquafitness.com\/fr\/","logo":{"@type":"ImageObject","inLanguage":"fr-FR","@id":"https:\/\/www.archimede-aquafitness.com\/fr\/#\/schema\/logo\/image\/","url":"https:\/\/www.archimede-aquafitness.com\/wp-content\/uploads\/2015\/09\/logo-archimede-aquafitness.png","contentUrl":"https:\/\/www.archimede-aquafitness.com\/wp-content\/uploads\/2015\/09\/logo-archimede-aquafitness.png","width":308,"height":88,"caption":"Archim\u00e8de AquaFitness \/ JOINTEC"},"image":{"@id":"https:\/\/www.archimede-aquafitness.com\/fr\/#\/schema\/logo\/image\/"}}]}},"_links":{"self":[{"href":"https:\/\/www.archimede-aquafitness.com\/fr\/wp-json\/wp\/v2\/pages\/5105","targetHints":{"allow":["GET"]}}],"collection":[{"href":"https:\/\/www.archimede-aquafitness.com\/fr\/wp-json\/wp\/v2\/pages"}],"about":[{"href":"https:\/\/www.archimede-aquafitness.com\/fr\/wp-json\/wp\/v2\/types\/page"}],"author":[{"embeddable":true,"href":"https:\/\/www.archimede-aquafitness.com\/fr\/wp-json\/wp\/v2\/users\/4"}],"replies":[{"embeddable":true,"href":"https:\/\/www.archimede-aquafitness.com\/fr\/wp-json\/wp\/v2\/comments?post=5105"}],"version-history":[{"count":2,"href":"https:\/\/www.archimede-aquafitness.com\/fr\/wp-json\/wp\/v2\/pages\/5105\/revisions"}],"predecessor-version":[{"id":17422,"href":"https:\/\/www.archimede-aquafitness.com\/fr\/wp-json\/wp\/v2\/pages\/5105\/revisions\/17422"}],"up":[{"embeddable":true,"href":"https:\/\/www.archimede-aquafitness.com\/fr\/wp-json\/wp\/v2\/pages\/16990"}],"wp:attachment":[{"href":"https:\/\/www.archimede-aquafitness.com\/fr\/wp-json\/wp\/v2\/media?parent=5105"}],"curies":[{"name":"wp","href":"https:\/\/api.w.org\/{rel}","templated":true}]}}