{"id":5119,"date":"2015-10-20T13:50:18","date_gmt":"2015-10-20T12:50:18","guid":{"rendered":"https:\/\/www.archimede-aquafitness.com\/fr\/?page_id=5119"},"modified":"2019-12-16T16:07:33","modified_gmt":"2019-12-16T15:07:33","slug":"elevateur-special-hors-sol","status":"publish","type":"page","link":"https:\/\/www.archimede-aquafitness.com\/fr\/accessibilite-handicape\/elevateur-special-hors-sol\/","title":{"rendered":"El\u00e9vateur sp\u00e9cial hors sol"},"content":{"rendered":"<div class=\"wpb-content-wrapper\">[mk_page_section padding_top=\u00a0\u00bb50&Prime; first_page=\u00a0\u00bbfalse\u00a0\u00bb last_page=\u00a0\u00bbtrue\u00a0\u00bb sidebar=\u00a0\u00bbsidebar-1&Prime;][vc_column width=\u00a0\u00bb1\/2&Prime;][vc_column_text]\n<h3><span style=\"color: #008ace\">El\u00e9vateur sp\u00e9cial pour<\/span><\/h3>\n<h1><span style=\"color: #008ace\">spa hors sol<\/span><\/h1>\n<p><strong>ref : PP04-3<\/strong><\/p>\n<h3>Potence con\u00e7ue pour franchir la paroi<br \/>\nde la piscine ou du spa\u00a0hors sol<\/h3>\n<p>&gt; Structure <strong>garantie 3 ans <\/strong><\/p>\n<p><strong>&gt; Conforme \u00e0 la loi handicap<\/strong>[\/vc_column_text][vc_single_image image=\u00a0\u00bb11156&Prime; img_size=\u00a0\u00bb100 x 66&Prime; css=\u00a0\u00bb.vc_custom_1462287388437{border-left-width: 40px !important;}\u00a0\u00bb][vc_single_image image=\u00a0\u00bb15460&Prime; img_size=\u00a0\u00bb220 x 74&Prime; alignment=\u00a0\u00bbcenter\u00a0\u00bb onclick=\u00a0\u00bbcustom_link\u00a0\u00bb img_link_target=\u00a0\u00bb_blank\u00a0\u00bb css_animation=\u00a0\u00bbappear\u00a0\u00bb link=\u00a0\u00bbhttp:\/\/www.archimede-shop.com\/fr\/elevateurs\/30-elevateur-special-pour-spa-hors-sol.html\u00a0\u00bb][\/vc_column][vc_column width=\u00a0\u00bb1\/2&Prime;][vc_images_carousel images=\u00a0\u00bb3554,3569&Prime; img_size=\u00a0\u00bb534&#215;534&Prime; onclick=\u00a0\u00bblink_no\u00a0\u00bb speed=\u00a0\u00bb3500&Prime; autoplay=\u00a0\u00bbyes\u00a0\u00bb wrap=\u00a0\u00bbyes\u00a0\u00bb][\/vc_column][\/mk_page_section][mk_page_section padding_bottom=\u00a0\u00bb0&Prime; first_page=\u00a0\u00bbfalse\u00a0\u00bb last_page=\u00a0\u00bbtrue\u00a0\u00bb sidebar=\u00a0\u00bbsidebar-1&Prime;][vc_column][vc_accordions style=\u00a0\u00bbsimple-style\u00a0\u00bb action_style=\u00a0\u00bbtoggle-action\u00a0\u00bb container_bg_color=\u00a0\u00bb#ffffff\u00a0\u00bb][vc_accordion_tab title=\u00a0\u00bbVoir le film\u00a0\u00bb][vc_video link=\u00a0\u00bbhttps:\/\/www.youtube.com\/watch?v=PM8osr8raVk\u00a0\u00bb][\/vc_accordion_tab][\/vc_accordions][\/vc_column][\/mk_page_section][mk_page_section first_page=\u00a0\u00bbfalse\u00a0\u00bb last_page=\u00a0\u00bbtrue\u00a0\u00bb sidebar=\u00a0\u00bbsidebar-1&Prime;][vc_column][vc_separator][\/vc_column][\/mk_page_section][mk_page_section first_page=\u00a0\u00bbtrue\u00a0\u00bb last_page=\u00a0\u00bbtrue\u00a0\u00bb sidebar=\u00a0\u00bbsidebar-1&Prime;][vc_column][vc_row_inner padding=\u00a0\u00bb0&Prime;][vc_column_inner width=\u00a0\u00bb1\/2&Prime;][vc_column_text]\n<h1><span style=\"color: #008ace\">Caract\u00e9ristiques :<\/span><\/h1>\n<h3>Constitu\u00e9 d\u2019une colonne pivotante articul\u00e9e avec sa fl\u00e8che repliable permettant de franchir la paroi d\u2019un spa hors sol d\u2019une hauteur de 1.30m<\/h3>\n[\/vc_column_text][\/vc_column_inner][vc_column_inner width=\u00a0\u00bb1\/2&Prime;][vc_single_image image=\u00a0\u00bb9790&Prime; img_size=\u00a0\u00bb552&#215;568&Prime; alignment=\u00a0\u00bbright\u00a0\u00bb][\/vc_column_inner][\/vc_row_inner][vc_separator][\/vc_column][\/mk_page_section][mk_page_section first_page=\u00a0\u00bbtrue\u00a0\u00bb last_page=\u00a0\u00bbtrue\u00a0\u00bb sidebar=\u00a0\u00bbsidebar-1&Prime;][vc_column][vc_row_inner padding=\u00a0\u00bb0&Prime;][vc_column_inner width=\u00a0\u00bb1\/2&Prime; css=\u00a0\u00bb.vc_custom_1470233971538{border-top-width: -150px !important;}\u00a0\u00bb][vc_single_image image=\u00a0\u00bb13650&Prime; img_size=\u00a0\u00bb350 \u00d7 375&Prime; alignment=\u00a0\u00bbcenter\u00a0\u00bb][vc_column_text]\n<p style=\"text-align: center\"><em>Treuil manuel<\/em><\/p>\n[\/vc_column_text][\/vc_column_inner][vc_column_inner width=\u00a0\u00bb1\/2&Prime;][vc_column_text]\n<h3 class=\"p1\"><span class=\"s1\">Actionn\u00e9 par un treuil manuel et un syst\u00e8me de c\u00e2ble d\u00e9multiplicateur<\/span><\/h3>\n<h3 class=\"p1\"><span class=\"s1\">Equip\u00e9 d\u2019un syst\u00e8me automatique de s\u00e9curit\u00e9 antichute conforme \u00e0 la Norme EN 360<\/span><\/h3>\n[\/vc_column_text][\/vc_column_inner][\/vc_row_inner][vc_separator][\/vc_column][\/mk_page_section][mk_page_section first_page=\u00a0\u00bbtrue\u00a0\u00bb last_page=\u00a0\u00bbtrue\u00a0\u00bb sidebar=\u00a0\u00bbsidebar-1&Prime;][vc_column][vc_row_inner padding=\u00a0\u00bb0&Prime;][vc_column_inner width=\u00a0\u00bb1\/3&Prime;][vc_column_text]\n<h3>Fixation au sol par platine,<br \/>\n4 volants et 4 chevilles de s\u00e9curit\u00e9 ancr\u00e9es dans le sol<\/h3>\n<h3>(r\u00e9sistance \u00e0 l&rsquo;arrachement :<br \/>\n2 x 2,5 tonnes)<\/h3>\n<p>(voir contraintes techniques : \u00ab en savoir plus \u00bb)<\/p>\n<p><strong>Les diverses positions de l&rsquo;\u00e9l\u00e9vateur en bordure de piscine\u00a0(voir sch\u00e9ma) \u00a01, 2, 3 \u00e0 droite<\/strong><\/p>\n<h3>R\u00e9f : PP04-3<\/h3>\n<h3 style=\"text-align: center\"><span style=\"color: #ff0000\">3833.00\u20ac HT &#8211; 4043.82\u20ac TTC<\/span><\/h3>\n<p style=\"text-align: center\"><em><span style=\"color: #ff0000\">TVA r\u00e9duite \u00e0 5.5%<\/span><\/em><\/p>\n[\/vc_column_text][\/vc_column_inner][vc_column_inner width=\u00a0\u00bb1\/3&Prime;][vc_single_image image=\u00a0\u00bb9219&Prime; img_size=\u00a0\u00bb500 \u00d7 618&Prime; alignment=\u00a0\u00bbcenter\u00a0\u00bb][\/vc_column_inner][vc_column_inner width=\u00a0\u00bb1\/3&Prime;][vc_single_image image=\u00a0\u00bb9213&Prime; img_size=\u00a0\u00bb500 \u00d7 596&Prime; alignment=\u00a0\u00bbcenter\u00a0\u00bb][\/vc_column_inner][\/vc_row_inner][vc_separator][\/vc_column][\/mk_page_section][mk_page_section first_page=\u00a0\u00bbtrue\u00a0\u00bb last_page=\u00a0\u00bbtrue\u00a0\u00bb sidebar=\u00a0\u00bbsidebar-1&Prime;][vc_column width=\u00a0\u00bb1\/2&Prime;][vc_single_image image=\u00a0\u00bb6260&Prime; img_size=\u00a0\u00bb330 \u00d7 196&Prime; alignment=\u00a0\u00bbcenter\u00a0\u00bb][\/vc_column][vc_column width=\u00a0\u00bb1\/2&Prime;][vc_column_text]\n<h2 class=\"p1\"><span class=\"s1\">Variante :<\/span><\/h2>\n<h3>Ancrage par fourreau scell\u00e9 dans le sol<\/h3>\n<h3>R\u00e9f : PP04-2<\/h3>\n[\/vc_column_text][\/vc_column][\/mk_page_section][mk_page_section predefined_bg=\u00a0\u00bb\u00a0\u00bb first_page=\u00a0\u00bbtrue\u00a0\u00bb last_page=\u00a0\u00bbtrue\u00a0\u00bb sidebar=\u00a0\u00bbsidebar-1&Prime;][vc_column width=\u00a0\u00bb1\/2&Prime;][vc_column_text css=\u00a0\u00bb.vc_custom_1576508827647{margin-bottom: 0px !important;}\u00a0\u00bb]\n<h3 class=\"p1\"><span class=\"s1\">Structure en inox marine et en acier S235 galvanis\u00e9 \u00e0 chaud prot\u00e9g\u00e9 par un rev\u00eatement thermolaqu\u00e9 hydrofuge<\/span><\/h3>\n<h3 class=\"p1\"><span class=\"s1\">Charge admissible 130 kilos<\/span><\/h3>\n<h3 class=\"p1\"><span class=\"s1\">Housse de protection en PVC<\/span><\/h3>\n[\/vc_column_text][\/vc_column][vc_column width=\u00a0\u00bb1\/2&Prime;][vc_single_image image=\u00a0\u00bb6174&Prime; img_size=\u00a0\u00bb146 \u00d7 300&Prime; alignment=\u00a0\u00bbcenter\u00a0\u00bb][\/vc_column][\/mk_page_section][mk_page_section first_page=\u00a0\u00bbtrue\u00a0\u00bb last_page=\u00a0\u00bbtrue\u00a0\u00bb sidebar=\u00a0\u00bbsidebar-1&Prime;][vc_column width=\u00a0\u00bb1\/2&Prime;][vc_column_text]\n<h3 class=\"p1\"><span class=\"s1\">Accessoires :<\/span><\/h3>\n<h3 class=\"p1\"><span class=\"s1\">&#8211; Hamacs<span style=\"text-decoration: underline\"><a href=\"https:\/\/www.archimede-aquafitness.com\/fr\/accessibilite-handicape\/hamac-ha01\/\"> HA01<\/a><\/span> et <span style=\"text-decoration: underline\"><a href=\"https:\/\/www.archimede-aquafitness.com\/fr\/accessibilite-handicape\/hamac-ha02\/\">HA02<\/a><\/span><\/span><\/h3>\n<h3 class=\"p1\"><span class=\"s1\">&#8211; Si\u00e8ge rigide <span style=\"text-decoration: underline\"><a href=\"https:\/\/www.archimede-aquafitness.com\/fr\/accessibilite-handicape\/siege-de-suspension\/\">SP04<\/a><\/span><\/span><\/h3>\n<h3 class=\"p1\"><span class=\"s1\">&#8211; Chariot de transport <span style=\"text-decoration: underline\"><a href=\"https:\/\/www.archimede-aquafitness.com\/fr\/accessibilite-handicape\/leve-personne\/diable\/\">DI01-1<\/a><\/span><\/span><\/h3>\n[\/vc_column_text][\/vc_column][vc_column width=\u00a0\u00bb1\/2&Prime;][vc_single_image image=\u00a0\u00bb8011&Prime; img_size=\u00a0\u00bb280 \u00d7 374&Prime; alignment=\u00a0\u00bbcenter\u00a0\u00bb onclick=\u00a0\u00bbcustom_link\u00a0\u00bb title=\u00a0\u00bbChariot de transport DI01-1&Prime; link=\u00a0\u00bbhttps:\/\/www.archimede-aquafitness.com\/fr\/handicap-access\/diable\u00a0\u00bb][\/vc_column][\/mk_page_section][mk_page_section first_page=\u00a0\u00bbtrue\u00a0\u00bb last_page=\u00a0\u00bbtrue\u00a0\u00bb sidebar=\u00a0\u00bbsidebar-1&Prime;][vc_column][vc_separator][vc_accordions action_style=\u00a0\u00bbtoggle-action\u00a0\u00bb container_bg_color=\u00a0\u00bb#ffffff\u00a0\u00bb][vc_accordion_tab title=\u00a0\u00bbConsignes de s\u00e9curit\u00e9 importantes\u00a0\u00bb][vc_column_text]Les consignes de s\u00e9curit\u00e9 doivent \u00eatre strictement appliqu\u00e9es : montage sur un socle de b\u00e9ton type B250 (250 kgs de ciment au m3, b\u00e9ton non fissur\u00e9)<\/p>\n<p><strong>Contraintes techniques<\/strong><\/p>\n<p>Le positionnement, la fixation des chevilles et le montage de la platine doivent \u00eatre effectu\u00e9s par un personnel professionnel (ma\u00e7on)<\/p>\n<p>L&rsquo;<strong>\u00e9l\u00e9vateur sp\u00e9cial hors sol<\/strong> doit \u00eatre recouverte de sa housse de protection en dehors des p\u00e9riodes d\u2019utilisation[\/vc_column_text][\/vc_accordion_tab][\/vc_accordions][\/vc_column][\/mk_page_section]\n<\/div>","protected":false},"excerpt":{"rendered":"<p>[mk_page_section padding_top=\u00a0\u00bb50&Prime; first_page=\u00a0\u00bbfalse\u00a0\u00bb last_page=\u00a0\u00bbtrue\u00a0\u00bb sidebar=\u00a0\u00bbsidebar-1&Prime;][vc_column width=\u00a0\u00bb1\/2&Prime;][vc_column_text] El\u00e9vateur sp\u00e9cial pour spa hors sol ref : PP04-3 Potence con\u00e7ue pour franchir la paroi de la piscine ou du spa\u00a0hors sol &gt; Structure garantie 3 ans &gt; Conforme \u00e0 la loi handicap[\/vc_column_text][vc_single_image image=\u00a0\u00bb11156&Prime; img_size=\u00a0\u00bb100 x 66&Prime; css=\u00a0\u00bb.vc_custom_1462287388437{border-left-width: 40px !important;}\u00a0\u00bb][vc_single_image image=\u00a0\u00bb15460&Prime; img_size=\u00a0\u00bb220 x 74&Prime; alignment=\u00a0\u00bbcenter\u00a0\u00bb onclick=\u00a0\u00bbcustom_link\u00a0\u00bb img_link_target=\u00a0\u00bb_blank\u00a0\u00bb css_animation=\u00a0\u00bbappear\u00a0\u00bb link=\u00a0\u00bbhttp:\/\/www.archimede-shop.com\/fr\/elevateurs\/30-elevateur-special-pour-spa-hors-sol.html\u00a0\u00bb][\/vc_column][vc_column [&hellip;]<\/p>\n","protected":false},"author":4,"featured_media":0,"parent":16990,"menu_order":0,"comment_status":"closed","ping_status":"closed","template":"","meta":{"footnotes":""},"class_list":["post-5119","page","type-page","status-publish","hentry"],"yoast_head":"<!-- This site is optimized with the Yoast SEO plugin v27.0 - https:\/\/yoast.com\/product\/yoast-seo-wordpress\/ -->\n<title>El\u00e9vateur sp\u00e9cial hors sol | Archim\u00e8de<\/title>\n<meta name=\"description\" content=\"Archim\u00e8de pr\u00e9sente son El\u00e9vateur sp\u00e9cial hors sol pour la piscine. Potence con\u00e7u pour permettre l&#039;acc\u00e8s des PMR dans une piscine ou un spa hors sol.\" \/>\n<meta name=\"robots\" content=\"index, follow, max-snippet:-1, max-image-preview:large, max-video-preview:-1\" \/>\n<link rel=\"canonical\" href=\"https:\/\/www.archimede-aquafitness.com\/fr\/accessibilite-handicape\/elevateur-special-hors-sol\/\" \/>\n<meta property=\"og:locale\" content=\"fr_FR\" \/>\n<meta property=\"og:type\" content=\"article\" \/>\n<meta property=\"og:title\" content=\"El\u00e9vateur sp\u00e9cial hors sol | Archim\u00e8de\" \/>\n<meta property=\"og:description\" content=\"Archim\u00e8de pr\u00e9sente son El\u00e9vateur sp\u00e9cial hors sol pour la piscine. Potence con\u00e7u pour permettre l&#039;acc\u00e8s des PMR dans une piscine ou un spa hors sol.\" \/>\n<meta property=\"og:url\" content=\"https:\/\/www.archimede-aquafitness.com\/fr\/accessibilite-handicape\/elevateur-special-hors-sol\/\" \/>\n<meta property=\"og:site_name\" content=\"Archimede Aquafitness\" \/>\n<meta property=\"article:modified_time\" content=\"2019-12-16T15:07:33+00:00\" \/>\n<meta name=\"twitter:card\" content=\"summary_large_image\" \/>\n<meta name=\"twitter:label1\" content=\"Dur\u00e9e de lecture estim\u00e9e\" \/>\n\t<meta name=\"twitter:data1\" content=\"4 minutes\" \/>\n<script type=\"application\/ld+json\" class=\"yoast-schema-graph\">{\"@context\":\"https:\/\/schema.org\",\"@graph\":[{\"@type\":\"WebPage\",\"@id\":\"https:\/\/www.archimede-aquafitness.com\/fr\/accessibilite-handicape\/elevateur-special-hors-sol\/\",\"url\":\"https:\/\/www.archimede-aquafitness.com\/fr\/accessibilite-handicape\/elevateur-special-hors-sol\/\",\"name\":\"El\u00e9vateur sp\u00e9cial hors sol | Archim\u00e8de\",\"isPartOf\":{\"@id\":\"https:\/\/www.archimede-aquafitness.com\/fr\/#website\"},\"datePublished\":\"2015-10-20T12:50:18+00:00\",\"dateModified\":\"2019-12-16T15:07:33+00:00\",\"description\":\"Archim\u00e8de pr\u00e9sente son El\u00e9vateur sp\u00e9cial hors sol pour la piscine. Potence con\u00e7u pour permettre l'acc\u00e8s des PMR dans une piscine ou un spa hors sol.\",\"breadcrumb\":{\"@id\":\"https:\/\/www.archimede-aquafitness.com\/fr\/accessibilite-handicape\/elevateur-special-hors-sol\/#breadcrumb\"},\"inLanguage\":\"fr-FR\",\"potentialAction\":[{\"@type\":\"ReadAction\",\"target\":[\"https:\/\/www.archimede-aquafitness.com\/fr\/accessibilite-handicape\/elevateur-special-hors-sol\/\"]}]},{\"@type\":\"BreadcrumbList\",\"@id\":\"https:\/\/www.archimede-aquafitness.com\/fr\/accessibilite-handicape\/elevateur-special-hors-sol\/#breadcrumb\",\"itemListElement\":[{\"@type\":\"ListItem\",\"position\":1,\"name\":\"Accueil\",\"item\":\"https:\/\/www.archimede-aquafitness.com\/fr\/\"},{\"@type\":\"ListItem\",\"position\":2,\"name\":\"Accessibilit\u00e9 handicap\u00e9\",\"item\":\"https:\/\/www.archimede-aquafitness.com\/fr\/accessibilite-handicape\/\"},{\"@type\":\"ListItem\",\"position\":3,\"name\":\"El\u00e9vateur sp\u00e9cial hors sol\"}]},{\"@type\":\"WebSite\",\"@id\":\"https:\/\/www.archimede-aquafitness.com\/fr\/#website\",\"url\":\"https:\/\/www.archimede-aquafitness.com\/fr\/\",\"name\":\"Archimede Aquafitness\",\"description\":\"Aquafitness is bringing wellness, physical capacity and health to a very large public\",\"publisher\":{\"@id\":\"https:\/\/www.archimede-aquafitness.com\/fr\/#organization\"},\"potentialAction\":[{\"@type\":\"SearchAction\",\"target\":{\"@type\":\"EntryPoint\",\"urlTemplate\":\"https:\/\/www.archimede-aquafitness.com\/fr\/?s={search_term_string}\"},\"query-input\":{\"@type\":\"PropertyValueSpecification\",\"valueRequired\":true,\"valueName\":\"search_term_string\"}}],\"inLanguage\":\"fr-FR\"},{\"@type\":\"Organization\",\"@id\":\"https:\/\/www.archimede-aquafitness.com\/fr\/#organization\",\"name\":\"Archim\u00e8de AquaFitness \/ JOINTEC\",\"url\":\"https:\/\/www.archimede-aquafitness.com\/fr\/\",\"logo\":{\"@type\":\"ImageObject\",\"inLanguage\":\"fr-FR\",\"@id\":\"https:\/\/www.archimede-aquafitness.com\/fr\/#\/schema\/logo\/image\/\",\"url\":\"https:\/\/www.archimede-aquafitness.com\/wp-content\/uploads\/2015\/09\/logo-archimede-aquafitness.png\",\"contentUrl\":\"https:\/\/www.archimede-aquafitness.com\/wp-content\/uploads\/2015\/09\/logo-archimede-aquafitness.png\",\"width\":308,\"height\":88,\"caption\":\"Archim\u00e8de AquaFitness \/ JOINTEC\"},\"image\":{\"@id\":\"https:\/\/www.archimede-aquafitness.com\/fr\/#\/schema\/logo\/image\/\"}}]}<\/script>\n<!-- \/ Yoast SEO plugin. -->","yoast_head_json":{"title":"El\u00e9vateur sp\u00e9cial hors sol | Archim\u00e8de","description":"Archim\u00e8de pr\u00e9sente son El\u00e9vateur sp\u00e9cial hors sol pour la piscine. Potence con\u00e7u pour permettre l'acc\u00e8s des PMR dans une piscine ou un spa hors sol.","robots":{"index":"index","follow":"follow","max-snippet":"max-snippet:-1","max-image-preview":"max-image-preview:large","max-video-preview":"max-video-preview:-1"},"canonical":"https:\/\/www.archimede-aquafitness.com\/fr\/accessibilite-handicape\/elevateur-special-hors-sol\/","og_locale":"fr_FR","og_type":"article","og_title":"El\u00e9vateur sp\u00e9cial hors sol | Archim\u00e8de","og_description":"Archim\u00e8de pr\u00e9sente son El\u00e9vateur sp\u00e9cial hors sol pour la piscine. Potence con\u00e7u pour permettre l'acc\u00e8s des PMR dans une piscine ou un spa hors sol.","og_url":"https:\/\/www.archimede-aquafitness.com\/fr\/accessibilite-handicape\/elevateur-special-hors-sol\/","og_site_name":"Archimede Aquafitness","article_modified_time":"2019-12-16T15:07:33+00:00","twitter_card":"summary_large_image","twitter_misc":{"Dur\u00e9e de lecture estim\u00e9e":"4 minutes"},"schema":{"@context":"https:\/\/schema.org","@graph":[{"@type":"WebPage","@id":"https:\/\/www.archimede-aquafitness.com\/fr\/accessibilite-handicape\/elevateur-special-hors-sol\/","url":"https:\/\/www.archimede-aquafitness.com\/fr\/accessibilite-handicape\/elevateur-special-hors-sol\/","name":"El\u00e9vateur sp\u00e9cial hors sol | Archim\u00e8de","isPartOf":{"@id":"https:\/\/www.archimede-aquafitness.com\/fr\/#website"},"datePublished":"2015-10-20T12:50:18+00:00","dateModified":"2019-12-16T15:07:33+00:00","description":"Archim\u00e8de pr\u00e9sente son El\u00e9vateur sp\u00e9cial hors sol pour la piscine. Potence con\u00e7u pour permettre l'acc\u00e8s des PMR dans une piscine ou un spa hors sol.","breadcrumb":{"@id":"https:\/\/www.archimede-aquafitness.com\/fr\/accessibilite-handicape\/elevateur-special-hors-sol\/#breadcrumb"},"inLanguage":"fr-FR","potentialAction":[{"@type":"ReadAction","target":["https:\/\/www.archimede-aquafitness.com\/fr\/accessibilite-handicape\/elevateur-special-hors-sol\/"]}]},{"@type":"BreadcrumbList","@id":"https:\/\/www.archimede-aquafitness.com\/fr\/accessibilite-handicape\/elevateur-special-hors-sol\/#breadcrumb","itemListElement":[{"@type":"ListItem","position":1,"name":"Accueil","item":"https:\/\/www.archimede-aquafitness.com\/fr\/"},{"@type":"ListItem","position":2,"name":"Accessibilit\u00e9 handicap\u00e9","item":"https:\/\/www.archimede-aquafitness.com\/fr\/accessibilite-handicape\/"},{"@type":"ListItem","position":3,"name":"El\u00e9vateur sp\u00e9cial hors sol"}]},{"@type":"WebSite","@id":"https:\/\/www.archimede-aquafitness.com\/fr\/#website","url":"https:\/\/www.archimede-aquafitness.com\/fr\/","name":"Archimede Aquafitness","description":"Aquafitness is bringing wellness, physical capacity and health to a very large public","publisher":{"@id":"https:\/\/www.archimede-aquafitness.com\/fr\/#organization"},"potentialAction":[{"@type":"SearchAction","target":{"@type":"EntryPoint","urlTemplate":"https:\/\/www.archimede-aquafitness.com\/fr\/?s={search_term_string}"},"query-input":{"@type":"PropertyValueSpecification","valueRequired":true,"valueName":"search_term_string"}}],"inLanguage":"fr-FR"},{"@type":"Organization","@id":"https:\/\/www.archimede-aquafitness.com\/fr\/#organization","name":"Archim\u00e8de AquaFitness \/ JOINTEC","url":"https:\/\/www.archimede-aquafitness.com\/fr\/","logo":{"@type":"ImageObject","inLanguage":"fr-FR","@id":"https:\/\/www.archimede-aquafitness.com\/fr\/#\/schema\/logo\/image\/","url":"https:\/\/www.archimede-aquafitness.com\/wp-content\/uploads\/2015\/09\/logo-archimede-aquafitness.png","contentUrl":"https:\/\/www.archimede-aquafitness.com\/wp-content\/uploads\/2015\/09\/logo-archimede-aquafitness.png","width":308,"height":88,"caption":"Archim\u00e8de AquaFitness \/ JOINTEC"},"image":{"@id":"https:\/\/www.archimede-aquafitness.com\/fr\/#\/schema\/logo\/image\/"}}]}},"_links":{"self":[{"href":"https:\/\/www.archimede-aquafitness.com\/fr\/wp-json\/wp\/v2\/pages\/5119","targetHints":{"allow":["GET"]}}],"collection":[{"href":"https:\/\/www.archimede-aquafitness.com\/fr\/wp-json\/wp\/v2\/pages"}],"about":[{"href":"https:\/\/www.archimede-aquafitness.com\/fr\/wp-json\/wp\/v2\/types\/page"}],"author":[{"embeddable":true,"href":"https:\/\/www.archimede-aquafitness.com\/fr\/wp-json\/wp\/v2\/users\/4"}],"replies":[{"embeddable":true,"href":"https:\/\/www.archimede-aquafitness.com\/fr\/wp-json\/wp\/v2\/comments?post=5119"}],"version-history":[{"count":1,"href":"https:\/\/www.archimede-aquafitness.com\/fr\/wp-json\/wp\/v2\/pages\/5119\/revisions"}],"predecessor-version":[{"id":17156,"href":"https:\/\/www.archimede-aquafitness.com\/fr\/wp-json\/wp\/v2\/pages\/5119\/revisions\/17156"}],"up":[{"embeddable":true,"href":"https:\/\/www.archimede-aquafitness.com\/fr\/wp-json\/wp\/v2\/pages\/16990"}],"wp:attachment":[{"href":"https:\/\/www.archimede-aquafitness.com\/fr\/wp-json\/wp\/v2\/media?parent=5119"}],"curies":[{"name":"wp","href":"https:\/\/api.w.org\/{rel}","templated":true}]}}