{"id":5769,"date":"2015-10-26T17:33:47","date_gmt":"2015-10-26T16:33:47","guid":{"rendered":"https:\/\/www.archimede-aquafitness.com\/fr\/?page_id=5769"},"modified":"2016-10-12T10:13:03","modified_gmt":"2016-10-12T09:13:03","slug":"barres-d-appui","status":"publish","type":"page","link":"https:\/\/www.archimede-aquafitness.com\/fr\/reeducation-en-piscine\/barres-d-appui\/","title":{"rendered":"Barres d&rsquo;appui"},"content":{"rendered":"<div class=\"wpb-content-wrapper\">[mk_page_section layout_structure=\u00a0\u00bbfull\u00a0\u00bb attachment=\u00a0\u00bbscroll\u00a0\u00bb bg_position=\u00a0\u00bbleft top\u00a0\u00bb bg_repeat=\u00a0\u00bbrepeat\u00a0\u00bb bg_stretch=\u00a0\u00bbfalse\u00a0\u00bb enable_3d=\u00a0\u00bbfalse\u00a0\u00bb speed_factor=\u00a0\u00bb0.3&Prime; bg_video=\u00a0\u00bbno\u00a0\u00bb video_source=\u00a0\u00bbself\u00a0\u00bb stream_host_website=\u00a0\u00bbyoutube\u00a0\u00bb video_mask=\u00a0\u00bbfalse\u00a0\u00bb bg_gradient=\u00a0\u00bbfalse\u00a0\u00bb gr_end=\u00a0\u00bb#1e73be\u00a0\u00bb video_opacity=\u00a0\u00bb0.6&Prime; top_shadow=\u00a0\u00bbfalse\u00a0\u00bb section_layout=\u00a0\u00bbfull\u00a0\u00bb min_height=\u00a0\u00bb100&Prime; full_width=\u00a0\u00bbfalse\u00a0\u00bb full_height=\u00a0\u00bbfalse\u00a0\u00bb intro_effect=\u00a0\u00bbfalse\u00a0\u00bb padding_top=\u00a0\u00bb50&Prime; padding_bottom=\u00a0\u00bb10&Prime; margin_bottom=\u00a0\u00bb0&Prime; skip_arrow=\u00a0\u00bbfalse\u00a0\u00bb skip_arrow_skin=\u00a0\u00bblight\u00a0\u00bb first_page=\u00a0\u00bbtrue\u00a0\u00bb last_page=\u00a0\u00bbtrue\u00a0\u00bb sidebar=\u00a0\u00bbsidebar-1&Prime;][vc_column border_color=\u00a0\u00bb\u00a0\u00bb visibility=\u00a0\u00bb\u00a0\u00bb width=\u00a0\u00bb1\/2&Prime;][vc_column_text disable_pattern=\u00a0\u00bbtrue\u00a0\u00bb align=\u00a0\u00bbleft\u00a0\u00bb margin_bottom=\u00a0\u00bb0&Prime;]\n<h1><span style=\"color: #008ace;\">Barres d&rsquo;appui l\u00e9g\u00e8re<\/span><\/h1>\n<p><strong>R\u00e9f : BAL01<\/strong><\/p>\n<h3><\/h3>\n<h3 class=\"p1\"><span class=\"s1\">Con\u00e7ue pour conforter l\u2019appui et l\u2019\u00e9quilibre de l\u2019handicap\u00e9 dans la piscine et lui permettre des mouvements des membres inf\u00e9rieurs<\/span><\/h3>\n<p>&gt; Structure garantie 3 ans[\/vc_column_text][vc_single_image image=\u00a0\u00bb7571&Prime; border_color=\u00a0\u00bbgrey\u00a0\u00bb img_link_large=\u00a0\u00bb\u00a0\u00bb img_link_target=\u00a0\u00bb_self\u00a0\u00bb css=\u00a0\u00bb.vc_custom_1448983026443{border-left-width: 40px !important;}\u00a0\u00bb][vc_single_image image=\u00a0\u00bb15460&Prime; alignment=\u00a0\u00bbcenter\u00a0\u00bb border_color=\u00a0\u00bbgrey\u00a0\u00bb img_link_large=\u00a0\u00bb\u00a0\u00bb img_link_target=\u00a0\u00bb_blank\u00a0\u00bb css_animation=\u00a0\u00bbappear\u00a0\u00bb img_size=\u00a0\u00bb220 x 74&Prime; link=\u00a0\u00bbhttp:\/\/www.archimede-shop.com\/fr\/reeducation\/49-barres-dappui-legere.html\u00a0\u00bb][\/vc_column][vc_column border_color=\u00a0\u00bb\u00a0\u00bb visibility=\u00a0\u00bb\u00a0\u00bb width=\u00a0\u00bb1\/2&Prime;][vc_images_carousel images=\u00a0\u00bb11463,5774&Prime; onclick=\u00a0\u00bblink_no\u00a0\u00bb custom_links_target=\u00a0\u00bb_self\u00a0\u00bb mode=\u00a0\u00bbhorizontal\u00a0\u00bb speed=\u00a0\u00bb3500&Prime; slides_per_view=\u00a0\u00bb1&Prime; autoplay=\u00a0\u00bbyes\u00a0\u00bb hide_pagination_control=\u00a0\u00bb\u00a0\u00bb hide_prev_next_buttons=\u00a0\u00bb\u00a0\u00bb partial_view=\u00a0\u00bb\u00a0\u00bb wrap=\u00a0\u00bbyes\u00a0\u00bb img_size=\u00a0\u00bb561 x 600&Prime;][\/vc_column][\/mk_page_section][mk_page_section layout_structure=\u00a0\u00bbfull\u00a0\u00bb attachment=\u00a0\u00bbscroll\u00a0\u00bb bg_position=\u00a0\u00bbleft top\u00a0\u00bb bg_repeat=\u00a0\u00bbrepeat\u00a0\u00bb bg_stretch=\u00a0\u00bbfalse\u00a0\u00bb enable_3d=\u00a0\u00bbfalse\u00a0\u00bb speed_factor=\u00a0\u00bb0.3&Prime; bg_video=\u00a0\u00bbno\u00a0\u00bb video_source=\u00a0\u00bbself\u00a0\u00bb stream_host_website=\u00a0\u00bbyoutube\u00a0\u00bb video_mask=\u00a0\u00bbfalse\u00a0\u00bb bg_gradient=\u00a0\u00bbfalse\u00a0\u00bb gr_end=\u00a0\u00bb#1e73be\u00a0\u00bb video_opacity=\u00a0\u00bb0.6&Prime; top_shadow=\u00a0\u00bbfalse\u00a0\u00bb section_layout=\u00a0\u00bbfull\u00a0\u00bb min_height=\u00a0\u00bb100&Prime; full_width=\u00a0\u00bbfalse\u00a0\u00bb full_height=\u00a0\u00bbfalse\u00a0\u00bb intro_effect=\u00a0\u00bbfalse\u00a0\u00bb padding_top=\u00a0\u00bb10&Prime; padding_bottom=\u00a0\u00bb10&Prime; margin_bottom=\u00a0\u00bb0&Prime; skip_arrow=\u00a0\u00bbfalse\u00a0\u00bb skip_arrow_skin=\u00a0\u00bblight\u00a0\u00bb first_page=\u00a0\u00bbtrue\u00a0\u00bb last_page=\u00a0\u00bbtrue\u00a0\u00bb sidebar=\u00a0\u00bbsidebar-1&Prime;][vc_column border_color=\u00a0\u00bb\u00a0\u00bb visibility=\u00a0\u00bb\u00a0\u00bb width=\u00a0\u00bb1\/1&Prime;][vc_separator color=\u00a0\u00bbgrey\u00a0\u00bb align=\u00a0\u00bbalign_center\u00a0\u00bb style=\u00a0\u00bb\u00a0\u00bb border_width=\u00a0\u00bb\u00a0\u00bb el_width=\u00a0\u00bb\u00a0\u00bb][vc_row_inner attached=\u00a0\u00bbfalse\u00a0\u00bb padding=\u00a0\u00bb0&Prime; visibility=\u00a0\u00bb\u00a0\u00bb][vc_column_inner el_class=\u00a0\u00bb\u00a0\u00bb width=\u00a0\u00bb1\/2&Prime;][vc_column_text disable_pattern=\u00a0\u00bbtrue\u00a0\u00bb align=\u00a0\u00bbleft\u00a0\u00bb margin_bottom=\u00a0\u00bb0&Prime;]\n<h1><span style=\"color: #008ace;\">Caract\u00e9ristiques :<\/span><\/h1>\n[\/vc_column_text][vc_column_text disable_pattern=\u00a0\u00bbtrue\u00a0\u00bb align=\u00a0\u00bbleft\u00a0\u00bb]\n<h3 class=\"p1\"><span class=\"s1\">Con\u00e7ue pour conforter l\u2019appui et l\u2019\u00e9quilibre de l\u2019handicap\u00e9 dans la piscine et lui permettre des mouvements des membres inf\u00e9rieurs<\/span><\/h3>\n<h3 class=\"p1\"><span class=\"s1\">Equip\u00e9e de 2 pav\u00e9s de mousse en plastazote pour la protection du nerf cubital<\/span><\/h3>\n<h3 class=\"p1\"><span class=\"s1\">L x l x h 60 x 47 x 60 cm<\/span><\/h3>\n<h3 class=\"p1\"><span class=\"s1\">Adaptable sur le dispositif TPZ03 quand la piscine ne dispose pas de main courante<br \/>\n<\/span><\/h3>\n[\/vc_column_text][vc_empty_space height=\u00a0\u00bb50&Prime;][\/vc_column_inner][vc_column_inner el_class=\u00a0\u00bb\u00a0\u00bb width=\u00a0\u00bb1\/2&Prime;][vc_single_image image=\u00a0\u00bb5778&Prime; border_color=\u00a0\u00bbgrey\u00a0\u00bb img_link_large=\u00a0\u00bb\u00a0\u00bb img_link_target=\u00a0\u00bb_self\u00a0\u00bb img_size=\u00a0\u00bb400 \u00d7 220&Prime; alignment=\u00a0\u00bbcenter\u00a0\u00bb css=\u00a0\u00bb.vc_custom_1476192366280{border-bottom-width: 300px !important;}\u00a0\u00bb][\/vc_column_inner][\/vc_row_inner][\/vc_column][\/mk_page_section][mk_page_section layout_structure=\u00a0\u00bbfull\u00a0\u00bb attachment=\u00a0\u00bbscroll\u00a0\u00bb bg_position=\u00a0\u00bbleft top\u00a0\u00bb bg_repeat=\u00a0\u00bbrepeat\u00a0\u00bb bg_stretch=\u00a0\u00bbfalse\u00a0\u00bb enable_3d=\u00a0\u00bbfalse\u00a0\u00bb speed_factor=\u00a0\u00bb0.3&Prime; bg_video=\u00a0\u00bbno\u00a0\u00bb video_source=\u00a0\u00bbself\u00a0\u00bb stream_host_website=\u00a0\u00bbyoutube\u00a0\u00bb video_mask=\u00a0\u00bbfalse\u00a0\u00bb bg_gradient=\u00a0\u00bbfalse\u00a0\u00bb gr_end=\u00a0\u00bb#1e73be\u00a0\u00bb video_opacity=\u00a0\u00bb0.6&Prime; top_shadow=\u00a0\u00bbfalse\u00a0\u00bb section_layout=\u00a0\u00bbfull\u00a0\u00bb min_height=\u00a0\u00bb100&Prime; full_width=\u00a0\u00bbfalse\u00a0\u00bb full_height=\u00a0\u00bbfalse\u00a0\u00bb intro_effect=\u00a0\u00bbfalse\u00a0\u00bb padding_top=\u00a0\u00bb10&Prime; padding_bottom=\u00a0\u00bb10&Prime; skip_arrow=\u00a0\u00bbfalse\u00a0\u00bb skip_arrow_skin=\u00a0\u00bblight\u00a0\u00bb first_page=\u00a0\u00bbtrue\u00a0\u00bb last_page=\u00a0\u00bbtrue\u00a0\u00bb sidebar=\u00a0\u00bbsidebar-1&Prime; bg_color=\u00a0\u00bb#ececec\u00a0\u00bb margin_bottom=\u00a0\u00bb0&Prime;][vc_column border_color=\u00a0\u00bb\u00a0\u00bb visibility=\u00a0\u00bb\u00a0\u00bb width=\u00a0\u00bb1\/1&Prime;][vc_row_inner attached=\u00a0\u00bbfalse\u00a0\u00bb padding=\u00a0\u00bb0&Prime; visibility=\u00a0\u00bb\u00a0\u00bb][vc_column_inner el_class=\u00a0\u00bb\u00a0\u00bb width=\u00a0\u00bb1\/2&Prime;][vc_empty_space height=\u00a0\u00bb75&Prime;][vc_column_text disable_pattern=\u00a0\u00bbtrue\u00a0\u00bb align=\u00a0\u00bbleft\u00a0\u00bb margin_bottom=\u00a0\u00bb0&Prime;]\n<p style=\"text-align: center;\"><span style=\"color: #000000;\"><strong>R\u00e9f :\u00a0BAL0<\/strong><\/span><span style=\"color: #000000;\"><strong>1<\/strong><\/span><\/p>\n<h3 style=\"text-align: center;\"><span style=\"color: #ff0000;\">492.00\u20ac HT &#8211; 590.40\u20ac TTC<\/span><\/h3>\n[\/vc_column_text][\/vc_column_inner][vc_column_inner el_class=\u00a0\u00bb\u00a0\u00bb width=\u00a0\u00bb1\/2&Prime;][vc_single_image image=\u00a0\u00bb15192&Prime; alignment=\u00a0\u00bbcenter\u00a0\u00bb border_color=\u00a0\u00bbgrey\u00a0\u00bb img_link_large=\u00a0\u00bb\u00a0\u00bb img_link_target=\u00a0\u00bb_blank\u00a0\u00bb css_animation=\u00a0\u00bbbottom-to-top\u00a0\u00bb img_size=\u00a0\u00bb150 x 234&Prime; css=\u00a0\u00bb.vc_custom_1476192644487{border-bottom-width: 300px !important;}\u00a0\u00bb link=\u00a0\u00bbhttps:\/\/www.archimede-aquafitness.com\/wp-content\/uploads\/2016\/10\/Catalogue-Archimede-2016-prix-publics-juillet.pdf\u00a0\u00bb][vc_column_text disable_pattern=\u00a0\u00bbtrue\u00a0\u00bb align=\u00a0\u00bbleft\u00a0\u00bb]\n<p style=\"text-align: center;\"><span style=\"text-decoration: underline;\"><em><strong><a href=\"https:\/\/www.archimede-aquafitness.com\/wp-content\/uploads\/2016\/10\/Catalogue-Archimede-2016-prix-publics-juillet.pdf\">T\u00e9l\u00e9charger notre catalogue 2016<\/a><\/strong><\/em><\/span><\/p>\n[\/vc_column_text][\/vc_column_inner][\/vc_row_inner][\/vc_column][\/mk_page_section]\n<\/div>","protected":false},"excerpt":{"rendered":"<p>[mk_page_section layout_structure=\u00a0\u00bbfull\u00a0\u00bb attachment=\u00a0\u00bbscroll\u00a0\u00bb bg_position=\u00a0\u00bbleft top\u00a0\u00bb bg_repeat=\u00a0\u00bbrepeat\u00a0\u00bb bg_stretch=\u00a0\u00bbfalse\u00a0\u00bb enable_3d=\u00a0\u00bbfalse\u00a0\u00bb speed_factor=\u00a0\u00bb0.3&Prime; bg_video=\u00a0\u00bbno\u00a0\u00bb video_source=\u00a0\u00bbself\u00a0\u00bb stream_host_website=\u00a0\u00bbyoutube\u00a0\u00bb video_mask=\u00a0\u00bbfalse\u00a0\u00bb bg_gradient=\u00a0\u00bbfalse\u00a0\u00bb gr_end=\u00a0\u00bb#1e73be\u00a0\u00bb video_opacity=\u00a0\u00bb0.6&Prime; top_shadow=\u00a0\u00bbfalse\u00a0\u00bb section_layout=\u00a0\u00bbfull\u00a0\u00bb min_height=\u00a0\u00bb100&Prime; full_width=\u00a0\u00bbfalse\u00a0\u00bb full_height=\u00a0\u00bbfalse\u00a0\u00bb intro_effect=\u00a0\u00bbfalse\u00a0\u00bb padding_top=\u00a0\u00bb50&Prime; padding_bottom=\u00a0\u00bb10&Prime; margin_bottom=\u00a0\u00bb0&Prime; skip_arrow=\u00a0\u00bbfalse\u00a0\u00bb skip_arrow_skin=\u00a0\u00bblight\u00a0\u00bb first_page=\u00a0\u00bbtrue\u00a0\u00bb last_page=\u00a0\u00bbtrue\u00a0\u00bb sidebar=\u00a0\u00bbsidebar-1&Prime;][vc_column border_color=\u00a0\u00bb\u00a0\u00bb visibility=\u00a0\u00bb\u00a0\u00bb width=\u00a0\u00bb1\/2&Prime;][vc_column_text disable_pattern=\u00a0\u00bbtrue\u00a0\u00bb align=\u00a0\u00bbleft\u00a0\u00bb margin_bottom=\u00a0\u00bb0&Prime;] Barres d&rsquo;appui l\u00e9g\u00e8re R\u00e9f : BAL01 Con\u00e7ue pour conforter l\u2019appui et l\u2019\u00e9quilibre de l\u2019handicap\u00e9 dans la piscine et lui [&hellip;]<\/p>\n","protected":false},"author":4,"featured_media":0,"parent":385,"menu_order":0,"comment_status":"closed","ping_status":"closed","template":"","meta":{"footnotes":""},"class_list":["post-5769","page","type-page","status-publish","hentry"],"yoast_head":"<!-- This site is optimized with the Yoast SEO plugin v27.0 - https:\/\/yoast.com\/product\/yoast-seo-wordpress\/ -->\n<title>Barres d&#039;appui l\u00e9g\u00e8re | Archimede<\/title>\n<meta name=\"description\" content=\"Archim\u00e8de pr\u00e9sente ses barres d&#039;appui l\u00e9g\u00e8re : Con\u00e7ue pour conforter l\u2019appui et l\u2019\u00e9quilibre de l\u2019handicap\u00e9 dans la piscine et lui permettre des mouvements\" \/>\n<meta name=\"robots\" content=\"index, follow, max-snippet:-1, max-image-preview:large, max-video-preview:-1\" \/>\n<link rel=\"canonical\" href=\"https:\/\/www.archimede-aquafitness.com\/fr\/reeducation-en-piscine\/barres-d-appui\/\" \/>\n<meta property=\"og:locale\" content=\"fr_FR\" \/>\n<meta property=\"og:type\" content=\"article\" \/>\n<meta property=\"og:title\" content=\"Barres d&#039;appui l\u00e9g\u00e8re | Archimede\" \/>\n<meta property=\"og:description\" content=\"Archim\u00e8de pr\u00e9sente ses barres d&#039;appui l\u00e9g\u00e8re : Con\u00e7ue pour conforter l\u2019appui et l\u2019\u00e9quilibre de l\u2019handicap\u00e9 dans la piscine et lui permettre des mouvements\" \/>\n<meta property=\"og:url\" content=\"https:\/\/www.archimede-aquafitness.com\/fr\/reeducation-en-piscine\/barres-d-appui\/\" \/>\n<meta property=\"og:site_name\" content=\"Archimede Aquafitness\" \/>\n<meta property=\"article:modified_time\" content=\"2016-10-12T09:13:03+00:00\" \/>\n<meta name=\"twitter:card\" content=\"summary_large_image\" \/>\n<meta name=\"twitter:label1\" content=\"Dur\u00e9e de lecture estim\u00e9e\" \/>\n\t<meta name=\"twitter:data1\" content=\"3 minutes\" \/>\n<script type=\"application\/ld+json\" class=\"yoast-schema-graph\">{\"@context\":\"https:\/\/schema.org\",\"@graph\":[{\"@type\":\"WebPage\",\"@id\":\"https:\/\/www.archimede-aquafitness.com\/fr\/reeducation-en-piscine\/barres-d-appui\/\",\"url\":\"https:\/\/www.archimede-aquafitness.com\/fr\/reeducation-en-piscine\/barres-d-appui\/\",\"name\":\"Barres d'appui l\u00e9g\u00e8re | Archimede\",\"isPartOf\":{\"@id\":\"https:\/\/www.archimede-aquafitness.com\/fr\/#website\"},\"datePublished\":\"2015-10-26T16:33:47+00:00\",\"dateModified\":\"2016-10-12T09:13:03+00:00\",\"description\":\"Archim\u00e8de pr\u00e9sente ses barres d'appui l\u00e9g\u00e8re : Con\u00e7ue pour conforter l\u2019appui et l\u2019\u00e9quilibre de l\u2019handicap\u00e9 dans la piscine et lui permettre des mouvements\",\"breadcrumb\":{\"@id\":\"https:\/\/www.archimede-aquafitness.com\/fr\/reeducation-en-piscine\/barres-d-appui\/#breadcrumb\"},\"inLanguage\":\"fr-FR\",\"potentialAction\":[{\"@type\":\"ReadAction\",\"target\":[\"https:\/\/www.archimede-aquafitness.com\/fr\/reeducation-en-piscine\/barres-d-appui\/\"]}]},{\"@type\":\"BreadcrumbList\",\"@id\":\"https:\/\/www.archimede-aquafitness.com\/fr\/reeducation-en-piscine\/barres-d-appui\/#breadcrumb\",\"itemListElement\":[{\"@type\":\"ListItem\",\"position\":1,\"name\":\"Accueil\",\"item\":\"https:\/\/www.archimede-aquafitness.com\/fr\/\"},{\"@type\":\"ListItem\",\"position\":2,\"name\":\"R\u00e9\u00e9ducation en piscine\",\"item\":\"https:\/\/www.archimede-aquafitness.com\/fr\/reeducation-en-piscine\/\"},{\"@type\":\"ListItem\",\"position\":3,\"name\":\"Barres d&rsquo;appui\"}]},{\"@type\":\"WebSite\",\"@id\":\"https:\/\/www.archimede-aquafitness.com\/fr\/#website\",\"url\":\"https:\/\/www.archimede-aquafitness.com\/fr\/\",\"name\":\"Archimede Aquafitness\",\"description\":\"Aquafitness is bringing wellness, physical capacity and health to a very large public\",\"publisher\":{\"@id\":\"https:\/\/www.archimede-aquafitness.com\/fr\/#organization\"},\"potentialAction\":[{\"@type\":\"SearchAction\",\"target\":{\"@type\":\"EntryPoint\",\"urlTemplate\":\"https:\/\/www.archimede-aquafitness.com\/fr\/?s={search_term_string}\"},\"query-input\":{\"@type\":\"PropertyValueSpecification\",\"valueRequired\":true,\"valueName\":\"search_term_string\"}}],\"inLanguage\":\"fr-FR\"},{\"@type\":\"Organization\",\"@id\":\"https:\/\/www.archimede-aquafitness.com\/fr\/#organization\",\"name\":\"Archim\u00e8de AquaFitness \/ JOINTEC\",\"url\":\"https:\/\/www.archimede-aquafitness.com\/fr\/\",\"logo\":{\"@type\":\"ImageObject\",\"inLanguage\":\"fr-FR\",\"@id\":\"https:\/\/www.archimede-aquafitness.com\/fr\/#\/schema\/logo\/image\/\",\"url\":\"https:\/\/www.archimede-aquafitness.com\/wp-content\/uploads\/2015\/09\/logo-archimede-aquafitness.png\",\"contentUrl\":\"https:\/\/www.archimede-aquafitness.com\/wp-content\/uploads\/2015\/09\/logo-archimede-aquafitness.png\",\"width\":308,\"height\":88,\"caption\":\"Archim\u00e8de AquaFitness \/ JOINTEC\"},\"image\":{\"@id\":\"https:\/\/www.archimede-aquafitness.com\/fr\/#\/schema\/logo\/image\/\"}}]}<\/script>\n<!-- \/ Yoast SEO plugin. -->","yoast_head_json":{"title":"Barres d'appui l\u00e9g\u00e8re | Archimede","description":"Archim\u00e8de pr\u00e9sente ses barres d'appui l\u00e9g\u00e8re : Con\u00e7ue pour conforter l\u2019appui et l\u2019\u00e9quilibre de l\u2019handicap\u00e9 dans la piscine et lui permettre des mouvements","robots":{"index":"index","follow":"follow","max-snippet":"max-snippet:-1","max-image-preview":"max-image-preview:large","max-video-preview":"max-video-preview:-1"},"canonical":"https:\/\/www.archimede-aquafitness.com\/fr\/reeducation-en-piscine\/barres-d-appui\/","og_locale":"fr_FR","og_type":"article","og_title":"Barres d'appui l\u00e9g\u00e8re | Archimede","og_description":"Archim\u00e8de pr\u00e9sente ses barres d'appui l\u00e9g\u00e8re : Con\u00e7ue pour conforter l\u2019appui et l\u2019\u00e9quilibre de l\u2019handicap\u00e9 dans la piscine et lui permettre des mouvements","og_url":"https:\/\/www.archimede-aquafitness.com\/fr\/reeducation-en-piscine\/barres-d-appui\/","og_site_name":"Archimede Aquafitness","article_modified_time":"2016-10-12T09:13:03+00:00","twitter_card":"summary_large_image","twitter_misc":{"Dur\u00e9e de lecture estim\u00e9e":"3 minutes"},"schema":{"@context":"https:\/\/schema.org","@graph":[{"@type":"WebPage","@id":"https:\/\/www.archimede-aquafitness.com\/fr\/reeducation-en-piscine\/barres-d-appui\/","url":"https:\/\/www.archimede-aquafitness.com\/fr\/reeducation-en-piscine\/barres-d-appui\/","name":"Barres d'appui l\u00e9g\u00e8re | Archimede","isPartOf":{"@id":"https:\/\/www.archimede-aquafitness.com\/fr\/#website"},"datePublished":"2015-10-26T16:33:47+00:00","dateModified":"2016-10-12T09:13:03+00:00","description":"Archim\u00e8de pr\u00e9sente ses barres d'appui l\u00e9g\u00e8re : Con\u00e7ue pour conforter l\u2019appui et l\u2019\u00e9quilibre de l\u2019handicap\u00e9 dans la piscine et lui permettre des mouvements","breadcrumb":{"@id":"https:\/\/www.archimede-aquafitness.com\/fr\/reeducation-en-piscine\/barres-d-appui\/#breadcrumb"},"inLanguage":"fr-FR","potentialAction":[{"@type":"ReadAction","target":["https:\/\/www.archimede-aquafitness.com\/fr\/reeducation-en-piscine\/barres-d-appui\/"]}]},{"@type":"BreadcrumbList","@id":"https:\/\/www.archimede-aquafitness.com\/fr\/reeducation-en-piscine\/barres-d-appui\/#breadcrumb","itemListElement":[{"@type":"ListItem","position":1,"name":"Accueil","item":"https:\/\/www.archimede-aquafitness.com\/fr\/"},{"@type":"ListItem","position":2,"name":"R\u00e9\u00e9ducation en piscine","item":"https:\/\/www.archimede-aquafitness.com\/fr\/reeducation-en-piscine\/"},{"@type":"ListItem","position":3,"name":"Barres d&rsquo;appui"}]},{"@type":"WebSite","@id":"https:\/\/www.archimede-aquafitness.com\/fr\/#website","url":"https:\/\/www.archimede-aquafitness.com\/fr\/","name":"Archimede Aquafitness","description":"Aquafitness is bringing wellness, physical capacity and health to a very large public","publisher":{"@id":"https:\/\/www.archimede-aquafitness.com\/fr\/#organization"},"potentialAction":[{"@type":"SearchAction","target":{"@type":"EntryPoint","urlTemplate":"https:\/\/www.archimede-aquafitness.com\/fr\/?s={search_term_string}"},"query-input":{"@type":"PropertyValueSpecification","valueRequired":true,"valueName":"search_term_string"}}],"inLanguage":"fr-FR"},{"@type":"Organization","@id":"https:\/\/www.archimede-aquafitness.com\/fr\/#organization","name":"Archim\u00e8de AquaFitness \/ JOINTEC","url":"https:\/\/www.archimede-aquafitness.com\/fr\/","logo":{"@type":"ImageObject","inLanguage":"fr-FR","@id":"https:\/\/www.archimede-aquafitness.com\/fr\/#\/schema\/logo\/image\/","url":"https:\/\/www.archimede-aquafitness.com\/wp-content\/uploads\/2015\/09\/logo-archimede-aquafitness.png","contentUrl":"https:\/\/www.archimede-aquafitness.com\/wp-content\/uploads\/2015\/09\/logo-archimede-aquafitness.png","width":308,"height":88,"caption":"Archim\u00e8de AquaFitness \/ JOINTEC"},"image":{"@id":"https:\/\/www.archimede-aquafitness.com\/fr\/#\/schema\/logo\/image\/"}}]}},"_links":{"self":[{"href":"https:\/\/www.archimede-aquafitness.com\/fr\/wp-json\/wp\/v2\/pages\/5769","targetHints":{"allow":["GET"]}}],"collection":[{"href":"https:\/\/www.archimede-aquafitness.com\/fr\/wp-json\/wp\/v2\/pages"}],"about":[{"href":"https:\/\/www.archimede-aquafitness.com\/fr\/wp-json\/wp\/v2\/types\/page"}],"author":[{"embeddable":true,"href":"https:\/\/www.archimede-aquafitness.com\/fr\/wp-json\/wp\/v2\/users\/4"}],"replies":[{"embeddable":true,"href":"https:\/\/www.archimede-aquafitness.com\/fr\/wp-json\/wp\/v2\/comments?post=5769"}],"version-history":[{"count":0,"href":"https:\/\/www.archimede-aquafitness.com\/fr\/wp-json\/wp\/v2\/pages\/5769\/revisions"}],"up":[{"embeddable":true,"href":"https:\/\/www.archimede-aquafitness.com\/fr\/wp-json\/wp\/v2\/pages\/385"}],"wp:attachment":[{"href":"https:\/\/www.archimede-aquafitness.com\/fr\/wp-json\/wp\/v2\/media?parent=5769"}],"curies":[{"name":"wp","href":"https:\/\/api.w.org\/{rel}","templated":true}]}}