{"id":5791,"date":"2015-10-27T09:55:24","date_gmt":"2015-10-27T08:55:24","guid":{"rendered":"https:\/\/www.archimede-aquafitness.com\/fr\/?page_id=5791"},"modified":"2016-10-12T10:07:59","modified_gmt":"2016-10-12T09:07:59","slug":"fauteuil-tout-terrain-junior","status":"publish","type":"page","link":"https:\/\/www.archimede-aquafitness.com\/fr\/accessibilite-handicape\/leve-personne\/fauteuil-tout-terrain-junior\/","title":{"rendered":"Fauteuil tout terrain junior"},"content":{"rendered":"<div class=\"wpb-content-wrapper\">[mk_page_section layout_structure=\u00a0\u00bbfull\u00a0\u00bb attachment=\u00a0\u00bbscroll\u00a0\u00bb bg_position=\u00a0\u00bbleft top\u00a0\u00bb bg_repeat=\u00a0\u00bbrepeat\u00a0\u00bb bg_stretch=\u00a0\u00bbfalse\u00a0\u00bb enable_3d=\u00a0\u00bbfalse\u00a0\u00bb speed_factor=\u00a0\u00bb0.3&Prime; bg_video=\u00a0\u00bbno\u00a0\u00bb video_source=\u00a0\u00bbself\u00a0\u00bb stream_host_website=\u00a0\u00bbyoutube\u00a0\u00bb video_mask=\u00a0\u00bbfalse\u00a0\u00bb bg_gradient=\u00a0\u00bbfalse\u00a0\u00bb gr_end=\u00a0\u00bb#1e73be\u00a0\u00bb video_opacity=\u00a0\u00bb0.6&Prime; top_shadow=\u00a0\u00bbfalse\u00a0\u00bb section_layout=\u00a0\u00bbfull\u00a0\u00bb min_height=\u00a0\u00bb100&Prime; full_width=\u00a0\u00bbfalse\u00a0\u00bb full_height=\u00a0\u00bbfalse\u00a0\u00bb intro_effect=\u00a0\u00bbfalse\u00a0\u00bb padding_top=\u00a0\u00bb50&Prime; padding_bottom=\u00a0\u00bb10&Prime; margin_bottom=\u00a0\u00bb0&Prime; skip_arrow=\u00a0\u00bbfalse\u00a0\u00bb skip_arrow_skin=\u00a0\u00bblight\u00a0\u00bb first_page=\u00a0\u00bbfalse\u00a0\u00bb last_page=\u00a0\u00bbtrue\u00a0\u00bb sidebar=\u00a0\u00bbsidebar-1&Prime;][vc_column border_color=\u00a0\u00bb\u00a0\u00bb visibility=\u00a0\u00bb\u00a0\u00bb width=\u00a0\u00bb1\/2&Prime;][vc_column_text disable_pattern=\u00a0\u00bbtrue\u00a0\u00bb align=\u00a0\u00bbleft\u00a0\u00bb margin_bottom=\u00a0\u00bb0&Prime;]\n<h1><span style=\"color: #008ace;\">Fauteuil roulant tout terrain junior<br \/>\nTRIROLL<\/span><\/h1>\n<p><strong>r\u00e9f :\u00a0TRI01<\/strong><\/p>\n<h3>L\u2019handicap\u00e9 junior en fauteuil roulant tir\u00e9 par un assistant<br \/>\n\u00e0 la plage, \u00e0 la neige, en campagne<\/h3>\n<p>&gt; <strong>Garantie 2 ans<\/strong>[\/vc_column_text][vc_single_image image=\u00a0\u00bb11156&Prime; border_color=\u00a0\u00bbgrey\u00a0\u00bb img_link_large=\u00a0\u00bb\u00a0\u00bb img_link_target=\u00a0\u00bb_self\u00a0\u00bb css=\u00a0\u00bb.vc_custom_1462346486923{border-left-width: 40px !important;}\u00a0\u00bb img_size=\u00a0\u00bb100 x 66&Prime;][vc_single_image image=\u00a0\u00bb15460&Prime; alignment=\u00a0\u00bbcenter\u00a0\u00bb border_color=\u00a0\u00bbgrey\u00a0\u00bb img_link_large=\u00a0\u00bb\u00a0\u00bb img_link_target=\u00a0\u00bb_blank\u00a0\u00bb css_animation=\u00a0\u00bbappear\u00a0\u00bb img_size=\u00a0\u00bb220 x 74&Prime; link=\u00a0\u00bbhttp:\/\/www.archimede-shop.com\/fr\/fauteuils-tout-terrain\/46-fauteuil-roulant-tout-terrain-junior-triroll.html\u00a0\u00bb][\/vc_column][vc_column border_color=\u00a0\u00bb\u00a0\u00bb visibility=\u00a0\u00bb\u00a0\u00bb width=\u00a0\u00bb1\/2&Prime;][vc_images_carousel images=\u00a0\u00bb5792&Prime; onclick=\u00a0\u00bblink_no\u00a0\u00bb custom_links_target=\u00a0\u00bb_self\u00a0\u00bb mode=\u00a0\u00bbhorizontal\u00a0\u00bb speed=\u00a0\u00bb5000&Prime; slides_per_view=\u00a0\u00bb1&Prime; autoplay=\u00a0\u00bb\u00a0\u00bb hide_pagination_control=\u00a0\u00bb\u00a0\u00bb hide_prev_next_buttons=\u00a0\u00bb\u00a0\u00bb partial_view=\u00a0\u00bb\u00a0\u00bb wrap=\u00a0\u00bb\u00a0\u00bb img_size=\u00a0\u00bb534&#215;534&Prime;][\/vc_column][\/mk_page_section][mk_page_section layout_structure=\u00a0\u00bbfull\u00a0\u00bb attachment=\u00a0\u00bbscroll\u00a0\u00bb bg_position=\u00a0\u00bbleft top\u00a0\u00bb bg_repeat=\u00a0\u00bbrepeat\u00a0\u00bb bg_stretch=\u00a0\u00bbfalse\u00a0\u00bb enable_3d=\u00a0\u00bbfalse\u00a0\u00bb speed_factor=\u00a0\u00bb0.3&Prime; bg_video=\u00a0\u00bbno\u00a0\u00bb video_source=\u00a0\u00bbself\u00a0\u00bb stream_host_website=\u00a0\u00bbyoutube\u00a0\u00bb video_mask=\u00a0\u00bbfalse\u00a0\u00bb bg_gradient=\u00a0\u00bbfalse\u00a0\u00bb gr_end=\u00a0\u00bb#1e73be\u00a0\u00bb video_opacity=\u00a0\u00bb0.6&Prime; top_shadow=\u00a0\u00bbfalse\u00a0\u00bb section_layout=\u00a0\u00bbfull\u00a0\u00bb min_height=\u00a0\u00bb100&Prime; full_width=\u00a0\u00bbfalse\u00a0\u00bb full_height=\u00a0\u00bbfalse\u00a0\u00bb intro_effect=\u00a0\u00bbfalse\u00a0\u00bb padding_top=\u00a0\u00bb10&Prime; padding_bottom=\u00a0\u00bb10&Prime; margin_bottom=\u00a0\u00bb0&Prime; skip_arrow=\u00a0\u00bbfalse\u00a0\u00bb skip_arrow_skin=\u00a0\u00bblight\u00a0\u00bb first_page=\u00a0\u00bbtrue\u00a0\u00bb last_page=\u00a0\u00bbtrue\u00a0\u00bb sidebar=\u00a0\u00bbsidebar-1&Prime;][vc_column border_color=\u00a0\u00bb\u00a0\u00bb visibility=\u00a0\u00bb\u00a0\u00bb width=\u00a0\u00bb1\/1&Prime;][vc_accordions style=\u00a0\u00bbfancy-style\u00a0\u00bb action_style=\u00a0\u00bbtoggle-action\u00a0\u00bb open_toggle=\u00a0\u00bb1&Prime; container_bg_color=\u00a0\u00bb#ffffff\u00a0\u00bb responsive=\u00a0\u00bbtrue\u00a0\u00bb][vc_accordion_tab title=\u00a0\u00bbVoir le film\u00a0\u00bb][vc_video link=\u00a0\u00bbhttps:\/\/www.youtube.com\/watch?v=0MORuayyYVE\u00a0\u00bb][\/vc_accordion_tab][\/vc_accordions][\/vc_column][\/mk_page_section][mk_page_section layout_structure=\u00a0\u00bbfull\u00a0\u00bb attachment=\u00a0\u00bbscroll\u00a0\u00bb bg_position=\u00a0\u00bbleft top\u00a0\u00bb bg_repeat=\u00a0\u00bbrepeat\u00a0\u00bb bg_stretch=\u00a0\u00bbfalse\u00a0\u00bb enable_3d=\u00a0\u00bbfalse\u00a0\u00bb speed_factor=\u00a0\u00bb0.3&Prime; bg_video=\u00a0\u00bbno\u00a0\u00bb video_source=\u00a0\u00bbself\u00a0\u00bb stream_host_website=\u00a0\u00bbyoutube\u00a0\u00bb video_mask=\u00a0\u00bbfalse\u00a0\u00bb bg_gradient=\u00a0\u00bbfalse\u00a0\u00bb gr_end=\u00a0\u00bb#1e73be\u00a0\u00bb video_opacity=\u00a0\u00bb0.6&Prime; top_shadow=\u00a0\u00bbfalse\u00a0\u00bb section_layout=\u00a0\u00bbfull\u00a0\u00bb min_height=\u00a0\u00bb100&Prime; full_width=\u00a0\u00bbfalse\u00a0\u00bb full_height=\u00a0\u00bbfalse\u00a0\u00bb intro_effect=\u00a0\u00bbfalse\u00a0\u00bb padding_top=\u00a0\u00bb10&Prime; padding_bottom=\u00a0\u00bb10&Prime; margin_bottom=\u00a0\u00bb0&Prime; skip_arrow=\u00a0\u00bbfalse\u00a0\u00bb skip_arrow_skin=\u00a0\u00bblight\u00a0\u00bb first_page=\u00a0\u00bbtrue\u00a0\u00bb last_page=\u00a0\u00bbtrue\u00a0\u00bb sidebar=\u00a0\u00bbsidebar-1&Prime;][vc_column width=\u00a0\u00bb1\/1&Prime;][vc_row_inner attached=\u00a0\u00bbfalse\u00a0\u00bb padding=\u00a0\u00bb0&Prime;][vc_column_inner el_class=\u00a0\u00bb\u00a0\u00bb width=\u00a0\u00bb1\/2&Prime;][vc_empty_space height=\u00a0\u00bb32&Prime;][vc_column_text disable_pattern=\u00a0\u00bbtrue\u00a0\u00bb align=\u00a0\u00bbleft\u00a0\u00bb margin_bottom=\u00a0\u00bb0&Prime;]\n<h1><span style=\"color: #008ace;\">Caract\u00e9ristiques :<\/span><\/h1>\n[\/vc_column_text][vc_column_text disable_pattern=\u00a0\u00bbtrue\u00a0\u00bb align=\u00a0\u00bbleft\u00a0\u00bb margin_bottom=\u00a0\u00bb0&Prime;]\n<h3 class=\"p1\"><span class=\"s1\">3 roues gonflables \u2013 timon de traction<br \/>\n<\/span><\/h3>\n<h3 class=\"p1\"><span class=\"s1\">Charge admissible 80 kg<br \/>\n<\/span><\/h3>\n<h3 class=\"p1\"><span class=\"s1\">Ceinture abdominale de s\u00e9curit\u00e9<br \/>\n<\/span><\/h3>\n[\/vc_column_text][\/vc_column_inner][vc_column_inner el_class=\u00a0\u00bb\u00a0\u00bb width=\u00a0\u00bb1\/2&Prime;][vc_single_image image=\u00a0\u00bb5796&Prime; border_color=\u00a0\u00bbgrey\u00a0\u00bb img_link_large=\u00a0\u00bb\u00a0\u00bb img_link_target=\u00a0\u00bb_self\u00a0\u00bb img_size=\u00a0\u00bb500 \u00d7 384&Prime; css=\u00a0\u00bb.vc_custom_1445936244273{margin-top: -50px !important;}\u00a0\u00bb][\/vc_column_inner][\/vc_row_inner][vc_separator color=\u00a0\u00bbgrey\u00a0\u00bb align=\u00a0\u00bbalign_center\u00a0\u00bb][\/vc_column][\/mk_page_section][mk_page_section layout_structure=\u00a0\u00bbfull\u00a0\u00bb attachment=\u00a0\u00bbscroll\u00a0\u00bb bg_position=\u00a0\u00bbleft top\u00a0\u00bb bg_repeat=\u00a0\u00bbrepeat\u00a0\u00bb bg_stretch=\u00a0\u00bbfalse\u00a0\u00bb enable_3d=\u00a0\u00bbfalse\u00a0\u00bb speed_factor=\u00a0\u00bb0.3&Prime; bg_video=\u00a0\u00bbno\u00a0\u00bb video_source=\u00a0\u00bbself\u00a0\u00bb stream_host_website=\u00a0\u00bbyoutube\u00a0\u00bb video_mask=\u00a0\u00bbfalse\u00a0\u00bb bg_gradient=\u00a0\u00bbfalse\u00a0\u00bb gr_end=\u00a0\u00bb#1e73be\u00a0\u00bb video_opacity=\u00a0\u00bb0.6&Prime; top_shadow=\u00a0\u00bbfalse\u00a0\u00bb section_layout=\u00a0\u00bbfull\u00a0\u00bb min_height=\u00a0\u00bb100&Prime; full_width=\u00a0\u00bbfalse\u00a0\u00bb full_height=\u00a0\u00bbfalse\u00a0\u00bb intro_effect=\u00a0\u00bbfalse\u00a0\u00bb padding_top=\u00a0\u00bb10&Prime; padding_bottom=\u00a0\u00bb10&Prime; margin_bottom=\u00a0\u00bb0&Prime; skip_arrow=\u00a0\u00bbfalse\u00a0\u00bb skip_arrow_skin=\u00a0\u00bblight\u00a0\u00bb first_page=\u00a0\u00bbtrue\u00a0\u00bb last_page=\u00a0\u00bbtrue\u00a0\u00bb sidebar=\u00a0\u00bbsidebar-1&Prime;][vc_column border_color=\u00a0\u00bb\u00a0\u00bb visibility=\u00a0\u00bb\u00a0\u00bb width=\u00a0\u00bb1\/1&Prime;][vc_row_inner attached=\u00a0\u00bbfalse\u00a0\u00bb padding=\u00a0\u00bb0&Prime; visibility=\u00a0\u00bb\u00a0\u00bb][vc_column_inner el_class=\u00a0\u00bb\u00a0\u00bb width=\u00a0\u00bb1\/2&Prime;][vc_single_image image=\u00a0\u00bb2862&Prime; border_color=\u00a0\u00bbgrey\u00a0\u00bb img_link_large=\u00a0\u00bb\u00a0\u00bb img_link_target=\u00a0\u00bb_self\u00a0\u00bb img_size=\u00a0\u00bb347&#215;401&Prime; css=\u00a0\u00bb.vc_custom_1445430517733{margin-top: -50px !important;}\u00a0\u00bb][\/vc_column_inner][vc_column_inner el_class=\u00a0\u00bb\u00a0\u00bb width=\u00a0\u00bb1\/2&Prime;][vc_empty_space height=\u00a0\u00bb100&Prime;][vc_column_text disable_pattern=\u00a0\u00bbtrue\u00a0\u00bb align=\u00a0\u00bbleft\u00a0\u00bb margin_bottom=\u00a0\u00bb0&Prime;]\n<h3>Dossier et si\u00e8ge m\u00e9dium : 40 cm<\/h3>\n[\/vc_column_text][\/vc_column_inner][\/vc_row_inner][\/vc_column][\/mk_page_section][mk_page_section layout_structure=\u00a0\u00bbfull\u00a0\u00bb bg_color=\u00a0\u00bb#ececec\u00a0\u00bb attachment=\u00a0\u00bbscroll\u00a0\u00bb bg_position=\u00a0\u00bbleft top\u00a0\u00bb bg_repeat=\u00a0\u00bbrepeat\u00a0\u00bb bg_stretch=\u00a0\u00bbfalse\u00a0\u00bb enable_3d=\u00a0\u00bbfalse\u00a0\u00bb speed_factor=\u00a0\u00bb0.3&Prime; bg_video=\u00a0\u00bbno\u00a0\u00bb video_source=\u00a0\u00bbself\u00a0\u00bb stream_host_website=\u00a0\u00bbyoutube\u00a0\u00bb video_mask=\u00a0\u00bbfalse\u00a0\u00bb bg_gradient=\u00a0\u00bbfalse\u00a0\u00bb gr_end=\u00a0\u00bb#1e73be\u00a0\u00bb video_opacity=\u00a0\u00bb0.6&Prime; top_shadow=\u00a0\u00bbfalse\u00a0\u00bb section_layout=\u00a0\u00bbfull\u00a0\u00bb min_height=\u00a0\u00bb100&Prime; full_width=\u00a0\u00bbfalse\u00a0\u00bb full_height=\u00a0\u00bbfalse\u00a0\u00bb intro_effect=\u00a0\u00bbfalse\u00a0\u00bb padding_top=\u00a0\u00bb10&Prime; padding_bottom=\u00a0\u00bb10&Prime; margin_bottom=\u00a0\u00bb0&Prime; skip_arrow=\u00a0\u00bbfalse\u00a0\u00bb skip_arrow_skin=\u00a0\u00bblight\u00a0\u00bb first_page=\u00a0\u00bbtrue\u00a0\u00bb last_page=\u00a0\u00bbtrue\u00a0\u00bb sidebar=\u00a0\u00bbsidebar-1&Prime;][vc_column border_color=\u00a0\u00bb\u00a0\u00bb visibility=\u00a0\u00bb\u00a0\u00bb width=\u00a0\u00bb1\/1&Prime;][vc_row_inner attached=\u00a0\u00bbfalse\u00a0\u00bb padding=\u00a0\u00bb0&Prime; visibility=\u00a0\u00bb\u00a0\u00bb][vc_column_inner el_class=\u00a0\u00bb\u00a0\u00bb width=\u00a0\u00bb1\/2&Prime;][vc_empty_space height=\u00a0\u00bb50&Prime;][vc_column_text disable_pattern=\u00a0\u00bbtrue\u00a0\u00bb align=\u00a0\u00bbleft\u00a0\u00bb]\n<p style=\"text-align: center;\"><span style=\"color: #000000;\"><strong>R\u00e9f :\u00a0<\/strong><\/span><span style=\"color: #000000;\"><strong>TRI01<\/strong><\/span><\/p>\n<h3 style=\"text-align: center;\"><span style=\"color: #ff0000;\">2800.00\u20ac HT &#8211; 2954.00\u20ac TTC<\/span><\/h3>\n<p style=\"text-align: center;\"><em><span style=\"color: #ff0000;\">TVA r\u00e9duite \u00e0 5.5%<\/span><\/em><\/p>\n[\/vc_column_text][\/vc_column_inner][vc_column_inner el_class=\u00a0\u00bb\u00a0\u00bb width=\u00a0\u00bb1\/2&Prime;][vc_single_image image=\u00a0\u00bb15192&Prime; alignment=\u00a0\u00bbcenter\u00a0\u00bb border_color=\u00a0\u00bbgrey\u00a0\u00bb img_link_large=\u00a0\u00bb\u00a0\u00bb img_link_target=\u00a0\u00bb_blank\u00a0\u00bb css_animation=\u00a0\u00bbbottom-to-top\u00a0\u00bb img_size=\u00a0\u00bb150 x 234&Prime; link=\u00a0\u00bbhttps:\/\/www.archimede-aquafitness.com\/wp-content\/uploads\/2016\/10\/Catalogue-Archimede-2016-prix-publics-juillet.pdf\u00a0\u00bb][vc_column_text title=\u00a0\u00bb\u00a0\u00bb disable_pattern=\u00a0\u00bbtrue\u00a0\u00bb align=\u00a0\u00bbleft\u00a0\u00bb margin_bottom=\u00a0\u00bb0&Prime; animation=\u00a0\u00bb\u00a0\u00bb el_class=\u00a0\u00bb\u00a0\u00bb]\n<p style=\"text-align: center;\"><span style=\"text-decoration: underline;\"><em><strong><a href=\"https:\/\/www.archimede-aquafitness.com\/wp-content\/uploads\/2016\/10\/Catalogue-Archimede-2016-prix-publics-juillet.pdf\">T\u00e9l\u00e9charger notre catalogue 2016<\/a><\/strong><\/em><\/span><\/p>\n[\/vc_column_text][\/vc_column_inner][\/vc_row_inner][\/vc_column][\/mk_page_section]\n<\/div>","protected":false},"excerpt":{"rendered":"<p>[mk_page_section layout_structure=\u00a0\u00bbfull\u00a0\u00bb attachment=\u00a0\u00bbscroll\u00a0\u00bb bg_position=\u00a0\u00bbleft top\u00a0\u00bb bg_repeat=\u00a0\u00bbrepeat\u00a0\u00bb bg_stretch=\u00a0\u00bbfalse\u00a0\u00bb enable_3d=\u00a0\u00bbfalse\u00a0\u00bb speed_factor=\u00a0\u00bb0.3&Prime; bg_video=\u00a0\u00bbno\u00a0\u00bb video_source=\u00a0\u00bbself\u00a0\u00bb stream_host_website=\u00a0\u00bbyoutube\u00a0\u00bb video_mask=\u00a0\u00bbfalse\u00a0\u00bb bg_gradient=\u00a0\u00bbfalse\u00a0\u00bb gr_end=\u00a0\u00bb#1e73be\u00a0\u00bb video_opacity=\u00a0\u00bb0.6&Prime; top_shadow=\u00a0\u00bbfalse\u00a0\u00bb section_layout=\u00a0\u00bbfull\u00a0\u00bb min_height=\u00a0\u00bb100&Prime; full_width=\u00a0\u00bbfalse\u00a0\u00bb full_height=\u00a0\u00bbfalse\u00a0\u00bb intro_effect=\u00a0\u00bbfalse\u00a0\u00bb padding_top=\u00a0\u00bb50&Prime; padding_bottom=\u00a0\u00bb10&Prime; margin_bottom=\u00a0\u00bb0&Prime; skip_arrow=\u00a0\u00bbfalse\u00a0\u00bb skip_arrow_skin=\u00a0\u00bblight\u00a0\u00bb first_page=\u00a0\u00bbfalse\u00a0\u00bb last_page=\u00a0\u00bbtrue\u00a0\u00bb sidebar=\u00a0\u00bbsidebar-1&Prime;][vc_column border_color=\u00a0\u00bb\u00a0\u00bb visibility=\u00a0\u00bb\u00a0\u00bb width=\u00a0\u00bb1\/2&Prime;][vc_column_text disable_pattern=\u00a0\u00bbtrue\u00a0\u00bb align=\u00a0\u00bbleft\u00a0\u00bb margin_bottom=\u00a0\u00bb0&Prime;] Fauteuil roulant tout terrain junior TRIROLL r\u00e9f :\u00a0TRI01 L\u2019handicap\u00e9 junior en fauteuil roulant tir\u00e9 par un assistant \u00e0 la [&hellip;]<\/p>\n","protected":false},"author":4,"featured_media":0,"parent":391,"menu_order":0,"comment_status":"closed","ping_status":"closed","template":"","meta":{"footnotes":""},"class_list":["post-5791","page","type-page","status-publish","hentry"],"yoast_head":"<!-- This site is optimized with the Yoast SEO plugin v27.0 - https:\/\/yoast.com\/product\/yoast-seo-wordpress\/ -->\n<title>Fauteuil tout terrain junior | Archim\u00e8de<\/title>\n<meta name=\"description\" content=\"Fauteuil tout terrain junior Triroll con\u00e7u pour l\u2019handicap\u00e9 junior en fauteuil roulant tir\u00e9 par un assistant \u00e0 la plage, \u00e0 la neige, en campagne...\" \/>\n<meta name=\"robots\" content=\"index, follow, max-snippet:-1, max-image-preview:large, max-video-preview:-1\" \/>\n<link rel=\"canonical\" href=\"https:\/\/www.archimede-aquafitness.com\/fr\/accessibilite-handicape\/leve-personne\/fauteuil-tout-terrain-junior\/\" \/>\n<meta property=\"og:locale\" content=\"fr_FR\" \/>\n<meta property=\"og:type\" content=\"article\" \/>\n<meta property=\"og:title\" content=\"Fauteuil tout terrain junior | Archim\u00e8de\" \/>\n<meta property=\"og:description\" content=\"Fauteuil tout terrain junior Triroll con\u00e7u pour l\u2019handicap\u00e9 junior en fauteuil roulant tir\u00e9 par un assistant \u00e0 la plage, \u00e0 la neige, en campagne...\" \/>\n<meta property=\"og:url\" content=\"https:\/\/www.archimede-aquafitness.com\/fr\/accessibilite-handicape\/leve-personne\/fauteuil-tout-terrain-junior\/\" \/>\n<meta property=\"og:site_name\" content=\"Archimede Aquafitness\" \/>\n<meta property=\"article:modified_time\" content=\"2016-10-12T09:07:59+00:00\" \/>\n<meta name=\"twitter:card\" content=\"summary_large_image\" \/>\n<meta name=\"twitter:label1\" content=\"Dur\u00e9e de lecture estim\u00e9e\" \/>\n\t<meta name=\"twitter:data1\" content=\"5 minutes\" \/>\n<script type=\"application\/ld+json\" class=\"yoast-schema-graph\">{\"@context\":\"https:\/\/schema.org\",\"@graph\":[{\"@type\":\"WebPage\",\"@id\":\"https:\/\/www.archimede-aquafitness.com\/fr\/accessibilite-handicape\/leve-personne\/fauteuil-tout-terrain-junior\/\",\"url\":\"https:\/\/www.archimede-aquafitness.com\/fr\/accessibilite-handicape\/leve-personne\/fauteuil-tout-terrain-junior\/\",\"name\":\"Fauteuil tout terrain junior | Archim\u00e8de\",\"isPartOf\":{\"@id\":\"https:\/\/www.archimede-aquafitness.com\/fr\/#website\"},\"datePublished\":\"2015-10-27T08:55:24+00:00\",\"dateModified\":\"2016-10-12T09:07:59+00:00\",\"description\":\"Fauteuil tout terrain junior Triroll con\u00e7u pour l\u2019handicap\u00e9 junior en fauteuil roulant tir\u00e9 par un assistant \u00e0 la plage, \u00e0 la neige, en campagne...\",\"breadcrumb\":{\"@id\":\"https:\/\/www.archimede-aquafitness.com\/fr\/accessibilite-handicape\/leve-personne\/fauteuil-tout-terrain-junior\/#breadcrumb\"},\"inLanguage\":\"fr-FR\",\"potentialAction\":[{\"@type\":\"ReadAction\",\"target\":[\"https:\/\/www.archimede-aquafitness.com\/fr\/accessibilite-handicape\/leve-personne\/fauteuil-tout-terrain-junior\/\"]}]},{\"@type\":\"BreadcrumbList\",\"@id\":\"https:\/\/www.archimede-aquafitness.com\/fr\/accessibilite-handicape\/leve-personne\/fauteuil-tout-terrain-junior\/#breadcrumb\",\"itemListElement\":[{\"@type\":\"ListItem\",\"position\":1,\"name\":\"Accueil\",\"item\":\"https:\/\/www.archimede-aquafitness.com\/fr\/\"},{\"@type\":\"ListItem\",\"position\":2,\"name\":\"Accessibilit\u00e9 handicap\u00e9\",\"item\":\"https:\/\/www.archimede-aquafitness.com\/fr\/accessibilite-handicape\/\"},{\"@type\":\"ListItem\",\"position\":3,\"name\":\"L\u00e8ve personne\",\"item\":\"https:\/\/www.archimede-aquafitness.com\/fr\/accessibilite-handicape\/leve-personne\/\"},{\"@type\":\"ListItem\",\"position\":4,\"name\":\"Fauteuil tout terrain junior\"}]},{\"@type\":\"WebSite\",\"@id\":\"https:\/\/www.archimede-aquafitness.com\/fr\/#website\",\"url\":\"https:\/\/www.archimede-aquafitness.com\/fr\/\",\"name\":\"Archimede Aquafitness\",\"description\":\"Aquafitness is bringing wellness, physical capacity and health to a very large public\",\"publisher\":{\"@id\":\"https:\/\/www.archimede-aquafitness.com\/fr\/#organization\"},\"potentialAction\":[{\"@type\":\"SearchAction\",\"target\":{\"@type\":\"EntryPoint\",\"urlTemplate\":\"https:\/\/www.archimede-aquafitness.com\/fr\/?s={search_term_string}\"},\"query-input\":{\"@type\":\"PropertyValueSpecification\",\"valueRequired\":true,\"valueName\":\"search_term_string\"}}],\"inLanguage\":\"fr-FR\"},{\"@type\":\"Organization\",\"@id\":\"https:\/\/www.archimede-aquafitness.com\/fr\/#organization\",\"name\":\"Archim\u00e8de AquaFitness \/ JOINTEC\",\"url\":\"https:\/\/www.archimede-aquafitness.com\/fr\/\",\"logo\":{\"@type\":\"ImageObject\",\"inLanguage\":\"fr-FR\",\"@id\":\"https:\/\/www.archimede-aquafitness.com\/fr\/#\/schema\/logo\/image\/\",\"url\":\"https:\/\/www.archimede-aquafitness.com\/wp-content\/uploads\/2015\/09\/logo-archimede-aquafitness.png\",\"contentUrl\":\"https:\/\/www.archimede-aquafitness.com\/wp-content\/uploads\/2015\/09\/logo-archimede-aquafitness.png\",\"width\":308,\"height\":88,\"caption\":\"Archim\u00e8de AquaFitness \/ JOINTEC\"},\"image\":{\"@id\":\"https:\/\/www.archimede-aquafitness.com\/fr\/#\/schema\/logo\/image\/\"}}]}<\/script>\n<!-- \/ Yoast SEO plugin. -->","yoast_head_json":{"title":"Fauteuil tout terrain junior | Archim\u00e8de","description":"Fauteuil tout terrain junior Triroll con\u00e7u pour l\u2019handicap\u00e9 junior en fauteuil roulant tir\u00e9 par un assistant \u00e0 la plage, \u00e0 la neige, en campagne...","robots":{"index":"index","follow":"follow","max-snippet":"max-snippet:-1","max-image-preview":"max-image-preview:large","max-video-preview":"max-video-preview:-1"},"canonical":"https:\/\/www.archimede-aquafitness.com\/fr\/accessibilite-handicape\/leve-personne\/fauteuil-tout-terrain-junior\/","og_locale":"fr_FR","og_type":"article","og_title":"Fauteuil tout terrain junior | Archim\u00e8de","og_description":"Fauteuil tout terrain junior Triroll con\u00e7u pour l\u2019handicap\u00e9 junior en fauteuil roulant tir\u00e9 par un assistant \u00e0 la plage, \u00e0 la neige, en campagne...","og_url":"https:\/\/www.archimede-aquafitness.com\/fr\/accessibilite-handicape\/leve-personne\/fauteuil-tout-terrain-junior\/","og_site_name":"Archimede Aquafitness","article_modified_time":"2016-10-12T09:07:59+00:00","twitter_card":"summary_large_image","twitter_misc":{"Dur\u00e9e de lecture estim\u00e9e":"5 minutes"},"schema":{"@context":"https:\/\/schema.org","@graph":[{"@type":"WebPage","@id":"https:\/\/www.archimede-aquafitness.com\/fr\/accessibilite-handicape\/leve-personne\/fauteuil-tout-terrain-junior\/","url":"https:\/\/www.archimede-aquafitness.com\/fr\/accessibilite-handicape\/leve-personne\/fauteuil-tout-terrain-junior\/","name":"Fauteuil tout terrain junior | Archim\u00e8de","isPartOf":{"@id":"https:\/\/www.archimede-aquafitness.com\/fr\/#website"},"datePublished":"2015-10-27T08:55:24+00:00","dateModified":"2016-10-12T09:07:59+00:00","description":"Fauteuil tout terrain junior Triroll con\u00e7u pour l\u2019handicap\u00e9 junior en fauteuil roulant tir\u00e9 par un assistant \u00e0 la plage, \u00e0 la neige, en campagne...","breadcrumb":{"@id":"https:\/\/www.archimede-aquafitness.com\/fr\/accessibilite-handicape\/leve-personne\/fauteuil-tout-terrain-junior\/#breadcrumb"},"inLanguage":"fr-FR","potentialAction":[{"@type":"ReadAction","target":["https:\/\/www.archimede-aquafitness.com\/fr\/accessibilite-handicape\/leve-personne\/fauteuil-tout-terrain-junior\/"]}]},{"@type":"BreadcrumbList","@id":"https:\/\/www.archimede-aquafitness.com\/fr\/accessibilite-handicape\/leve-personne\/fauteuil-tout-terrain-junior\/#breadcrumb","itemListElement":[{"@type":"ListItem","position":1,"name":"Accueil","item":"https:\/\/www.archimede-aquafitness.com\/fr\/"},{"@type":"ListItem","position":2,"name":"Accessibilit\u00e9 handicap\u00e9","item":"https:\/\/www.archimede-aquafitness.com\/fr\/accessibilite-handicape\/"},{"@type":"ListItem","position":3,"name":"L\u00e8ve personne","item":"https:\/\/www.archimede-aquafitness.com\/fr\/accessibilite-handicape\/leve-personne\/"},{"@type":"ListItem","position":4,"name":"Fauteuil tout terrain junior"}]},{"@type":"WebSite","@id":"https:\/\/www.archimede-aquafitness.com\/fr\/#website","url":"https:\/\/www.archimede-aquafitness.com\/fr\/","name":"Archimede Aquafitness","description":"Aquafitness is bringing wellness, physical capacity and health to a very large public","publisher":{"@id":"https:\/\/www.archimede-aquafitness.com\/fr\/#organization"},"potentialAction":[{"@type":"SearchAction","target":{"@type":"EntryPoint","urlTemplate":"https:\/\/www.archimede-aquafitness.com\/fr\/?s={search_term_string}"},"query-input":{"@type":"PropertyValueSpecification","valueRequired":true,"valueName":"search_term_string"}}],"inLanguage":"fr-FR"},{"@type":"Organization","@id":"https:\/\/www.archimede-aquafitness.com\/fr\/#organization","name":"Archim\u00e8de AquaFitness \/ JOINTEC","url":"https:\/\/www.archimede-aquafitness.com\/fr\/","logo":{"@type":"ImageObject","inLanguage":"fr-FR","@id":"https:\/\/www.archimede-aquafitness.com\/fr\/#\/schema\/logo\/image\/","url":"https:\/\/www.archimede-aquafitness.com\/wp-content\/uploads\/2015\/09\/logo-archimede-aquafitness.png","contentUrl":"https:\/\/www.archimede-aquafitness.com\/wp-content\/uploads\/2015\/09\/logo-archimede-aquafitness.png","width":308,"height":88,"caption":"Archim\u00e8de AquaFitness \/ JOINTEC"},"image":{"@id":"https:\/\/www.archimede-aquafitness.com\/fr\/#\/schema\/logo\/image\/"}}]}},"_links":{"self":[{"href":"https:\/\/www.archimede-aquafitness.com\/fr\/wp-json\/wp\/v2\/pages\/5791","targetHints":{"allow":["GET"]}}],"collection":[{"href":"https:\/\/www.archimede-aquafitness.com\/fr\/wp-json\/wp\/v2\/pages"}],"about":[{"href":"https:\/\/www.archimede-aquafitness.com\/fr\/wp-json\/wp\/v2\/types\/page"}],"author":[{"embeddable":true,"href":"https:\/\/www.archimede-aquafitness.com\/fr\/wp-json\/wp\/v2\/users\/4"}],"replies":[{"embeddable":true,"href":"https:\/\/www.archimede-aquafitness.com\/fr\/wp-json\/wp\/v2\/comments?post=5791"}],"version-history":[{"count":0,"href":"https:\/\/www.archimede-aquafitness.com\/fr\/wp-json\/wp\/v2\/pages\/5791\/revisions"}],"up":[{"embeddable":true,"href":"https:\/\/www.archimede-aquafitness.com\/fr\/wp-json\/wp\/v2\/pages\/391"}],"wp:attachment":[{"href":"https:\/\/www.archimede-aquafitness.com\/fr\/wp-json\/wp\/v2\/media?parent=5791"}],"curies":[{"name":"wp","href":"https:\/\/api.w.org\/{rel}","templated":true}]}}