{"id":6048,"date":"2015-10-28T12:41:49","date_gmt":"2015-10-28T11:41:49","guid":{"rendered":"https:\/\/www.archimede-aquafitness.com\/fr\/?page_id=6048"},"modified":"2022-02-09T18:00:20","modified_gmt":"2022-02-09T17:00:20","slug":"a-propos-darchimede","status":"publish","type":"page","link":"https:\/\/www.archimede-aquafitness.com\/fr\/a-propos-darchimede\/","title":{"rendered":"Archimede la marque fabriqu\u00e9e par Jointec H2D"},"content":{"rendered":"<div class=\"wpb-content-wrapper\">[mk_page_section layout_structure=\u00a0\u00bbhalf_right\u00a0\u00bb bg_image=\u00a0\u00bbhttps:\/\/www.archimede-aquafitness.com\/wp-content\/uploads\/2015\/09\/jointec-vu-de-dessus-soci\u00e9t\u00e9.jpg\u00a0\u00bb min_height=\u00a0\u00bb60&Prime; full_width=\u00a0\u00bbtrue\u00a0\u00bb padding_top=\u00a0\u00bb0&Prime; padding_bottom=\u00a0\u00bb0&Prime; first_page=\u00a0\u00bbfalse\u00a0\u00bb last_page=\u00a0\u00bbfalse\u00a0\u00bb][vc_column css=\u00a0\u00bb.vc_custom_1443096331534{padding-top: 300px !important;padding-bottom: 300px !important;}\u00a0\u00bb][vc_single_image image=\u00a0\u00bb4218&Prime; img_size=\u00a0\u00bb160&#215;50&Prime;][vc_column_text css=\u00a0\u00bb.vc_custom_1644338757630{margin-bottom: 0px !important;}\u00a0\u00bb]\n<p class=\"mk-edge-title\"><span style=\"color: #333333\">JOINTEC est un fabricant fran\u00e7ais de <strong>mat\u00e9riel d&rsquo;aquafitness<\/strong>, d&rsquo;<strong>\u00e9l\u00e9vateurs pour personnes handicap\u00e9es<\/strong> dans divers espaces de loisirs (piscine, centre d&rsquo;\u00e9quith\u00e9rapie&#8230;) et d&rsquo;appareils divers pour la <strong>r\u00e9\u00e9ducation dans l&rsquo;eau<\/strong>.<\/span><\/p>\n<p><span style=\"color: #008ace\"><span lang=\"en-US\">La marque <\/span><span lang=\"en-US\"><u><b>Archimede \u00ae est produit par JOINTEC<br \/>\n<\/b><\/u><\/span><\/span>[\/vc_column_text][\/vc_column][\/mk_page_section][mk_page_section layout_structure=\u00a0\u00bbhalf_left\u00a0\u00bb bg_image=\u00a0\u00bbhttps:\/\/www.archimede-aquafitness.com\/wp-content\/uploads\/2015\/09\/carte2.jpg\u00a0\u00bb min_height=\u00a0\u00bb40&Prime; full_width=\u00a0\u00bbtrue\u00a0\u00bb padding_top=\u00a0\u00bb0&Prime; padding_bottom=\u00a0\u00bb0&Prime; first_page=\u00a0\u00bbtrue\u00a0\u00bb last_page=\u00a0\u00bbtrue\u00a0\u00bb][vc_column css=\u00a0\u00bb.vc_custom_1443096331534{padding-top: 300px !important;padding-bottom: 300px !important;}\u00a0\u00bb][vc_single_image image=\u00a0\u00bb4197&Prime; img_size=\u00a0\u00bb160&#215;50&Prime; alignment=\u00a0\u00bb\u00a0\u00bb][vc_column_text css=\u00a0\u00bb.vc_custom_1644338710070{margin-bottom: 0px !important;}\u00a0\u00bb]<span lang=\"en-US\">Le site de <strong>production<\/strong> est situ\u00e9 dans le nord-est de la France, dans le d\u00e9partement des <strong>Ardennes<\/strong>, pr\u00e8s de la fronti\u00e8re belge.<\/span>[\/vc_column_text][\/vc_column][\/mk_page_section][mk_page_section layout_structure=\u00a0\u00bbhalf_right\u00a0\u00bb bg_image=\u00a0\u00bbhttps:\/\/www.archimede-aquafitness.com\/wp-content\/uploads\/2015\/09\/GENOUX.jpg\u00a0\u00bb full_width=\u00a0\u00bbtrue\u00a0\u00bb padding_top=\u00a0\u00bb0&Prime; padding_bottom=\u00a0\u00bb0&Prime; first_page=\u00a0\u00bbtrue\u00a0\u00bb last_page=\u00a0\u00bbtrue\u00a0\u00bb][vc_column css=\u00a0\u00bb.vc_custom_1443096331534{padding-top: 300px !important;padding-bottom: 300px !important;}\u00a0\u00bb][vc_column_text css=\u00a0\u00bb.vc_custom_1644262909322{margin-bottom: 0px !important;}\u00a0\u00bb]\n<h6 class=\"mk-edge-title\"><span style=\"color: #ff0000\">Avant Jointec&#8230; Kinetec<\/span><\/h6>\n<p><span lang=\"en-US\">Son d\u00e9partement de recherche et d\u00e9veloppement a mis au point les arthromoteurs originaux pour la mobilisation passive des articulations apr\u00e8s une intervention chirurgicale dans les sp\u00e9cialit\u00e9s orthop\u00e9diques et traumatologiques.<\/span><\/p>\n<p><span lang=\"en-US\">Cette marque a \u00e9t\u00e9 <\/span><span lang=\"en-US\"><u><b><a href=\"http:\/\/kinetec.fr\/\" target=\"_blank\" rel=\"noopener\">Kinetec<\/a><\/b><\/u><\/span>[\/vc_column_text][\/vc_column][\/mk_page_section][mk_page_section layout_structure=\u00a0\u00bbhalf_left\u00a0\u00bb bg_image=\u00a0\u00bbhttps:\/\/www.archimede-aquafitness.com\/wp-content\/uploads\/2015\/09\/GENOUX1.jpg\u00a0\u00bb full_width=\u00a0\u00bbtrue\u00a0\u00bb padding_top=\u00a0\u00bb0&Prime; padding_bottom=\u00a0\u00bb0&Prime; first_page=\u00a0\u00bbtrue\u00a0\u00bb last_page=\u00a0\u00bbtrue\u00a0\u00bb][vc_column css=\u00a0\u00bb.vc_custom_1443096331534{padding-top: 300px !important;padding-bottom: 300px !important;}\u00a0\u00bb][vc_column_text css=\u00a0\u00bb.vc_custom_1644262976361{margin-bottom: 0px !important;}\u00a0\u00bb]\n<h6 class=\"mk-edge-title\"><span style=\"color: #ff0000\">1976<\/span><\/h6>\n<p>Concepteur et fabricant des appareils de r\u00e9adaptation Kinetec, utilis\u00e9s apr\u00e8s une chirurgie orthop\u00e9dique ou traumatique.[\/vc_column_text][\/vc_column][\/mk_page_section][mk_page_section layout_structure=\u00a0\u00bbhalf_right\u00a0\u00bb bg_image=\u00a0\u00bbhttps:\/\/www.archimede-aquafitness.com\/wp-content\/uploads\/2015\/09\/commande-numerique.jpg\u00a0\u00bb full_width=\u00a0\u00bbtrue\u00a0\u00bb padding_top=\u00a0\u00bb0&Prime; padding_bottom=\u00a0\u00bb0&Prime; first_page=\u00a0\u00bbtrue\u00a0\u00bb last_page=\u00a0\u00bbtrue\u00a0\u00bb][vc_column css=\u00a0\u00bb.vc_custom_1443096331534{padding-top: 300px !important;padding-bottom: 300px !important;}\u00a0\u00bb][vc_column_text css=\u00a0\u00bb.vc_custom_1644263057198{margin-bottom: 0px !important;}\u00a0\u00bb]\n<h6 class=\"mk-edge-title\"><span style=\"color: #ff0000\">1980<\/span><\/h6>\n<p>Initiateur du concept de Mouvement Passif Continu (M.P.C.) imm\u00e9diat.<\/p>\n<p>Son d\u00e9partement Recherche et D\u00e9veloppement est constitu\u00e9 de kin\u00e9sith\u00e9rapeutes du sport, dont un ancien kin\u00e9sith\u00e9rapeute de l&rsquo;\u00e9quipe nationale fran\u00e7aise de football.<\/p>\n<p>&nbsp;<br \/>\n[\/vc_column_text][\/vc_column][\/mk_page_section][mk_page_section layout_structure=\u00a0\u00bbhalf_left\u00a0\u00bb bg_image=\u00a0\u00bbhttps:\/\/www.archimede-aquafitness.com\/wp-content\/uploads\/2015\/09\/about-us-1-jointec.jpg\u00a0\u00bb full_width=\u00a0\u00bbtrue\u00a0\u00bb padding_top=\u00a0\u00bb0&Prime; padding_bottom=\u00a0\u00bb0&Prime; first_page=\u00a0\u00bbtrue\u00a0\u00bb last_page=\u00a0\u00bbtrue\u00a0\u00bb][vc_column css=\u00a0\u00bb.vc_custom_1443096331534{padding-top: 300px !important;padding-bottom: 300px !important;}\u00a0\u00bb][vc_column_text css=\u00a0\u00bb.vc_custom_1644263074549{margin-bottom: 0px !important;}\u00a0\u00bb]\n<h6 class=\"mk-edge-title\"><span style=\"color: #ff0000\">2007&#8230; JOINTEC<\/span><\/h6>\n<p>Concepteur et fabricant de l&rsquo;\u00e9quipement de fitness aquatique (marque Archim\u00e8de).[\/vc_column_text][\/vc_column][\/mk_page_section][mk_page_section bg_image=\u00a0\u00bbhttps:\/\/www.archimede-aquafitness.com\/wp-content\/uploads\/2015\/09\/image-top-quality-jointec.jpg\u00a0\u00bb bg_color=\u00a0\u00bb#f8f8f8&Prime; attachment=\u00a0\u00bbfixed\u00a0\u00bb bg_position=\u00a0\u00bbcenter bottom\u00a0\u00bb bg_repeat=\u00a0\u00bbno-repeat\u00a0\u00bb min_height=\u00a0\u00bb500&Prime; full_width=\u00a0\u00bbtrue\u00a0\u00bb padding_top=\u00a0\u00bb50&Prime; padding_bottom=\u00a0\u00bb50&Prime; animation=\u00a0\u00bbright-to-left\u00a0\u00bb first_page=\u00a0\u00bbtrue\u00a0\u00bb last_page=\u00a0\u00bbtrue\u00a0\u00bb sidebar=\u00a0\u00bbsidebar-1&Prime;][vc_column width=\u00a0\u00bb1\/2&Prime; css=\u00a0\u00bb.vc_custom_1441359142002{padding-left: 70px !important;}\u00a0\u00bb][vc_single_image image=\u00a0\u00bb4197&Prime; img_size=\u00a0\u00bb150&#215;45&Prime;][vc_column_text disable_pattern=\u00a0\u00bbfalse\u00a0\u00bb css=\u00a0\u00bb.vc_custom_1644340491227{margin-bottom: 0px !important;}\u00a0\u00bb]\n<h1><span style=\"color: #dd3333\">La qualit\u00e9 sup\u00e9rieure<br \/>\ndes produits Jointec de la marque Archimede<\/span><span style=\"color: #dd3333\"><br \/>\n<\/span><\/h1>\n<p>Des <strong>physioth\u00e9rapeutes sportifs et des ing\u00e9nieurs<\/strong> ont con\u00e7u tous les \u00e9quipements de la marque Archimede.<br \/>\nLa fabrication est r\u00e9alis\u00e9e en France, dans le d\u00e9partement des Ardennes, pr\u00e8s de la fronti\u00e8re belge. JOINTEC H2D produit les nombreux \u00e9quipements de la marque Archimede et s&rsquo;efforce de mettre en place des <strong>circuits de fabrication courts<\/strong> afin de <strong>limiter l&rsquo;impact environnemental<\/strong> de ses produits.<br \/>\nLes produits sont principalement fabriqu\u00e9s en <strong>acier inoxydable<\/strong> et soigneusement finis par \u00e9lectro-polissage. De plus, la plupart sont \u00e9quip\u00e9s d&rsquo;une anode sacrificielle afin de b\u00e9n\u00e9ficier d&rsquo;une garantie antirouille compl\u00e8te. La plupart des <strong>produits<\/strong> peuvent \u00e9galement \u00eatre <strong>personnalis\u00e9s<\/strong> afin d&rsquo;am\u00e9liorer les besoins des clients.<\/p>\n<p>La recherche et le d\u00e9veloppement d&rsquo;Archim\u00e8de sont l&rsquo;\u0153uvre d&rsquo;un ancien kin\u00e9sith\u00e9rapeute de l&rsquo;\u00e9quipe nationale fran\u00e7aise de football professionnel. Il a \u00e9labor\u00e9 les \u00e9tudes biodynamiques afin d&rsquo;obtenir le confort pour l&rsquo;utilisateur et l&rsquo;efficacit\u00e9 de la m\u00e9thode. Cette approche continue d&rsquo;inspirer la marque pour placer l&rsquo;<strong>humain au centre<\/strong> de notre concept et <strong>am\u00e9liorer le bien-\u00eatre de chacun<\/strong> par des <strong>exercices<\/strong> et des rencontres <strong>dans l&rsquo;eau<\/strong>.[\/vc_column_text][vc_row_inner padding=\u00a0\u00bb0&Prime;][vc_column_inner width=\u00a0\u00bb1\/4&Prime;][vc_single_image image=\u00a0\u00bb222&Prime; img_size=\u00a0\u00bb65&#215;65&Prime; css_animation=\u00a0\u00bbappear\u00a0\u00bb][vc_column_text css=\u00a0\u00bb.vc_custom_1644264057662{margin-bottom: 0px !important;}\u00a0\u00bb]Les physioth\u00e9rapeutes du sport<br \/>\net ing\u00e9nieurs ont<br \/>\ncon\u00e7u tous les \u00e9quipements[\/vc_column_text][\/vc_column_inner][vc_column_inner width=\u00a0\u00bb1\/4&Prime;][vc_single_image image=\u00a0\u00bb230&Prime; img_size=\u00a0\u00bb64&#215;64&Prime; css_animation=\u00a0\u00bbappear\u00a0\u00bb][vc_column_text css=\u00a0\u00bb.vc_custom_1644263157723{margin-bottom: 0px !important;}\u00a0\u00bb]Chaque article<br \/>\na une garantie de 3 ans[\/vc_column_text][\/vc_column_inner][vc_column_inner width=\u00a0\u00bb1\/4&Prime;]\n[\/vc_column_inner][vc_column_inner width=\u00a0\u00bb1\/4&Prime;]\n[\/vc_column_inner][\/vc_row_inner][vc_row_inner padding=\u00a0\u00bb0&Prime;][vc_column_inner width=\u00a0\u00bb1\/4&Prime;][vc_single_image image=\u00a0\u00bb226&Prime; img_size=\u00a0\u00bb64&#215;46&Prime; css_animation=\u00a0\u00bbappear\u00a0\u00bb][vc_column_text]Il est conforme<br \/>\n\u00e0 la norme europ\u00e9enne<br \/>\nCE 2001\/95.[\/vc_column_text][\/vc_column_inner][vc_column_inner width=\u00a0\u00bb1\/4&Prime;][vc_single_image image=\u00a0\u00bb234&Prime; img_size=\u00a0\u00bb94&#215;90&Prime; css_animation=\u00a0\u00bbappear\u00a0\u00bb][vc_column_text css=\u00a0\u00bb.vc_custom_1644263248892{margin-bottom: 0px !important;}\u00a0\u00bb]<strong>Fabriqu\u00e9 en France<\/strong><br \/>\ndans le d\u00e9partement des <strong>Ardennes<\/strong><br \/>\npr\u00e8s de la fronti\u00e8re belge,<br \/>\npr\u00e8s de l&rsquo;Allemagne,<br \/>\nde la Grande-Bretagne et<br \/>\ndes Pays-Bas.[\/vc_column_text][\/vc_column_inner][vc_column_inner width=\u00a0\u00bb1\/4&Prime;]\n[\/vc_column_inner][vc_column_inner width=\u00a0\u00bb1\/4&Prime;]\n[\/vc_column_inner][\/vc_row_inner][\/vc_column][vc_column width=\u00a0\u00bb1\/2&Prime;][vc_column_text]\n[\/vc_column_text][\/vc_column][\/mk_page_section][vc_row fullwidth=\u00a0\u00bbtrue\u00a0\u00bb attached=\u00a0\u00bbtrue\u00a0\u00bb padding=\u00a0\u00bb0&Prime;][vc_column css=\u00a0\u00bb.vc_custom_1441361884438{margin-bottom: -20px !important;}\u00a0\u00bb][vc_accordions action_style=\u00a0\u00bbtoggle-action\u00a0\u00bb container_bg_color=\u00a0\u00bb#ffffff\u00a0\u00bb][vc_accordion_tab title=\u00a0\u00bbPour en savoir plus\u00a0\u00bb][vc_column_text css=\u00a0\u00bb.vc_custom_1644340526364{margin-bottom: 0px !important;}\u00a0\u00bb]L&rsquo;acier inoxydable marin est un acier sp\u00e9cial. Il est \u00e9galement appel\u00e9 acier inoxydable 304 ou 316L.<br \/>\nCes aciers sont utilis\u00e9s dans l&rsquo;industrie nucl\u00e9aire et alimentaire car ils offrent la meilleure r\u00e9sistance \u00e0 l&rsquo;oxydation. Ce mat\u00e9riau est la base de la plupart des produits Archimede.[\/vc_column_text][\/vc_accordion_tab][\/vc_accordions][\/vc_column][\/vc_row][mk_page_section bg_stretch=\u00a0\u00bbtrue\u00a0\u00bb full_width=\u00a0\u00bbtrue\u00a0\u00bb padding_top=\u00a0\u00bb0&Prime; padding_bottom=\u00a0\u00bb0&Prime; margin_bottom=\u00a0\u00bb-20&Prime; first_page=\u00a0\u00bbtrue\u00a0\u00bb last_page=\u00a0\u00bbtrue\u00a0\u00bb sidebar=\u00a0\u00bbsidebar-1&Prime;][vc_column width=\u00a0\u00bb1\/2&Prime;][mk_advanced_gmaps latitude=\u00a0\u00bb49.6620782&Prime; longitude=\u00a0\u00bb5.0424892&Prime; address=\u00a0\u00bbVillage PME route de Mouzon, 08140 DOUZY, FRANCE\u00a0\u00bb height=\u00a0\u00bb450&Prime; modify_coloring=\u00a0\u00bbtrue\u00a0\u00bb hue=\u00a0\u00bb#cccccc\u00a0\u00bb saturation=\u00a0\u00bb-100&Prime; zoom=\u00a0\u00bb7&Prime;][\/vc_column][vc_column width=\u00a0\u00bb1\/2&Prime;][vc_separator color=\u00a0\u00bbwhite\u00a0\u00bb style=\u00a0\u00bbdashed\u00a0\u00bb][vc_column_text css=\u00a0\u00bb.vc_custom_1644259899206{margin-bottom: 0px !important;}\u00a0\u00bb]\n<h3><span style=\"color: #008ace\">Archimede \u00ae<\/span><\/h3>\n<p>&nbsp;<\/p>\n<h3><span style=\"color: #dd3333\">Jointec H2D Fabricant<br \/>\n<\/span><\/h3>\n<p>Adresse : Route de Mouzon, 08140 Douzy, France<\/p>\n<p>Tel : <span style=\"color: #008ace\">+ 33 (0)3 24 33 42 56<\/span>[\/vc_column_text][mk_button dimension=\u00a0\u00bbflat\u00a0\u00bb corner_style=\u00a0\u00bbfull_rounded\u00a0\u00bb size=\u00a0\u00bblarge\u00a0\u00bb url=\u00a0\u00bbhttps:\/\/www.archimede-aquafitness.com\/contact\/\u00a0\u00bb margin_top=\u00a0\u00bb20&Prime; bg_color=\u00a0\u00bb#dd3333&Prime; btn_hover_bg=\u00a0\u00bb#a32525&Prime;]NOUS CONTACTER<\/p>\n[\/mk_button][\/vc_column][\/mk_page_section]\n<\/div>","protected":false},"excerpt":{"rendered":"<p>[mk_page_section layout_structure=\u00a0\u00bbhalf_right\u00a0\u00bb bg_image=\u00a0\u00bbhttps:\/\/www.archimede-aquafitness.com\/wp-content\/uploads\/2015\/09\/jointec-vu-de-dessus-soci\u00e9t\u00e9.jpg\u00a0\u00bb min_height=\u00a0\u00bb60&Prime; full_width=\u00a0\u00bbtrue\u00a0\u00bb padding_top=\u00a0\u00bb0&Prime; padding_bottom=\u00a0\u00bb0&Prime; first_page=\u00a0\u00bbfalse\u00a0\u00bb last_page=\u00a0\u00bbfalse\u00a0\u00bb][vc_column css=\u00a0\u00bb.vc_custom_1443096331534{padding-top: 300px !important;padding-bottom: 300px !important;}\u00a0\u00bb][vc_single_image image=\u00a0\u00bb4218&Prime; img_size=\u00a0\u00bb160&#215;50&Prime;][vc_column_text css=\u00a0\u00bb.vc_custom_1644338757630{margin-bottom: 0px !important;}\u00a0\u00bb] JOINTEC est un fabricant fran\u00e7ais de mat\u00e9riel d&rsquo;aquafitness, d&rsquo;\u00e9l\u00e9vateurs pour personnes handicap\u00e9es dans divers espaces de loisirs (piscine, centre d&rsquo;\u00e9quith\u00e9rapie&#8230;) et d&rsquo;appareils divers pour la r\u00e9\u00e9ducation dans l&rsquo;eau. La marque Archimede \u00ae est produit par JOINTEC [&hellip;]<\/p>\n","protected":false},"author":4,"featured_media":0,"parent":0,"menu_order":0,"comment_status":"closed","ping_status":"closed","template":"","meta":{"footnotes":""},"class_list":["post-6048","page","type-page","status-publish","hentry"],"yoast_head":"<!-- This site is optimized with the Yoast SEO plugin v27.0 - https:\/\/yoast.com\/product\/yoast-seo-wordpress\/ -->\n<title>Archimede la marque fabriqu\u00e9e par Jointec H2D<\/title>\n<meta name=\"description\" content=\"Savoir plus sur la marque Archimede et son fabricant Jointec H2D. L&#039;expert d&#039;\u00e9quipement d&#039;aquafitness, access handicap et reeducation autour et dans l&#039;eau.\" \/>\n<meta name=\"robots\" content=\"index, follow, max-snippet:-1, max-image-preview:large, max-video-preview:-1\" \/>\n<link rel=\"canonical\" href=\"https:\/\/www.archimede-aquafitness.com\/fr\/a-propos-darchimede\/\" \/>\n<meta property=\"og:locale\" content=\"fr_FR\" \/>\n<meta property=\"og:type\" content=\"article\" \/>\n<meta property=\"og:title\" content=\"Archimede la marque fabriqu\u00e9e par Jointec H2D\" \/>\n<meta property=\"og:description\" content=\"Savoir plus sur la marque Archimede et son fabricant Jointec H2D. L&#039;expert d&#039;\u00e9quipement d&#039;aquafitness, access handicap et reeducation autour et dans l&#039;eau.\" \/>\n<meta property=\"og:url\" content=\"https:\/\/www.archimede-aquafitness.com\/fr\/a-propos-darchimede\/\" \/>\n<meta property=\"og:site_name\" content=\"Archimede Aquafitness\" \/>\n<meta property=\"article:modified_time\" content=\"2022-02-09T17:00:20+00:00\" \/>\n<meta name=\"twitter:card\" content=\"summary_large_image\" \/>\n<meta name=\"twitter:label1\" content=\"Dur\u00e9e de lecture estim\u00e9e\" \/>\n\t<meta name=\"twitter:data1\" content=\"6 minutes\" \/>\n<script type=\"application\/ld+json\" class=\"yoast-schema-graph\">{\"@context\":\"https:\/\/schema.org\",\"@graph\":[{\"@type\":\"WebPage\",\"@id\":\"https:\/\/www.archimede-aquafitness.com\/fr\/a-propos-darchimede\/\",\"url\":\"https:\/\/www.archimede-aquafitness.com\/fr\/a-propos-darchimede\/\",\"name\":\"Archimede la marque fabriqu\u00e9e par Jointec H2D\",\"isPartOf\":{\"@id\":\"https:\/\/www.archimede-aquafitness.com\/fr\/#website\"},\"datePublished\":\"2015-10-28T11:41:49+00:00\",\"dateModified\":\"2022-02-09T17:00:20+00:00\",\"description\":\"Savoir plus sur la marque Archimede et son fabricant Jointec H2D. L'expert d'\u00e9quipement d'aquafitness, access handicap et reeducation autour et dans l'eau.\",\"breadcrumb\":{\"@id\":\"https:\/\/www.archimede-aquafitness.com\/fr\/a-propos-darchimede\/#breadcrumb\"},\"inLanguage\":\"fr-FR\",\"potentialAction\":[{\"@type\":\"ReadAction\",\"target\":[\"https:\/\/www.archimede-aquafitness.com\/fr\/a-propos-darchimede\/\"]}]},{\"@type\":\"BreadcrumbList\",\"@id\":\"https:\/\/www.archimede-aquafitness.com\/fr\/a-propos-darchimede\/#breadcrumb\",\"itemListElement\":[{\"@type\":\"ListItem\",\"position\":1,\"name\":\"Accueil\",\"item\":\"https:\/\/www.archimede-aquafitness.com\/fr\/\"},{\"@type\":\"ListItem\",\"position\":2,\"name\":\"Archimede la marque fabriqu\u00e9e par Jointec H2D\"}]},{\"@type\":\"WebSite\",\"@id\":\"https:\/\/www.archimede-aquafitness.com\/fr\/#website\",\"url\":\"https:\/\/www.archimede-aquafitness.com\/fr\/\",\"name\":\"Archimede Aquafitness\",\"description\":\"Aquafitness is bringing wellness, physical capacity and health to a very large public\",\"publisher\":{\"@id\":\"https:\/\/www.archimede-aquafitness.com\/fr\/#organization\"},\"potentialAction\":[{\"@type\":\"SearchAction\",\"target\":{\"@type\":\"EntryPoint\",\"urlTemplate\":\"https:\/\/www.archimede-aquafitness.com\/fr\/?s={search_term_string}\"},\"query-input\":{\"@type\":\"PropertyValueSpecification\",\"valueRequired\":true,\"valueName\":\"search_term_string\"}}],\"inLanguage\":\"fr-FR\"},{\"@type\":\"Organization\",\"@id\":\"https:\/\/www.archimede-aquafitness.com\/fr\/#organization\",\"name\":\"Archim\u00e8de AquaFitness \/ JOINTEC\",\"url\":\"https:\/\/www.archimede-aquafitness.com\/fr\/\",\"logo\":{\"@type\":\"ImageObject\",\"inLanguage\":\"fr-FR\",\"@id\":\"https:\/\/www.archimede-aquafitness.com\/fr\/#\/schema\/logo\/image\/\",\"url\":\"https:\/\/www.archimede-aquafitness.com\/wp-content\/uploads\/2015\/09\/logo-archimede-aquafitness.png\",\"contentUrl\":\"https:\/\/www.archimede-aquafitness.com\/wp-content\/uploads\/2015\/09\/logo-archimede-aquafitness.png\",\"width\":308,\"height\":88,\"caption\":\"Archim\u00e8de AquaFitness \/ JOINTEC\"},\"image\":{\"@id\":\"https:\/\/www.archimede-aquafitness.com\/fr\/#\/schema\/logo\/image\/\"}}]}<\/script>\n<!-- \/ Yoast SEO plugin. -->","yoast_head_json":{"title":"Archimede la marque fabriqu\u00e9e par Jointec H2D","description":"Savoir plus sur la marque Archimede et son fabricant Jointec H2D. L'expert d'\u00e9quipement d'aquafitness, access handicap et reeducation autour et dans l'eau.","robots":{"index":"index","follow":"follow","max-snippet":"max-snippet:-1","max-image-preview":"max-image-preview:large","max-video-preview":"max-video-preview:-1"},"canonical":"https:\/\/www.archimede-aquafitness.com\/fr\/a-propos-darchimede\/","og_locale":"fr_FR","og_type":"article","og_title":"Archimede la marque fabriqu\u00e9e par Jointec H2D","og_description":"Savoir plus sur la marque Archimede et son fabricant Jointec H2D. L'expert d'\u00e9quipement d'aquafitness, access handicap et reeducation autour et dans l'eau.","og_url":"https:\/\/www.archimede-aquafitness.com\/fr\/a-propos-darchimede\/","og_site_name":"Archimede Aquafitness","article_modified_time":"2022-02-09T17:00:20+00:00","twitter_card":"summary_large_image","twitter_misc":{"Dur\u00e9e de lecture estim\u00e9e":"6 minutes"},"schema":{"@context":"https:\/\/schema.org","@graph":[{"@type":"WebPage","@id":"https:\/\/www.archimede-aquafitness.com\/fr\/a-propos-darchimede\/","url":"https:\/\/www.archimede-aquafitness.com\/fr\/a-propos-darchimede\/","name":"Archimede la marque fabriqu\u00e9e par Jointec H2D","isPartOf":{"@id":"https:\/\/www.archimede-aquafitness.com\/fr\/#website"},"datePublished":"2015-10-28T11:41:49+00:00","dateModified":"2022-02-09T17:00:20+00:00","description":"Savoir plus sur la marque Archimede et son fabricant Jointec H2D. L'expert d'\u00e9quipement d'aquafitness, access handicap et reeducation autour et dans l'eau.","breadcrumb":{"@id":"https:\/\/www.archimede-aquafitness.com\/fr\/a-propos-darchimede\/#breadcrumb"},"inLanguage":"fr-FR","potentialAction":[{"@type":"ReadAction","target":["https:\/\/www.archimede-aquafitness.com\/fr\/a-propos-darchimede\/"]}]},{"@type":"BreadcrumbList","@id":"https:\/\/www.archimede-aquafitness.com\/fr\/a-propos-darchimede\/#breadcrumb","itemListElement":[{"@type":"ListItem","position":1,"name":"Accueil","item":"https:\/\/www.archimede-aquafitness.com\/fr\/"},{"@type":"ListItem","position":2,"name":"Archimede la marque fabriqu\u00e9e par Jointec H2D"}]},{"@type":"WebSite","@id":"https:\/\/www.archimede-aquafitness.com\/fr\/#website","url":"https:\/\/www.archimede-aquafitness.com\/fr\/","name":"Archimede Aquafitness","description":"Aquafitness is bringing wellness, physical capacity and health to a very large public","publisher":{"@id":"https:\/\/www.archimede-aquafitness.com\/fr\/#organization"},"potentialAction":[{"@type":"SearchAction","target":{"@type":"EntryPoint","urlTemplate":"https:\/\/www.archimede-aquafitness.com\/fr\/?s={search_term_string}"},"query-input":{"@type":"PropertyValueSpecification","valueRequired":true,"valueName":"search_term_string"}}],"inLanguage":"fr-FR"},{"@type":"Organization","@id":"https:\/\/www.archimede-aquafitness.com\/fr\/#organization","name":"Archim\u00e8de AquaFitness \/ JOINTEC","url":"https:\/\/www.archimede-aquafitness.com\/fr\/","logo":{"@type":"ImageObject","inLanguage":"fr-FR","@id":"https:\/\/www.archimede-aquafitness.com\/fr\/#\/schema\/logo\/image\/","url":"https:\/\/www.archimede-aquafitness.com\/wp-content\/uploads\/2015\/09\/logo-archimede-aquafitness.png","contentUrl":"https:\/\/www.archimede-aquafitness.com\/wp-content\/uploads\/2015\/09\/logo-archimede-aquafitness.png","width":308,"height":88,"caption":"Archim\u00e8de AquaFitness \/ JOINTEC"},"image":{"@id":"https:\/\/www.archimede-aquafitness.com\/fr\/#\/schema\/logo\/image\/"}}]}},"_links":{"self":[{"href":"https:\/\/www.archimede-aquafitness.com\/fr\/wp-json\/wp\/v2\/pages\/6048","targetHints":{"allow":["GET"]}}],"collection":[{"href":"https:\/\/www.archimede-aquafitness.com\/fr\/wp-json\/wp\/v2\/pages"}],"about":[{"href":"https:\/\/www.archimede-aquafitness.com\/fr\/wp-json\/wp\/v2\/types\/page"}],"author":[{"embeddable":true,"href":"https:\/\/www.archimede-aquafitness.com\/fr\/wp-json\/wp\/v2\/users\/4"}],"replies":[{"embeddable":true,"href":"https:\/\/www.archimede-aquafitness.com\/fr\/wp-json\/wp\/v2\/comments?post=6048"}],"version-history":[{"count":4,"href":"https:\/\/www.archimede-aquafitness.com\/fr\/wp-json\/wp\/v2\/pages\/6048\/revisions"}],"predecessor-version":[{"id":17218,"href":"https:\/\/www.archimede-aquafitness.com\/fr\/wp-json\/wp\/v2\/pages\/6048\/revisions\/17218"}],"wp:attachment":[{"href":"https:\/\/www.archimede-aquafitness.com\/fr\/wp-json\/wp\/v2\/media?parent=6048"}],"curies":[{"name":"wp","href":"https:\/\/api.w.org\/{rel}","templated":true}]}}