{"id":6383,"date":"2015-11-02T14:48:40","date_gmt":"2015-11-02T13:48:40","guid":{"rendered":"https:\/\/www.archimede-aquafitness.com\/fr\/?page_id=6383"},"modified":"2015-11-30T18:09:32","modified_gmt":"2015-11-30T17:09:32","slug":"elite-medicale-promokine","status":"publish","type":"page","link":"https:\/\/www.archimede-aquafitness.com\/fr\/trouver-un-revendeur\/elite-medicale-promokine\/","title":{"rendered":"Elite M\u00e9dicale Promokin\u00e9"},"content":{"rendered":"[mk_page_section layout_structure=\u00a0\u00bbfull\u00a0\u00bb attachment=\u00a0\u00bbscroll\u00a0\u00bb bg_position=\u00a0\u00bbleft top\u00a0\u00bb bg_repeat=\u00a0\u00bbrepeat\u00a0\u00bb bg_stretch=\u00a0\u00bbfalse\u00a0\u00bb enable_3d=\u00a0\u00bbfalse\u00a0\u00bb speed_factor=\u00a0\u00bb0.3&Prime; bg_video=\u00a0\u00bbno\u00a0\u00bb video_source=\u00a0\u00bbself\u00a0\u00bb stream_host_website=\u00a0\u00bbyoutube\u00a0\u00bb video_mask=\u00a0\u00bbfalse\u00a0\u00bb bg_gradient=\u00a0\u00bbfalse\u00a0\u00bb gr_end=\u00a0\u00bb#1e73be\u00a0\u00bb video_opacity=\u00a0\u00bb0.6&Prime; top_shadow=\u00a0\u00bbfalse\u00a0\u00bb section_layout=\u00a0\u00bbfull\u00a0\u00bb min_height=\u00a0\u00bb100&Prime; full_width=\u00a0\u00bbfalse\u00a0\u00bb full_height=\u00a0\u00bbfalse\u00a0\u00bb intro_effect=\u00a0\u00bbfalse\u00a0\u00bb padding_top=\u00a0\u00bb10&Prime; padding_bottom=\u00a0\u00bb10&Prime; margin_bottom=\u00a0\u00bb0&Prime; skip_arrow=\u00a0\u00bbfalse\u00a0\u00bb skip_arrow_skin=\u00a0\u00bblight\u00a0\u00bb first_page=\u00a0\u00bbtrue\u00a0\u00bb last_page=\u00a0\u00bbtrue\u00a0\u00bb sidebar=\u00a0\u00bbsidebar-1&Prime;][vc_column border_color=\u00a0\u00bb\u00a0\u00bb visibility=\u00a0\u00bb\u00a0\u00bb width=\u00a0\u00bb1\/2&Prime;][mk_custom_box border_width=\u00a0\u00bb1&Prime; bg_color=\u00a0\u00bb#f6f6f6&Prime; bg_position=\u00a0\u00bbleft top\u00a0\u00bb bg_repeat=\u00a0\u00bbrepeat\u00a0\u00bb bg_stretch=\u00a0\u00bbfalse\u00a0\u00bb padding_vertical=\u00a0\u00bb30&Prime; padding_horizental=\u00a0\u00bb20&Prime; margin_bottom=\u00a0\u00bb10&Prime; min_height=\u00a0\u00bb100&Prime;][vc_column_text disable_pattern=\u00a0\u00bbtrue\u00a0\u00bb align=\u00a0\u00bbleft\u00a0\u00bb margin_bottom=\u00a0\u00bb0&Prime;]\n<h4 style=\"text-align: center;\">ELITE MEDICALE PROMOKINE<\/h4>\n<p style=\"text-align: center;\">80450 Camon<br \/>\nFRANCE<\/p>\n[\/vc_column_text][\/mk_custom_box][\/vc_column][vc_column border_color=\u00a0\u00bb\u00a0\u00bb visibility=\u00a0\u00bb\u00a0\u00bb width=\u00a0\u00bb1\/2&Prime;][mk_custom_box border_color=\u00a0\u00bb\u00a0\u00bb border_width=\u00a0\u00bb1&Prime; bg_color=\u00a0\u00bb#f6f6f6&Prime; bg_image=\u00a0\u00bb\u00a0\u00bb bg_position=\u00a0\u00bbleft top\u00a0\u00bb bg_repeat=\u00a0\u00bbrepeat\u00a0\u00bb bg_stretch=\u00a0\u00bbfalse\u00a0\u00bb predefined_bg=\u00a0\u00bb\u00a0\u00bb padding_vertical=\u00a0\u00bb30&Prime; padding_horizental=\u00a0\u00bb20&Prime; margin_bottom=\u00a0\u00bb10&Prime; min_height=\u00a0\u00bb100&Prime; visibility=\u00a0\u00bb\u00a0\u00bb animation=\u00a0\u00bb\u00a0\u00bb el_class=\u00a0\u00bb\u00a0\u00bb][vc_column_text disable_pattern=\u00a0\u00bbtrue\u00a0\u00bb align=\u00a0\u00bbleft\u00a0\u00bb margin_bottom=\u00a0\u00bb0&Prime;]\n<h4 style=\"text-align: center;\">CONTACT<\/h4>\n<p style=\"text-align: center;\">T\u00e9l\u00e9phone : +33\u00a03 22 67 54 54<br \/>\nE-Mail :\u00a0contact@promokine.com<br \/>\nSite internet :\u00a0<a href=\"http:\/\/www.promokine.com\/\" target=\"_blank\">www.promokine.com<\/a><\/p>\n[\/vc_column_text][\/mk_custom_box][\/vc_column][\/mk_page_section][mk_page_section layout_structure=\u00a0\u00bbfull\u00a0\u00bb attachment=\u00a0\u00bbscroll\u00a0\u00bb bg_position=\u00a0\u00bbleft top\u00a0\u00bb bg_repeat=\u00a0\u00bbrepeat\u00a0\u00bb bg_stretch=\u00a0\u00bbfalse\u00a0\u00bb enable_3d=\u00a0\u00bbfalse\u00a0\u00bb speed_factor=\u00a0\u00bb0.3&Prime; bg_video=\u00a0\u00bbno\u00a0\u00bb video_source=\u00a0\u00bbself\u00a0\u00bb stream_host_website=\u00a0\u00bbyoutube\u00a0\u00bb video_mask=\u00a0\u00bbfalse\u00a0\u00bb bg_gradient=\u00a0\u00bbfalse\u00a0\u00bb gr_end=\u00a0\u00bb#1e73be\u00a0\u00bb video_opacity=\u00a0\u00bb0.6&Prime; top_shadow=\u00a0\u00bbfalse\u00a0\u00bb section_layout=\u00a0\u00bbfull\u00a0\u00bb min_height=\u00a0\u00bb250&Prime; full_width=\u00a0\u00bbfalse\u00a0\u00bb full_height=\u00a0\u00bbfalse\u00a0\u00bb intro_effect=\u00a0\u00bbfalse\u00a0\u00bb padding_top=\u00a0\u00bb0&Prime; padding_bottom=\u00a0\u00bb0&Prime; margin_bottom=\u00a0\u00bb0&Prime; skip_arrow=\u00a0\u00bbfalse\u00a0\u00bb skip_arrow_skin=\u00a0\u00bblight\u00a0\u00bb first_page=\u00a0\u00bbtrue\u00a0\u00bb last_page=\u00a0\u00bbtrue\u00a0\u00bb sidebar=\u00a0\u00bbsidebar-1&Prime;][vc_column border_color=\u00a0\u00bb\u00a0\u00bb visibility=\u00a0\u00bb\u00a0\u00bb width=\u00a0\u00bb1\/2&Prime;][mk_advanced_gmaps latitude=\u00a0\u00bb49.8879600&Prime; longitude=\u00a0\u00bb2.3438140&Prime; address=\u00a0\u00bb80450 Camon, FRANCE\u00a0\u00bb map_height=\u00a0\u00bbcustom\u00a0\u00bb height=\u00a0\u00bb450&Prime; zoom=\u00a0\u00bb7&Prime; pan_control=\u00a0\u00bbtrue\u00a0\u00bb draggable=\u00a0\u00bbtrue\u00a0\u00bb zoom_control=\u00a0\u00bbtrue\u00a0\u00bb map_type=\u00a0\u00bbROADMAP\u00a0\u00bb map_type_control=\u00a0\u00bbtrue\u00a0\u00bb scale_control=\u00a0\u00bbtrue\u00a0\u00bb modify_json=\u00a0\u00bbfalse\u00a0\u00bb modify_coloring=\u00a0\u00bbfalse\u00a0\u00bb hue=\u00a0\u00bb#cccccc\u00a0\u00bb saturation=\u00a0\u00bb1&Prime; lightness=\u00a0\u00bb1&Prime;][\/vc_column][vc_column border_color=\u00a0\u00bb\u00a0\u00bb visibility=\u00a0\u00bb\u00a0\u00bb width=\u00a0\u00bb1\/2&Prime;][vc_column_text disable_pattern=\u00a0\u00bbtrue\u00a0\u00bb align=\u00a0\u00bbleft\u00a0\u00bb margin_bottom=\u00a0\u00bb0&Prime;]\n<h3><span style=\"color: #018ace;\">Compl\u00e9tez le formulaire pour contacter le revendeur<\/span><\/h3>\n[\/vc_column_text]<p class=\"wpcf7-contact-form-not-found\"><strong>Erreur\u00a0:<\/strong> Formulaire de contact non trouv\u00e9\u00a0!<\/p>[\/vc_column][\/mk_page_section]\n","protected":false},"excerpt":{"rendered":"<p>[mk_page_section layout_structure=\u00a0\u00bbfull\u00a0\u00bb attachment=\u00a0\u00bbscroll\u00a0\u00bb bg_position=\u00a0\u00bbleft top\u00a0\u00bb bg_repeat=\u00a0\u00bbrepeat\u00a0\u00bb bg_stretch=\u00a0\u00bbfalse\u00a0\u00bb enable_3d=\u00a0\u00bbfalse\u00a0\u00bb speed_factor=\u00a0\u00bb0.3&Prime; bg_video=\u00a0\u00bbno\u00a0\u00bb video_source=\u00a0\u00bbself\u00a0\u00bb stream_host_website=\u00a0\u00bbyoutube\u00a0\u00bb video_mask=\u00a0\u00bbfalse\u00a0\u00bb bg_gradient=\u00a0\u00bbfalse\u00a0\u00bb gr_end=\u00a0\u00bb#1e73be\u00a0\u00bb video_opacity=\u00a0\u00bb0.6&Prime; top_shadow=\u00a0\u00bbfalse\u00a0\u00bb section_layout=\u00a0\u00bbfull\u00a0\u00bb min_height=\u00a0\u00bb100&Prime; full_width=\u00a0\u00bbfalse\u00a0\u00bb full_height=\u00a0\u00bbfalse\u00a0\u00bb intro_effect=\u00a0\u00bbfalse\u00a0\u00bb padding_top=\u00a0\u00bb10&Prime; padding_bottom=\u00a0\u00bb10&Prime; margin_bottom=\u00a0\u00bb0&Prime; skip_arrow=\u00a0\u00bbfalse\u00a0\u00bb skip_arrow_skin=\u00a0\u00bblight\u00a0\u00bb first_page=\u00a0\u00bbtrue\u00a0\u00bb last_page=\u00a0\u00bbtrue\u00a0\u00bb sidebar=\u00a0\u00bbsidebar-1&Prime;][vc_column border_color=\u00a0\u00bb\u00a0\u00bb visibility=\u00a0\u00bb\u00a0\u00bb width=\u00a0\u00bb1\/2&Prime;][mk_custom_box border_width=\u00a0\u00bb1&Prime; bg_color=\u00a0\u00bb#f6f6f6&Prime; bg_position=\u00a0\u00bbleft top\u00a0\u00bb bg_repeat=\u00a0\u00bbrepeat\u00a0\u00bb bg_stretch=\u00a0\u00bbfalse\u00a0\u00bb padding_vertical=\u00a0\u00bb30&Prime; padding_horizental=\u00a0\u00bb20&Prime; margin_bottom=\u00a0\u00bb10&Prime; min_height=\u00a0\u00bb100&Prime;][vc_column_text disable_pattern=\u00a0\u00bbtrue\u00a0\u00bb align=\u00a0\u00bbleft\u00a0\u00bb margin_bottom=\u00a0\u00bb0&Prime;] ELITE MEDICALE PROMOKINE 80450 Camon FRANCE [\/vc_column_text][\/mk_custom_box][\/vc_column][vc_column border_color=\u00a0\u00bb\u00a0\u00bb visibility=\u00a0\u00bb\u00a0\u00bb [&hellip;]<\/p>\n","protected":false},"author":4,"featured_media":0,"parent":388,"menu_order":0,"comment_status":"closed","ping_status":"closed","template":"","meta":{"footnotes":""},"class_list":["post-6383","page","type-page","status-publish","hentry"],"yoast_head":"<!-- This site is optimized with the Yoast SEO plugin v27.0 - https:\/\/yoast.com\/product\/yoast-seo-wordpress\/ -->\n<title>Elite M\u00e9dicale Promokin\u00e9 | Archimede<\/title>\n<meta name=\"description\" content=\"D\u00e9couvrez &quot;Elite M\u00e9dicale Promokin\u00e9&quot; : un de nos revendeurs fran\u00e7ais de produits Archim\u00e8de, soci\u00e9t\u00e9 situ\u00e9e \u00e0 Camon.\" \/>\n<meta name=\"robots\" content=\"index, follow, max-snippet:-1, max-image-preview:large, max-video-preview:-1\" \/>\n<link rel=\"canonical\" href=\"https:\/\/www.archimede-aquafitness.com\/fr\/trouver-un-revendeur\/elite-medicale-promokine\/\" \/>\n<meta property=\"og:locale\" content=\"fr_FR\" \/>\n<meta property=\"og:type\" content=\"article\" \/>\n<meta property=\"og:title\" content=\"Elite M\u00e9dicale Promokin\u00e9 | Archimede\" \/>\n<meta property=\"og:description\" content=\"D\u00e9couvrez &quot;Elite M\u00e9dicale Promokin\u00e9&quot; : un de nos revendeurs fran\u00e7ais de produits Archim\u00e8de, soci\u00e9t\u00e9 situ\u00e9e \u00e0 Camon.\" \/>\n<meta property=\"og:url\" content=\"https:\/\/www.archimede-aquafitness.com\/fr\/trouver-un-revendeur\/elite-medicale-promokine\/\" \/>\n<meta property=\"og:site_name\" content=\"Archimede Aquafitness\" \/>\n<meta property=\"article:modified_time\" content=\"2015-11-30T17:09:32+00:00\" \/>\n<meta name=\"twitter:card\" content=\"summary_large_image\" \/>\n<meta name=\"twitter:label1\" content=\"Dur\u00e9e de lecture estim\u00e9e\" \/>\n\t<meta name=\"twitter:data1\" content=\"2 minutes\" \/>\n<script type=\"application\/ld+json\" class=\"yoast-schema-graph\">{\"@context\":\"https:\/\/schema.org\",\"@graph\":[{\"@type\":\"WebPage\",\"@id\":\"https:\/\/www.archimede-aquafitness.com\/fr\/trouver-un-revendeur\/elite-medicale-promokine\/\",\"url\":\"https:\/\/www.archimede-aquafitness.com\/fr\/trouver-un-revendeur\/elite-medicale-promokine\/\",\"name\":\"Elite M\u00e9dicale Promokin\u00e9 | Archimede\",\"isPartOf\":{\"@id\":\"https:\/\/www.archimede-aquafitness.com\/fr\/#website\"},\"datePublished\":\"2015-11-02T13:48:40+00:00\",\"dateModified\":\"2015-11-30T17:09:32+00:00\",\"description\":\"D\u00e9couvrez \\\"Elite M\u00e9dicale Promokin\u00e9\\\" : un de nos revendeurs fran\u00e7ais de produits Archim\u00e8de, soci\u00e9t\u00e9 situ\u00e9e \u00e0 Camon.\",\"breadcrumb\":{\"@id\":\"https:\/\/www.archimede-aquafitness.com\/fr\/trouver-un-revendeur\/elite-medicale-promokine\/#breadcrumb\"},\"inLanguage\":\"fr-FR\",\"potentialAction\":[{\"@type\":\"ReadAction\",\"target\":[\"https:\/\/www.archimede-aquafitness.com\/fr\/trouver-un-revendeur\/elite-medicale-promokine\/\"]}]},{\"@type\":\"BreadcrumbList\",\"@id\":\"https:\/\/www.archimede-aquafitness.com\/fr\/trouver-un-revendeur\/elite-medicale-promokine\/#breadcrumb\",\"itemListElement\":[{\"@type\":\"ListItem\",\"position\":1,\"name\":\"Accueil\",\"item\":\"https:\/\/www.archimede-aquafitness.com\/fr\/\"},{\"@type\":\"ListItem\",\"position\":2,\"name\":\"Trouver un revendeur\",\"item\":\"https:\/\/www.archimede-aquafitness.com\/fr\/trouver-un-revendeur\/\"},{\"@type\":\"ListItem\",\"position\":3,\"name\":\"Elite M\u00e9dicale Promokin\u00e9\"}]},{\"@type\":\"WebSite\",\"@id\":\"https:\/\/www.archimede-aquafitness.com\/fr\/#website\",\"url\":\"https:\/\/www.archimede-aquafitness.com\/fr\/\",\"name\":\"Archimede Aquafitness\",\"description\":\"Aquafitness is bringing wellness, physical capacity and health to a very large public\",\"publisher\":{\"@id\":\"https:\/\/www.archimede-aquafitness.com\/fr\/#organization\"},\"potentialAction\":[{\"@type\":\"SearchAction\",\"target\":{\"@type\":\"EntryPoint\",\"urlTemplate\":\"https:\/\/www.archimede-aquafitness.com\/fr\/?s={search_term_string}\"},\"query-input\":{\"@type\":\"PropertyValueSpecification\",\"valueRequired\":true,\"valueName\":\"search_term_string\"}}],\"inLanguage\":\"fr-FR\"},{\"@type\":\"Organization\",\"@id\":\"https:\/\/www.archimede-aquafitness.com\/fr\/#organization\",\"name\":\"Archim\u00e8de AquaFitness \/ JOINTEC\",\"url\":\"https:\/\/www.archimede-aquafitness.com\/fr\/\",\"logo\":{\"@type\":\"ImageObject\",\"inLanguage\":\"fr-FR\",\"@id\":\"https:\/\/www.archimede-aquafitness.com\/fr\/#\/schema\/logo\/image\/\",\"url\":\"https:\/\/www.archimede-aquafitness.com\/wp-content\/uploads\/2015\/09\/logo-archimede-aquafitness.png\",\"contentUrl\":\"https:\/\/www.archimede-aquafitness.com\/wp-content\/uploads\/2015\/09\/logo-archimede-aquafitness.png\",\"width\":308,\"height\":88,\"caption\":\"Archim\u00e8de AquaFitness \/ JOINTEC\"},\"image\":{\"@id\":\"https:\/\/www.archimede-aquafitness.com\/fr\/#\/schema\/logo\/image\/\"}}]}<\/script>\n<!-- \/ Yoast SEO plugin. -->","yoast_head_json":{"title":"Elite M\u00e9dicale Promokin\u00e9 | Archimede","description":"D\u00e9couvrez \"Elite M\u00e9dicale Promokin\u00e9\" : un de nos revendeurs fran\u00e7ais de produits Archim\u00e8de, soci\u00e9t\u00e9 situ\u00e9e \u00e0 Camon.","robots":{"index":"index","follow":"follow","max-snippet":"max-snippet:-1","max-image-preview":"max-image-preview:large","max-video-preview":"max-video-preview:-1"},"canonical":"https:\/\/www.archimede-aquafitness.com\/fr\/trouver-un-revendeur\/elite-medicale-promokine\/","og_locale":"fr_FR","og_type":"article","og_title":"Elite M\u00e9dicale Promokin\u00e9 | Archimede","og_description":"D\u00e9couvrez \"Elite M\u00e9dicale Promokin\u00e9\" : un de nos revendeurs fran\u00e7ais de produits Archim\u00e8de, soci\u00e9t\u00e9 situ\u00e9e \u00e0 Camon.","og_url":"https:\/\/www.archimede-aquafitness.com\/fr\/trouver-un-revendeur\/elite-medicale-promokine\/","og_site_name":"Archimede Aquafitness","article_modified_time":"2015-11-30T17:09:32+00:00","twitter_card":"summary_large_image","twitter_misc":{"Dur\u00e9e de lecture estim\u00e9e":"2 minutes"},"schema":{"@context":"https:\/\/schema.org","@graph":[{"@type":"WebPage","@id":"https:\/\/www.archimede-aquafitness.com\/fr\/trouver-un-revendeur\/elite-medicale-promokine\/","url":"https:\/\/www.archimede-aquafitness.com\/fr\/trouver-un-revendeur\/elite-medicale-promokine\/","name":"Elite M\u00e9dicale Promokin\u00e9 | Archimede","isPartOf":{"@id":"https:\/\/www.archimede-aquafitness.com\/fr\/#website"},"datePublished":"2015-11-02T13:48:40+00:00","dateModified":"2015-11-30T17:09:32+00:00","description":"D\u00e9couvrez \"Elite M\u00e9dicale Promokin\u00e9\" : un de nos revendeurs fran\u00e7ais de produits Archim\u00e8de, soci\u00e9t\u00e9 situ\u00e9e \u00e0 Camon.","breadcrumb":{"@id":"https:\/\/www.archimede-aquafitness.com\/fr\/trouver-un-revendeur\/elite-medicale-promokine\/#breadcrumb"},"inLanguage":"fr-FR","potentialAction":[{"@type":"ReadAction","target":["https:\/\/www.archimede-aquafitness.com\/fr\/trouver-un-revendeur\/elite-medicale-promokine\/"]}]},{"@type":"BreadcrumbList","@id":"https:\/\/www.archimede-aquafitness.com\/fr\/trouver-un-revendeur\/elite-medicale-promokine\/#breadcrumb","itemListElement":[{"@type":"ListItem","position":1,"name":"Accueil","item":"https:\/\/www.archimede-aquafitness.com\/fr\/"},{"@type":"ListItem","position":2,"name":"Trouver un revendeur","item":"https:\/\/www.archimede-aquafitness.com\/fr\/trouver-un-revendeur\/"},{"@type":"ListItem","position":3,"name":"Elite M\u00e9dicale Promokin\u00e9"}]},{"@type":"WebSite","@id":"https:\/\/www.archimede-aquafitness.com\/fr\/#website","url":"https:\/\/www.archimede-aquafitness.com\/fr\/","name":"Archimede Aquafitness","description":"Aquafitness is bringing wellness, physical capacity and health to a very large public","publisher":{"@id":"https:\/\/www.archimede-aquafitness.com\/fr\/#organization"},"potentialAction":[{"@type":"SearchAction","target":{"@type":"EntryPoint","urlTemplate":"https:\/\/www.archimede-aquafitness.com\/fr\/?s={search_term_string}"},"query-input":{"@type":"PropertyValueSpecification","valueRequired":true,"valueName":"search_term_string"}}],"inLanguage":"fr-FR"},{"@type":"Organization","@id":"https:\/\/www.archimede-aquafitness.com\/fr\/#organization","name":"Archim\u00e8de AquaFitness \/ JOINTEC","url":"https:\/\/www.archimede-aquafitness.com\/fr\/","logo":{"@type":"ImageObject","inLanguage":"fr-FR","@id":"https:\/\/www.archimede-aquafitness.com\/fr\/#\/schema\/logo\/image\/","url":"https:\/\/www.archimede-aquafitness.com\/wp-content\/uploads\/2015\/09\/logo-archimede-aquafitness.png","contentUrl":"https:\/\/www.archimede-aquafitness.com\/wp-content\/uploads\/2015\/09\/logo-archimede-aquafitness.png","width":308,"height":88,"caption":"Archim\u00e8de AquaFitness \/ JOINTEC"},"image":{"@id":"https:\/\/www.archimede-aquafitness.com\/fr\/#\/schema\/logo\/image\/"}}]}},"_links":{"self":[{"href":"https:\/\/www.archimede-aquafitness.com\/fr\/wp-json\/wp\/v2\/pages\/6383","targetHints":{"allow":["GET"]}}],"collection":[{"href":"https:\/\/www.archimede-aquafitness.com\/fr\/wp-json\/wp\/v2\/pages"}],"about":[{"href":"https:\/\/www.archimede-aquafitness.com\/fr\/wp-json\/wp\/v2\/types\/page"}],"author":[{"embeddable":true,"href":"https:\/\/www.archimede-aquafitness.com\/fr\/wp-json\/wp\/v2\/users\/4"}],"replies":[{"embeddable":true,"href":"https:\/\/www.archimede-aquafitness.com\/fr\/wp-json\/wp\/v2\/comments?post=6383"}],"version-history":[{"count":0,"href":"https:\/\/www.archimede-aquafitness.com\/fr\/wp-json\/wp\/v2\/pages\/6383\/revisions"}],"up":[{"embeddable":true,"href":"https:\/\/www.archimede-aquafitness.com\/fr\/wp-json\/wp\/v2\/pages\/388"}],"wp:attachment":[{"href":"https:\/\/www.archimede-aquafitness.com\/fr\/wp-json\/wp\/v2\/media?parent=6383"}],"curies":[{"name":"wp","href":"https:\/\/api.w.org\/{rel}","templated":true}]}}