{"id":8695,"date":"2016-01-12T16:23:49","date_gmt":"2016-01-12T15:23:49","guid":{"rendered":"https:\/\/www.archimede-aquafitness.com\/fr\/?page_id=8695"},"modified":"2017-01-17T15:52:26","modified_gmt":"2017-01-17T14:52:26","slug":"wood-bath","status":"publish","type":"page","link":"https:\/\/www.archimede-aquafitness.com\/fr\/aquafitness\/velo-de-piscine-aquabike\/wood-bath\/","title":{"rendered":"Wood bath"},"content":{"rendered":"<div class=\"wpb-content-wrapper\">[mk_page_section layout_structure=\u00a0\u00bbfull\u00a0\u00bb attachment=\u00a0\u00bbscroll\u00a0\u00bb bg_position=\u00a0\u00bbleft top\u00a0\u00bb bg_repeat=\u00a0\u00bbrepeat\u00a0\u00bb bg_stretch=\u00a0\u00bbfalse\u00a0\u00bb enable_3d=\u00a0\u00bbfalse\u00a0\u00bb speed_factor=\u00a0\u00bb0.3&Prime; bg_video=\u00a0\u00bbno\u00a0\u00bb video_source=\u00a0\u00bbself\u00a0\u00bb stream_host_website=\u00a0\u00bbyoutube\u00a0\u00bb video_mask=\u00a0\u00bbfalse\u00a0\u00bb bg_gradient=\u00a0\u00bbfalse\u00a0\u00bb gr_end=\u00a0\u00bb#1e73be\u00a0\u00bb video_opacity=\u00a0\u00bb0.6&Prime; top_shadow=\u00a0\u00bbfalse\u00a0\u00bb section_layout=\u00a0\u00bbfull\u00a0\u00bb min_height=\u00a0\u00bb100&Prime; full_width=\u00a0\u00bbfalse\u00a0\u00bb full_height=\u00a0\u00bbfalse\u00a0\u00bb intro_effect=\u00a0\u00bbfalse\u00a0\u00bb padding_top=\u00a0\u00bb50&Prime; padding_bottom=\u00a0\u00bb10&Prime; margin_bottom=\u00a0\u00bb0&Prime; skip_arrow=\u00a0\u00bbfalse\u00a0\u00bb skip_arrow_skin=\u00a0\u00bblight\u00a0\u00bb first_page=\u00a0\u00bbfalse\u00a0\u00bb last_page=\u00a0\u00bbtrue\u00a0\u00bb sidebar=\u00a0\u00bbsidebar-1&Prime;][vc_column border_color=\u00a0\u00bb\u00a0\u00bb visibility=\u00a0\u00bb\u00a0\u00bb width=\u00a0\u00bb1\/2&Prime;][vc_column_text disable_pattern=\u00a0\u00bbtrue\u00a0\u00bb align=\u00a0\u00bbleft\u00a0\u00bb margin_bottom=\u00a0\u00bb0&Prime;]\n<h1 style=\"font-size: 36px;\"><span style=\"color: #018ace;\">WOOD BATH<\/span><\/h1>\n<h4>&#8211; Le sp\u00e9cialiste de la baignoire en bois<br \/>\n&#8211; Les bienfaits associ\u00e9s de l\u2019hydromassage et de l\u2019<span style=\"text-decoration: underline;\"><a href=\"https:\/\/www.archimede-aquafitness.com\/fr\/aquafitness\/velo-de-piscine-aquabike\/\">aquabiking<\/a><\/span> \u2013 <span style=\"text-decoration: underline;\"><a href=\"https:\/\/www.archimede-aquafitness.com\/fr\/aquafitness\/tapis-de-course-aquatique\/\">aquarunning<\/a><\/span>\u00a0en eau profonde<br \/>\n&#8211; Un outil r\u00e9volutionnaire par ses innovations, polyvalent, esth\u00e9tique et rentable pour le professionnel (institut, salle de fitness, kin\u00e9sith\u00e9rapeute, spa, h\u00f4tel, camping\u2026)<br \/>\n&#8211; Un auxiliaire d\u2019entrainement efficace pour le sportif ou de soin pour le particulier handicap\u00e9 \u00e0 domicile<\/h4>\n[\/vc_column_text][\/vc_column][vc_column border_color=\u00a0\u00bb\u00a0\u00bb visibility=\u00a0\u00bb\u00a0\u00bb width=\u00a0\u00bb1\/2&Prime;][vc_images_carousel images=\u00a0\u00bb8826&Prime; onclick=\u00a0\u00bblink_no\u00a0\u00bb custom_links_target=\u00a0\u00bb_self\u00a0\u00bb mode=\u00a0\u00bbhorizontal\u00a0\u00bb speed=\u00a0\u00bb5000&Prime; slides_per_view=\u00a0\u00bb1&Prime; autoplay=\u00a0\u00bbyes\u00a0\u00bb hide_pagination_control=\u00a0\u00bb\u00a0\u00bb hide_prev_next_buttons=\u00a0\u00bb\u00a0\u00bb partial_view=\u00a0\u00bb\u00a0\u00bb wrap=\u00a0\u00bb\u00a0\u00bb img_size=\u00a0\u00bb600 x 543&Prime;][\/vc_column][\/mk_page_section][mk_page_section layout_structure=\u00a0\u00bbfull\u00a0\u00bb attachment=\u00a0\u00bbscroll\u00a0\u00bb bg_position=\u00a0\u00bbleft top\u00a0\u00bb bg_repeat=\u00a0\u00bbrepeat\u00a0\u00bb bg_stretch=\u00a0\u00bbfalse\u00a0\u00bb enable_3d=\u00a0\u00bbfalse\u00a0\u00bb speed_factor=\u00a0\u00bb0.3&Prime; bg_video=\u00a0\u00bbno\u00a0\u00bb video_source=\u00a0\u00bbself\u00a0\u00bb stream_host_website=\u00a0\u00bbyoutube\u00a0\u00bb video_mask=\u00a0\u00bbfalse\u00a0\u00bb bg_gradient=\u00a0\u00bbfalse\u00a0\u00bb gr_end=\u00a0\u00bb#1e73be\u00a0\u00bb video_opacity=\u00a0\u00bb0.6&Prime; top_shadow=\u00a0\u00bbfalse\u00a0\u00bb section_layout=\u00a0\u00bbfull\u00a0\u00bb min_height=\u00a0\u00bb50&Prime; full_width=\u00a0\u00bbfalse\u00a0\u00bb full_height=\u00a0\u00bbfalse\u00a0\u00bb intro_effect=\u00a0\u00bbfalse\u00a0\u00bb padding_top=\u00a0\u00bb0&Prime; padding_bottom=\u00a0\u00bb0&Prime; margin_bottom=\u00a0\u00bb0&Prime; skip_arrow=\u00a0\u00bbfalse\u00a0\u00bb skip_arrow_skin=\u00a0\u00bblight\u00a0\u00bb first_page=\u00a0\u00bbtrue\u00a0\u00bb last_page=\u00a0\u00bbtrue\u00a0\u00bb sidebar=\u00a0\u00bbsidebar-1&Prime;][vc_column border_color=\u00a0\u00bb\u00a0\u00bb visibility=\u00a0\u00bb\u00a0\u00bb width=\u00a0\u00bb1\/1&Prime;][vc_accordions style=\u00a0\u00bbfancy-style\u00a0\u00bb action_style=\u00a0\u00bbtoggle-action\u00a0\u00bb open_toggle=\u00a0\u00bb1&Prime; container_bg_color=\u00a0\u00bb#ffffff\u00a0\u00bb responsive=\u00a0\u00bbtrue\u00a0\u00bb][vc_accordion_tab title=\u00a0\u00bbSch\u00e9mas des 3 r\u00e9f\u00e9rences\u00a0\u00bb][vc_single_image image=\u00a0\u00bb8783&Prime; alignment=\u00a0\u00bbcenter\u00a0\u00bb border_color=\u00a0\u00bbgrey\u00a0\u00bb img_link_large=\u00a0\u00bb\u00a0\u00bb img_link_target=\u00a0\u00bb_self\u00a0\u00bb img_size=\u00a0\u00bb1200 \u00d7 481&Prime;][\/vc_accordion_tab][\/vc_accordions][\/vc_column][\/mk_page_section][mk_page_section layout_structure=\u00a0\u00bbfull\u00a0\u00bb attachment=\u00a0\u00bbscroll\u00a0\u00bb bg_position=\u00a0\u00bbleft top\u00a0\u00bb bg_repeat=\u00a0\u00bbrepeat\u00a0\u00bb bg_stretch=\u00a0\u00bbfalse\u00a0\u00bb enable_3d=\u00a0\u00bbfalse\u00a0\u00bb speed_factor=\u00a0\u00bb0.3&Prime; bg_video=\u00a0\u00bbno\u00a0\u00bb video_source=\u00a0\u00bbself\u00a0\u00bb stream_host_website=\u00a0\u00bbyoutube\u00a0\u00bb video_mask=\u00a0\u00bbfalse\u00a0\u00bb bg_gradient=\u00a0\u00bbfalse\u00a0\u00bb gr_end=\u00a0\u00bb#1e73be\u00a0\u00bb video_opacity=\u00a0\u00bb0.6&Prime; top_shadow=\u00a0\u00bbfalse\u00a0\u00bb section_layout=\u00a0\u00bbfull\u00a0\u00bb min_height=\u00a0\u00bb50&Prime; full_width=\u00a0\u00bbfalse\u00a0\u00bb full_height=\u00a0\u00bbfalse\u00a0\u00bb intro_effect=\u00a0\u00bbfalse\u00a0\u00bb padding_top=\u00a0\u00bb10&Prime; padding_bottom=\u00a0\u00bb10&Prime; margin_bottom=\u00a0\u00bb0&Prime; skip_arrow=\u00a0\u00bbfalse\u00a0\u00bb skip_arrow_skin=\u00a0\u00bblight\u00a0\u00bb first_page=\u00a0\u00bbtrue\u00a0\u00bb last_page=\u00a0\u00bbtrue\u00a0\u00bb sidebar=\u00a0\u00bbsidebar-1&Prime;][vc_column border_color=\u00a0\u00bb\u00a0\u00bb visibility=\u00a0\u00bb\u00a0\u00bb width=\u00a0\u00bb1\/1&Prime;][vc_row_inner attached=\u00a0\u00bbfalse\u00a0\u00bb padding=\u00a0\u00bb0&Prime;][vc_column_inner el_class=\u00a0\u00bb\u00a0\u00bb width=\u00a0\u00bb1\/2&Prime;][vc_column_text disable_pattern=\u00a0\u00bbtrue\u00a0\u00bb align=\u00a0\u00bbleft\u00a0\u00bb margin_bottom=\u00a0\u00bb0&Prime;]\n<h3 style=\"font-size: 30px;\"><span style=\"color: #018ace;\">Caract\u00e9ristiques \u2013 performances<\/span><\/h3>\n<p style=\"font-size: 20px; color: #333333;\">Avec une hauteur d\u2019eau de 1.29m, le wood bath est id\u00e9ale pour la pratique de l&rsquo;<span style=\"text-decoration: underline;\"><a href=\"https:\/\/www.archimede-aquafitness.com\/fr\/aquafitness\/velo-de-piscine-aquabike\/\">aquabiking (v\u00e9lo de piscine)<\/a><\/span>, du\u00a0<span style=\"text-decoration: underline;\"><a href=\"https:\/\/www.archimede-aquafitness.com\/fr\/aquafitness\/velo-elliptique-de-piscine\/\">v\u00e9lo elliptique\u00a0aquatique<\/a><\/span>\u00a0et de l&rsquo;<span style=\"text-decoration: underline;\"><a href=\"https:\/\/www.archimede-aquafitness.com\/fr\/aquafitness\/tapis-de-course-aquatique\/\">aquarunning<\/a><\/span> (<a href=\"https:\/\/www.archimede-aquafitness.com\/fr\/aquafitness\/tapis-de-course-aquatique\/\"><span style=\"text-decoration: underline;\">tapis de course\u00a0de piscine<\/span><\/a>) en eau profonde, en quasi apesanteur dans l\u2019eau ti\u00e8de \u00e9molliente, le diaphragme travaille sous l\u2019effet de la pression hydrostatique, offrant une activation de la circulation sanguine, une \u00e9limination maximale des toxines de combustion et une sensation de fatigue r\u00e9duite.<\/p>\n<p style=\"font-size: 16px; color: #333333;\">&#8211; traitement de l\u2019eau \u00e9cologique par oxyg\u00e8ne actif (pas de chlore)<br \/>\n&#8211; traitement de l\u2019eau permanent et \u00e9conomique (pas de changement d\u2019eau apr\u00e8s chaque utilisation)<br \/>\n&#8211; installation simple et rapide (1 journ\u00e9e)<br \/>\n&#8211; un prix imbattable<\/p>\n<p><strong>Garanties : <\/strong><br \/>\n&#8211; structure bois 10 ans<br \/>\n&#8211; appareillage (pompe, filtration, r\u00e9chauffeur) 2 ans<\/p>\n<p><strong>R\u00e9f\u00e9rences :<\/strong><br \/>\n<strong>WB01 (1 place)<\/strong><br \/>\n<strong>WB02 (3 places)<\/strong><br \/>\n<strong>WB03 (5 places)<\/strong><\/p>\n<p><em><strong>Fabrication sur mesure sur demande<\/strong><\/em>[\/vc_column_text][\/vc_column_inner][vc_column_inner width=\u00a0\u00bb1\/2&Prime;][vc_single_image image=\u00a0\u00bb8715&Prime; alignment=\u00a0\u00bbcenter\u00a0\u00bb border_color=\u00a0\u00bbgrey\u00a0\u00bb img_link_large=\u00a0\u00bb\u00a0\u00bb img_link_target=\u00a0\u00bb_self\u00a0\u00bb img_size=\u00a0\u00bb600 \u00d7 387&Prime; css=\u00a0\u00bb.vc_custom_1484661147055{margin-top: 100px !important;}\u00a0\u00bb][\/vc_column_inner][\/vc_row_inner][vc_column_text disable_pattern=\u00a0\u00bbtrue\u00a0\u00bb align=\u00a0\u00bbleft\u00a0\u00bb margin_bottom=\u00a0\u00bb0&Prime;]\n<p style=\"text-align: center;\"><em>Information et photos non contractuelles<\/em><\/p>\n[\/vc_column_text][vc_separator color=\u00a0\u00bbgrey\u00a0\u00bb align=\u00a0\u00bbalign_center\u00a0\u00bb][\/vc_column][\/mk_page_section]\n<\/div>","protected":false},"excerpt":{"rendered":"<p>[mk_page_section layout_structure=\u00a0\u00bbfull\u00a0\u00bb attachment=\u00a0\u00bbscroll\u00a0\u00bb bg_position=\u00a0\u00bbleft top\u00a0\u00bb bg_repeat=\u00a0\u00bbrepeat\u00a0\u00bb bg_stretch=\u00a0\u00bbfalse\u00a0\u00bb enable_3d=\u00a0\u00bbfalse\u00a0\u00bb speed_factor=\u00a0\u00bb0.3&Prime; bg_video=\u00a0\u00bbno\u00a0\u00bb video_source=\u00a0\u00bbself\u00a0\u00bb stream_host_website=\u00a0\u00bbyoutube\u00a0\u00bb video_mask=\u00a0\u00bbfalse\u00a0\u00bb bg_gradient=\u00a0\u00bbfalse\u00a0\u00bb gr_end=\u00a0\u00bb#1e73be\u00a0\u00bb video_opacity=\u00a0\u00bb0.6&Prime; top_shadow=\u00a0\u00bbfalse\u00a0\u00bb section_layout=\u00a0\u00bbfull\u00a0\u00bb min_height=\u00a0\u00bb100&Prime; full_width=\u00a0\u00bbfalse\u00a0\u00bb full_height=\u00a0\u00bbfalse\u00a0\u00bb intro_effect=\u00a0\u00bbfalse\u00a0\u00bb padding_top=\u00a0\u00bb50&Prime; padding_bottom=\u00a0\u00bb10&Prime; margin_bottom=\u00a0\u00bb0&Prime; skip_arrow=\u00a0\u00bbfalse\u00a0\u00bb skip_arrow_skin=\u00a0\u00bblight\u00a0\u00bb first_page=\u00a0\u00bbfalse\u00a0\u00bb last_page=\u00a0\u00bbtrue\u00a0\u00bb sidebar=\u00a0\u00bbsidebar-1&Prime;][vc_column border_color=\u00a0\u00bb\u00a0\u00bb visibility=\u00a0\u00bb\u00a0\u00bb width=\u00a0\u00bb1\/2&Prime;][vc_column_text disable_pattern=\u00a0\u00bbtrue\u00a0\u00bb align=\u00a0\u00bbleft\u00a0\u00bb margin_bottom=\u00a0\u00bb0&Prime;] WOOD BATH &#8211; Le sp\u00e9cialiste de la baignoire en bois &#8211; Les bienfaits associ\u00e9s de l\u2019hydromassage et de l\u2019aquabiking [&hellip;]<\/p>\n","protected":false},"author":4,"featured_media":0,"parent":353,"menu_order":0,"comment_status":"closed","ping_status":"closed","template":"","meta":{"footnotes":""},"class_list":["post-8695","page","type-page","status-publish","hentry"],"yoast_head":"<!-- This site is optimized with the Yoast SEO plugin v27.0 - https:\/\/yoast.com\/product\/yoast-seo-wordpress\/ -->\n<title>Wood bath pour aquatraining personnel | Archim\u00e8de Aquafitness<\/title>\n<meta name=\"description\" content=\"Archim\u00e8de vous pr\u00e9sente le Wood Bath : une baignoire en bois livr\u00e9e avec appareil d&#039;aquafitness (v\u00e9lo de piscine, aquabike, aquarunner, aquaelliptique...).\" \/>\n<meta name=\"robots\" content=\"index, follow, max-snippet:-1, max-image-preview:large, max-video-preview:-1\" \/>\n<link rel=\"canonical\" href=\"https:\/\/www.archimede-aquafitness.com\/fr\/aquafitness\/velo-de-piscine-aquabike\/wood-bath\/\" \/>\n<meta property=\"og:locale\" content=\"fr_FR\" \/>\n<meta property=\"og:type\" content=\"article\" \/>\n<meta property=\"og:title\" content=\"Wood bath pour aquatraining personnel | Archim\u00e8de Aquafitness\" \/>\n<meta property=\"og:description\" content=\"Archim\u00e8de vous pr\u00e9sente le Wood Bath : une baignoire en bois livr\u00e9e avec appareil d&#039;aquafitness (v\u00e9lo de piscine, aquabike, aquarunner, aquaelliptique...).\" \/>\n<meta property=\"og:url\" content=\"https:\/\/www.archimede-aquafitness.com\/fr\/aquafitness\/velo-de-piscine-aquabike\/wood-bath\/\" \/>\n<meta property=\"og:site_name\" content=\"Archimede Aquafitness\" \/>\n<meta property=\"article:modified_time\" content=\"2017-01-17T14:52:26+00:00\" \/>\n<meta name=\"twitter:card\" content=\"summary_large_image\" \/>\n<meta name=\"twitter:label1\" content=\"Dur\u00e9e de lecture estim\u00e9e\" \/>\n\t<meta name=\"twitter:data1\" content=\"3 minutes\" \/>\n<script type=\"application\/ld+json\" class=\"yoast-schema-graph\">{\"@context\":\"https:\/\/schema.org\",\"@graph\":[{\"@type\":\"WebPage\",\"@id\":\"https:\/\/www.archimede-aquafitness.com\/fr\/aquafitness\/velo-de-piscine-aquabike\/wood-bath\/\",\"url\":\"https:\/\/www.archimede-aquafitness.com\/fr\/aquafitness\/velo-de-piscine-aquabike\/wood-bath\/\",\"name\":\"Wood bath pour aquatraining personnel | Archim\u00e8de Aquafitness\",\"isPartOf\":{\"@id\":\"https:\/\/www.archimede-aquafitness.com\/fr\/#website\"},\"datePublished\":\"2016-01-12T15:23:49+00:00\",\"dateModified\":\"2017-01-17T14:52:26+00:00\",\"description\":\"Archim\u00e8de vous pr\u00e9sente le Wood Bath : une baignoire en bois livr\u00e9e avec appareil d'aquafitness (v\u00e9lo de piscine, aquabike, aquarunner, aquaelliptique...).\",\"breadcrumb\":{\"@id\":\"https:\/\/www.archimede-aquafitness.com\/fr\/aquafitness\/velo-de-piscine-aquabike\/wood-bath\/#breadcrumb\"},\"inLanguage\":\"fr-FR\",\"potentialAction\":[{\"@type\":\"ReadAction\",\"target\":[\"https:\/\/www.archimede-aquafitness.com\/fr\/aquafitness\/velo-de-piscine-aquabike\/wood-bath\/\"]}]},{\"@type\":\"BreadcrumbList\",\"@id\":\"https:\/\/www.archimede-aquafitness.com\/fr\/aquafitness\/velo-de-piscine-aquabike\/wood-bath\/#breadcrumb\",\"itemListElement\":[{\"@type\":\"ListItem\",\"position\":1,\"name\":\"Accueil\",\"item\":\"https:\/\/www.archimede-aquafitness.com\/fr\/\"},{\"@type\":\"ListItem\",\"position\":2,\"name\":\"Aquafitness\",\"item\":\"https:\/\/www.archimede-aquafitness.com\/fr\/aquafitness\/\"},{\"@type\":\"ListItem\",\"position\":3,\"name\":\"V\u00e9lo de piscine &#8211; Aquabike\",\"item\":\"https:\/\/www.archimede-aquafitness.com\/fr\/aquafitness\/velo-de-piscine-aquabike\/\"},{\"@type\":\"ListItem\",\"position\":4,\"name\":\"Wood bath\"}]},{\"@type\":\"WebSite\",\"@id\":\"https:\/\/www.archimede-aquafitness.com\/fr\/#website\",\"url\":\"https:\/\/www.archimede-aquafitness.com\/fr\/\",\"name\":\"Archimede Aquafitness\",\"description\":\"Aquafitness is bringing wellness, physical capacity and health to a very large public\",\"publisher\":{\"@id\":\"https:\/\/www.archimede-aquafitness.com\/fr\/#organization\"},\"potentialAction\":[{\"@type\":\"SearchAction\",\"target\":{\"@type\":\"EntryPoint\",\"urlTemplate\":\"https:\/\/www.archimede-aquafitness.com\/fr\/?s={search_term_string}\"},\"query-input\":{\"@type\":\"PropertyValueSpecification\",\"valueRequired\":true,\"valueName\":\"search_term_string\"}}],\"inLanguage\":\"fr-FR\"},{\"@type\":\"Organization\",\"@id\":\"https:\/\/www.archimede-aquafitness.com\/fr\/#organization\",\"name\":\"Archim\u00e8de AquaFitness \/ JOINTEC\",\"url\":\"https:\/\/www.archimede-aquafitness.com\/fr\/\",\"logo\":{\"@type\":\"ImageObject\",\"inLanguage\":\"fr-FR\",\"@id\":\"https:\/\/www.archimede-aquafitness.com\/fr\/#\/schema\/logo\/image\/\",\"url\":\"https:\/\/www.archimede-aquafitness.com\/wp-content\/uploads\/2015\/09\/logo-archimede-aquafitness.png\",\"contentUrl\":\"https:\/\/www.archimede-aquafitness.com\/wp-content\/uploads\/2015\/09\/logo-archimede-aquafitness.png\",\"width\":308,\"height\":88,\"caption\":\"Archim\u00e8de AquaFitness \/ JOINTEC\"},\"image\":{\"@id\":\"https:\/\/www.archimede-aquafitness.com\/fr\/#\/schema\/logo\/image\/\"}}]}<\/script>\n<!-- \/ Yoast SEO plugin. -->","yoast_head_json":{"title":"Wood bath pour aquatraining personnel | Archim\u00e8de Aquafitness","description":"Archim\u00e8de vous pr\u00e9sente le Wood Bath : une baignoire en bois livr\u00e9e avec appareil d'aquafitness (v\u00e9lo de piscine, aquabike, aquarunner, aquaelliptique...).","robots":{"index":"index","follow":"follow","max-snippet":"max-snippet:-1","max-image-preview":"max-image-preview:large","max-video-preview":"max-video-preview:-1"},"canonical":"https:\/\/www.archimede-aquafitness.com\/fr\/aquafitness\/velo-de-piscine-aquabike\/wood-bath\/","og_locale":"fr_FR","og_type":"article","og_title":"Wood bath pour aquatraining personnel | Archim\u00e8de Aquafitness","og_description":"Archim\u00e8de vous pr\u00e9sente le Wood Bath : une baignoire en bois livr\u00e9e avec appareil d'aquafitness (v\u00e9lo de piscine, aquabike, aquarunner, aquaelliptique...).","og_url":"https:\/\/www.archimede-aquafitness.com\/fr\/aquafitness\/velo-de-piscine-aquabike\/wood-bath\/","og_site_name":"Archimede Aquafitness","article_modified_time":"2017-01-17T14:52:26+00:00","twitter_card":"summary_large_image","twitter_misc":{"Dur\u00e9e de lecture estim\u00e9e":"3 minutes"},"schema":{"@context":"https:\/\/schema.org","@graph":[{"@type":"WebPage","@id":"https:\/\/www.archimede-aquafitness.com\/fr\/aquafitness\/velo-de-piscine-aquabike\/wood-bath\/","url":"https:\/\/www.archimede-aquafitness.com\/fr\/aquafitness\/velo-de-piscine-aquabike\/wood-bath\/","name":"Wood bath pour aquatraining personnel | Archim\u00e8de Aquafitness","isPartOf":{"@id":"https:\/\/www.archimede-aquafitness.com\/fr\/#website"},"datePublished":"2016-01-12T15:23:49+00:00","dateModified":"2017-01-17T14:52:26+00:00","description":"Archim\u00e8de vous pr\u00e9sente le Wood Bath : une baignoire en bois livr\u00e9e avec appareil d'aquafitness (v\u00e9lo de piscine, aquabike, aquarunner, aquaelliptique...).","breadcrumb":{"@id":"https:\/\/www.archimede-aquafitness.com\/fr\/aquafitness\/velo-de-piscine-aquabike\/wood-bath\/#breadcrumb"},"inLanguage":"fr-FR","potentialAction":[{"@type":"ReadAction","target":["https:\/\/www.archimede-aquafitness.com\/fr\/aquafitness\/velo-de-piscine-aquabike\/wood-bath\/"]}]},{"@type":"BreadcrumbList","@id":"https:\/\/www.archimede-aquafitness.com\/fr\/aquafitness\/velo-de-piscine-aquabike\/wood-bath\/#breadcrumb","itemListElement":[{"@type":"ListItem","position":1,"name":"Accueil","item":"https:\/\/www.archimede-aquafitness.com\/fr\/"},{"@type":"ListItem","position":2,"name":"Aquafitness","item":"https:\/\/www.archimede-aquafitness.com\/fr\/aquafitness\/"},{"@type":"ListItem","position":3,"name":"V\u00e9lo de piscine &#8211; Aquabike","item":"https:\/\/www.archimede-aquafitness.com\/fr\/aquafitness\/velo-de-piscine-aquabike\/"},{"@type":"ListItem","position":4,"name":"Wood bath"}]},{"@type":"WebSite","@id":"https:\/\/www.archimede-aquafitness.com\/fr\/#website","url":"https:\/\/www.archimede-aquafitness.com\/fr\/","name":"Archimede Aquafitness","description":"Aquafitness is bringing wellness, physical capacity and health to a very large public","publisher":{"@id":"https:\/\/www.archimede-aquafitness.com\/fr\/#organization"},"potentialAction":[{"@type":"SearchAction","target":{"@type":"EntryPoint","urlTemplate":"https:\/\/www.archimede-aquafitness.com\/fr\/?s={search_term_string}"},"query-input":{"@type":"PropertyValueSpecification","valueRequired":true,"valueName":"search_term_string"}}],"inLanguage":"fr-FR"},{"@type":"Organization","@id":"https:\/\/www.archimede-aquafitness.com\/fr\/#organization","name":"Archim\u00e8de AquaFitness \/ JOINTEC","url":"https:\/\/www.archimede-aquafitness.com\/fr\/","logo":{"@type":"ImageObject","inLanguage":"fr-FR","@id":"https:\/\/www.archimede-aquafitness.com\/fr\/#\/schema\/logo\/image\/","url":"https:\/\/www.archimede-aquafitness.com\/wp-content\/uploads\/2015\/09\/logo-archimede-aquafitness.png","contentUrl":"https:\/\/www.archimede-aquafitness.com\/wp-content\/uploads\/2015\/09\/logo-archimede-aquafitness.png","width":308,"height":88,"caption":"Archim\u00e8de AquaFitness \/ JOINTEC"},"image":{"@id":"https:\/\/www.archimede-aquafitness.com\/fr\/#\/schema\/logo\/image\/"}}]}},"_links":{"self":[{"href":"https:\/\/www.archimede-aquafitness.com\/fr\/wp-json\/wp\/v2\/pages\/8695","targetHints":{"allow":["GET"]}}],"collection":[{"href":"https:\/\/www.archimede-aquafitness.com\/fr\/wp-json\/wp\/v2\/pages"}],"about":[{"href":"https:\/\/www.archimede-aquafitness.com\/fr\/wp-json\/wp\/v2\/types\/page"}],"author":[{"embeddable":true,"href":"https:\/\/www.archimede-aquafitness.com\/fr\/wp-json\/wp\/v2\/users\/4"}],"replies":[{"embeddable":true,"href":"https:\/\/www.archimede-aquafitness.com\/fr\/wp-json\/wp\/v2\/comments?post=8695"}],"version-history":[{"count":0,"href":"https:\/\/www.archimede-aquafitness.com\/fr\/wp-json\/wp\/v2\/pages\/8695\/revisions"}],"up":[{"embeddable":true,"href":"https:\/\/www.archimede-aquafitness.com\/fr\/wp-json\/wp\/v2\/pages\/353"}],"wp:attachment":[{"href":"https:\/\/www.archimede-aquafitness.com\/fr\/wp-json\/wp\/v2\/media?parent=8695"}],"curies":[{"name":"wp","href":"https:\/\/api.w.org\/{rel}","templated":true}]}}